{"id":30249,"date":"2023-08-24T20:15:00","date_gmt":"2023-08-24T20:15:00","guid":{"rendered":"https:\/\/sites.generatepress.com\/affinity\/?page_id=30249"},"modified":"2025-06-28T18:20:33","modified_gmt":"2025-06-28T13:20:33","slug":"privacy-policy","status":"publish","type":"page","link":"https:\/\/tejcam.com\/da\/privacy-policy\/","title":{"rendered":"Privacy Policy"},"content":{"rendered":"<div class=\"gb-container gb-container-00dad267 gbp-section\">\n<div class=\"gb-container gb-container-7c095171 gb-container-e12be6ba gbp-section__inner\">\n\n<h2 class=\"gb-headline gb-headline-2005c800 gb-headline-text\">Tejcam Privacy Policy<\/h2>\n\n\n\n<p>P\u00e5 Tejcam, vi tjener som et oplysende formidler brugere at forbinde til tredjeparts platforme som Coomeet og andre lignende for tilf\u00e6ldige video-chatte. Vi g\u00f8r <strong>ikke<\/strong> drive, ejer eller kontrollere chat funktionalitet eller data praksis af disse platforme. Denne politik forklarer vores begr\u00e6nsede rolle, og hvordan dine personlige oplysninger behandles:<\/p>\n\n\n\n<h3 class=\"wp-block-heading\">1. Vores Rolle<\/h3>\n\n\n\n<p>Tejcam &#039; s prim\u00e6re form\u00e5l er at give p\u00e6dagogiske indhold, nyttige tips, r\u00e5d og vejledning om tilf\u00e6ldige video-chat-platforme. Vi g\u00f8r <strong>ikke<\/strong> at indsamle, lagre, eller behandle nogen personlige data fra din chat eller interaktioner p\u00e5 tredjeparts platforme.<\/p>\n\n\n\n<h3 class=\"wp-block-heading\">2. Tredjeparts Platforme (f.eks Coomeet Og Andre Lignende)<\/h3>\n\n\n\n<p>Chat-platforme, vi linker til, som Coomeet, er ansvarlig for alle chat operationer, herunder bruger-interaktion, indsamling af data, moderation, og sikkerhed. Alle oplysninger, du deler, i dine samtaler\u2014om video, lyd eller tekst\u2014er udelukkende underlagt deres privatliv politikker. Vi opfordrer dig til at genneml\u00e6se deres politikker n\u00f8je inden brug.<\/p>\n\n\n\n<p>Vi fral\u00e6gger os ethvert ansvar med hensyn til tredje-part data praksis, brugernes adf\u00e6rd, eller tekniske problemer.<\/p>\n\n\n\n<h3 class=\"wp-block-heading\">3. Oplysninger, Vi Indsamler<\/h3>\n\n\n\n<ul class=\"wp-block-list\">\n<li><strong>Anonym browsing data:<\/strong> Vi indsamler begr\u00e6nset, ikke-personlige oplysninger s\u00e5som IP-adresse, type enhed, og session aktivitet for at hj\u00e6lpe med at forbedre vores websteds brugervenlighed og ydeevne.<\/li>\n\n\n\n<li><strong>Ingen personlige oplysninger:<\/strong> Vi indsamler ikke brugernavne, email-adresser, chat indhold, eller andre personlige identifikatorer.<\/li>\n<\/ul>\n\n\n\n<h3 class=\"wp-block-heading\">4. Dit Ansvar<\/h3>\n\n\n\n<ul class=\"wp-block-list\">\n<li>Altid l\u00e6se og forst\u00e5 privatliv politikker af de platforme, du bruger (som Coomeet og andre lignende).<\/li>\n\n\n\n<li>Undg\u00e5 deling af f\u00f8lsomme eller personlige oplysninger under samtaler (f.eks, adresse, adgangskoder).<\/li>\n\n\n\n<li>Rapport enhver form for misbrug eller mist\u00e6nkelig aktivitet direkte til tredje-part platform &#039; s support-team.<\/li>\n<\/ul>\n\n\n\n<h3 class=\"wp-block-heading\">5. Cookies<\/h3>\n\n\n\n<p>Tejcam bruger minimal cookies udelukkende til at vedligeholde hjemmesidens funktionalitet, s\u00e5som at bevare dine pr\u00e6ferencer session. Disse cookies g\u00f8r <strong>ikke<\/strong> styr din chat aktiviteter p\u00e5 tredjeparts platforme.<\/p>\n\n\n\n<h3 class=\"wp-block-heading\">6. Sikkerhed Ansvarsfraskrivelser<\/h3>\n\n\n\n<p>Mens vi tage skridt til at sikre vores hjemmeside, at vi ikke kan garantere sikkerhed eller sikkerhed af tredjeparts platforme eller brugerinteraktioner der. Udvis forsigtighed og praksis sikker chat vaner, n\u00e5r forbinder med fremmede online.<\/p>\n\n\n\n<h3 class=\"wp-block-heading\">7. Beskyttelse af b\u00f8rns Personlige oplysninger<\/h3>\n\n\n\n<p>Tejcam, og de platforme, vi linker til, er beregnet til brugere <strong>18 \u00e5r og \u00e6ldre<\/strong>. Vi indsamler ikke bevidst personlige oplysninger fra b\u00f8rn under 18 \u00e5r. Hvis du er en for\u00e6lder eller v\u00e6rge, og mener, dit barn har brugt vores websted eller er knyttet platforme, s\u00e5 kontakt os straks.<\/p>\n\n\n\n<h3 class=\"wp-block-heading\">8. Opbevaring Af Data<\/h3>\n\n\n\n<p>Siden vi indsamler ikke personlige data eller chat indhold, vi opbevarer kun minimal anonym browsing data midlertidigt at forbedre vores tjenester. Vi m\u00e5 ikke opbevares eller dele enhver bruger-specifikke personlige oplysninger.<\/p>\n\n\n\n<h3 class=\"wp-block-heading\">9. Politik Opdateringer<\/h3>\n\n\n\n<p>Vi kan opdatere denne fortrolighedspolitik for at afspejle \u00e6ndringer i de retlige krav eller tredje-parts-platform praksis. Din fortsatte brug af Tejcam efter opdateringer indeb\u00e6rer accept af den \u00e6ndrede politik.<\/p>\n\n\n\n<h3 class=\"wp-block-heading\">10.Kontakt Os<\/h3>\n\n\n\n<p>Hvis du har sp\u00f8rgsm\u00e5l om Tejcam personlige oplysninger eller indhold p\u00e5 hjemmesiden, kan du n\u00e5 ud p\u00e5 Tejcamdotcom@gmail.com For privatlivets fred, der er relateret til chat-platforme som Coomeet, skal du kontakte disse platforme direkte.<\/p>\n\n<\/div>\n<\/div>","protected":false},"excerpt":{"rendered":"<p>Tejcam Privacy Policy At Tejcam, we serve as an informational intermediary connecting users to third-party platforms like Coomeet and other similar for random video chatting. We do not operate, own, or control the chat functionality or data practices of these platforms. This policy explains our limited role and how your privacy is handled: 1. Our &#8230; <a title=\"Privacy Policy\" class=\"read-more\" href=\"https:\/\/tejcam.com\/da\/privacy-policy\/\" aria-label=\"Read more about Privacy Policy\">L\u00e6s Mere<\/a><\/p>","protected":false},"author":1,"featured_media":0,"parent":0,"menu_order":0,"comment_status":"closed","ping_status":"closed","template":"","meta":{"footnotes":""},"class_list":{"0":"post-30249","1":"page","2":"type-page","3":"status-publish","5":"no-featured-image-padding"},"_links":{"self":[{"href":"https:\/\/tejcam.com\/da\/wp-json\/wp\/v2\/pages\/30249","targetHints":{"allow":["GET"]}}],"collection":[{"href":"https:\/\/tejcam.com\/da\/wp-json\/wp\/v2\/pages"}],"about":[{"href":"https:\/\/tejcam.com\/da\/wp-json\/wp\/v2\/types\/page"}],"author":[{"embeddable":true,"href":"https:\/\/tejcam.com\/da\/wp-json\/wp\/v2\/users\/1"}],"replies":[{"embeddable":true,"href":"https:\/\/tejcam.com\/da\/wp-json\/wp\/v2\/comments?post=30249"}],"version-history":[{"count":0,"href":"https:\/\/tejcam.com\/da\/wp-json\/wp\/v2\/pages\/30249\/revisions"}],"wp:attachment":[{"href":"https:\/\/tejcam.com\/da\/wp-json\/wp\/v2\/media?parent=30249"}],"curies":[{"name":"wp","href":"https:\/\/api.w.org\/{rel}","templated":true}]}}