{"id":39740,"date":"2023-07-24T20:08:03","date_gmt":"2023-07-24T20:08:03","guid":{"rendered":"https:\/\/business-one.local\/?page_id=7"},"modified":"2025-07-01T18:58:07","modified_gmt":"2025-07-01T13:58:07","slug":"home","status":"publish","type":"page","link":"https:\/\/tejcam.com\/da\/","title":{"rendered":"Hjem"},"content":{"rendered":"<header class=\"gb-element-84a45700\">\n<div class=\"gbp-section__inner\">\n<div class=\"gb-element-668476e3\">\n<div class=\"gb-element-b37c8662\">\n<h1 class=\"gb-text gb-text-f1f6b810\"><strong>Tale til Fremmede \u2013 Online Gratis<\/strong> <mark style=\"background-color:rgba(0, 0, 0, 0)\" class=\"has-inline-color has-accent-color\">Tejcam<\/mark> Den dag i dag.<\/h1>\n\n\n\n<p class=\"gb-text gb-text-f9584e56\">Lad os v\u00e6re \u00e6rlige: tanken om, at&nbsp;<strong>tale til fremmede<\/strong>&nbsp;online engang f\u00f8lte en smule akavet, eller endda risikabelt. Men det har \u00e6ndret sig\u2014tak til platforme som&nbsp;<strong>TalktoStrangers<\/strong>&nbsp;p\u00e5 Tejcam, der forbinder med nye mennesker, er nu sp\u00e6ndende, sikker og overraskende meningsfuld.<\/p>\n\n\n\n<p>Uanset om du \u00f8nsker at&nbsp;<strong>tale til fremmede<\/strong>&nbsp;p\u00e5 2 AM, udforske kulturer langt v\u00e6k, eller bare har nogle spontane sjov,&nbsp;<strong>TalktoStrangers<\/strong>&nbsp;p\u00e5 Tejcam er det perfekte sted.<\/p>\n<\/div>\n\n\n\n<div class=\"gb-element-0c29e940\">\n<figure class=\"wp-block-image size-full\"><img decoding=\"async\" width=\"579\" height=\"519\" src=\"https:\/\/tejcam.com\/wp-content\/uploads\/2025\/06\/Tejcam.png\" alt=\"Tejcam\" class=\"wp-image-43732\" srcset=\"https:\/\/tejcam.com\/wp-content\/uploads\/2025\/06\/Tejcam.png 579w, https:\/\/tejcam.com\/wp-content\/uploads\/2025\/06\/Tejcam-300x269.png 300w, https:\/\/tejcam.com\/wp-content\/uploads\/2025\/06\/Tejcam-13x12.png 13w\" sizes=\"(max-width: 579px) 100vw, 579px\" \/><\/figure>\n<\/div>\n<\/div>\n<\/div>\n<\/header>\n\n\n\n<div class=\"gbp--border-radius gb-element-79253f80\">\n<div class=\"gbp-section__inner\">\n<div class=\"gb-element-5cb801a0\">\n<div class=\"gb-element-7ee6ee70\">\n<div class=\"gb-element-5726c844\">\n<figure class=\"wp-block-image size-full\"><img decoding=\"async\" width=\"512\" height=\"512\" src=\"https:\/\/tejcam.com\/wp-content\/uploads\/2025\/06\/talk-to-strangers.png\" alt=\"Tale til Fremmede\" class=\"wp-image-43733\" srcset=\"https:\/\/tejcam.com\/wp-content\/uploads\/2025\/06\/talk-to-strangers.png 512w, https:\/\/tejcam.com\/wp-content\/uploads\/2025\/06\/talk-to-strangers-300x300.png 300w, https:\/\/tejcam.com\/wp-content\/uploads\/2025\/06\/talk-to-strangers-150x150.png 150w, https:\/\/tejcam.com\/wp-content\/uploads\/2025\/06\/talk-to-strangers-12x12.png 12w\" sizes=\"(max-width: 512px) 100vw, 512px\" \/><\/figure>\n\n\n\n<figure class=\"wp-block-image size-full\"><img decoding=\"async\" width=\"512\" height=\"512\" src=\"https:\/\/tejcam.com\/wp-content\/uploads\/2025\/06\/random-video-chat.png\" alt=\"Tilf\u00e6ldig video chat\" class=\"wp-image-43735\" srcset=\"https:\/\/tejcam.com\/wp-content\/uploads\/2025\/06\/random-video-chat.png 512w, https:\/\/tejcam.com\/wp-content\/uploads\/2025\/06\/random-video-chat-300x300.png 300w, https:\/\/tejcam.com\/wp-content\/uploads\/2025\/06\/random-video-chat-150x150.png 150w, https:\/\/tejcam.com\/wp-content\/uploads\/2025\/06\/random-video-chat-12x12.png 12w\" sizes=\"(max-width: 512px) 100vw, 512px\" \/><\/figure>\n<\/div>\n\n\n\n<div class=\"gb-element-be9afbda\">\n<figure class=\"wp-block-image size-full\"><img decoding=\"async\" width=\"512\" height=\"512\" src=\"https:\/\/tejcam.com\/wp-content\/uploads\/2025\/06\/Tejcam-chat.png\" alt=\"Tejcam Chat\" class=\"wp-image-43734\" srcset=\"https:\/\/tejcam.com\/wp-content\/uploads\/2025\/06\/Tejcam-chat.png 512w, https:\/\/tejcam.com\/wp-content\/uploads\/2025\/06\/Tejcam-chat-300x300.png 300w, https:\/\/tejcam.com\/wp-content\/uploads\/2025\/06\/Tejcam-chat-150x150.png 150w, https:\/\/tejcam.com\/wp-content\/uploads\/2025\/06\/Tejcam-chat-12x12.png 12w\" sizes=\"(max-width: 512px) 100vw, 512px\" \/><\/figure>\n\n\n\n<figure class=\"wp-block-image size-full\"><img decoding=\"async\" width=\"512\" height=\"512\" src=\"https:\/\/tejcam.com\/wp-content\/uploads\/2025\/06\/chatrandom.png\" alt=\"chatrandom\" class=\"wp-image-43736\" srcset=\"https:\/\/tejcam.com\/wp-content\/uploads\/2025\/06\/chatrandom.png 512w, https:\/\/tejcam.com\/wp-content\/uploads\/2025\/06\/chatrandom-300x300.png 300w, https:\/\/tejcam.com\/wp-content\/uploads\/2025\/06\/chatrandom-150x150.png 150w, https:\/\/tejcam.com\/wp-content\/uploads\/2025\/06\/chatrandom-12x12.png 12w\" sizes=\"(max-width: 512px) 100vw, 512px\" \/><\/figure>\n<\/div>\n<\/div>\n\n\n\n<div>\n<h2 class=\"gb-text\"><strong>Hvad der Pr\u00e6cist Er Tejcam\u2014og Hvorfor B\u00f8r Du Pleje?<\/strong><\/h2>\n\n\n\n<p>I sin kerne, Tejcam er en cutting-edge, helt gratis tilf\u00e6ldig video-chat-hjemmeside, designet til at forbinde dig med det samme med fremmede verden. Glem kedelige tilmeldinger, downloads eller lange ventetider.<\/p>\n\n\n\n<p>T\u00e6nk p\u00e5 det som hvis Omegle og OmeTV havde en stilfuld makeover, og deres k\u00f8ligere, smartere s\u00f8skende opst\u00e5et Tejcam.&nbsp;<strong>TalktoStrangers<\/strong>&nbsp;er en simpel, gratis m\u00e5de at straks video chat med fremmede mennesker i hele verden, ingen sign-up eller downloads er n\u00f8dvendige.<\/p>\n\n\n\n<p>T\u00e6nk p\u00e5 Tejcam som den opgraderet, slanke version af Omegle og OmeTV\u2014designet specielt til dem, der \u00f8nsker at&nbsp;<strong>tale til fremmede<\/strong>&nbsp;nemt og sikkert.<\/p>\n\n\n\n<p>Klik p\u00e5 en knap, og du er ansigt-til-ansigt med en ny person, der er klar til at dele en chat. Klik \u00e9n gang, og&nbsp;<em>bam<\/em>\u2014du er ansigt-til-ansigt med en helt ny, klar til at tale.&nbsp;<\/p>\n<\/div>\n<\/div>\n<\/div>\n<\/div>\n\n\n\n<div class=\"gbp-section\">\n<div class=\"gbp-section__inner\">\n<div class=\"gbp--margin-after gb-element-c9a0dcd4\">\n<h2 class=\"gb-text\"><strong>Hvorfor Er Tejcam et Snit Over Resten?<\/strong><\/h2>\n\n\n\n<p class=\"gb-text gb-text-a1c8ae48\">Godt sp\u00f8rgsm\u00e5l! Tejcam ikke bare kopiere eksisterende chat-platforme\u2014det genopfinder den m\u00e5de, du m\u00f8der fremmede online.<br>Her er hvad s\u00e6tter Tejcam fra hinanden:<\/p>\n<\/div>\n\n\n\n<div class=\"gb-element-2a2826e4\">\n<div class=\"gb-element-c0893001\">\n<div class=\"gb-element-ff677824\">\n<div>\n<h3 class=\"gb-text gb-text-57591bb4\">Ingen Konto Behov<\/h3>\n\n\n\n<p>Glem jonglering adgangskoder. Bare tryk p\u00e5 start og slut.<\/p>\n<\/div>\n<\/div>\n<\/div>\n\n\n\n<div class=\"gb-element-8adf1e8e\">\n<div class=\"gb-element-4bc0450f\"><div class=\"gb-container gb-container-006115cb\">\n\n<h3 class=\"gb-text gb-text-ddae5adb\">Global R\u00e6kkevidde<\/h3>\n\n\n\n<p>Fra Brasilien til Bangladesh, STORBRITANNIEN, USA\u2014m\u00f8de forskellige mennesker uden at forlade dit v\u00e6relse.<br><\/p>\n\n<\/div><\/div>\n<\/div>\n<\/div>\n\n\n\n<div class=\"gb-element-09fe3038\">\n<div class=\"gb-element-ef037f1c\">\n<div class=\"gb-element-7cb068e5\">\n<div>\n<h3 class=\"gb-text gb-text-763ee1f4\">Smart Matching Teknologi<\/h3>\n\n\n\n<p>Ingen bots. Ingen falske profiler. Bare autentiske samtaler.<br><\/p>\n<\/div>\n<\/div>\n<\/div>\n\n\n\n<div class=\"gb-element-21358b55\">\n<div class=\"gb-element-b0f06bc6\"><div class=\"gb-container gb-container-9ed4dc95\">\n\n<h3 class=\"gb-text gb-text-eb721bd4\">Sikkerhed F\u00f8rst<\/h3>\n\n\n\n<p>Utryg adf\u00e6rd? Ikke her. Intelligente filtre og nem rapportering holde dine samtaler sikker.<br><\/p>\n\n<\/div><\/div>\n<\/div>\n<\/div>\n\n\n\n<div class=\"gb-element-d74df224\">\n<div class=\"gb-element-5c5fe217\">\n<div class=\"gb-element-f6d80501\">\n<div>\n<h3 class=\"gb-text gb-text-3401ef7f\">Lyn-Hurtige Forbindelser<\/h3>\n\n\n\n<p>Buffer? Nah. Instant chat betyder, at du er aldrig overladt venter.<br><\/p>\n<\/div>\n<\/div>\n<\/div>\n\n\n\n<div class=\"gb-element-b29cb7fd\">\n<div class=\"gb-element-795b0837\"><div class=\"gb-container gb-container-5462ce48\">\n\n<h3 class=\"gb-text gb-text-378318e8\">Cross-Device-Kompatibilitet<\/h3>\n\n\n\n<p>B\u00e6rbar computer, tablet, telefon\u2014Tejcam ser ud og fungerer problemfrit overalt. Velkommen til at chatte, mens madlavning, pendling, eller nedk\u00f8ling.<br><\/p>\n\n<\/div><\/div>\n<\/div>\n<\/div>\n<\/div>\n<\/div>\n\n\n\n<div class=\"gbp--border-radius gb-element-bf282dd1\">\n<div class=\"gbp-section__inner\">\n<div class=\"gb-element-fce96c33\">\n<div>\n<h2 class=\"gb-text gb-text-d05aaa52\"><strong><strong>Hvorfor Gider at Tale med Fremmede? Er Det ikke Lidt Underligt?<\/strong><\/strong><\/h2>\n\n\n\n<p>Her er sandheden: nej, det er ikke underligt. I virkeligheden, kan det v\u00e6re en af de mest autentiske, aha-oplevelser, du har hele dagen.<br>Find ud af hvorfor:<\/p>\n\n\n\n<ul class=\"wp-block-list\">\n<li><strong>Mental Detox<\/strong>: Nogle gange, at bryde ud af din s\u00e6dvanlige cirkel og chatter med en fremmed kan klare dit sind som en frisk brise.<\/li>\n\n\n\n<li><strong>Kulturelle Efterforskning<\/strong>: Opdage nye perspektiver og livsstil, som du taler til fremmede mennesker over hele verden.<\/li>\n\n\n\n<li><strong>Nul Pres Zone<\/strong>: Ingen forventninger, ingen grund til at imponere. Bare v\u00e6re din sande self\u2014eller pr\u00f8v p\u00e5 en ny persona hvis du har lyst til det.<\/li>\n\n\n\n<li><strong>Ren Serendipity<\/strong>: Du kan aldrig vide, hvem du vil m\u00f8de n\u00e6ste\u2014det er sp\u00e6ndingen.<\/li>\n<\/ul>\n\n\n\n<p>Uanset om du er genert, udg\u00e5ende, eller hvor som helst i midten, TalktoStrangers p\u00e5 Tejcam tilbyder en legeplads til \u00e6gte, uskrevne menneskelige forbindelse.<\/p>\n\n\n\n<h2 class=\"wp-block-heading has-text-align-center\"><strong>Der er Hoppe p\u00e5 Tejcam?<\/strong><\/h2>\n\n\n\n<p>Dybest set, alle og enhver. Her er et billede:<\/p>\n\n\n\n<ul class=\"wp-block-list\">\n<li>Studerende, der sniger sig i pauser mellem klasser<\/li>\n\n\n\n<li>Rejsende ivrige efter at bytte historier med lokale<\/li>\n\n\n\n<li>Natteravnene s\u00f8ger selskab i slutningen af timer<\/li>\n\n\n\n<li>Sprogstuderende med at \u00f8ve reel samtaler<\/li>\n\n\n\n<li>Mennesker har brug for et lyttende \u00f8re efter hjertesorger<\/li>\n\n\n\n<li>Meme-entusiaster jagt for griner<\/li>\n<\/ul>\n\n\n\n<p>Tejcam er ligesom din favorit hangout-sted\u2014undtagen i stedet for latte, du f\u00e5 autentiske menneskelige forbindelser. Spontane, uforudsigelige, nogle gange underligt, men altid \u00e6gte.<\/p>\n\n\n\n<h2 class=\"wp-block-heading has-text-align-center\"><strong>Klassiske \u00d8jeblikke vil Du Kun F\u00e5 p\u00e5 Tejcam<\/strong><\/h2>\n\n\n\n<p>Lad os v\u00e6re \u00e6rlige\u2014tilf\u00e6ldig video chats har nogle varem\u00e6rke \u00f8jeblikke:<\/p>\n\n\n\n<ul class=\"wp-block-list\">\n<li>Der morsom, akavet pause, f\u00f8r nogen b\u00f8lger &#034;Hey!&#034;<\/li>\n\n\n\n<li>At finde nogen, der ser uhyggelig som din dobbeltg\u00e6nger (Cue &#034;vi Er relateret?&#034; vittigheder)<\/li>\n\n\n\n<li>Det dr\u00f8fter den store ananas-p\u00e5-pizza kontroverser<\/li>\n\n\n\n<li>Matching med en fremmed, der viser sig at v\u00e6re fra dit eget nabolag<\/li>\n\n\n\n<li>At grine s\u00e5 h\u00e5rdt, at du glemmer det er en chat med en total fremmed<\/li>\n<\/ul>\n\n\n\n<p>Disse sm\u00e5 perler er det, der g\u00f8r Tejcam uforglemmelig.<\/p>\n\n\n\n<h2 class=\"wp-block-heading\">Ikke Kun Small Talk \u2014 Det er et Eventyr i Hvert Klik<\/h2>\n\n\n\n<p>Lad os se det i \u00f8jnene\u2014at tale med fremmede online, der bruges til at v\u00e6re den digitale version af &#034;du M\u00e5 ikke tale med folk i hvide varevogne.&#034; Men nu? Det er en sp\u00e6ndende del af det moderne liv.<br>P\u00e5 <strong>Tejcam tilf\u00e6ldig video chat<\/strong>hvert klik er en teleport-knappen for at et eller andet sted <em>uventet awesome<\/em>.<\/p>\n\n\n\n<ul class=\"wp-block-list\">\n<li>\u00d8nsker en <strong>cam chat<\/strong> med nogen i Tokyo, mens du er nedk\u00f8ling i Toronto? Nemt.<\/li>\n\n\n\n<li>Har brug for en sen nat chat kammerat, der <em>f\u00e5r<\/em> dine 3 ER tanker? Vi fik dig.<\/li>\n\n\n\n<li>Nysgerrig, hvis ananas h\u00f8rer p\u00e5 pizza? Debat det live\u2014med en fremmed.<\/li>\n<\/ul>\n\n\n\n<p>Uanset om du er en overthinker, oversharer, eller bare over at rulle endel\u00f8st\u2014<strong>Tejcam<\/strong> bringer <strong>tale til fremmede<\/strong> oplevelse for livet. Intet pres. Ingen profiler. Bare en sk\u00e6rm og en verden fuld af anderledes vidunderlige mennesker.<\/p>\n\n\n\n<h2 class=\"wp-block-heading\">Virkelige Mennesker. Real Chats. Real-Time Cam-Magic<\/h2>\n\n\n\n<p>Dette er ikke skrevet. Dette er ikke iscenesat. Dette er <strong>real-time cam chat<\/strong> med rigtige mennesker, der ikke bruger 20 minutter at v\u00e6lge et filter.<br><strong>Tejcam tilf\u00e6ldig video chat<\/strong> systemet er designet til folk, der \u00f8nsker <strong>autentisk forbindelser<\/strong>\u2014den slags du kan ikke knalde for.<\/p>\n\n\n\n<p>Her er hvorfor proffer, studerende, insomniacs, og opdagelsesrejsende, der elsker det:<\/p>\n\n\n\n<ul class=\"wp-block-list\">\n<li><strong>Ingen login. Ingen profil. Bare klik p\u00e5 &#034;start&#034; og tale.<\/strong><\/li>\n\n\n\n<li>Indbyggede filtre (sikkerhed slags, ikke hunden-ear Snapchat slags) holde samtaler ren.<\/li>\n\n\n\n<li><strong>Intelligent matchmaking<\/strong> par, som du med <em>real fremmede<\/em>ikke spam bots.<\/li>\n\n\n\n<li>Du ved aldrig, hvem der er n\u00e6ste\u2014og det er den bedste del.<\/li>\n<\/ul>\n\n\n\n<p>Fra afslappet griner til uventet dybt convos, <strong>Tejcam<\/strong> g\u00f8r <strong>cam chat med fremmede<\/strong> f\u00f8ler sig ubesv\u00e6ret og menneskelige.<\/p>\n<\/div>\n<\/div>\n<\/div>\n<\/div>\n\n\n\n<div class=\"gbp--border-radius gb-element-b2683b59\">\n<div class=\"gbp-section__inner\">\n<div class=\"gb-element-024a9ffb\">\n<div>\n<h2 class=\"gb-text gb-text-36432b33\"><strong><strong><strong>Sikkerheden F\u00f8rst: S\u00e5dan Beskytter du dig Selv, Mens du Chatter<\/strong><\/strong><\/strong><\/h2>\n\n\n\n<p>Nyd det sjove, men holde hovedet koldt om dig. Tejcam er bygget med sikkerhed i tankerne, men her er en venlig p\u00e5mindelse:<\/p>\n\n\n\n<p>Aldrig dele f\u00f8lsomme personlige oplysninger (naturligvis).<\/p>\n\n\n\n<p>Hvis nogen er at handle ud, ramte springe uden t\u00f8ven.<\/p>\n\n\n\n<p>V\u00e6re slags\u2014der er en virkelig person bag sk\u00e6rmen.<\/p>\n\n\n\n<p>Stol p\u00e5 dine instinkter. Hvis det f\u00f8les forkert, bev\u00e6ge sig p\u00e5.<\/p>\n\n\n\n<p>Rapportering af upassende adf\u00e6rd\u2014Tejcam team tager dette alvorligt.<\/p>\n\n\n\n<h2 class=\"wp-block-heading has-text-align-center\"><strong><strong>Indpakning Op: Din N\u00e6ste Store Samtale Venter<\/strong><\/strong><\/h2>\n\n\n\n<p>I dagens verden af endel\u00f8se ruller, kurateret profiler, og filtreret feeds, Tejcam er et pust af frisk luft. Det er r\u00e5t, \u00e6gte og spontan menneskelig interaktion p\u00e5 sit bedste.<\/p>\n\n\n\n<p>Uanset om du \u00f8nsker et godt grin, en dyb snak, eller bare for at dr\u00e6be kedsomhed, Tejcam leverer.<\/p>\n\n\n\n<p>Ikke bare forbruge indhold\u2014connect. Din n\u00e6ste mindev\u00e6rdige chat er kun et klik v\u00e6k.<\/p>\n<\/div>\n<\/div>\n<\/div>\n<\/div>","protected":false},"excerpt":{"rendered":"<p>Talk to Strangers &#8211; Online Free on Tejcam Today. Let\u2019s be honest: the idea to&nbsp;talk to strangers&nbsp;online once felt a bit awkward or even risky. But that\u2019s changed\u2014thanks to platforms like&nbsp;TalktoStrangers&nbsp;on Tejcam, connecting with new people is now exciting, safe, and surprisingly meaningful. Whether you want to&nbsp;talk to strangers&nbsp;at 2 AM, explore cultures far away, &#8230; <a title=\"Hjem\" class=\"read-more\" href=\"https:\/\/tejcam.com\/da\/\" aria-label=\"Read more about Home\">L\u00e6s Mere<\/a><\/p>","protected":false},"author":1,"featured_media":0,"parent":0,"menu_order":0,"comment_status":"closed","ping_status":"closed","template":"","meta":{"footnotes":""},"class_list":{"0":"post-39740","1":"page","2":"type-page","3":"status-publish","5":"no-featured-image-padding"},"_links":{"self":[{"href":"https:\/\/tejcam.com\/da\/wp-json\/wp\/v2\/pages\/39740","targetHints":{"allow":["GET"]}}],"collection":[{"href":"https:\/\/tejcam.com\/da\/wp-json\/wp\/v2\/pages"}],"about":[{"href":"https:\/\/tejcam.com\/da\/wp-json\/wp\/v2\/types\/page"}],"author":[{"embeddable":true,"href":"https:\/\/tejcam.com\/da\/wp-json\/wp\/v2\/users\/1"}],"replies":[{"embeddable":true,"href":"https:\/\/tejcam.com\/da\/wp-json\/wp\/v2\/comments?post=39740"}],"version-history":[{"count":0,"href":"https:\/\/tejcam.com\/da\/wp-json\/wp\/v2\/pages\/39740\/revisions"}],"wp:attachment":[{"href":"https:\/\/tejcam.com\/da\/wp-json\/wp\/v2\/media?parent=39740"}],"curies":[{"name":"wp","href":"https:\/\/api.w.org\/{rel}","templated":true}]}}