{"id":43882,"date":"2025-06-28T17:51:01","date_gmt":"2025-06-28T12:51:01","guid":{"rendered":"https:\/\/tejcam.com\/?page_id=43882"},"modified":"2025-06-28T17:51:02","modified_gmt":"2025-06-28T12:51:02","slug":"about-tejcam","status":"publish","type":"page","link":"https:\/\/tejcam.com\/da\/about-tejcam\/","title":{"rendered":"Om Tejcam"},"content":{"rendered":"<h2 class=\"wp-block-heading\">Velkommen til Tejcam \u2013 Det Sjove Starter Her!<\/h2>\n\n\n\n<p>P\u00e5 <strong>Tejcam<\/strong>vi er ikke parti \u2014 vi blot <em>henvise dig til det<\/em>. T\u00e6nk p\u00e5 os som den seje ven, der altid ved, hvor sjovt det er. Vi forbinder dig med de bedste <strong>tilf\u00e6ldig video-chat-platforme<\/strong> derude, som Coomeet og andre fremmede-venlige chat-apps. Uanset om du er tr\u00e6t, ensom, nysgerrig, eller bare vibing, vi er her for at spice op dit digitale liv.<\/p>\n\n\n\n<h3 class=\"wp-block-heading\">Hvad Skal Vi G\u00f8re (Udover At Se Cool)?<\/h3>\n\n\n\n<p>Lad os bryde det ned:<\/p>\n\n\n\n<ul class=\"wp-block-list\">\n<li>\ud83d\udd17 <strong>Vi linker dig<\/strong> tredjeparts-chat-platforme, hvor du kan tale med fremmede fra hele verden.<\/li>\n\n\n\n<li>\ud83d\udd0d <strong>Vi anmelder og anbefaler<\/strong> de bedste Omegle og Chatroulette alternativer, s\u00e5 du ikke spilder din tid p\u00e5 glitchy eller skyggefulde steder.<\/li>\n\n\n\n<li>\ud83e\udde0 <strong>Vi guider dig<\/strong> gennem tryg, anonym chat \u2014 s\u00e5 du kan have det sjovt <em>uden<\/em> ender i en akavet online horror story.<\/li>\n<\/ul>\n\n\n\n<p>Ingen downloads. Ingen sign-ups. Bare lige op chat kaos, Tejcam-stil.<\/p>\n\n\n\n<h3 class=\"wp-block-heading\">Vi er en Chat Os selv?<\/h3>\n\n\n\n<p>Nope! Vi er som DJ p\u00e5 club: vi droppe beats (en.k.en. links), men vi ikke har kontrol over dansegulvet. De chats ske p\u00e5 <strong>websteder fra tredjeparter<\/strong> \u2014 Coomeet og andre \u2014 s\u00e5 hvad g\u00e5r ned i disse video opkald er mellem dig og dem.<\/p>\n\n\n\n<h3 class=\"wp-block-heading\">Hvorfor Tejcam?<\/h3>\n\n\n\n<p>Fordi tilf\u00e6ldige samtaler b\u00f8r v\u00e6re:<\/p>\n\n\n\n<ul class=\"wp-block-list\">\n<li><strong>Sjov<\/strong> (seri\u00f8st, hvor ellers kan du m\u00f8de en norsk tryllekunstner p\u00e5 2 ER?)<\/li>\n\n\n\n<li><strong>Nemt<\/strong> (klik og g\u00e5!)<\/li>\n\n\n\n<li><strong>Uventede<\/strong> (fremmed fare? Mere som fremmed latter... det meste af tiden.)<\/li>\n\n\n\n<li><strong>Sikker<\/strong> (vi altid opfordre smart, respektfuld chatte)<\/li>\n<\/ul>\n\n\n\n<h3 class=\"wp-block-heading\">Der er Tejcam For?<\/h3>\n\n\n\n<p>Alle, der \u00f8nsker:<\/p>\n\n\n\n<ul class=\"wp-block-list\">\n<li>Til <strong>tale til fremmede<\/strong> uden underlige sign-ups<\/li>\n\n\n\n<li>En <strong>pause fra sociale medier st\u00f8j<\/strong><\/li>\n\n\n\n<li>En hurtig grine, en dyb snak, eller bare nogle tilf\u00e6ldige sk\u00f8re<\/li>\n\n\n\n<li>For at finde ud af, chat alternativer, der rent faktisk virker<\/li>\n<\/ul>\n\n\n\n<h3 class=\"wp-block-heading\">Juridisk Taler (Ugh, Men Vigtigt)<\/h3>\n\n\n\n<p>Vi <strong>m\u00e5 ikke eje eller k\u00f8re<\/strong> de platforme, vi linker til. Vi er <strong>henstilling engine<\/strong>ikke maskinrummet. Du klikker p\u00e5, du kan chatte, kan du nyde (eller kaution \u2014 det er en del af det sjove). Bare husk: f\u00f8lg <strong>deres<\/strong> regler, du ikke vores.<\/p>\n\n\n\n<h3 class=\"wp-block-heading\">Lad os Holde Det Tilf\u00e6ldige<\/h3>\n\n\n\n<p>Tejcam er en underlig lille hj\u00f8rne af internettet \u2014 og vi elsker det p\u00e5 den m\u00e5de. Vi er altid opdage nye steder til at chatte, s\u00e5 tjek vores <strong>Chat Alternativer<\/strong> afsnit ofte. Du ved aldrig, hvad (eller hvem), du vil finde.<\/p>","protected":false},"excerpt":{"rendered":"<p>Welcome to Tejcam \u2013 The Fun Starts Here! At Tejcam, we&#8217;re not the party \u2014 we just point you to it. Think of us as the cool friend who always knows where the fun is. We connect you with the best random video chat platforms out there, like Coomeet and other stranger-friendly chat apps. Whether &#8230; <a title=\"Om Tejcam\" class=\"read-more\" href=\"https:\/\/tejcam.com\/da\/about-tejcam\/\" aria-label=\"Read more about About Tejcam\">L\u00e6s Mere<\/a><\/p>","protected":false},"author":1,"featured_media":0,"parent":0,"menu_order":0,"comment_status":"closed","ping_status":"closed","template":"","meta":{"footnotes":""},"class_list":{"0":"post-43882","1":"page","2":"type-page","3":"status-publish","5":"no-featured-image-padding"},"_links":{"self":[{"href":"https:\/\/tejcam.com\/da\/wp-json\/wp\/v2\/pages\/43882","targetHints":{"allow":["GET"]}}],"collection":[{"href":"https:\/\/tejcam.com\/da\/wp-json\/wp\/v2\/pages"}],"about":[{"href":"https:\/\/tejcam.com\/da\/wp-json\/wp\/v2\/types\/page"}],"author":[{"embeddable":true,"href":"https:\/\/tejcam.com\/da\/wp-json\/wp\/v2\/users\/1"}],"replies":[{"embeddable":true,"href":"https:\/\/tejcam.com\/da\/wp-json\/wp\/v2\/comments?post=43882"}],"version-history":[{"count":0,"href":"https:\/\/tejcam.com\/da\/wp-json\/wp\/v2\/pages\/43882\/revisions"}],"wp:attachment":[{"href":"https:\/\/tejcam.com\/da\/wp-json\/wp\/v2\/media?parent=43882"}],"curies":[{"name":"wp","href":"https:\/\/api.w.org\/{rel}","templated":true}]}}