{"id":43887,"date":"2025-06-28T18:27:08","date_gmt":"2025-06-28T13:27:08","guid":{"rendered":"https:\/\/tejcam.com\/?page_id=43887"},"modified":"2025-06-28T18:27:09","modified_gmt":"2025-06-28T13:27:09","slug":"disclaimer","status":"publish","type":"page","link":"https:\/\/tejcam.com\/da\/disclaimer\/","title":{"rendered":"Ansvarsfraskrivelse"},"content":{"rendered":"<h2 class=\"wp-block-heading\">Ansvarsfraskrivelse<\/h2>\n\n\n\n<p>P\u00e5 <strong>Tejcam.com<\/strong>vores opgave er enkel: vi forbinde nysgerrige mennesker (som du) med nogle af internettets mest popul\u00e6re <strong>tilf\u00e6ldig video-chat-platforme<\/strong> \u2014 som Coomeet, Omegle, og Chatrandom. Men lad det v\u00e6re klart: <strong>vi ejer ikke k\u00f8re, eller styre nogen af disse websteder.<\/strong><\/p>\n\n\n\n<p>Denne ansvarsfraskrivelse forklarer, hvor vores ansvar slutter og jeres begynder.<\/p>\n\n\n\n<h3 class=\"wp-block-heading\">1. Vi M\u00e5 ikke K\u00f8re Chat Party<\/h3>\n\n\n\n<p>Tejcam er blot den guide, der ikke v\u00e6rt.<br>Vi g\u00f8r <strong>ikke<\/strong> ejer, driver, eller officielt st\u00f8tter nogen af de platforme, vi linker til. Det betyder:<\/p>\n\n\n\n<ul class=\"wp-block-list\">\n<li>Vi er ikke bag chat rooms eller video-opkald.<\/li>\n\n\n\n<li>Vi har endnu ikke moderat samtaler eller gemme dine chat-data.<\/li>\n\n\n\n<li>Vi kan ikke \u00e6ndre, hvordan disse platforme arbejde (eller l\u00f8se dem, hvis de bryder).<\/li>\n<\/ul>\n\n\n\n<p>Hver platform \u2014 som Coomeet \u2014 k\u00f8rer under sin <strong>egne regler og politikker<\/strong>. S\u00f8rg for at tjekke dem, f\u00f8r dykning i.<\/p>\n\n\n\n<h3 class=\"wp-block-heading\">2. Anvendelse er for Egen Risiko<\/h3>\n\n\n\n<p>Lad os holde det fast:<\/p>\n\n\n\n<ul class=\"wp-block-list\">\n<li><strong>Ingen garantier.<\/strong> Vi kan ikke love, at hver platform er 100% sikker, stabil, eller endda lovligt i dit land.<\/li>\n\n\n\n<li><strong>Ingen kontrol af indhold.<\/strong> Vi er ikke ansvarlige for noget st\u00f8dende, upassende, eller bare m\u00e6rkeligt, at du kan st\u00f8de p\u00e5 i en chat.<\/li>\n\n\n\n<li><strong>Ingen ansvar.<\/strong> Hvis du bliver forbudt, styres, snydt, eller f\u00f8lelsesm\u00e6ssigt arret \u2014 det er uheldigt, men det er mellem dig og denne platform.<\/li>\n<\/ul>\n\n\n\n<h3 class=\"wp-block-heading\">3. Hvad <em>Du<\/em> N\u00f8dt til at G\u00f8re<\/h3>\n\n\n\n<p>Med stor chatter magt kommer stort ansvar:<\/p>\n\n\n\n<ul class=\"wp-block-list\">\n<li><strong>For at l\u00e6se reglerne.<\/strong> Kontrollere platformen s servicebetingelser og privacy policy, f\u00f8r du bruger det.<\/li>\n\n\n\n<li><strong>Beskytte din info.<\/strong> M\u00e5 ikke dele personlige data s\u00e5som din adresse, adgangskoder eller kreditkortoplysninger.<\/li>\n\n\n\n<li><strong>Respekt aldersgr\u00e6nser.<\/strong> De fleste platforme er 18+, og med god grund. Hvis du er mindre\u00e5rig \u2014 undskyld, kommer tilbage senere.<\/li>\n<\/ul>\n\n\n\n<h3 class=\"wp-block-heading\">4. Eksterne Links Er ikke Vores<\/h3>\n\n\n\n<p>De links, vi leverer, er for <strong>din bekvemmelighed<\/strong>men vi kan ikke styre, hvad der sker, n\u00e5r du klikker p\u00e5. Platforme kan \u00e6ndre deres regler, layout eller indhold \u2014 og vi er endnu ikke anmeldt. Altid dobbelttjekke, f\u00f8r du bruger.<\/p>\n\n\n\n<h3 class=\"wp-block-heading\">5. Juridiske Ting (aka Skadesl\u00f8sholdelse)<\/h3>\n\n\n\n<p>Ved hj\u00e6lp Tejcam, accepterer du, at hvis noget g\u00e5r sidel\u00e6ns p\u00e5 grund af, hvordan du har brugt en platform, som vi linker til, <strong>du vil ikke holde os ansvarlige<\/strong>. Det omfatter:<\/p>\n\n\n\n<ul class=\"wp-block-list\">\n<li>Juridiske krav<\/li>\n\n\n\n<li>Tab af Data<\/li>\n\n\n\n<li>Slagsm\u00e5l med fremmede i en tilf\u00e6ldig chat<\/li>\n<\/ul>\n\n\n\n<p>Du accepterer at <strong>til at forsvare, friholde og skadesl\u00f8sholde<\/strong> Tejcam og sit hold fra enhver form for erstatningspligt eller krav om erstatning vedr\u00f8rende tredjeparts-platform brug.<\/p>\n\n\n\n<h3 class=\"wp-block-heading\">6. Sidste Ord<\/h3>\n\n\n\n<p>Tejcam eksisterer for at <strong>uddanne, vejlede og underholde<\/strong>. Vi er ikke din platform kundeservice rep. S\u00e5 hvis du bliver forbudt, oplever fejl, eller \u00f8nsker en tilbagebetaling \u2014 du er n\u00f8dt til at kontakte den platform, som er direkte.<\/p>\n\n\n\n<h3 class=\"wp-block-heading\">Ophold sikker. Stay smart. Ophold underligt \u2014 det er internettet.<\/h3>","protected":false},"excerpt":{"rendered":"<p>Disclaimer At Tejcam.com, our job is simple: we connect curious people (like you) with some of the internet\u2019s most popular random video chat platforms \u2014 like Coomeet, Omegle, and Chatrandom. But let\u2019s be clear: we don\u2019t own, run, or control any of these sites. This disclaimer explains where our responsibility ends and yours begins. 1. &#8230; <a title=\"Ansvarsfraskrivelse\" class=\"read-more\" href=\"https:\/\/tejcam.com\/da\/disclaimer\/\" aria-label=\"Read more about Disclaimer\">L\u00e6s Mere<\/a><\/p>","protected":false},"author":1,"featured_media":0,"parent":0,"menu_order":0,"comment_status":"closed","ping_status":"closed","template":"","meta":{"footnotes":""},"class_list":{"0":"post-43887","1":"page","2":"type-page","3":"status-publish","5":"no-featured-image-padding"},"_links":{"self":[{"href":"https:\/\/tejcam.com\/da\/wp-json\/wp\/v2\/pages\/43887","targetHints":{"allow":["GET"]}}],"collection":[{"href":"https:\/\/tejcam.com\/da\/wp-json\/wp\/v2\/pages"}],"about":[{"href":"https:\/\/tejcam.com\/da\/wp-json\/wp\/v2\/types\/page"}],"author":[{"embeddable":true,"href":"https:\/\/tejcam.com\/da\/wp-json\/wp\/v2\/users\/1"}],"replies":[{"embeddable":true,"href":"https:\/\/tejcam.com\/da\/wp-json\/wp\/v2\/comments?post=43887"}],"version-history":[{"count":0,"href":"https:\/\/tejcam.com\/da\/wp-json\/wp\/v2\/pages\/43887\/revisions"}],"wp:attachment":[{"href":"https:\/\/tejcam.com\/da\/wp-json\/wp\/v2\/media?parent=43887"}],"curies":[{"name":"wp","href":"https:\/\/api.w.org\/{rel}","templated":true}]}}