{"id":30249,"date":"2023-08-24T20:15:00","date_gmt":"2023-08-24T20:15:00","guid":{"rendered":"https:\/\/sites.generatepress.com\/affinity\/?page_id=30249"},"modified":"2025-06-28T18:20:33","modified_gmt":"2025-06-28T13:20:33","slug":"privacy-policy","status":"publish","type":"page","link":"https:\/\/tejcam.com\/de\/privacy-policy\/","title":{"rendered":"Datenschutzerkl\u00e4rung"},"content":{"rendered":"<div class=\"gb-container gb-container-00dad267 gbp-section\">\n<div class=\"gb-container gb-container-7c095171 gb-container-e12be6ba gbp-section__inner\">\n\n<h2 class=\"gb-headline gb-headline-2005c800 gb-headline-text\">Tejcam Datenschutzerkl\u00e4rung<\/h2>\n\n\n\n<p>Bei Tejcam, wir dienen als Informations-Vermittler verbinden Benutzer zu die Dritte-party Plattformen wie Coomeet und andere \u00e4hnliche f\u00fcr zuf\u00e4llige video-Chats. Wir tun <strong>nicht<\/strong> bedienen, eigenen, oder die Kontrolle der chat-Funktionalit\u00e4t oder Daten-Praktiken dieser Plattformen. Diese Richtlinie erl\u00e4utert unsere begrenzte Rolle und wie Ihre Privatsph\u00e4re ist uns verarbeitet:<\/p>\n\n\n\n<h3 class=\"wp-block-heading\">1. Unsere Rolle<\/h3>\n\n\n\n<p>Tejcam Hauptzweck ist die Bereitstellung von Lerninhalten, hilfreiche Tipps und Anleitungen rund um zuf\u00e4llige video-chat-Plattformen. Wir tun <strong>nicht<\/strong> erheben, speichern oder verarbeiten keine personenbezogenen Daten aus Ihren chats und Interaktionen auf Dritte-party Plattformen.<\/p>\n\n\n\n<h3 class=\"wp-block-heading\">2. Dritte-Party Plattformen (z.B., Coomeet Und Andere \u00c4hnliche)<\/h3>\n\n\n\n<p>Die chat-Plattformen, die wir verlinken, wie Coomeet, sind verantwortlich f\u00fcr alle chat-Vorg\u00e4nge, einschlie\u00dflich der Benutzer-Interaktionen, der Datenerhebung, - moderation und-Sicherheit. Alle Informationen, die Sie w\u00e4hrend Ihres chats\u2014ob video, audio oder text, ist ausschlie\u00dflich deren Datenschutzrichtlinien. Wir m\u00f6chten Sie ermutigen, Ihre Politik sorgf\u00e4ltig vor dem Gebrauch.<\/p>\n\n\n\n<p>Wir lehnen jegliche Haftung in Bezug auf Dritte-party data practices, user behavior, oder technische Probleme.<\/p>\n\n\n\n<h3 class=\"wp-block-heading\">3. Informationen Die Wir Sammeln<\/h3>\n\n\n\n<ul class=\"wp-block-list\">\n<li><strong>Anonyme browsing-Daten:<\/strong> Wir sammeln beschr\u00e4nkte, nicht-personenbezogene Informationen wie IP-Adresse, Ger\u00e4tetyp, und Sitzungs-Aktivit\u00e4t zu helfen, unsere website zu verbessern, die Benutzerfreundlichkeit und Leistung.<\/li>\n\n\n\n<li><strong>Keine pers\u00f6nlichen Daten:<\/strong> Wir erheben keine Benutzernamen, E-Mail-Adressen, chat-Inhalte oder jegliche pers\u00f6nliche Identifikatoren.<\/li>\n<\/ul>\n\n\n\n<h3 class=\"wp-block-heading\">4. Ihre Verantwortung<\/h3>\n\n\n\n<ul class=\"wp-block-list\">\n<li>Immer Lesen Sie und verstehen Sie die Datenschutzrichtlinien der Plattformen, die Sie verwenden (wie Coomeet und andere \u00e4hnliche).<\/li>\n\n\n\n<li>Vermeiden Sie sensible oder pers\u00f6nliche Informationen, die w\u00e4hrend des chats (zB, Anschrift, Passw\u00f6rter).<\/li>\n\n\n\n<li>Bericht Missbrauch oder verd\u00e4chtige Aktivit\u00e4ten direkt zu die Dritte-party platform &#039; s support team.<\/li>\n<\/ul>\n\n\n\n<h3 class=\"wp-block-heading\">5. Cookies<\/h3>\n\n\n\n<p>Tejcam verwendet minimale streng cookies zur Aufrechterhaltung der Funktionalit\u00e4t der website, wie z.B. die Erhaltung Ihrer Sitzung Einstellungen. Diese &#034;cookies&#034; <strong>nicht<\/strong> verfolgen Sie Ihre chat-Aktivit\u00e4ten auf Dritte-party Plattformen.<\/p>\n\n\n\n<h3 class=\"wp-block-heading\">6. Sicherheit Disclaimer<\/h3>\n\n\n\n<p>W\u00e4hrend wir sichern unsere website, wir k\u00f6nnen nicht garantieren, die Sicherheit oder die Sicherheit von Dritten Plattformen zu oder auf Benutzer-Interaktionen gibt. Bitte Vorsicht walten lassen und Praxis sicher chatten Gewohnheiten bei der Verbindung mit fremden online.<\/p>\n\n\n\n<h3 class=\"wp-block-heading\">7. Datenschutz f\u00fcr Kinder<\/h3>\n\n\n\n<p>Tejcam und die Plattformen, die wir verlinken, sind f\u00fcr Benutzer gedacht, die <strong>18 Jahre und \u00e4lter<\/strong>. Wir sammeln nicht wissentlich pers\u00f6nliche Informationen von Kindern unter 18. Wenn Sie ein Elternteil oder Vormund sind und glauben, dass Ihr Kind unsere Webseite oder verlinkten Plattformen, Kontaktieren Sie uns bitte sofort.<\/p>\n\n\n\n<h3 class=\"wp-block-heading\">8. Data Retention<\/h3>\n\n\n\n<p>Da wir erheben keine personenbezogenen Daten oder von chat-Inhalten behalten wir uns das nur minimal anonyme browsing-Daten vor\u00fcbergehend, um unsere Dienstleistungen zu verbessern. Wir nicht speichern oder weitergeben, die Sie Benutzer-spezifische pers\u00f6nliche Informationen.<\/p>\n\n\n\n<h3 class=\"wp-block-heading\">9. Aktualisierungen Der Richtlinie<\/h3>\n\n\n\n<p>Wir k\u00f6nnen diese Datenschutzrichtlinie aktualisieren, um \u00e4nderungen in den gesetzlichen Anforderungen oder Dritte-party Plattform Praktiken. Ihre fortgesetzte Nutzung der Tejcam nach updates bedeutet die Annahme der \u00fcberarbeiteten Richtlinie zu.<\/p>\n\n\n\n<h3 class=\"wp-block-heading\">10. Kontaktieren Sie Uns<\/h3>\n\n\n\n<p>Wenn Sie haben Fragen \u00fcber Tejcam die Datenschutzpraktiken oder Inhalte der website, wenden Sie sich bitte an tejcamdotcom@gmail.com F\u00fcr Bedenken hinsichtlich der Privatsph\u00e4re in Bezug zu chat-Plattformen wie Coomeet, bitte Kontaktieren Sie diese Plattformen direkt.<\/p>\n\n<\/div>\n<\/div>","protected":false},"excerpt":{"rendered":"<p>Tejcam Privacy Policy At Tejcam, we serve as an informational intermediary connecting users to third-party platforms like Coomeet and other similar for random video chatting. We do not operate, own, or control the chat functionality or data practices of these platforms. This policy explains our limited role and how your privacy is handled: 1. Our &#8230; <a title=\"Datenschutzerkl\u00e4rung\" class=\"read-more\" href=\"https:\/\/tejcam.com\/de\/privacy-policy\/\" aria-label=\"Mehr Informationen \u00fcber Privacy Policy\">Weiterlesen &#8230;<\/a><\/p>","protected":false},"author":1,"featured_media":0,"parent":0,"menu_order":0,"comment_status":"closed","ping_status":"closed","template":"","meta":{"footnotes":""},"class_list":{"0":"post-30249","1":"page","2":"type-page","3":"status-publish","5":"no-featured-image-padding"},"_links":{"self":[{"href":"https:\/\/tejcam.com\/de\/wp-json\/wp\/v2\/pages\/30249","targetHints":{"allow":["GET"]}}],"collection":[{"href":"https:\/\/tejcam.com\/de\/wp-json\/wp\/v2\/pages"}],"about":[{"href":"https:\/\/tejcam.com\/de\/wp-json\/wp\/v2\/types\/page"}],"author":[{"embeddable":true,"href":"https:\/\/tejcam.com\/de\/wp-json\/wp\/v2\/users\/1"}],"replies":[{"embeddable":true,"href":"https:\/\/tejcam.com\/de\/wp-json\/wp\/v2\/comments?post=30249"}],"version-history":[{"count":0,"href":"https:\/\/tejcam.com\/de\/wp-json\/wp\/v2\/pages\/30249\/revisions"}],"wp:attachment":[{"href":"https:\/\/tejcam.com\/de\/wp-json\/wp\/v2\/media?parent=30249"}],"curies":[{"name":"wp","href":"https:\/\/api.w.org\/{rel}","templated":true}]}}