{"id":39740,"date":"2023-07-24T20:08:03","date_gmt":"2023-07-24T20:08:03","guid":{"rendered":"https:\/\/business-one.local\/?page_id=7"},"modified":"2025-07-01T18:58:07","modified_gmt":"2025-07-01T13:58:07","slug":"home","status":"publish","type":"page","link":"https:\/\/tejcam.com\/de\/","title":{"rendered":"Home"},"content":{"rendered":"<header class=\"gb-element-84a45700\">\n<div class=\"gbp-section__inner\">\n<div class=\"gb-element-668476e3\">\n<div class=\"gb-element-b37c8662\">\n<h1 class=\"gb-text gb-text-f1f6b810\"><strong>Sprechen Sie mit Fremden \u2013 Kostenlos Online an<\/strong> <mark style=\"background-color:rgba(0, 0, 0, 0)\" class=\"has-inline-color has-accent-color\">Tejcam<\/mark> Heute.<\/h1>\n\n\n\n<p class=\"gb-text gb-text-f9584e56\">Lassen Sie uns ehrlich sein: die Idee zu&nbsp;<strong>talk to strangers<\/strong>&nbsp;online-f\u00fchlte mich ein bisschen unbehaglich oder sogar riskant. Aber dies hat sich ge\u00e4ndert\u2014Dank Plattformen wie&nbsp;<strong>TalktoStrangers<\/strong>&nbsp;auf Tejcam, die Verbindung mit neuen Menschen ist nun spannend, sicher und \u00fcberraschend aussagekr\u00e4ftig.<\/p>\n\n\n\n<p>Ob Sie wollen&nbsp;<strong>talk to strangers<\/strong>&nbsp;um 2 UHR, erkunden der Kulturen in der Ferne, oder einfach ein paar spontane Spa\u00df,&nbsp;<strong>TalktoStrangers<\/strong>&nbsp;auf Tejcam ist der perfekte Ort f\u00fcr Sie.<\/p>\n<\/div>\n\n\n\n<div class=\"gb-element-0c29e940\">\n<figure class=\"wp-block-image size-full\"><img decoding=\"async\" width=\"579\" height=\"519\" src=\"https:\/\/tejcam.com\/wp-content\/uploads\/2025\/06\/Tejcam.png\" alt=\"Tejcam\" class=\"wp-image-43732\" srcset=\"https:\/\/tejcam.com\/wp-content\/uploads\/2025\/06\/Tejcam.png 579w, https:\/\/tejcam.com\/wp-content\/uploads\/2025\/06\/Tejcam-300x269.png 300w, https:\/\/tejcam.com\/wp-content\/uploads\/2025\/06\/Tejcam-13x12.png 13w\" sizes=\"(max-width: 579px) 100vw, 579px\" \/><\/figure>\n<\/div>\n<\/div>\n<\/div>\n<\/header>\n\n\n\n<div class=\"gbp--border-radius gb-element-79253f80\">\n<div class=\"gbp-section__inner\">\n<div class=\"gb-element-5cb801a0\">\n<div class=\"gb-element-7ee6ee70\">\n<div class=\"gb-element-5726c844\">\n<figure class=\"wp-block-image size-full\"><img decoding=\"async\" width=\"512\" height=\"512\" src=\"https:\/\/tejcam.com\/wp-content\/uploads\/2025\/06\/talk-to-strangers.png\" alt=\"Talk to Strangers\" class=\"wp-image-43733\" srcset=\"https:\/\/tejcam.com\/wp-content\/uploads\/2025\/06\/talk-to-strangers.png 512w, https:\/\/tejcam.com\/wp-content\/uploads\/2025\/06\/talk-to-strangers-300x300.png 300w, https:\/\/tejcam.com\/wp-content\/uploads\/2025\/06\/talk-to-strangers-150x150.png 150w, https:\/\/tejcam.com\/wp-content\/uploads\/2025\/06\/talk-to-strangers-12x12.png 12w\" sizes=\"(max-width: 512px) 100vw, 512px\" \/><\/figure>\n\n\n\n<figure class=\"wp-block-image size-full\"><img decoding=\"async\" width=\"512\" height=\"512\" src=\"https:\/\/tejcam.com\/wp-content\/uploads\/2025\/06\/random-video-chat.png\" alt=\"Zuf\u00e4llige video-chat -\" class=\"wp-image-43735\" srcset=\"https:\/\/tejcam.com\/wp-content\/uploads\/2025\/06\/random-video-chat.png 512w, https:\/\/tejcam.com\/wp-content\/uploads\/2025\/06\/random-video-chat-300x300.png 300w, https:\/\/tejcam.com\/wp-content\/uploads\/2025\/06\/random-video-chat-150x150.png 150w, https:\/\/tejcam.com\/wp-content\/uploads\/2025\/06\/random-video-chat-12x12.png 12w\" sizes=\"(max-width: 512px) 100vw, 512px\" \/><\/figure>\n<\/div>\n\n\n\n<div class=\"gb-element-be9afbda\">\n<figure class=\"wp-block-image size-full\"><img decoding=\"async\" width=\"512\" height=\"512\" src=\"https:\/\/tejcam.com\/wp-content\/uploads\/2025\/06\/Tejcam-chat.png\" alt=\"Tejcam Chat\" class=\"wp-image-43734\" srcset=\"https:\/\/tejcam.com\/wp-content\/uploads\/2025\/06\/Tejcam-chat.png 512w, https:\/\/tejcam.com\/wp-content\/uploads\/2025\/06\/Tejcam-chat-300x300.png 300w, https:\/\/tejcam.com\/wp-content\/uploads\/2025\/06\/Tejcam-chat-150x150.png 150w, https:\/\/tejcam.com\/wp-content\/uploads\/2025\/06\/Tejcam-chat-12x12.png 12w\" sizes=\"(max-width: 512px) 100vw, 512px\" \/><\/figure>\n\n\n\n<figure class=\"wp-block-image size-full\"><img decoding=\"async\" width=\"512\" height=\"512\" src=\"https:\/\/tejcam.com\/wp-content\/uploads\/2025\/06\/chatrandom.png\" alt=\"chatrandom\" class=\"wp-image-43736\" srcset=\"https:\/\/tejcam.com\/wp-content\/uploads\/2025\/06\/chatrandom.png 512w, https:\/\/tejcam.com\/wp-content\/uploads\/2025\/06\/chatrandom-300x300.png 300w, https:\/\/tejcam.com\/wp-content\/uploads\/2025\/06\/chatrandom-150x150.png 150w, https:\/\/tejcam.com\/wp-content\/uploads\/2025\/06\/chatrandom-12x12.png 12w\" sizes=\"(max-width: 512px) 100vw, 512px\" \/><\/figure>\n<\/div>\n<\/div>\n\n\n\n<div>\n<h2 class=\"gb-text\"><strong>Was Genau Ist Tejcam\u2014und Warum Sollte Sie das K\u00fcmmern?<\/strong><\/h2>\n\n\n\n<p>At its core, Tejcam ist eine innovative, v\u00f6llig Kostenlose zuf\u00e4llige video-chat-website entwickelt, um schlie\u00dfen Sie Sie sofort mit fremden weltweit. Vergessen Sie m\u00fchsame Anmeldungen, downloads oder lange Wartezeiten.<\/p>\n\n\n\n<p>Betrachten Sie es als wenn Omegle OmeTV und hatten eine stilvolle Verj\u00fcngungskur, und Ihre K\u00fchler, intelligenter Geschwister entstanden\u2014Tejcam.&nbsp;<strong>TalktoStrangers<\/strong>&nbsp;ist eine einfache, Kostenlose M\u00f6glichkeit, um sofort video-Chats mit fremden weltweit, keine Anmeldung oder downloads erforderlich.<\/p>\n\n\n\n<p>Denken Tejcam als aktualisierte, schlanke version von Omegle OmeTV und\u2014speziell f\u00fcr diejenigen, die wollen&nbsp;<strong>talk to strangers<\/strong>&nbsp;einfach und sicher.<\/p>\n\n\n\n<p>Klicken Sie auf eine Schaltfl\u00e4che, und Sie von Angesicht zu Angesicht mit jemandem neuen, bereit zu teilen einen chat. Klicken Sie einmal, und&nbsp;<em>bam<\/em>\u2014du bist von Angesicht zu Angesicht mit jemandem, Marke neue, bereit zu sprechen.&nbsp;<\/p>\n<\/div>\n<\/div>\n<\/div>\n<\/div>\n\n\n\n<div class=\"gbp-section\">\n<div class=\"gbp-section__inner\">\n<div class=\"gbp--margin-after gb-element-c9a0dcd4\">\n<h2 class=\"gb-text\"><strong>Warum Ist Tejcam ein Schnitt \u00dcber dem Rest?<\/strong><\/h2>\n\n\n\n<p class=\"gb-text gb-text-a1c8ae48\">Gute Frage! Tejcam nicht nur replizieren vorhandenen chat-Plattformen\u2014es erfindet die Art und Weise treffen Sie fremde online.<br>Hier ist, was setzt Tejcam auseinander:<\/p>\n<\/div>\n\n\n\n<div class=\"gb-element-2a2826e4\">\n<div class=\"gb-element-c0893001\">\n<div class=\"gb-element-ff677824\">\n<div>\n<h3 class=\"gb-text gb-text-57591bb4\">Kein Konto Erforderlich<\/h3>\n\n\n\n<p>Vergessen Sie jonglieren Passw\u00f6rter. Dr\u00fccken Sie einfach starten und eine Verbindung herstellen.<\/p>\n<\/div>\n<\/div>\n<\/div>\n\n\n\n<div class=\"gb-element-8adf1e8e\">\n<div class=\"gb-element-4bc0450f\"><div class=\"gb-container gb-container-006115cb\">\n\n<h3 class=\"gb-text gb-text-ddae5adb\">Globale Reichweite<\/h3>\n\n\n\n<p>Von Brasilien, Bangladesch, die Vereinigten K\u00f6nigreich in die USA, begegnen verschiedenen Menschen, ohne Ihr Zimmer.<br><\/p>\n\n<\/div><\/div>\n<\/div>\n<\/div>\n\n\n\n<div class=\"gb-element-09fe3038\">\n<div class=\"gb-element-ef037f1c\">\n<div class=\"gb-element-7cb068e5\">\n<div>\n<h3 class=\"gb-text gb-text-763ee1f4\">Smart-Matching-Technologie<\/h3>\n\n\n\n<p>Keine bots. Keine fake-profile. Nur authentische Gespr\u00e4che.<br><\/p>\n<\/div>\n<\/div>\n<\/div>\n\n\n\n<div class=\"gb-element-21358b55\">\n<div class=\"gb-element-b0f06bc6\"><div class=\"gb-container gb-container-9ed4dc95\">\n\n<h3 class=\"gb-text gb-text-eb721bd4\">Safety First<\/h3>\n\n\n\n<p>Gruselig Verhalten? Nicht hier. Intelligente Filter und einfache Berichterstellung halten Sie Ihre chats sicher sind.<br><\/p>\n\n<\/div><\/div>\n<\/div>\n<\/div>\n\n\n\n<div class=\"gb-element-d74df224\">\n<div class=\"gb-element-5c5fe217\">\n<div class=\"gb-element-f6d80501\">\n<div>\n<h3 class=\"gb-text gb-text-3401ef7f\">Blitzschnelle Verbindungen<\/h3>\n\n\n\n<p>Buffering? Nee. Instant-chats, dass Sie nie Links warten.<br><\/p>\n<\/div>\n<\/div>\n<\/div>\n\n\n\n<div class=\"gb-element-b29cb7fd\">\n<div class=\"gb-element-795b0837\"><div class=\"gb-container gb-container-5462ce48\">\n\n<h3 class=\"gb-text gb-text-378318e8\">Cross-Device-Kompatibilit\u00e4t<\/h3>\n\n\n\n<p>Laptop -, tablet -, Telefon\u2014Tejcam sieht und f\u00fchrt nahtlos \u00fcberall. F\u00fchlen Sie sich frei zu unterhalten, w\u00e4hrend das Kochen, pendeln, oder chillen.<br><\/p>\n\n<\/div><\/div>\n<\/div>\n<\/div>\n<\/div>\n<\/div>\n\n\n\n<div class=\"gbp--border-radius gb-element-bf282dd1\">\n<div class=\"gbp-section__inner\">\n<div class=\"gb-element-fce96c33\">\n<div>\n<h2 class=\"gb-text gb-text-d05aaa52\"><strong><strong>Warum sich die M\u00fche machen, Reden mit Fremden? Ist Das nicht ein Bisschen Komisch?<\/strong><\/strong><\/h2>\n\n\n\n<p>Hier ist die Wahrheit: Nein, es ist nicht komisch. In der Tat kann es eine der authentischsten, Aha-Erlebnisse haben Sie den ganzen Tag.<br>\u00dcberpr\u00fcfen Sie heraus, warum:<\/p>\n\n\n\n<ul class=\"wp-block-list\">\n<li><strong>Mental Detox<\/strong>: Manchmal brechen Sie aus Ihrem \u00fcblichen Kreis und im Chat mit einem fremden kann klar Ihre Geist wie eine frische Brise.<\/li>\n\n\n\n<li><strong>Kulturelle Entdeckung<\/strong>: Entdecken Sie neue Perspektiven und Lebensstile, wie Sie mit fremden reden weltweit.<\/li>\n\n\n\n<li><strong>Zero Pressure Zone<\/strong>: Keine Erwartungen, keine brauchen, um zu beeindrucken. Nur dein wahres selbst\u2014oder versuchen Sie, auf eine neue Pers\u00f6nlichkeit, wenn Sie Lust dazu haben.<\/li>\n\n\n\n<li><strong>Pure Serendipity<\/strong>: Sie wissen nie, wer Sie treffen weiter\u2014das ist der Nervenkitzel.<\/li>\n<\/ul>\n\n\n\n<p>Ob du sch\u00fcchtern bist, ausgehende, oder irgendwo in der Mitte, TalktoStrangers auf Tejcam bietet einen Spielplatz f\u00fcr echte, unscripted human connection.<\/p>\n\n\n\n<h2 class=\"wp-block-heading has-text-align-center\"><strong>Wer Springt auf Tejcam?<\/strong><\/h2>\n\n\n\n<p>Grunds\u00e4tzlich alle und jeden. Hier ist ein Schnappschuss:<\/p>\n\n\n\n<ul class=\"wp-block-list\">\n<li>Studenten schleichen sich in den Pausen zwischen den Klassen<\/li>\n\n\n\n<li>Travelers eager to swap Geschichten mit einheimischen<\/li>\n\n\n\n<li>Nacht-Eule sucht Gesellschaft in den sp\u00e4ten Stunden<\/li>\n\n\n\n<li>Sprache Lernenden \u00fcben, echte Unterhaltungen<\/li>\n\n\n\n<li>Menschen brauchen ein offenes Ohr, nachdem liebeskummer<\/li>\n\n\n\n<li>Meme-Enthusiasten Jagd f\u00fcr die lacht<\/li>\n<\/ul>\n\n\n\n<p>Tejcam ist wie Ihre Lieblings Treffpunkt spot\u2014au\u00dfer anstelle von milchkaffee, Sie bekommen echte menschliche verbindungen. Spontan, unberechenbar, manchmal komisch, aber immer real.<\/p>\n\n\n\n<h2 class=\"wp-block-heading has-text-align-center\"><strong>Klassische Momente, die Sie Bekommen Nur auf Tejcam<\/strong><\/h2>\n\n\n\n<p>Lassen Sie uns ehrlich sein\u2014zuf\u00e4llige video-chats haben einige Marken-Momente:<\/p>\n\n\n\n<ul class=\"wp-block-list\">\n<li>Das urkomisch, unbehagliche pause, bevor jemand die Wellen &#034;Hey!&#034;<\/li>\n\n\n\n<li>Jemanden zu finden, der sieht unheimlich wie Ihre doppelg\u00e4nger (Stichwort &#034;Sind wir verwandt?&#034;, scherzt)<\/li>\n\n\n\n<li>\u00dcber die gro\u00dfe Ananas-auf-pizza-Kontroverse<\/li>\n\n\n\n<li>Passende mit einem fremden, stellt sich heraus, aus Ihrer eigenen Nachbarschaft<\/li>\n\n\n\n<li>Lachen so schwer Sie zu vergessen es ist ein chat mit einem v\u00f6llig fremden<\/li>\n<\/ul>\n\n\n\n<p>Diese kleinen Edelsteine sind, was machen Tejcam unvergesslich.<\/p>\n\n\n\n<h2 class=\"wp-block-heading\">Nicht Nur Small Talk \u2014 Es ist ein Abenteuer, bei Jedem Klick<\/h2>\n\n\n\n<p>Let &#039; s face it\u2014talking to strangers online verwendet werden, um die digitale version von &#034;Don&#039; T talk to people in wei\u00dfen Lieferwagen.&#034; Aber jetzt? Es ist ein spannender Teil des modernen Lebens.<br>Wir <strong>Tejcam zuf\u00e4llige video-chat -<\/strong>jeder Klick ist ein teleport-Schaltfl\u00e4che, um irgendwo <em>unerwartet genial<\/em>.<\/p>\n\n\n\n<ul class=\"wp-block-list\">\n<li>M\u00f6chten Sie eine <strong>cam chat<\/strong> mit jemandem in Tokio, w\u00e4hrend Sie chillen in Toronto? Einfach.<\/li>\n\n\n\n<li>Brauchen Sie einen late-night-chat-Kumpel, der Sie <em>bekommt<\/em> Ihr 3-UHR Gedanken? Wir haben Sie.<\/li>\n\n\n\n<li>Neugierig, ob Ananas geh\u00f6rt auf pizza? Debatte, es zu Leben\u2014mit einem fremden.<\/li>\n<\/ul>\n\n\n\n<p>Egal, ob Sie ein overthinker, oversharer, oder einfach nur \u00fcber-scrolling-endlos\u2014<strong>Tejcam<\/strong> bringt die <strong>talk to strangers<\/strong> Erfahrungen zum Leben. Kein Druck. Keine profile. Nur ein Bildschirm und eine Welt voller unheimlich wundervollen Menschen.<\/p>\n\n\n\n<h2 class=\"wp-block-heading\">Echte Menschen. Echte Katzen. Echtzeit-Cam-Magie<\/h2>\n\n\n\n<p>Dies ist nicht gescriptet. Das ist nicht inszeniert. Dies ist <strong>Echtzeit-cam chat<\/strong> mit echten Menschen, die nicht verbringen 20 Minuten picking a filter.<br><strong>Tejcam zuf\u00e4llige video-chat -<\/strong> system ist konzipiert f\u00fcr Menschen, die wollen <strong>authentische verbindungen<\/strong>\u2014die Art, die Sie nicht streichen f\u00fcr.<\/p>\n\n\n\n<p>Hier ist der Grund, warum Profis, Studenten, insomniacs, und Entdecker, die es lieben,:<\/p>\n\n\n\n<ul class=\"wp-block-list\">\n<li><strong>Keine Anmeldung. Kein Profil. Einfach auf &#034;start&#034; und sprechen Sie.<\/strong><\/li>\n\n\n\n<li>Gebaut-in Filter (die Sicherheit der Art, nicht der Hund-Ohr Snapchat-Art) halten Katzen sauber.<\/li>\n\n\n\n<li><strong>Intelligentes matchmaking<\/strong> Paaren Sie mit <em>echte fremde<\/em>nicht, dass die Spam-bots.<\/li>\n\n\n\n<li>Man wei\u00df nie, wer als N\u00e4chstes\u2014und das ist der beste Teil.<\/li>\n<\/ul>\n\n\n\n<p>Von l\u00e4ssig lacht unerwartet deep convos, <strong>Tejcam<\/strong> macht <strong>cam chat mit fremden<\/strong> f\u00fchlen m\u00fchelos und Mensch.<\/p>\n<\/div>\n<\/div>\n<\/div>\n<\/div>\n\n\n\n<div class=\"gbp--border-radius gb-element-b2683b59\">\n<div class=\"gbp-section__inner\">\n<div class=\"gb-element-024a9ffb\">\n<div>\n<h2 class=\"gb-text gb-text-36432b33\"><strong><strong><strong>Safety First: so Sch\u00fctzen Sie Sich Beim Chatten<\/strong><\/strong><\/strong><\/h2>\n\n\n\n<p>Genie\u00dfen Sie den Spa\u00df, aber halten Sie Ihren Verstand \u00fcber Sie. Tejcam ist gebaut mit Sicherheit im Verstand, aber hier ist eine freundliche Erinnerung:<\/p>\n\n\n\n<p>Gib niemals sensible pers\u00f6nliche Informationen (offensichtlich).<\/p>\n\n\n\n<p>Wenn jemandes handeln ab, Treffer zu \u00fcberspringen, ohne zu z\u00f6gern.<\/p>\n\n\n\n<p>Art\u2014es ist eine echte person hinter dem Bildschirm.<\/p>\n\n\n\n<p>Vertrauen Sie Ihrem Instinkt. Wenn es sich falsch anf\u00fchlt, zu bewegen.<\/p>\n\n\n\n<p>Bericht unangemessenes Verhalten\u2014Tejcam team nimmt diese ernst.<\/p>\n\n\n\n<h2 class=\"wp-block-heading has-text-align-center\"><strong><strong>Zusammenfassung: Ihre N\u00e4chste Gro\u00dfe Gespr\u00e4ch Erwartet<\/strong><\/strong><\/h2>\n\n\n\n<p>In der heutigen Welt der endlosen scrollen, kuratiert profile und gefilterte feeds, Tejcam ist ein Hauch frischer Luft. Es ist roh, real und spontan human interaction at its best.<\/p>\n\n\n\n<p>Ob Sie wollen ein lachen, ein tiefes sprechen, oder einfach nur, um zu t\u00f6ten Langeweile, Tejcam erzielt.<\/p>\n\n\n\n<p>Nicht nur Inhalte konsumieren verbinden. Ihre n\u00e4chsten unvergesslichen chat ist nur einen Klick entfernt.<\/p>\n<\/div>\n<\/div>\n<\/div>\n<\/div>","protected":false},"excerpt":{"rendered":"<p>Talk to Strangers &#8211; Online Free on Tejcam Today. Let\u2019s be honest: the idea to&nbsp;talk to strangers&nbsp;online once felt a bit awkward or even risky. But that\u2019s changed\u2014thanks to platforms like&nbsp;TalktoStrangers&nbsp;on Tejcam, connecting with new people is now exciting, safe, and surprisingly meaningful. Whether you want to&nbsp;talk to strangers&nbsp;at 2 AM, explore cultures far away, &#8230; <a title=\"Home\" class=\"read-more\" href=\"https:\/\/tejcam.com\/de\/\" aria-label=\"Mehr Informationen \u00fcber Home\">Weiterlesen &#8230;<\/a><\/p>","protected":false},"author":1,"featured_media":0,"parent":0,"menu_order":0,"comment_status":"closed","ping_status":"closed","template":"","meta":{"footnotes":""},"class_list":{"0":"post-39740","1":"page","2":"type-page","3":"status-publish","5":"no-featured-image-padding"},"_links":{"self":[{"href":"https:\/\/tejcam.com\/de\/wp-json\/wp\/v2\/pages\/39740","targetHints":{"allow":["GET"]}}],"collection":[{"href":"https:\/\/tejcam.com\/de\/wp-json\/wp\/v2\/pages"}],"about":[{"href":"https:\/\/tejcam.com\/de\/wp-json\/wp\/v2\/types\/page"}],"author":[{"embeddable":true,"href":"https:\/\/tejcam.com\/de\/wp-json\/wp\/v2\/users\/1"}],"replies":[{"embeddable":true,"href":"https:\/\/tejcam.com\/de\/wp-json\/wp\/v2\/comments?post=39740"}],"version-history":[{"count":0,"href":"https:\/\/tejcam.com\/de\/wp-json\/wp\/v2\/pages\/39740\/revisions"}],"wp:attachment":[{"href":"https:\/\/tejcam.com\/de\/wp-json\/wp\/v2\/media?parent=39740"}],"curies":[{"name":"wp","href":"https:\/\/api.w.org\/{rel}","templated":true}]}}