{"id":43882,"date":"2025-06-28T17:51:01","date_gmt":"2025-06-28T12:51:01","guid":{"rendered":"https:\/\/tejcam.com\/?page_id=43882"},"modified":"2025-06-28T17:51:02","modified_gmt":"2025-06-28T12:51:02","slug":"about-tejcam","status":"publish","type":"page","link":"https:\/\/tejcam.com\/de\/about-tejcam\/","title":{"rendered":"\u00dcber Tejcam"},"content":{"rendered":"<h2 class=\"wp-block-heading\">Willkommen zu Tejcam \u2013 Der Spa\u00df Beginnt Hier!<\/h2>\n\n\n\n<p>Am <strong>Tejcam<\/strong>wir sind nicht die Partei \u2014 wir <em>zeigen Sie es<\/em>. Denken Sie an uns, wie die Coole Freundin, die immer wei\u00df, wo der Spa\u00df ist. Wir verbinden Sie mit die beste <strong>zuf\u00e4llige video-chat-Plattformen<\/strong> gibt, wie Coomeet und anderen fremden-freundlich-chat-apps. Egal, ob Sie gelangweilt, einsam, neugierig, oder einfach nur vibing, wir sind hier, um spice up your digital life.<\/p>\n\n\n\n<h3 class=\"wp-block-heading\">Was Tun Wir Tun (Au\u00dfer Cool Auszusehen)?<\/h3>\n\n\n\n<p>Let &#039; s break it down:<\/p>\n\n\n\n<ul class=\"wp-block-list\">\n<li>\ud83d\udd17 <strong>Wir verbinden Sie<\/strong> Dritte-party-chat-Plattformen, wo k\u00f6nnen Sie sprechen Sie mit fremden aus der ganzen Welt.<\/li>\n\n\n\n<li>\ud83d\udd0d <strong>Wir \u00fcberpr\u00fcfen und empfehlen<\/strong> die besten Omegle und Chatroulette alternativen, so dass Sie nicht verschwenden Ihre Zeit auf glitchy oder schattige Standorte.<\/li>\n\n\n\n<li>\ud83e\udde0 <strong>Wir begleiten Sie<\/strong> durch die sichere, anonyme chatten \u2014 so k\u00f6nnen Sie Spa\u00df haben <em>ohne<\/em> Sie landen in einer misslichen online-horror-Geschichte.<\/li>\n<\/ul>\n\n\n\n<p>Keine downloads. No sign-ups. Just straight-up chat-chaos, Tejcam-Stil.<\/p>\n\n\n\n<h3 class=\"wp-block-heading\">Wir sind eine Chat-Plattform Selbst?<\/h3>\n\n\n\n<p>N\u00d6! Wir sind wie der DJ im club: wir lassen die beats (eine.k.ein. links), aber wir keine Kontrolle \u00fcber die Tanzfl\u00e4che. In den chats passiert <strong>Websites Dritter<\/strong> \u2014 Coomeet und anderen \u2014 was geht in diesen video-Anrufe zwischen Euch und Ihnen.<\/p>\n\n\n\n<h3 class=\"wp-block-heading\">Warum Tejcam?<\/h3>\n\n\n\n<p>Da zuf\u00e4llige chats werden sollte:<\/p>\n\n\n\n<ul class=\"wp-block-list\">\n<li><strong>Spa\u00df<\/strong> (ernsthaft, wo sonst k\u00f6nnen Sie erf\u00fcllen eine Norwegische Magier um 2 UHR morgens?)<\/li>\n\n\n\n<li><strong>Einfach<\/strong> (click and go!)<\/li>\n\n\n\n<li><strong>Unerwartete<\/strong> (Gefahr der fremden? Mehr wie fremde lachen... die meiste Zeit.)<\/li>\n\n\n\n<li><strong>Safe<\/strong> (wir empfehlen immer klug, respektvoll im Chat)<\/li>\n<\/ul>\n\n\n\n<h3 class=\"wp-block-heading\">Wer Tejcam F\u00fcr?<\/h3>\n\n\n\n<p>Jeder, der m\u00f6chte:<\/p>\n\n\n\n<ul class=\"wp-block-list\">\n<li>Zu <strong>talk to strangers<\/strong> ohne weird sign-ups<\/li>\n\n\n\n<li>Ein <strong>Pause vom social-media-L\u00e4rm<\/strong><\/li>\n\n\n\n<li>Ein schnelles lachen, ein tiefes chat, oder einfach nur einige random weirdness<\/li>\n\n\n\n<li>Zu finden, die chat-alternativen, die wirklich funktionieren<\/li>\n<\/ul>\n\n\n\n<h3 class=\"wp-block-heading\">Rechtliche Sprechen (Ugh, Aber Wichtig)<\/h3>\n\n\n\n<p>Wir <strong>nicht besitzen oder f\u00fchren Sie<\/strong> die Plattformen, die wir verlinken. Wir sind die <strong>recommendation engine<\/strong>nicht den Motor Zimmer. Klicken Sie, chatten Sie, genie\u00dfen Sie (oder Kaution \u2014 das ist Teil des Spa\u00dfes). Denken Sie nur daran: befolgen Sie <strong>Ihre<\/strong> Regeln, nicht unsere.<\/p>\n\n\n\n<h3 class=\"wp-block-heading\">Halten wir Es Zuf\u00e4llig<\/h3>\n\n\n\n<p>Tejcam ist eine seltsame kleine Ecke von internet \u2014 und wir lieben es, dass Weg. Wir sind immer f\u00fcr neue Orte entdecken, um zu chatten, also \u00fcberpr\u00fcfen unsere <strong>Chat-Alternativen<\/strong> Abschnitt oft. Man wei\u00df nie, was (oder wen) wirst du f\u00fcndig.<\/p>","protected":false},"excerpt":{"rendered":"<p>Welcome to Tejcam \u2013 The Fun Starts Here! At Tejcam, we&#8217;re not the party \u2014 we just point you to it. Think of us as the cool friend who always knows where the fun is. We connect you with the best random video chat platforms out there, like Coomeet and other stranger-friendly chat apps. Whether &#8230; <a title=\"\u00dcber Tejcam\" class=\"read-more\" href=\"https:\/\/tejcam.com\/de\/about-tejcam\/\" aria-label=\"Mehr Informationen \u00fcber About Tejcam\">Weiterlesen &#8230;<\/a><\/p>","protected":false},"author":1,"featured_media":0,"parent":0,"menu_order":0,"comment_status":"closed","ping_status":"closed","template":"","meta":{"footnotes":""},"class_list":{"0":"post-43882","1":"page","2":"type-page","3":"status-publish","5":"no-featured-image-padding"},"_links":{"self":[{"href":"https:\/\/tejcam.com\/de\/wp-json\/wp\/v2\/pages\/43882","targetHints":{"allow":["GET"]}}],"collection":[{"href":"https:\/\/tejcam.com\/de\/wp-json\/wp\/v2\/pages"}],"about":[{"href":"https:\/\/tejcam.com\/de\/wp-json\/wp\/v2\/types\/page"}],"author":[{"embeddable":true,"href":"https:\/\/tejcam.com\/de\/wp-json\/wp\/v2\/users\/1"}],"replies":[{"embeddable":true,"href":"https:\/\/tejcam.com\/de\/wp-json\/wp\/v2\/comments?post=43882"}],"version-history":[{"count":0,"href":"https:\/\/tejcam.com\/de\/wp-json\/wp\/v2\/pages\/43882\/revisions"}],"wp:attachment":[{"href":"https:\/\/tejcam.com\/de\/wp-json\/wp\/v2\/media?parent=43882"}],"curies":[{"name":"wp","href":"https:\/\/api.w.org\/{rel}","templated":true}]}}