{"id":43887,"date":"2025-06-28T18:27:08","date_gmt":"2025-06-28T13:27:08","guid":{"rendered":"https:\/\/tejcam.com\/?page_id=43887"},"modified":"2025-06-28T18:27:09","modified_gmt":"2025-06-28T13:27:09","slug":"disclaimer","status":"publish","type":"page","link":"https:\/\/tejcam.com\/de\/disclaimer\/","title":{"rendered":"Haftungsausschluss"},"content":{"rendered":"<h2 class=\"wp-block-heading\">Haftungsausschluss<\/h2>\n\n\n\n<p>Am <strong>Tejcam.com<\/strong>unsere Aufgabe ist einfach: wir verbinden alle neugierigen Menschen (wie Sie) mit einigen der beliebtesten internet <strong>zuf\u00e4llige video-chat-Plattformen<\/strong> \u2014 wie Coomeet, Omegle und Chatrandom. Aber lassen Sie uns klar sein: <strong>wir nicht besitzen, laufen oder kontrollieren alle dieser Seiten.<\/strong><\/p>\n\n\n\n<p>Dieser Haftungsausschluss erkl\u00e4rt, wo unsere Verantwortung endet und die deine beginnt.<\/p>\n\n\n\n<h3 class=\"wp-block-heading\">1. Wir Laufen nicht die Chat-Party<\/h3>\n\n\n\n<p>Tejcam ist nur die Anleitung, nicht der Wirt.<br>Wir tun <strong>nicht<\/strong> own, operate, oder offiziell unterst\u00fctzt keine der Plattformen, die wir verlinken. Das bedeutet:<\/p>\n\n\n\n<ul class=\"wp-block-list\">\n<li>Wir sind nicht hinter den chat-R\u00e4umen oder video-Anrufe.<\/li>\n\n\n\n<li>Wir nicht moderieren Gespr\u00e4che oder speichern Ihre chat-Daten.<\/li>\n\n\n\n<li>Wir k\u00f6nnen nicht \u00e4ndern, wie diese Plattformen funktionieren (oder Sie reparieren, wenn Sie brechen).<\/li>\n<\/ul>\n\n\n\n<p>Jede Plattform \u2014 wie Coomeet \u2014 l\u00e4uft unter seine <strong>Regeln und Richtlinien<\/strong>. Werden sicher zu \u00fcberpr\u00fcfen Sie diese vor dem Tauchen in.<\/p>\n\n\n\n<h3 class=\"wp-block-heading\">2. Nutzung auf Eigene Gefahr<\/h3>\n\n\n\n<p>Let &#039; s keep it real:<\/p>\n\n\n\n<ul class=\"wp-block-list\">\n<li><strong>Keine Garantien.<\/strong> Wir k\u00f6nnen nicht Versprechen, dass jeder Plattform zu 100% sicher, stabil oder sogar legal in Ihrem Land.<\/li>\n\n\n\n<li><strong>Keine inhaltliche Kontrolle.<\/strong> Wir sind nicht verantwortlich f\u00fcr alles, was anst\u00f6\u00dfig, unangemessen oder einfach nur seltsam, dass Sie kann auch in einem chat.<\/li>\n\n\n\n<li><strong>Keine Haftung.<\/strong> Wenn man gebannt wird, gesteuert, betrogen oder emotional vernarbt \u2014 es ist bedauerlich, aber es ist zwischen Ihnen und der Plattform.<\/li>\n<\/ul>\n\n\n\n<h3 class=\"wp-block-heading\">3. Was <em>Sie<\/em> Tun m\u00fcssen<\/h3>\n\n\n\n<p>Mit gro\u00dfer Chat macht kommt gro\u00dfe Verantwortung:<\/p>\n\n\n\n<ul class=\"wp-block-list\">\n<li><strong>Lesen Sie die Regeln.<\/strong> \u00dcberpr\u00fcfen Sie die Plattform, die Nutzungsbedingungen und Datenschutzrichtlinie vor der Verwendung.<\/li>\n\n\n\n<li><strong>Sch\u00fctzen Sie Ihre Informationen.<\/strong> Sie keine pers\u00f6nlichen Daten wie Ihre Adresse, Passw\u00f6rter oder Kreditkartendaten.<\/li>\n\n\n\n<li><strong>Achtung Altersgrenzen.<\/strong> Die meisten Plattformen sind 18+, und das aus gutem Grund. Wenn Sie minderj\u00e4hrig sind \u2014 sorry, komme sp\u00e4ter zur\u00fcck.<\/li>\n<\/ul>\n\n\n\n<h3 class=\"wp-block-heading\">4. Externe Links Sind nicht Unsere<\/h3>\n\n\n\n<p>Die links, die wir bieten sind f\u00fcr <strong>Ihre Bequemlichkeit<\/strong>aber wir k\u00f6nnen nicht kontrollieren, was passiert, nachdem Sie auf. Plattformen k\u00f6nnen \u00e4ndern Ihre Regeln, layout und Inhalte \u2014 und wir sind nicht benachrichtigt. Immer \u00fcberpr\u00fcfen, bevor Sie verwenden.<\/p>\n\n\n\n<h3 class=\"wp-block-heading\">5. Legal Stuff (aka Freistellung)<\/h3>\n\n\n\n<p>Durch die Nutzung Tejcam, Sie Stimmen zu, dass, wenn etwas schief seitw\u00e4rts, weil, wie Sie verwendet eine Plattform,die wir verlinken, <strong>Sie wird nicht halten uns verantwortlich<\/strong>. Enth\u00e4lt:<\/p>\n\n\n\n<ul class=\"wp-block-list\">\n<li>Gesetzliche Anspr\u00fcche<\/li>\n\n\n\n<li>Datenverlust<\/li>\n\n\n\n<li>K\u00e4mpfe mit fremden in einem zuf\u00e4lligen chat<\/li>\n<\/ul>\n\n\n\n<p>Sie Stimmen zu, <strong>verteidigen, zu entsch\u00e4digen und schadlos zu halten<\/strong> Tejcam und sein team von s\u00e4mtlichen Verbindlichkeiten oder Sch\u00e4den in Zusammenhang mit third-party Plattform-Nutzung.<\/p>\n\n\n\n<h3 class=\"wp-block-heading\">6. Letztes Wort<\/h3>\n\n\n\n<p>Tejcam besteht <strong>erziehen, leiten, unterhalten<\/strong>. Wir sind nicht f\u00fcr Ihre Plattform Kunden-service-rep. Also wenn man gebannt wird, erleben bugs, oder eine R\u00fcckerstattung wollen \u2014 Sie m\u00fcssen Kontakt mit der Plattform direkt.<\/p>\n\n\n\n<h3 class=\"wp-block-heading\">Stay safe. Stay smart. Bleiben komisch \u2014 es ist das internet.<\/h3>","protected":false},"excerpt":{"rendered":"<p>Disclaimer At Tejcam.com, our job is simple: we connect curious people (like you) with some of the internet\u2019s most popular random video chat platforms \u2014 like Coomeet, Omegle, and Chatrandom. But let\u2019s be clear: we don\u2019t own, run, or control any of these sites. This disclaimer explains where our responsibility ends and yours begins. 1. &#8230; <a title=\"Haftungsausschluss\" class=\"read-more\" href=\"https:\/\/tejcam.com\/de\/disclaimer\/\" aria-label=\"Mehr Informationen \u00fcber Disclaimer\">Weiterlesen &#8230;<\/a><\/p>","protected":false},"author":1,"featured_media":0,"parent":0,"menu_order":0,"comment_status":"closed","ping_status":"closed","template":"","meta":{"footnotes":""},"class_list":{"0":"post-43887","1":"page","2":"type-page","3":"status-publish","5":"no-featured-image-padding"},"_links":{"self":[{"href":"https:\/\/tejcam.com\/de\/wp-json\/wp\/v2\/pages\/43887","targetHints":{"allow":["GET"]}}],"collection":[{"href":"https:\/\/tejcam.com\/de\/wp-json\/wp\/v2\/pages"}],"about":[{"href":"https:\/\/tejcam.com\/de\/wp-json\/wp\/v2\/types\/page"}],"author":[{"embeddable":true,"href":"https:\/\/tejcam.com\/de\/wp-json\/wp\/v2\/users\/1"}],"replies":[{"embeddable":true,"href":"https:\/\/tejcam.com\/de\/wp-json\/wp\/v2\/comments?post=43887"}],"version-history":[{"count":0,"href":"https:\/\/tejcam.com\/de\/wp-json\/wp\/v2\/pages\/43887\/revisions"}],"wp:attachment":[{"href":"https:\/\/tejcam.com\/de\/wp-json\/wp\/v2\/media?parent=43887"}],"curies":[{"name":"wp","href":"https:\/\/api.w.org\/{rel}","templated":true}]}}