{"id":30249,"date":"2023-08-24T20:15:00","date_gmt":"2023-08-24T20:15:00","guid":{"rendered":"https:\/\/sites.generatepress.com\/affinity\/?page_id=30249"},"modified":"2025-06-28T18:20:33","modified_gmt":"2025-06-28T13:20:33","slug":"privacy-policy","status":"publish","type":"page","link":"https:\/\/tejcam.com\/es\/privacy-policy\/","title":{"rendered":"Pol\u00edtica De Privacidad"},"content":{"rendered":"<div class=\"gb-container gb-container-00dad267 gbp-section\">\n<div class=\"gb-container gb-container-7c095171 gb-container-e12be6ba gbp-section__inner\">\n\n<h2 class=\"gb-headline gb-headline-2005c800 gb-headline-text\">Tejcam Pol\u00edtica De Privacidad<\/h2>\n\n\n\n<p>En Tejcam, nos sirven como un informativo intermediario que conecta a los usuarios a plataformas de terceros como Coomeet y otros similares para random video chat. Softonic <strong>no<\/strong> operar, propia, o de control de la funci\u00f3n del chat o de los datos de las pr\u00e1cticas de estas plataformas. Esta pol\u00edtica explica nuestro papel limitado y c\u00f3mo su privacidad es manejado:<\/p>\n\n\n\n<h3 class=\"wp-block-heading\">1. Nuestro Papel<\/h3>\n\n\n\n<p>Tejcam el prop\u00f3sito principal es proporcionar contenidos educativos, consejos \u00fatiles y orientaci\u00f3n acerca de random video chat plataformas. Softonic <strong>no<\/strong> recopilar, almacenar o procesar datos personales de sus charlas o interacciones en plataformas de terceros.<\/p>\n\n\n\n<h3 class=\"wp-block-heading\">2. Plataformas de terceros (por ejemplo, Coomeet Y Otros Similares)<\/h3>\n\n\n\n<p>El chat de plataformas a los que estamos vinculados, tales como Coomeet, son responsables de todos los chat de las operaciones, incluyendo las interacciones del usuario, la recogida de datos, de moderaci\u00f3n y de seguridad. Cualquier informaci\u00f3n que usted comparta durante sus charlas\u2014ya sea video, audio o texto\u2014se rige \u00fanicamente por sus pol\u00edticas de privacidad. Le animamos a que revise sus pol\u00edticas cuidadosamente antes de usar.<\/p>\n\n\n\n<p>Nosotros declinamos cualquier responsabilidad respecto a terceros de datos de pr\u00e1cticas, el comportamiento de los usuarios, o por problemas t\u00e9cnicos.<\/p>\n\n\n\n<h3 class=\"wp-block-heading\">3. La Informaci\u00f3n Que Recopilamos<\/h3>\n\n\n\n<ul class=\"wp-block-list\">\n<li><strong>Navegaci\u00f3n an\u00f3nima a trav\u00e9s de datos:<\/strong> Recogemos limitada, la informaci\u00f3n no personal, como la direcci\u00f3n IP, el tipo de dispositivo, y una sesi\u00f3n de actividad para ayudar a mejorar nuestro sitio web la usabilidad y el rendimiento.<\/li>\n\n\n\n<li><strong>No hay datos de car\u00e1cter personal:<\/strong> No recopilamos los nombres de usuario, direcciones de correo electr\u00f3nico, el chat de contenido, o cualquier identificadores personales.<\/li>\n<\/ul>\n\n\n\n<h3 class=\"wp-block-heading\">4. Su Responsabilidad<\/h3>\n\n\n\n<ul class=\"wp-block-list\">\n<li>Siempre lea y comprenda las pol\u00edticas de privacidad de las plataformas que utiliza (como Coomeet y otros similares).<\/li>\n\n\n\n<li>Evitar compartir informaci\u00f3n personal o sensible durante los chats (por ejemplo, domicilio, contrase\u00f1as).<\/li>\n\n\n\n<li>Reportar cualquier mal uso o actividad sospechosa directamente a la tercera parte de la plataforma de apoyo del equipo.<\/li>\n<\/ul>\n\n\n\n<h3 class=\"wp-block-heading\">5. Las Cookies<\/h3>\n\n\n\n<p>Tejcam utiliza un m\u00ednimo de cookies estrictamente para mantener la funcionalidad del sitio web, tales como la preservaci\u00f3n de sus preferencias de sesi\u00f3n. Estas cookies <strong>no<\/strong> el seguimiento de sus actividades de chat en plataformas de terceros.<\/p>\n\n\n\n<h3 class=\"wp-block-heading\">6. La Seguridad De Los Descargos De Responsabilidad<\/h3>\n\n\n\n<p>Mientras tomamos medidas para proteger a nuestro sitio web, no podemos garantizar la seguridad de plataformas de terceros o de las interacciones del usuario no. Por favor tenga cuidado y pr\u00e1ctica segura charlando h\u00e1bitos a la hora de conectar con extra\u00f1os en l\u00ednea.<\/p>\n\n\n\n<h3 class=\"wp-block-heading\">7. La Privacidad de los ni\u00f1os<\/h3>\n\n\n\n<p>Tejcam y las plataformas que enlazamos son destinados a los usuarios <strong>18 a\u00f1os de edad y mayores<\/strong>. No recopilamos a sabiendas informaci\u00f3n personal de ni\u00f1os menores de 18 a\u00f1os. Si usted es un padre o tutor y cree que su hijo ha utilizado nuestro sitio vinculado o plataformas, por favor p\u00f3ngase en contacto con nosotros inmediatamente.<\/p>\n\n\n\n<h3 class=\"wp-block-heading\">8. Retenci\u00f3n De Datos<\/h3>\n\n\n\n<p>Ya no recopilamos datos personales de chat o de contenido, que s\u00f3lo conservan un m\u00ednimo de navegaci\u00f3n an\u00f3nima temporalmente los datos para mejorar nuestros servicios. Softonic no almacenar o compartir cualquier usuario espec\u00edficos de informaci\u00f3n personal.<\/p>\n\n\n\n<h3 class=\"wp-block-heading\">9. Actualizaciones De La Pol\u00edtica De<\/h3>\n\n\n\n<p>Podemos actualizar esta Pol\u00edtica de Privacidad para reflejar los cambios en los requisitos legales de terceros o de la plataforma de pr\u00e1cticas. Su uso continuado de Tejcam despu\u00e9s de las actualizaciones implica la aceptaci\u00f3n de la pol\u00edtica revisada.<\/p>\n\n\n\n<h3 class=\"wp-block-heading\">10. P\u00f3ngase En Contacto Con Nosotros<\/h3>\n\n\n\n<p>Si usted tiene preguntas acerca de Tejcam las pr\u00e1cticas de privacidad o el contenido del sitio web, por favor, llegar a tejcamdotcom@gmail.com Para los problemas de privacidad relacionados con el chat de plataformas como Coomeet, p\u00f3ngase en contacto con las plataformas directamente.<\/p>\n\n<\/div>\n<\/div>","protected":false},"excerpt":{"rendered":"<p>Tejcam Privacy Policy At Tejcam, we serve as an informational intermediary connecting users to third-party platforms like Coomeet and other similar for random video chatting. We do not operate, own, or control the chat functionality or data practices of these platforms. This policy explains our limited role and how your privacy is handled: 1. Our &#8230; <a title=\"Pol\u00edtica De Privacidad\" class=\"read-more\" href=\"https:\/\/tejcam.com\/es\/privacy-policy\/\" aria-label=\"Leer m\u00e1s sobre Privacy Policy\">Leer m\u00e1s<\/a><\/p>","protected":false},"author":1,"featured_media":0,"parent":0,"menu_order":0,"comment_status":"closed","ping_status":"closed","template":"","meta":{"footnotes":""},"class_list":{"0":"post-30249","1":"page","2":"type-page","3":"status-publish","5":"no-featured-image-padding"},"_links":{"self":[{"href":"https:\/\/tejcam.com\/es\/wp-json\/wp\/v2\/pages\/30249","targetHints":{"allow":["GET"]}}],"collection":[{"href":"https:\/\/tejcam.com\/es\/wp-json\/wp\/v2\/pages"}],"about":[{"href":"https:\/\/tejcam.com\/es\/wp-json\/wp\/v2\/types\/page"}],"author":[{"embeddable":true,"href":"https:\/\/tejcam.com\/es\/wp-json\/wp\/v2\/users\/1"}],"replies":[{"embeddable":true,"href":"https:\/\/tejcam.com\/es\/wp-json\/wp\/v2\/comments?post=30249"}],"version-history":[{"count":0,"href":"https:\/\/tejcam.com\/es\/wp-json\/wp\/v2\/pages\/30249\/revisions"}],"wp:attachment":[{"href":"https:\/\/tejcam.com\/es\/wp-json\/wp\/v2\/media?parent=30249"}],"curies":[{"name":"wp","href":"https:\/\/api.w.org\/{rel}","templated":true}]}}