{"id":39740,"date":"2023-07-24T20:08:03","date_gmt":"2023-07-24T20:08:03","guid":{"rendered":"https:\/\/business-one.local\/?page_id=7"},"modified":"2025-07-01T18:58:07","modified_gmt":"2025-07-01T13:58:07","slug":"home","status":"publish","type":"page","link":"https:\/\/tejcam.com\/es\/","title":{"rendered":"Casa"},"content":{"rendered":"<header class=\"gb-element-84a45700\">\n<div class=\"gbp-section__inner\">\n<div class=\"gb-element-668476e3\">\n<div class=\"gb-element-b37c8662\">\n<h1 class=\"gb-text gb-text-f1f6b810\"><strong>Hablar con Extra\u00f1os en L\u00ednea Gratis en<\/strong> <mark style=\"background-color:rgba(0, 0, 0, 0)\" class=\"has-inline-color has-accent-color\">Tejcam<\/mark> El d\u00eda de hoy.<\/h1>\n\n\n\n<p class=\"gb-text gb-text-f9584e56\">Seamos honestos: la idea&nbsp;<strong>hablar con extra\u00f1os<\/strong>&nbsp;en l\u00ednea una vez se sinti\u00f3 un poco inc\u00f3modo o incluso arriesgado. Pero eso ha cambiado gracias a plataformas como&nbsp;<strong>TalktoStrangers<\/strong>&nbsp;en Tejcam, conectar con gente nueva es emocionante, seguro, y sorprendentemente significativa.<\/p>\n\n\n\n<p>Si desea&nbsp;<strong>hablar con extra\u00f1os<\/strong>&nbsp;a las 2 AM, explorar culturas lejanas, o a tener un poco de diversi\u00f3n espont\u00e1nea,&nbsp;<strong>TalktoStrangers<\/strong>&nbsp;en Tejcam es el lugar perfecto.<\/p>\n<\/div>\n\n\n\n<div class=\"gb-element-0c29e940\">\n<figure class=\"wp-block-image size-full\"><img decoding=\"async\" width=\"579\" height=\"519\" src=\"https:\/\/tejcam.com\/wp-content\/uploads\/2025\/06\/Tejcam.png\" alt=\"Tejcam\" class=\"wp-image-43732\" srcset=\"https:\/\/tejcam.com\/wp-content\/uploads\/2025\/06\/Tejcam.png 579w, https:\/\/tejcam.com\/wp-content\/uploads\/2025\/06\/Tejcam-300x269.png 300w, https:\/\/tejcam.com\/wp-content\/uploads\/2025\/06\/Tejcam-13x12.png 13w\" sizes=\"(max-width: 579px) 100vw, 579px\" \/><\/figure>\n<\/div>\n<\/div>\n<\/div>\n<\/header>\n\n\n\n<div class=\"gbp--border-radius gb-element-79253f80\">\n<div class=\"gbp-section__inner\">\n<div class=\"gb-element-5cb801a0\">\n<div class=\"gb-element-7ee6ee70\">\n<div class=\"gb-element-5726c844\">\n<figure class=\"wp-block-image size-full\"><img decoding=\"async\" width=\"512\" height=\"512\" src=\"https:\/\/tejcam.com\/wp-content\/uploads\/2025\/06\/talk-to-strangers.png\" alt=\"Hablar con Extra\u00f1os\" class=\"wp-image-43733\" srcset=\"https:\/\/tejcam.com\/wp-content\/uploads\/2025\/06\/talk-to-strangers.png 512w, https:\/\/tejcam.com\/wp-content\/uploads\/2025\/06\/talk-to-strangers-300x300.png 300w, https:\/\/tejcam.com\/wp-content\/uploads\/2025\/06\/talk-to-strangers-150x150.png 150w, https:\/\/tejcam.com\/wp-content\/uploads\/2025\/06\/talk-to-strangers-12x12.png 12w\" sizes=\"(max-width: 512px) 100vw, 512px\" \/><\/figure>\n\n\n\n<figure class=\"wp-block-image size-full\"><img decoding=\"async\" width=\"512\" height=\"512\" src=\"https:\/\/tejcam.com\/wp-content\/uploads\/2025\/06\/random-video-chat.png\" alt=\"Random video chat\" class=\"wp-image-43735\" srcset=\"https:\/\/tejcam.com\/wp-content\/uploads\/2025\/06\/random-video-chat.png 512w, https:\/\/tejcam.com\/wp-content\/uploads\/2025\/06\/random-video-chat-300x300.png 300w, https:\/\/tejcam.com\/wp-content\/uploads\/2025\/06\/random-video-chat-150x150.png 150w, https:\/\/tejcam.com\/wp-content\/uploads\/2025\/06\/random-video-chat-12x12.png 12w\" sizes=\"(max-width: 512px) 100vw, 512px\" \/><\/figure>\n<\/div>\n\n\n\n<div class=\"gb-element-be9afbda\">\n<figure class=\"wp-block-image size-full\"><img decoding=\"async\" width=\"512\" height=\"512\" src=\"https:\/\/tejcam.com\/wp-content\/uploads\/2025\/06\/Tejcam-chat.png\" alt=\"Tejcam Chat\" class=\"wp-image-43734\" srcset=\"https:\/\/tejcam.com\/wp-content\/uploads\/2025\/06\/Tejcam-chat.png 512w, https:\/\/tejcam.com\/wp-content\/uploads\/2025\/06\/Tejcam-chat-300x300.png 300w, https:\/\/tejcam.com\/wp-content\/uploads\/2025\/06\/Tejcam-chat-150x150.png 150w, https:\/\/tejcam.com\/wp-content\/uploads\/2025\/06\/Tejcam-chat-12x12.png 12w\" sizes=\"(max-width: 512px) 100vw, 512px\" \/><\/figure>\n\n\n\n<figure class=\"wp-block-image size-full\"><img decoding=\"async\" width=\"512\" height=\"512\" src=\"https:\/\/tejcam.com\/wp-content\/uploads\/2025\/06\/chatrandom.png\" alt=\"chatrandom\" class=\"wp-image-43736\" srcset=\"https:\/\/tejcam.com\/wp-content\/uploads\/2025\/06\/chatrandom.png 512w, https:\/\/tejcam.com\/wp-content\/uploads\/2025\/06\/chatrandom-300x300.png 300w, https:\/\/tejcam.com\/wp-content\/uploads\/2025\/06\/chatrandom-150x150.png 150w, https:\/\/tejcam.com\/wp-content\/uploads\/2025\/06\/chatrandom-12x12.png 12w\" sizes=\"(max-width: 512px) 100vw, 512px\" \/><\/figure>\n<\/div>\n<\/div>\n\n\n\n<div>\n<h2 class=\"gb-text\"><strong>\u00bfQu\u00e9 Es Exactamente Tejcam\u2014y por Qu\u00e9 Te importa?<\/strong><\/h2>\n\n\n\n<p>En su n\u00facleo, Tejcam de vanguardia, totalmente libre de chat de v\u00eddeo al azar sitio web dise\u00f1ado para conectarse al instante con desconocidos de todo el mundo. Olvidar tedioso signo-ups, descargas, o largas esperas.<\/p>\n\n\n\n<p>Piense en ello como si Omegle y OmeTV tenido un cambio de imagen con estilo, y su m\u00e1s fresco, m\u00e1s inteligente hermano surgido Tejcam.&nbsp;<strong>TalktoStrangers<\/strong>&nbsp;es una forma f\u00e1cil y gratuita al instante v\u00eddeo chat con desconocidos de todo el mundo, ning\u00fan signo o descargas necesarias.<\/p>\n\n\n\n<p>Creo que de Tejcam como el actualizado, elegante versi\u00f3n de Omegle y OmeTV\u2014dise\u00f1ado especialmente para aquellos que quieren&nbsp;<strong>hablar con extra\u00f1os<\/strong>&nbsp;f\u00e1cilmente y de forma segura.<\/p>\n\n\n\n<p>Haga clic en un bot\u00f3n, y est\u00e1s cara a cara con alguien nuevo, listo para compartir una charla. Haga clic una vez, y&nbsp;<em>bam<\/em>\u2014est\u00e1s cara a cara con alguien nuevo, listo para hablar.&nbsp;<\/p>\n<\/div>\n<\/div>\n<\/div>\n<\/div>\n\n\n\n<div class=\"gbp-section\">\n<div class=\"gbp-section__inner\">\n<div class=\"gbp--margin-after gb-element-c9a0dcd4\">\n<h2 class=\"gb-text\"><strong>\u00bfPor qu\u00e9 Es Tejcam un Corte por Encima del Resto?<\/strong><\/h2>\n\n\n\n<p class=\"gb-text gb-text-a1c8ae48\">Buena pregunta! Tejcam no s\u00f3lo replicar chat plataformas\u2014se reinventa la manera de cumplir con los extra\u00f1os en l\u00ednea.<br>Esto es lo que establece Tejcam aparte:<\/p>\n<\/div>\n\n\n\n<div class=\"gb-element-2a2826e4\">\n<div class=\"gb-element-c0893001\">\n<div class=\"gb-element-ff677824\">\n<div>\n<h3 class=\"gb-text gb-text-57591bb4\">No Tener En Cuenta La Necesaria<\/h3>\n\n\n\n<p>Olvidar malabares contrase\u00f1as. Simplemente pulse iniciar y conectarse.<\/p>\n<\/div>\n<\/div>\n<\/div>\n\n\n\n<div class=\"gb-element-8adf1e8e\">\n<div class=\"gb-element-4bc0450f\"><div class=\"gb-container gb-container-006115cb\">\n\n<h3 class=\"gb-text gb-text-ddae5adb\">Alcance Global<\/h3>\n\n\n\n<p>De Brasil a Bangladesh, el reino unido, en estados UNIDOS, conocer gente diversa, sin salir de su habitaci\u00f3n.<br><\/p>\n\n<\/div><\/div>\n<\/div>\n<\/div>\n\n\n\n<div class=\"gb-element-09fe3038\">\n<div class=\"gb-element-ef037f1c\">\n<div class=\"gb-element-7cb068e5\">\n<div>\n<h3 class=\"gb-text gb-text-763ee1f4\">Smart Matching<\/h3>\n\n\n\n<p>No bots. No hay perfiles falsos. S\u00f3lo conversaciones aut\u00e9nticas.<br><\/p>\n<\/div>\n<\/div>\n<\/div>\n\n\n\n<div class=\"gb-element-21358b55\">\n<div class=\"gb-element-b0f06bc6\"><div class=\"gb-container gb-container-9ed4dc95\">\n\n<h3 class=\"gb-text gb-text-eb721bd4\">La Seguridad Es Primero<\/h3>\n\n\n\n<p>Espeluznante comportamiento? No aqu\u00ed. Filtros inteligentes y f\u00e1ciles de informes de mantener tus chats seguros.<br><\/p>\n\n<\/div><\/div>\n<\/div>\n<\/div>\n\n\n\n<div class=\"gb-element-d74df224\">\n<div class=\"gb-element-5c5fe217\">\n<div class=\"gb-element-f6d80501\">\n<div>\n<h3 class=\"gb-text gb-text-3401ef7f\">Rel\u00e1mpago-R\u00e1pido De Conexiones<\/h3>\n\n\n\n<p>El almacenamiento en b\u00fafer? Nah. Instant\u00e1nea chats significa que usted nunca se queda a la espera.<br><\/p>\n<\/div>\n<\/div>\n<\/div>\n\n\n\n<div class=\"gb-element-b29cb7fd\">\n<div class=\"gb-element-795b0837\"><div class=\"gb-container gb-container-5462ce48\">\n\n<h3 class=\"gb-text gb-text-378318e8\">Cruz-La Compatibilidad De Dispositivos<\/h3>\n\n\n\n<p>Port\u00e1til, tableta, tel\u00e9fono\u2014Tejcam que funciona a la perfecci\u00f3n en todas partes. Si\u00e9ntase libre de chat, mientras que la cocina, ir al trabajo, o enfriamiento.<br><\/p>\n\n<\/div><\/div>\n<\/div>\n<\/div>\n<\/div>\n<\/div>\n\n\n\n<div class=\"gbp--border-radius gb-element-bf282dd1\">\n<div class=\"gbp-section__inner\">\n<div class=\"gb-element-fce96c33\">\n<div>\n<h2 class=\"gb-text gb-text-d05aaa52\"><strong><strong>\u00bfPor qu\u00e9 Molestarse en Hablar con Extra\u00f1os? \u00bfNo es un Poco Raro?<\/strong><\/strong><\/h2>\n\n\n\n<p>Aqu\u00ed est\u00e1 la verdad: no, no lo extra\u00f1o. De hecho, puede ser uno de los m\u00e1s aut\u00e9nticos, abrir los ojos de las experiencias que tendr\u00e1 todo el d\u00eda.<br>Descubre porqu\u00e9:<\/p>\n\n\n\n<ul class=\"wp-block-list\">\n<li><strong>Mental De Desintoxicaci\u00f3n<\/strong>: A veces, salir de su c\u00edrculo habitual y charlando con un desconocido puede despejar su mente como una brisa fresca.<\/li>\n\n\n\n<li><strong>Exploraci\u00f3n Cultural<\/strong>: Descubrir nuevas perspectivas y estilos de vida como hablar con desconocidos de todo el mundo.<\/li>\n\n\n\n<li><strong>Presi\u00f3n Cero De La Zona<\/strong>: No hay expectativas, no hay necesidad de impresionar. Acaba de ser tu verdadero yo, o probar un nuevo personaje, si te apetece.<\/li>\n\n\n\n<li><strong>Pura Coincidencia<\/strong>: Nunca se sabe qui\u00e9n va a reunirse el pr\u00f3ximo\u2014que es la emoci\u00f3n.<\/li>\n<\/ul>\n\n\n\n<p>Si eres t\u00edmido, extrovertido, o en cualquier lugar en el medio, TalktoStrangers en Tejcam ofrece una zona de juegos para los aut\u00e9nticos, sin gui\u00f3n de la conexi\u00f3n humana.<\/p>\n\n\n\n<h2 class=\"wp-block-heading has-text-align-center\"><strong>Que Saltando en Tejcam?<\/strong><\/h2>\n\n\n\n<p>B\u00e1sicamente, todos y nadie. He aqu\u00ed una muestra:<\/p>\n\n\n\n<ul class=\"wp-block-list\">\n<li>Los estudiantes a escondidas en los descansos entre clases<\/li>\n\n\n\n<li>Los viajeros con ganas de intercambiar historias con los lugare\u00f1os<\/li>\n\n\n\n<li>Los noct\u00e1mbulos que buscan compa\u00f1\u00eda durante horas de retraso<\/li>\n\n\n\n<li>Los estudiantes de idiomas a practicar conversaciones verdaderas<\/li>\n\n\n\n<li>Las personas que necesitan un o\u00eddo que escucha despu\u00e9s de angustias<\/li>\n\n\n\n<li>Meme de los entusiastas de la caza para las risas<\/li>\n<\/ul>\n\n\n\n<p>Tejcam es como tu sitio favorito spot\u2014excepto que en lugar de lattes, consigue aut\u00e9nticas relaciones humanas. Espont\u00e1neo, impredecible, a veces extra\u00f1os, pero siempre es real.<\/p>\n\n\n\n<h2 class=\"wp-block-heading has-text-align-center\"><strong>Momentos cl\u00e1sicos S\u00f3lo Se obtendr\u00e1 en Tejcam<\/strong><\/h2>\n\n\n\n<p>Vamos a ser honestos\u2014aleatoria de los chats de v\u00eddeo tiene algunas marcas momentos:<\/p>\n\n\n\n<ul class=\"wp-block-list\">\n<li>Que chistoso, inc\u00f3moda pausa antes de que alguien las olas &#034;\u00a1Hey!&#034;<\/li>\n\n\n\n<li>Encontrar a alguien que se asemeja misteriosamente a su doppelg\u00e4nger (Cue &#034;estamos relacionados?&#034;, bromea)<\/li>\n\n\n\n<li>Debate de los grandes de la pi\u00f1a en la pizza controversia<\/li>\n\n\n\n<li>Coincidente con un desconocido que resulta ser de su propio barrio<\/li>\n\n\n\n<li>Riendo tan fuerte que olvidar que una charla con un desconocido<\/li>\n<\/ul>\n\n\n\n<p>Estas peque\u00f1as joyas son lo que hacen Tejcam inolvidable.<\/p>\n\n\n\n<h2 class=\"wp-block-heading\">No S\u00f3lo una Peque\u00f1a Charla \u2014 Es una Aventura en Cada Clic<\/h2>\n\n\n\n<p>Vamos hacerle frente\u2014hablar con extra\u00f1os en l\u00ednea sol\u00eda ser la versi\u00f3n digital de &#034;no hablar con la gente en blanco furgonetas.&#034; Pero ahora? Es una parte emocionante de la vida moderna.<br>En <strong>Tejcam random video chat<\/strong>cada clic es un portal bot\u00f3n a en alg\u00fan lugar <em>inesperadamente impresionante<\/em>.<\/p>\n\n\n\n<ul class=\"wp-block-list\">\n<li>Quiero una <strong>cam chat<\/strong> con alguien en Tokio, mientras que usted est\u00e1 escalofriante en Toronto? F\u00e1cil.<\/li>\n\n\n\n<li>Necesidad de una tarde-noche de chat de amigos que <em>consigue<\/em> su 3 AM pensamientos? Los tenemos.<\/li>\n\n\n\n<li>Curiosidad de saber si la pi\u00f1a pertenece a la pizza? Debate en vivo\u2014con un extra\u00f1o.<\/li>\n<\/ul>\n\n\n\n<p>Si usted es un overthinker, oversharer, o simplemente sobre el desplazamiento sin fin\u2014<strong>Tejcam<\/strong> trae el <strong>hablar con extra\u00f1os<\/strong> la experiencia de la vida. No hay presi\u00f3n. No perfiles. Solo una pantalla y un mundo lleno de extra\u00f1amente maravilloso de los seres humanos.<\/p>\n\n\n\n<h2 class=\"wp-block-heading\">La Gente Real. Real Chats. En Tiempo Real De La Leva De La Magia<\/h2>\n\n\n\n<p>Esto no est\u00e1 escrito. Esta no es la escena. Este es <strong>en tiempo real de la cam chat<\/strong> con personas que no pasan 20 minutos de escoger un filtro.<br><strong>Tejcam random video chat<\/strong> el sistema est\u00e1 dise\u00f1ado para personas que quieren <strong>aut\u00e9ntica conexiones<\/strong>\u2014el tipo no se puede deslizar el dedo para.<\/p>\n\n\n\n<p>He aqu\u00ed por qu\u00e9 a profesionales, estudiantes, insomnio, y los exploradores encanta:<\/p>\n\n\n\n<ul class=\"wp-block-list\">\n<li><strong>Sin inicio de sesi\u00f3n. Ning\u00fan perfil. Simplemente haga clic en &#034;inicio&#034; y hablar.<\/strong><\/li>\n\n\n\n<li>Incorporado en los filtros (la seguridad de la especie, no el perro-o\u00eddo Snapchat tipo) mantener charlas limpio.<\/li>\n\n\n\n<li><strong>Smart matchmaking<\/strong> pares con <em>real extra\u00f1os<\/em>, no spam bots.<\/li>\n\n\n\n<li>Nunca se sabe qui\u00e9n es el siguiente\u2014y esa es la mejor parte.<\/li>\n<\/ul>\n\n\n\n<p>Desde casual se r\u00ede inesperadamente profunda convos, <strong>Tejcam<\/strong> hace <strong>cam chat con extra\u00f1os<\/strong> sentir sin esfuerzo y humanos.<\/p>\n<\/div>\n<\/div>\n<\/div>\n<\/div>\n\n\n\n<div class=\"gbp--border-radius gb-element-b2683b59\">\n<div class=\"gbp-section__inner\">\n<div class=\"gb-element-024a9ffb\">\n<div>\n<h2 class=\"gb-text gb-text-36432b33\"><strong><strong><strong>La seguridad es Primero: C\u00f3mo Protegerse Mientras que en el Chat<\/strong><\/strong><\/strong><\/h2>\n\n\n\n<p>Disfruta de la diversi\u00f3n, pero mantener su ingenio sobre usted. Tejcam est\u00e1 construido con la seguridad en mente, pero aqu\u00ed es un recordatorio amistoso:<\/p>\n\n\n\n<p>Nunca comparta informaci\u00f3n personal (obviamente).<\/p>\n\n\n\n<p>Si alguien est\u00e1 actuando fuera, golpe\u00f3 a saltar sin dudarlo.<\/p>\n\n\n\n<p>Ser amable\u2014hay una persona real detr\u00e1s de la pantalla.<\/p>\n\n\n\n<p>Conf\u00eda en tus instintos. Si se siente mal, y avanzar.<\/p>\n\n\n\n<p>Informe de comportamiento inapropiado\u2014Tejcam del equipo se toma esto en serio.<\/p>\n\n\n\n<h2 class=\"wp-block-heading has-text-align-center\"><strong><strong>Concluyendo: En Tu Pr\u00f3xima Gran Conversaci\u00f3n Espera<\/strong><\/strong><\/h2>\n\n\n\n<p>En el mundo de hoy de un sinf\u00edn de desplazamiento, a cargo de los perfiles, y el filtrado se alimenta, Tejcam es un soplo de aire fresco. Es cruda, real y espont\u00e1nea de la interacci\u00f3n humana en su mejor momento.<\/p>\n\n\n\n<p>Si desea una risa, una profunda charla, o simplemente para matar el aburrimiento, Tejcam entrega.<\/p>\n\n\n\n<p>No s\u00f3lo consumir contenido a conectar. Su inolvidable al lado de chat est\u00e1 a solo un clic de distancia.<\/p>\n<\/div>\n<\/div>\n<\/div>\n<\/div>","protected":false},"excerpt":{"rendered":"<p>Talk to Strangers &#8211; Online Free on Tejcam Today. Let\u2019s be honest: the idea to&nbsp;talk to strangers&nbsp;online once felt a bit awkward or even risky. But that\u2019s changed\u2014thanks to platforms like&nbsp;TalktoStrangers&nbsp;on Tejcam, connecting with new people is now exciting, safe, and surprisingly meaningful. Whether you want to&nbsp;talk to strangers&nbsp;at 2 AM, explore cultures far away, &#8230; <a title=\"Casa\" class=\"read-more\" href=\"https:\/\/tejcam.com\/es\/\" aria-label=\"Leer m\u00e1s sobre Home\">Leer m\u00e1s<\/a><\/p>","protected":false},"author":1,"featured_media":0,"parent":0,"menu_order":0,"comment_status":"closed","ping_status":"closed","template":"","meta":{"footnotes":""},"class_list":{"0":"post-39740","1":"page","2":"type-page","3":"status-publish","5":"no-featured-image-padding"},"_links":{"self":[{"href":"https:\/\/tejcam.com\/es\/wp-json\/wp\/v2\/pages\/39740","targetHints":{"allow":["GET"]}}],"collection":[{"href":"https:\/\/tejcam.com\/es\/wp-json\/wp\/v2\/pages"}],"about":[{"href":"https:\/\/tejcam.com\/es\/wp-json\/wp\/v2\/types\/page"}],"author":[{"embeddable":true,"href":"https:\/\/tejcam.com\/es\/wp-json\/wp\/v2\/users\/1"}],"replies":[{"embeddable":true,"href":"https:\/\/tejcam.com\/es\/wp-json\/wp\/v2\/comments?post=39740"}],"version-history":[{"count":0,"href":"https:\/\/tejcam.com\/es\/wp-json\/wp\/v2\/pages\/39740\/revisions"}],"wp:attachment":[{"href":"https:\/\/tejcam.com\/es\/wp-json\/wp\/v2\/media?parent=39740"}],"curies":[{"name":"wp","href":"https:\/\/api.w.org\/{rel}","templated":true}]}}