{"id":43882,"date":"2025-06-28T17:51:01","date_gmt":"2025-06-28T12:51:01","guid":{"rendered":"https:\/\/tejcam.com\/?page_id=43882"},"modified":"2025-06-28T17:51:02","modified_gmt":"2025-06-28T12:51:02","slug":"about-tejcam","status":"publish","type":"page","link":"https:\/\/tejcam.com\/es\/about-tejcam\/","title":{"rendered":"Acerca De Tejcam"},"content":{"rendered":"<h2 class=\"wp-block-heading\">Bienvenido a Tejcam \u2013 La Diversi\u00f3n Comienza Aqu\u00ed!<\/h2>\n\n\n\n<p>En <strong>Tejcam<\/strong>no somos el partido, simplemente nos <em>el punto de que a ella<\/em>. Piense en nosotros como la genial amigo que siempre sabe donde est\u00e1 la diversi\u00f3n. Nos conectamos con los mejores <strong>random video chat plataformas<\/strong> existen, como Coomeet y extra\u00f1o-friendly apps de chat. Si est\u00e1s aburrido, solitario, curiosos, o simplemente vibra, estamos aqu\u00ed para darle sabor a su vida digital.<\/p>\n\n\n\n<h3 class=\"wp-block-heading\">Qu\u00e9 Vamos A Hacer (Adem\u00e1s De Ir A La Moda)?<\/h3>\n\n\n\n<p>Vamos a desglosarlo:<\/p>\n\n\n\n<ul class=\"wp-block-list\">\n<li>\ud83d\udd17 <strong>Hemos enlace<\/strong> a terceros plataformas de chat donde puedes hablar con desconocidos de todo el mundo.<\/li>\n\n\n\n<li>\ud83d\udd0d <strong>Revisar y recomendar<\/strong> la mejor Omegle y Chatroulette alternativas para que usted no pierda su tiempo en glitchy o sitios con sombra.<\/li>\n\n\n\n<li>\ud83e\udde0 <strong>Nos guiar\u00e1<\/strong> a trav\u00e9s de seguro, an\u00f3nimo en el chat \u2014 de modo que usted puede divertirse <em>sin<\/em> terminando en una inc\u00f3moda en l\u00ednea historia de horror.<\/li>\n<\/ul>\n\n\n\n<p>Sin descargas. Ning\u00fan signo-ups. S\u00f3lo recto-para arriba de chat caos, Tejcam de estilo.<\/p>\n\n\n\n<h3 class=\"wp-block-heading\">Somos una Plataforma de Chat de Nosotros mismos?<\/h3>\n\n\n\n<p>Nope! Somos como DJ en el club: nos ca\u00edda de los beats (un.k.una. los enlaces), pero no tenemos el control de la pista de baile. Los chats de suceder en <strong>sitios de terceros<\/strong> \u2014 Coomeet y otros \u2014 as\u00ed que lo que se pone en esas llamadas de v\u00eddeo es entre usted y ellos.<\/p>\n\n\n\n<h3 class=\"wp-block-heading\">Por Qu\u00e9 Tejcam?<\/h3>\n\n\n\n<p>Porque aleatorio chats debe ser:<\/p>\n\n\n\n<ul class=\"wp-block-list\">\n<li><strong>Divertido<\/strong> (en serio, \u00bfd\u00f3nde m\u00e1s puede encontrar un noruego mago a las 2 AM?)<\/li>\n\n\n\n<li><strong>F\u00e1cil<\/strong> (clic!)<\/li>\n\n\n\n<li><strong>Inesperado<\/strong> (extra\u00f1o peligro? M\u00e1s como extra\u00f1o las risas... la mayor\u00eda del tiempo).<\/li>\n\n\n\n<li><strong>Seguro<\/strong> (siempre nos animan inteligente, respetuoso chat)<\/li>\n<\/ul>\n\n\n\n<h3 class=\"wp-block-heading\">Que Tejcam Para?<\/h3>\n\n\n\n<p>Todo el que quiera:<\/p>\n\n\n\n<ul class=\"wp-block-list\">\n<li>A <strong>hablar con extra\u00f1os<\/strong> sin raro signo-ups<\/li>\n\n\n\n<li>Un <strong>descanso de medios de comunicaci\u00f3n social de ruido<\/strong><\/li>\n\n\n\n<li>Una r\u00e1pida re\u00edr, una profunda charla, o simplemente un poco de azar rareza<\/li>\n\n\n\n<li>Para encontrar chat alternativas que en realidad el trabajo<\/li>\n<\/ul>\n\n\n\n<h3 class=\"wp-block-heading\">Legales Hablar (Ugh, Pero Importante)<\/h3>\n\n\n\n<p>Nosotros <strong>no poseen o gestionan<\/strong> las plataformas que se vinculan. Somos la <strong>el motor de recomendaci\u00f3n<\/strong>, no la sala de m\u00e1quinas. Haga clic en, chat, disfrutar (o fianza \u2014 que es parte de la diversi\u00f3n). S\u00f3lo recuerde: siga <strong>su<\/strong> las reglas, no la nuestra.<\/p>\n\n\n\n<h3 class=\"wp-block-heading\">Vamos a mantenerlo de Azar<\/h3>\n\n\n\n<p>Tejcam es un poco raro esquina de la internet \u2014 y nos amamos de esa manera. Siempre estamos descubriendo nuevos lugares para charlar, as\u00ed que compruebe nuestra <strong>Chat Alternativas<\/strong> secci\u00f3n a menudo. Nunca se sabe qu\u00e9 (o qui\u00e9n) te voy a encontrar.<\/p>","protected":false},"excerpt":{"rendered":"<p>Welcome to Tejcam \u2013 The Fun Starts Here! At Tejcam, we&#8217;re not the party \u2014 we just point you to it. Think of us as the cool friend who always knows where the fun is. We connect you with the best random video chat platforms out there, like Coomeet and other stranger-friendly chat apps. Whether &#8230; <a title=\"Acerca De Tejcam\" class=\"read-more\" href=\"https:\/\/tejcam.com\/es\/about-tejcam\/\" aria-label=\"Leer m\u00e1s sobre About Tejcam\">Leer m\u00e1s<\/a><\/p>","protected":false},"author":1,"featured_media":0,"parent":0,"menu_order":0,"comment_status":"closed","ping_status":"closed","template":"","meta":{"footnotes":""},"class_list":{"0":"post-43882","1":"page","2":"type-page","3":"status-publish","5":"no-featured-image-padding"},"_links":{"self":[{"href":"https:\/\/tejcam.com\/es\/wp-json\/wp\/v2\/pages\/43882","targetHints":{"allow":["GET"]}}],"collection":[{"href":"https:\/\/tejcam.com\/es\/wp-json\/wp\/v2\/pages"}],"about":[{"href":"https:\/\/tejcam.com\/es\/wp-json\/wp\/v2\/types\/page"}],"author":[{"embeddable":true,"href":"https:\/\/tejcam.com\/es\/wp-json\/wp\/v2\/users\/1"}],"replies":[{"embeddable":true,"href":"https:\/\/tejcam.com\/es\/wp-json\/wp\/v2\/comments?post=43882"}],"version-history":[{"count":0,"href":"https:\/\/tejcam.com\/es\/wp-json\/wp\/v2\/pages\/43882\/revisions"}],"wp:attachment":[{"href":"https:\/\/tejcam.com\/es\/wp-json\/wp\/v2\/media?parent=43882"}],"curies":[{"name":"wp","href":"https:\/\/api.w.org\/{rel}","templated":true}]}}