{"id":43887,"date":"2025-06-28T18:27:08","date_gmt":"2025-06-28T13:27:08","guid":{"rendered":"https:\/\/tejcam.com\/?page_id=43887"},"modified":"2025-06-28T18:27:09","modified_gmt":"2025-06-28T13:27:09","slug":"disclaimer","status":"publish","type":"page","link":"https:\/\/tejcam.com\/es\/disclaimer\/","title":{"rendered":"Descargo de responsabilidad"},"content":{"rendered":"<h2 class=\"wp-block-heading\">Descargo de responsabilidad<\/h2>\n\n\n\n<p>En <strong>Tejcam.com<\/strong>nuestro trabajo es simple: conectar a la gente curiosa (como usted) con algunos de los m\u00e1s popular de internet <strong>random video chat plataformas<\/strong> \u2014 como Coomeet, Omegle, y Chatrandom. Pero seamos claros: <strong>no somos due\u00f1os, ejecutar o controlar cualquiera de estos sitios.<\/strong><\/p>\n\n\n\n<p>Este descargo de responsabilidad se explica donde nuestra responsabilidad termina y el tuyo comienza.<\/p>\n\n\n\n<h3 class=\"wp-block-heading\">1. No corremos el Chat del Partido<\/h3>\n\n\n\n<p>Tejcam es s\u00f3lo el gu\u00eda, no el host.<br>Softonic <strong>no<\/strong> poseer, operar, o apoyar oficialmente cualquiera de las plataformas que se vinculan. Lo que significa:<\/p>\n\n\n\n<ul class=\"wp-block-list\">\n<li>No estamos detr\u00e1s de las salas de chat o video llamadas.<\/li>\n\n\n\n<li>No nos moderada conversaciones o tienda de tu chat de datos.<\/li>\n\n\n\n<li>No podemos cambiar c\u00f3mo estas plataformas de trabajo (o corregirlos si se rompen).<\/li>\n<\/ul>\n\n\n\n<p>Cada plataforma \u2014 como Coomeet \u2014 ejecuta bajo su <strong>las reglas y pol\u00edticas de<\/strong>. Aseg\u00farate de revisar esas antes de sumergirse.<\/p>\n\n\n\n<h3 class=\"wp-block-heading\">2. Utilice a Su Propio Riesgo<\/h3>\n\n\n\n<p>Vamos a mantenerlo real:<\/p>\n\n\n\n<ul class=\"wp-block-list\">\n<li><strong>No hay garant\u00edas.<\/strong> No podemos prometer que cada plataforma es 100% seguro, estable, o incluso legal en su pa\u00eds.<\/li>\n\n\n\n<li><strong>No hay control de contenido.<\/strong> No somos responsables de nada ofensivo, inapropiado, o simplemente extra\u00f1o que usted podr\u00eda encontrar en un chat.<\/li>\n\n\n\n<li><strong>Ninguna responsabilidad.<\/strong> Si fuiste baneado, controlado, estafados, o emocionalmente herida \u2014 es lamentable, pero es entre usted y esa plataforma.<\/li>\n<\/ul>\n\n\n\n<h3 class=\"wp-block-heading\">3. \u00bf <em>Usted<\/em> Necesita Hacer<\/h3>\n\n\n\n<p>Con gran charlando poder conlleva una gran responsabilidad:<\/p>\n\n\n\n<ul class=\"wp-block-list\">\n<li><strong>Leer las reglas.<\/strong> Compruebe la plataforma de los t\u00e9rminos de servicio y pol\u00edtica de privacidad antes de usar.<\/li>\n\n\n\n<li><strong>Proteger su informaci\u00f3n.<\/strong> No compartir datos personales como su direcci\u00f3n, contrase\u00f1as o informaci\u00f3n de tarjeta de cr\u00e9dito.<\/li>\n\n\n\n<li><strong>Respecto a los l\u00edmites de edad.<\/strong> La mayor\u00eda de las plataformas son 18+, y por una buena raz\u00f3n. Si eres menor de edad \u2014 lo siento, volver m\u00e1s tarde.<\/li>\n<\/ul>\n\n\n\n<h3 class=\"wp-block-heading\">4. Los Enlaces externos no Son los Nuestros<\/h3>\n\n\n\n<p>Los enlaces que ofrecemos son para <strong>su comodidad<\/strong>pero no podemos controlar lo que sucede despu\u00e9s de que usted haga clic en. Las plataformas pueden cambiar sus reglas, el dise\u00f1o o el contenido \u2014 y no estamos notificados. Siempre compruebe antes de usar.<\/p>\n\n\n\n<h3 class=\"wp-block-heading\">5. Cosas legales (un.k.una. Indemnizaci\u00f3n)<\/h3>\n\n\n\n<p>Mediante el uso de Tejcam, usted acepta que si algo va hacia los lados por la forma en que se utiliza una plataforma de enlace que ofrecemos a, <strong>no nos har\u00e1 responsables<\/strong>. Que incluye:<\/p>\n\n\n\n<ul class=\"wp-block-list\">\n<li>Reclamaciones legales<\/li>\n\n\n\n<li>La p\u00e9rdida de datos<\/li>\n\n\n\n<li>Peleas con desconocidos en un chat al azar<\/li>\n<\/ul>\n\n\n\n<p>Usted se compromete a <strong>defender, indemnizar y eximir de responsabilidad a<\/strong> Tejcam y su equipo de cualquier responsabilidad o da\u00f1os relacionados con la tercera parte de la plataforma de uso.<\/p>\n\n\n\n<h3 class=\"wp-block-heading\">6. Final De La Palabra<\/h3>\n\n\n\n<p>Tejcam existe para <strong>educar, orientar y entretener<\/strong>. No estamos de su plataforma representante de servicio al cliente. As\u00ed que si fuiste baneado, la experiencia de errores, o quiere un reembolso, tendr\u00e1s que contactar con la plataforma directamente.<\/p>\n\n\n\n<h3 class=\"wp-block-heading\">Mantenerse a salvo. Stay smart. Estancia raro \u2014 es el internet.<\/h3>","protected":false},"excerpt":{"rendered":"<p>Disclaimer At Tejcam.com, our job is simple: we connect curious people (like you) with some of the internet\u2019s most popular random video chat platforms \u2014 like Coomeet, Omegle, and Chatrandom. But let\u2019s be clear: we don\u2019t own, run, or control any of these sites. This disclaimer explains where our responsibility ends and yours begins. 1. &#8230; <a title=\"Descargo de responsabilidad\" class=\"read-more\" href=\"https:\/\/tejcam.com\/es\/disclaimer\/\" aria-label=\"Leer m\u00e1s sobre Disclaimer\">Leer m\u00e1s<\/a><\/p>","protected":false},"author":1,"featured_media":0,"parent":0,"menu_order":0,"comment_status":"closed","ping_status":"closed","template":"","meta":{"footnotes":""},"class_list":{"0":"post-43887","1":"page","2":"type-page","3":"status-publish","5":"no-featured-image-padding"},"_links":{"self":[{"href":"https:\/\/tejcam.com\/es\/wp-json\/wp\/v2\/pages\/43887","targetHints":{"allow":["GET"]}}],"collection":[{"href":"https:\/\/tejcam.com\/es\/wp-json\/wp\/v2\/pages"}],"about":[{"href":"https:\/\/tejcam.com\/es\/wp-json\/wp\/v2\/types\/page"}],"author":[{"embeddable":true,"href":"https:\/\/tejcam.com\/es\/wp-json\/wp\/v2\/users\/1"}],"replies":[{"embeddable":true,"href":"https:\/\/tejcam.com\/es\/wp-json\/wp\/v2\/comments?post=43887"}],"version-history":[{"count":0,"href":"https:\/\/tejcam.com\/es\/wp-json\/wp\/v2\/pages\/43887\/revisions"}],"wp:attachment":[{"href":"https:\/\/tejcam.com\/es\/wp-json\/wp\/v2\/media?parent=43887"}],"curies":[{"name":"wp","href":"https:\/\/api.w.org\/{rel}","templated":true}]}}