{"id":30249,"date":"2023-08-24T20:15:00","date_gmt":"2023-08-24T20:15:00","guid":{"rendered":"https:\/\/sites.generatepress.com\/affinity\/?page_id=30249"},"modified":"2025-06-28T18:20:33","modified_gmt":"2025-06-28T13:20:33","slug":"privacy-policy","status":"publish","type":"page","link":"https:\/\/tejcam.com\/fr\/privacy-policy\/","title":{"rendered":"Politique De Confidentialit\u00e9"},"content":{"rendered":"<div class=\"gb-container gb-container-00dad267 gbp-section\">\n<div class=\"gb-container gb-container-7c095171 gb-container-e12be6ba gbp-section__inner\">\n\n<h2 class=\"gb-headline gb-headline-2005c800 gb-headline-text\">Tejcam Politique De Confidentialit\u00e9<\/h2>\n\n\n\n<p>Au Tejcam, nous servons d&#039;information interm\u00e9diaire de la connexion des utilisateurs \u00e0 des tiers pour les plates-formes comme Coomeet et d&#039;autres semblables, pour random chat vid\u00e9o. Nous n&#039; <strong>pas<\/strong> d&#039;exploitation, d&#039;acquisition, ou de contr\u00f4le de la fonctionnalit\u00e9 de chat ou de donn\u00e9es des pratiques de ces plates-formes. La pr\u00e9sente politique explique les limites de notre r\u00f4le et de la fa\u00e7on dont votre vie priv\u00e9e est g\u00e9r\u00e9e:<\/p>\n\n\n\n<h3 class=\"wp-block-heading\">1. Notre R\u00f4le<\/h3>\n\n\n\n<p>Tejcam but principal est de fournir un contenu \u00e9ducatif, conseils utiles et des conseils sur le chat vid\u00e9o al\u00e9atoire plates-formes. Nous n&#039; <strong>pas<\/strong> collecter, stocker ou traiter des donn\u00e9es personnelles de vos chats ou des interactions sur des plateformes tierces.<\/p>\n\n\n\n<h3 class=\"wp-block-heading\">2. Plateformes tierces (par exemple, Coomeet Et d&#039;Autres Semblables)<\/h3>\n\n\n\n<p>Les plateformes de discussion, nous nous de lien, comme Coomeet, sont responsables de toutes les discussions \u00e0 l&#039;exploitation, y compris les interactions de l&#039;utilisateur, les donn\u00e9es de collecte, de mod\u00e9ration et de la s\u00e9curit\u00e9. Toute information que vous communiquez lors de vos chats vid\u00e9o, audio ou texte est r\u00e9gi exclusivement par leurs politiques de confidentialit\u00e9. Nous vous encourageons \u00e0 passer en revue leurs politiques soigneusement avant de l&#039;utiliser.<\/p>\n\n\n\n<p>Nous d\u00e9clinons toute responsabilit\u00e9 \u00e0 l&#039;\u00e9gard des tiers de donn\u00e9es pratiques, le comportement de l&#039;utilisateur, ou de probl\u00e8mes techniques.<\/p>\n\n\n\n<h3 class=\"wp-block-heading\">3. Les Informations Que Nous Recueillons<\/h3>\n\n\n\n<ul class=\"wp-block-list\">\n<li><strong>Anonyme les donn\u00e9es de navigation:<\/strong> Nous recueillons limit\u00e9e, des informations non personnelles telles que l&#039;adresse IP, le type de p\u00e9riph\u00e9rique et de la session d&#039;activit\u00e9 afin d&#039;am\u00e9liorer la convivialit\u00e9 du site et de la performance.<\/li>\n\n\n\n<li><strong>Pas de donn\u00e9es personnelles:<\/strong> Nous ne recueillons les noms d&#039;utilisateur, adresses e-mail, chat de contenu, ou de toute identificateurs personnels.<\/li>\n<\/ul>\n\n\n\n<h3 class=\"wp-block-heading\">4. Votre Responsabilit\u00e9<\/h3>\n\n\n\n<ul class=\"wp-block-list\">\n<li>Toujours lire et comprendre les politiques de confidentialit\u00e9 des plateformes que vous utilisez (comme Coomeet et d&#039;autres semblables).<\/li>\n\n\n\n<li>\u00c9viter de partager des informations sensibles ou personnelles au cours des chats (par exemple, l&#039;adresse du domicile, les mots de passe).<\/li>\n\n\n\n<li>Signaler tout abus ou toute activit\u00e9 suspecte directement \u00e0 la troisi\u00e8me partie de la plate-forme de l&#039;\u00e9quipe de soutien.<\/li>\n<\/ul>\n\n\n\n<h3 class=\"wp-block-heading\">5. Les Cookies<\/h3>\n\n\n\n<p>Tejcam utilise un minimum de cookies strictement \u00e0 maintenir la fonctionnalit\u00e9 du site web, tels que la pr\u00e9servation de votre session pr\u00e9f\u00e9rences. Ces cookies ne <strong>pas<\/strong> le suivi de votre chat des activit\u00e9s sur des plateformes tierces.<\/p>\n\n\n\n<h3 class=\"wp-block-heading\">6. Avertissements De S\u00e9curit\u00e9<\/h3>\n\n\n\n<p>Alors que nous prenons des mesures pour prot\u00e9ger notre site web, nous ne pouvons pas garantir la s\u00e9curit\u00e9 ou la s\u00e9curit\u00e9 des plateformes tierces, ou les interactions de l&#039;utilisateur il. Veuillez faire preuve de prudence et de la pratique de discussion en toute s\u00e9curit\u00e9 habitudes lors de la connexion en ligne avec des inconnus.<\/p>\n\n\n\n<h3 class=\"wp-block-heading\">7. La vie priv\u00e9e des enfants<\/h3>\n\n\n\n<p>Tejcam et les plates-formes nous le lien vers sont destin\u00e9s \u00e0 des utilisateurs <strong>18 ans et plus<\/strong>. Nous ne recueillons pas sciemment de renseignements personnels aupr\u00e8s d&#039;enfants de moins de 18 ans. Si vous \u00eates un parent ou d&#039;un tuteur et croyez que votre enfant a utilis\u00e9 notre site ou li\u00e9 plates-formes, veuillez nous contacter imm\u00e9diatement.<\/p>\n\n\n\n<h3 class=\"wp-block-heading\">8. La Conservation Des Donn\u00e9es<\/h3>\n\n\n\n<p>Puisque nous ne recueillons pas de donn\u00e9es personnelles ou de chat de contenu, nous ne retenons que minime navigation anonyme temporairement les donn\u00e9es pour am\u00e9liorer nos services. Nous n&#039;avons pas stocker ou partager n&#039;importe quel utilisateur de renseignements personnels sp\u00e9cifiques.<\/p>\n\n\n\n<h3 class=\"wp-block-heading\">9. La Politique De Mises \u00c0 Jour<\/h3>\n\n\n\n<p>Nous pouvons mettre \u00e0 jour cette Politique de Confidentialit\u00e9 afin de refl\u00e9ter les changements dans les exigences juridiques ou de tiers plate-forme de pratiques. Votre utilisation continue de Tejcam apr\u00e8s les mises \u00e0 jour implique l&#039;acceptation de la r\u00e9vision de la politique.<\/p>\n\n\n\n<h3 class=\"wp-block-heading\">10. Contactez-Nous<\/h3>\n\n\n\n<p>Si vous avez des questions au sujet de Tejcam pratiques de confidentialit\u00e9 ou du contenu de site web, veuillez vous adresser \u00e0 tejcamdotcom@gmail.com Pour des probl\u00e8mes de confidentialit\u00e9 li\u00e9s \u00e0 des plateformes de discussion comme Coomeet, veuillez contacter ces plates-formes directement.<\/p>\n\n<\/div>\n<\/div>","protected":false},"excerpt":{"rendered":"<p>Tejcam Privacy Policy At Tejcam, we serve as an informational intermediary connecting users to third-party platforms like Coomeet and other similar for random video chatting. We do not operate, own, or control the chat functionality or data practices of these platforms. This policy explains our limited role and how your privacy is handled: 1. Our &#8230; <a title=\"Politique De Confidentialit\u00e9\" class=\"read-more\" href=\"https:\/\/tejcam.com\/fr\/privacy-policy\/\" aria-label=\"En savoir plus sur Privacy Policy\">Lire plus<\/a><\/p>","protected":false},"author":1,"featured_media":0,"parent":0,"menu_order":0,"comment_status":"closed","ping_status":"closed","template":"","meta":{"footnotes":""},"class_list":{"0":"post-30249","1":"page","2":"type-page","3":"status-publish","5":"no-featured-image-padding"},"_links":{"self":[{"href":"https:\/\/tejcam.com\/fr\/wp-json\/wp\/v2\/pages\/30249","targetHints":{"allow":["GET"]}}],"collection":[{"href":"https:\/\/tejcam.com\/fr\/wp-json\/wp\/v2\/pages"}],"about":[{"href":"https:\/\/tejcam.com\/fr\/wp-json\/wp\/v2\/types\/page"}],"author":[{"embeddable":true,"href":"https:\/\/tejcam.com\/fr\/wp-json\/wp\/v2\/users\/1"}],"replies":[{"embeddable":true,"href":"https:\/\/tejcam.com\/fr\/wp-json\/wp\/v2\/comments?post=30249"}],"version-history":[{"count":0,"href":"https:\/\/tejcam.com\/fr\/wp-json\/wp\/v2\/pages\/30249\/revisions"}],"wp:attachment":[{"href":"https:\/\/tejcam.com\/fr\/wp-json\/wp\/v2\/media?parent=30249"}],"curies":[{"name":"wp","href":"https:\/\/api.w.org\/{rel}","templated":true}]}}