{"id":39740,"date":"2023-07-24T20:08:03","date_gmt":"2023-07-24T20:08:03","guid":{"rendered":"https:\/\/business-one.local\/?page_id=7"},"modified":"2025-07-01T18:58:07","modified_gmt":"2025-07-01T13:58:07","slug":"home","status":"publish","type":"page","link":"https:\/\/tejcam.com\/fr\/","title":{"rendered":"La maison"},"content":{"rendered":"<header class=\"gb-element-84a45700\">\n<div class=\"gbp-section__inner\">\n<div class=\"gb-element-668476e3\">\n<div class=\"gb-element-b37c8662\">\n<h1 class=\"gb-text gb-text-f1f6b810\"><strong>Parler \u00e0 des Inconnus en Ligne Gratuit sur<\/strong> <mark style=\"background-color:rgba(0, 0, 0, 0)\" class=\"has-inline-color has-accent-color\">Tejcam<\/mark> Aujourd&#039;hui.<\/h1>\n\n\n\n<p class=\"gb-text gb-text-f9584e56\">Soyons honn\u00eates: l&#039;id\u00e9e de&nbsp;<strong>parler \u00e0 des inconnus<\/strong>&nbsp;en ligne une fois senti un peu mal \u00e0 l&#039;aise ou m\u00eame risqu\u00e9. Mais ce qui a chang\u00e9, gr\u00e2ce \u00e0 des plates-formes comme&nbsp;<strong>TalktoStrangers<\/strong>&nbsp;sur Tejcam, la connexion avec de nouvelles personnes est d\u00e9j\u00e0 passionnante, coffre-fort, et, \u00e0 la surprise de sens.<\/p>\n\n\n\n<p>Si vous voulez&nbsp;<strong>parler \u00e0 des inconnus<\/strong>&nbsp;\u00e0 2 heures du matin, la d\u00e9couverte d&#039;autres cultures loin, ou tout simplement avoir spontan\u00e9e plaisir,&nbsp;<strong>TalktoStrangers<\/strong>&nbsp;sur Tejcam est l&#039;endroit id\u00e9al.<\/p>\n<\/div>\n\n\n\n<div class=\"gb-element-0c29e940\">\n<figure class=\"wp-block-image size-full\"><img decoding=\"async\" width=\"579\" height=\"519\" src=\"https:\/\/tejcam.com\/wp-content\/uploads\/2025\/06\/Tejcam.png\" alt=\"Tejcam\" class=\"wp-image-43732\" srcset=\"https:\/\/tejcam.com\/wp-content\/uploads\/2025\/06\/Tejcam.png 579w, https:\/\/tejcam.com\/wp-content\/uploads\/2025\/06\/Tejcam-300x269.png 300w, https:\/\/tejcam.com\/wp-content\/uploads\/2025\/06\/Tejcam-13x12.png 13w\" sizes=\"(max-width: 579px) 100vw, 579px\" \/><\/figure>\n<\/div>\n<\/div>\n<\/div>\n<\/header>\n\n\n\n<div class=\"gbp--border-radius gb-element-79253f80\">\n<div class=\"gbp-section__inner\">\n<div class=\"gb-element-5cb801a0\">\n<div class=\"gb-element-7ee6ee70\">\n<div class=\"gb-element-5726c844\">\n<figure class=\"wp-block-image size-full\"><img decoding=\"async\" width=\"512\" height=\"512\" src=\"https:\/\/tejcam.com\/wp-content\/uploads\/2025\/06\/talk-to-strangers.png\" alt=\"Parler \u00e0 des Inconnus\" class=\"wp-image-43733\" srcset=\"https:\/\/tejcam.com\/wp-content\/uploads\/2025\/06\/talk-to-strangers.png 512w, https:\/\/tejcam.com\/wp-content\/uploads\/2025\/06\/talk-to-strangers-300x300.png 300w, https:\/\/tejcam.com\/wp-content\/uploads\/2025\/06\/talk-to-strangers-150x150.png 150w, https:\/\/tejcam.com\/wp-content\/uploads\/2025\/06\/talk-to-strangers-12x12.png 12w\" sizes=\"(max-width: 512px) 100vw, 512px\" \/><\/figure>\n\n\n\n<figure class=\"wp-block-image size-full\"><img decoding=\"async\" width=\"512\" height=\"512\" src=\"https:\/\/tejcam.com\/wp-content\/uploads\/2025\/06\/random-video-chat.png\" alt=\"Chat vid\u00e9o al\u00e9atoire\" class=\"wp-image-43735\" srcset=\"https:\/\/tejcam.com\/wp-content\/uploads\/2025\/06\/random-video-chat.png 512w, https:\/\/tejcam.com\/wp-content\/uploads\/2025\/06\/random-video-chat-300x300.png 300w, https:\/\/tejcam.com\/wp-content\/uploads\/2025\/06\/random-video-chat-150x150.png 150w, https:\/\/tejcam.com\/wp-content\/uploads\/2025\/06\/random-video-chat-12x12.png 12w\" sizes=\"(max-width: 512px) 100vw, 512px\" \/><\/figure>\n<\/div>\n\n\n\n<div class=\"gb-element-be9afbda\">\n<figure class=\"wp-block-image size-full\"><img decoding=\"async\" width=\"512\" height=\"512\" src=\"https:\/\/tejcam.com\/wp-content\/uploads\/2025\/06\/Tejcam-chat.png\" alt=\"Tejcam Chat\" class=\"wp-image-43734\" srcset=\"https:\/\/tejcam.com\/wp-content\/uploads\/2025\/06\/Tejcam-chat.png 512w, https:\/\/tejcam.com\/wp-content\/uploads\/2025\/06\/Tejcam-chat-300x300.png 300w, https:\/\/tejcam.com\/wp-content\/uploads\/2025\/06\/Tejcam-chat-150x150.png 150w, https:\/\/tejcam.com\/wp-content\/uploads\/2025\/06\/Tejcam-chat-12x12.png 12w\" sizes=\"(max-width: 512px) 100vw, 512px\" \/><\/figure>\n\n\n\n<figure class=\"wp-block-image size-full\"><img decoding=\"async\" width=\"512\" height=\"512\" src=\"https:\/\/tejcam.com\/wp-content\/uploads\/2025\/06\/chatrandom.png\" alt=\"chatrandom\" class=\"wp-image-43736\" srcset=\"https:\/\/tejcam.com\/wp-content\/uploads\/2025\/06\/chatrandom.png 512w, https:\/\/tejcam.com\/wp-content\/uploads\/2025\/06\/chatrandom-300x300.png 300w, https:\/\/tejcam.com\/wp-content\/uploads\/2025\/06\/chatrandom-150x150.png 150w, https:\/\/tejcam.com\/wp-content\/uploads\/2025\/06\/chatrandom-12x12.png 12w\" sizes=\"(max-width: 512px) 100vw, 512px\" \/><\/figure>\n<\/div>\n<\/div>\n\n\n\n<div>\n<h2 class=\"gb-text\"><strong>Qu&#039;Est-ce Exactement Tejcam\u2014et Pourquoi s&#039;en soucier?<\/strong><\/h2>\n\n\n\n<p>\u00c0 la base, Tejcam une technologie de pointe, totalement gratuit chat vid\u00e9o al\u00e9atoire site web con\u00e7u pour vous connecter instantan\u00e9ment avec des inconnus dans le monde entier. Oubliez fastidieux de signe-ups, des t\u00e9l\u00e9chargements, ou de longues p\u00e9riodes d&#039;attente.<\/p>\n\n\n\n<p>Il pense que si Omegle et OmeTV eu une cure de jouvence \u00e9l\u00e9gant, et de leurs plus frais, plus intelligente de la fratrie ont Tejcam.&nbsp;<strong>TalktoStrangers<\/strong>&nbsp;est un moyen simple et gratuit pour instantan\u00e9ment le chat vid\u00e9o avec des inconnus dans le monde entier, pas de signe-vers le haut ou t\u00e9l\u00e9chargements n\u00e9cessaires.<\/p>\n\n\n\n<p>Pensez \u00e0 Tejcam que la mise \u00e0 niveau, une \u00e9l\u00e9gante version de Omegle et OmeTV\u2014sp\u00e9cialement con\u00e7u pour ceux qui veulent&nbsp;<strong>parler \u00e0 des inconnus<\/strong>&nbsp;facilement et en toute s\u00e9curit\u00e9.<\/p>\n\n\n\n<p>Cliquez sur un bouton, et vous \u00eates en face-\u00e0-face avec quelqu&#039;un de nouveau, pr\u00eate \u00e0 partager un chat. Cliquez sur onze, et&nbsp;<em>bam<\/em>\u2014vous \u00eates en face-\u00e0-face avec quelqu&#039;un tout neuf, pr\u00eat \u00e0 parler.&nbsp;<\/p>\n<\/div>\n<\/div>\n<\/div>\n<\/div>\n\n\n\n<div class=\"gbp-section\">\n<div class=\"gbp-section__inner\">\n<div class=\"gbp--margin-after gb-element-c9a0dcd4\">\n<h2 class=\"gb-text\"><strong>Pourquoi Est-Tejcam un cran au Dessus du Reste?<\/strong><\/h2>\n\n\n\n<p class=\"gb-text gb-text-a1c8ae48\">Bonne question! Tejcam ne pas simplement reproduire existant plateformes de discussion\u2014il r\u00e9invente la fa\u00e7on dont vous de rencontrer des \u00e9trangers en ligne.<br>Voici ce qui d\u00e9finit Tejcam \u00e0 part:<\/p>\n<\/div>\n\n\n\n<div class=\"gb-element-2a2826e4\">\n<div class=\"gb-element-c0893001\">\n<div class=\"gb-element-ff677824\">\n<div>\n<h3 class=\"gb-text gb-text-57591bb4\">Pas De Compte N\u00e9cessaire<\/h3>\n\n\n\n<p>Oubliez la jonglerie des mots de passe. Il suffit de frapper d\u00e9marrer et se connecter.<\/p>\n<\/div>\n<\/div>\n<\/div>\n\n\n\n<div class=\"gb-element-8adf1e8e\">\n<div class=\"gb-element-4bc0450f\"><div class=\"gb-container gb-container-006115cb\">\n\n<h3 class=\"gb-text gb-text-ddae5adb\">Port\u00e9e Mondiale<\/h3>\n\n\n\n<p>Au Br\u00e9sil, au Bangladesh, le royaume-UNI, aux etats\u2014unis de r\u00e9pondre \u00e0 la diversit\u00e9 des personnes sans quitter votre chambre.<br><\/p>\n\n<\/div><\/div>\n<\/div>\n<\/div>\n\n\n\n<div class=\"gb-element-09fe3038\">\n<div class=\"gb-element-ef037f1c\">\n<div class=\"gb-element-7cb068e5\">\n<div>\n<h3 class=\"gb-text gb-text-763ee1f4\">Smart Technologie D&#039;Appariement<\/h3>\n\n\n\n<p>Pas de bots. Pas de faux profils. Juste des conversations authentiques.<br><\/p>\n<\/div>\n<\/div>\n<\/div>\n\n\n\n<div class=\"gb-element-21358b55\">\n<div class=\"gb-element-b0f06bc6\"><div class=\"gb-container gb-container-9ed4dc95\">\n\n<h3 class=\"gb-text gb-text-eb721bd4\">La S\u00e9curit\u00e9 D&#039;Abord<\/h3>\n\n\n\n<p>Creepy comportement? Ce n&#039;est pas ici. Des filtres intelligents et les rapports faciles \u00e0 garder vos chats coffre-fort.<br><\/p>\n\n<\/div><\/div>\n<\/div>\n<\/div>\n\n\n\n<div class=\"gb-element-d74df224\">\n<div class=\"gb-element-5c5fe217\">\n<div class=\"gb-element-f6d80501\">\n<div>\n<h3 class=\"gb-text gb-text-3401ef7f\">Foudre-Rapide De Connexions<\/h3>\n\n\n\n<p>Mise en m\u00e9moire tampon? Nah. Instantan\u00e9e conversations dire que vous n&#039;\u00eates jamais laiss\u00e9 en attente.<br><\/p>\n<\/div>\n<\/div>\n<\/div>\n\n\n\n<div class=\"gb-element-b29cb7fd\">\n<div class=\"gb-element-795b0837\"><div class=\"gb-container gb-container-5462ce48\">\n\n<h3 class=\"gb-text gb-text-378318e8\">Croix-Compatibilit\u00e9 Avec Les Appareils<\/h3>\n\n\n\n<p>Ordinateur portable, tablette, t\u00e9l\u00e9phone\u2014Tejcam regarde et effectue de fa\u00e7on transparente partout. H\u00e9sitez pas \u00e0 discuter lors de la cuisson, les d\u00e9placements, ou de froid.<br><\/p>\n\n<\/div><\/div>\n<\/div>\n<\/div>\n<\/div>\n<\/div>\n\n\n\n<div class=\"gbp--border-radius gb-element-bf282dd1\">\n<div class=\"gbp-section__inner\">\n<div class=\"gb-element-fce96c33\">\n<div>\n<h2 class=\"gb-text gb-text-d05aaa52\"><strong><strong>Pourquoi la Peine de Parler \u00e0 des \u00c9trangers? N&#039;est-ce pas un Peu Bizarre?<\/strong><\/strong><\/h2>\n\n\n\n<p>Voici la v\u00e9rit\u00e9: non, ce n&#039;est pas bizarre. En fait, il peut \u00eatre l&#039;un des plus authentiques, oeil-ouverture des exp\u00e9riences que vous aurez toute la journ\u00e9e.<br>D\u00e9couvrez pourquoi:<\/p>\n\n\n\n<ul class=\"wp-block-list\">\n<li><strong>Mentale De D\u00e9sintoxication<\/strong>: Parfois, sortir de votre cercle habituel, et discuter avec un \u00e9tranger peut lib\u00e9rer votre esprit comme une douce brise.<\/li>\n\n\n\n<li><strong>L&#039;Exploration Culturelle<\/strong>: D\u00e9couvrir de nouvelles perspectives et des modes de vie que vous parlez \u00e0 des inconnus dans le monde entier.<\/li>\n\n\n\n<li><strong>Z\u00e9ro \u00c0 Zone De Pression<\/strong>: Pas d&#039;attentes, pas besoin d&#039;impressionner. Juste \u00eatre votre v\u00e9ritable soi\u2014ou essayez une nouvelle personne si vous en avez envie.<\/li>\n\n\n\n<li><strong>Pur Hasard<\/strong>: Vous ne savez jamais qui vous allez rencontrer la prochaine c&#039;est le plaisir.<\/li>\n<\/ul>\n\n\n\n<p>Si vous \u00eates timide, sociable, ou n&#039;importe o\u00f9 dans le milieu, TalktoStrangers sur Tejcam propose une aire de jeux pour authentique, non sc\u00e9naris\u00e9es le raccordement de l&#039;homme.<\/p>\n\n\n\n<h2 class=\"wp-block-heading has-text-align-center\"><strong>Qui est de Sauter sur Tejcam?<\/strong><\/h2>\n\n\n\n<p>Fondamentalement, tout le monde et n&#039;importe qui. Voici un aper\u00e7u:<\/p>\n\n\n\n<ul class=\"wp-block-list\">\n<li>Les \u00e9tudiants se faufiler dans les pauses entre les cours<\/li>\n\n\n\n<li>Les voyageurs d\u00e9sireux d&#039;\u00e9changer des histoires avec les habitants<\/li>\n\n\n\n<li>Les noctambules \u00e0 la recherche entreprise au cours de la fin heures<\/li>\n\n\n\n<li>Les apprenants de la langue pratique de vraies conversations<\/li>\n\n\n\n<li>Les personnes ayant besoin d&#039;une oreille attentive apr\u00e8s chagrins<\/li>\n\n\n\n<li>Meme les amateurs de chasse pour rire<\/li>\n<\/ul>\n\n\n\n<p>Tejcam est comme votre lieu favori spot, sauf qu&#039;au lieu de lattes, vous obtenez authentique des relations humaines. Spontan\u00e9e, impr\u00e9visible, parfois bizarres, mais toujours r\u00e9el.<\/p>\n\n\n\n<h2 class=\"wp-block-heading has-text-align-center\"><strong>Des Moments classiques Vous n&#039;obtiendrez sur Tejcam<\/strong><\/h2>\n\n\n\n<p>Soyons honn\u00eates\u2014al\u00e9atoire des chats vid\u00e9o ont certaines marques moments:<\/p>\n\n\n\n<ul class=\"wp-block-list\">\n<li>Qu&#039;hilarant, maladroit pause avant que quelqu&#039;un les ondes de \u201cHey!\u201d<\/li>\n\n\n\n<li>Trouver quelqu&#039;un qui ressemble de fa\u00e7on troublante \u00e0 votre doppelg\u00e4nger (Cue \u201cSommes-nous li\u00e9s?\u201d blagues)<\/li>\n\n\n\n<li>D\u00e9battre de la grande ananas-sur-pizza controverse<\/li>\n\n\n\n<li>La correspondance avec un inconnu qui s&#039;av\u00e8re \u00eatre \u00e0 partir de votre propre quartier<\/li>\n\n\n\n<li>Rire si fort que vous avez oublie que c&#039;est un chat avec un total inconnu<\/li>\n<\/ul>\n\n\n\n<p>Ces petits bijoux sont ce qui rend Tejcam inoubliable.<\/p>\n\n\n\n<h2 class=\"wp-block-heading\">Pas Juste une Petite conversation \u2014 C&#039;est une Aventure \u00e0 Chaque Clic<\/h2>\n\n\n\n<p>Admettons\u2014le, de parler avec des \u00e9trangers en ligne utilis\u00e9 pour \u00eatre la version num\u00e9rique de \u201cNe pas parler aux gens dans des camionnettes blanches.\u201d Mais maintenant? C&#039;est une palpitante partie de la vie moderne.<br>Sur <strong>Tejcam de chat vid\u00e9o al\u00e9atoire<\/strong>chaque clic est un t\u00e9l\u00e9port bouton quelque part <em>de fa\u00e7on inattendue g\u00e9nial<\/em>.<\/p>\n\n\n\n<ul class=\"wp-block-list\">\n<li>Veulent un <strong>cam chat<\/strong> avec quelqu&#039;un \u00e0 Tokyo alors que vous \u00eates de refroidissement \u00e0 Toronto? Facile.<\/li>\n\n\n\n<li>Besoin d&#039;une discussion en fin de soir\u00e9e copain qui <em>obtient<\/em> votre 3 SUIS pens\u00e9es? Nous avons re\u00e7u de vous.<\/li>\n\n\n\n<li>Curieux de savoir si d&#039;ananas appartient \u00e0 pizza? D\u00e9bat en direct avec un \u00e9tranger.<\/li>\n<\/ul>\n\n\n\n<p>Si vous \u00eates un overthinker, oversharer, ou tout simplement plus le d\u00e9filement infini\u2014<strong>Tejcam<\/strong> apporte le <strong>parler \u00e0 des inconnus<\/strong> l&#039;exp\u00e9rience de la vie. Pas de pression. Pas de profils. Juste un \u00e9cran et un monde plein de bizarrement merveilleux des \u00eatres humains.<\/p>\n\n\n\n<h2 class=\"wp-block-heading\">De Vraies Personnes. De Vrais Chats. En Temps R\u00e9el Cam Magie<\/h2>\n\n\n\n<p>Ce n&#039;est pas script\u00e9. Ce n&#039;est pas une mise en sc\u00e8ne. C&#039;est <strong>en temps r\u00e9el cam chat<\/strong> avec de vrais gens qui n&#039;ont pas de passer 20 minutes \u00e0 choisir un filtre.<br><strong>Tejcam de chat vid\u00e9o al\u00e9atoire<\/strong> le syst\u00e8me est con\u00e7u pour les personnes qui veulent <strong>authentique connexions<\/strong>\u2014le genre que vous ne pouvez pas balayer pour.<\/p>\n\n\n\n<p>Voici pourquoi les professionnels, les \u00e9tudiants, les insomniaques et les explorateurs de l&#039;amour:<\/p>\n\n\n\n<ul class=\"wp-block-list\">\n<li><strong>Pas de connexion. Pas de profil. Appuyez simplement sur \u201cd\u00e9marrer\u201d, et de parler.<\/strong><\/li>\n\n\n\n<li>Filtres int\u00e9gr\u00e9s (la s\u00e9curit\u00e9 genre, pas le chien-oreille Snapchat genre) garder les chats propre.<\/li>\n\n\n\n<li><strong>Smart matchmaking<\/strong> paires vous avec <em>r\u00e9el des \u00e9trangers<\/em>, pas de spam bots.<\/li>\n\n\n\n<li>Vous ne savez jamais qui ensuite\u2014et c&#039;est la meilleure de la partie.<\/li>\n<\/ul>\n\n\n\n<p>Du casual rit de fa\u00e7on inattendue profonde convos, <strong>Tejcam<\/strong> fait <strong>cam chat avec des inconnus<\/strong> se sentir sans effort et de l&#039;homme.<\/p>\n<\/div>\n<\/div>\n<\/div>\n<\/div>\n\n\n\n<div class=\"gbp--border-radius gb-element-b2683b59\">\n<div class=\"gbp-section__inner\">\n<div class=\"gb-element-024a9ffb\">\n<div>\n<h2 class=\"gb-text gb-text-36432b33\"><strong><strong><strong>La s\u00e9curit\u00e9 d&#039;Abord: Comment Vous Prot\u00e9ger Tout en discutant<\/strong><\/strong><\/strong><\/h2>\n\n\n\n<p>Appr\u00e9ciez le plaisir, mais de garder vos esprits au sujet de vous. Tejcam est construit avec la s\u00e9curit\u00e9 \u00e0 l&#039;esprit, mais voici un rappel amical:<\/p>\n\n\n\n<p>Ne partagez jamais personnelles sensibles info (\u00e9videmment).<\/p>\n\n\n\n<p>Si quelqu&#039;un agit off, appuyez sur ignorer sans h\u00e9sitation.<\/p>\n\n\n\n<p>\u00catre genre\u2014il y a une vraie personne derri\u00e8re l&#039;\u00e9cran.<\/p>\n\n\n\n<p>Faites confiance \u00e0 votre instinct. Si il se sent mal, passer.<\/p>\n\n\n\n<p>Signaler un comportement inappropri\u00e9\u2014Tejcam de l&#039;\u00e9quipe prend cela au s\u00e9rieux.<\/p>\n\n\n\n<h2 class=\"wp-block-heading has-text-align-center\"><strong><strong>Habillage: Votre Prochaine Grande Conversation Attend<\/strong><\/strong><\/h2>\n\n\n\n<p>Aujourd&#039;hui, dans le monde de l&#039;infini d\u00e9filement, organis\u00e9e profils et filtrage des flux, Tejcam est une bouff\u00e9e d&#039;air frais. C&#039;est brut, r\u00e9el et spontan\u00e9 de l&#039;interaction humaine \u00e0 son meilleur.<\/p>\n\n\n\n<p>Si vous voulez rire un peu, une profondeur de parler, ou tout simplement pour tuer l&#039;ennui, Tejcam offre.<\/p>\n\n\n\n<p>Ne pas seulement consommer du contenu\u2014connect. Votre prochaine m\u00e9morable chat est juste \u00e0 un clic.<\/p>\n<\/div>\n<\/div>\n<\/div>\n<\/div>","protected":false},"excerpt":{"rendered":"<p>Talk to Strangers &#8211; Online Free on Tejcam Today. Let\u2019s be honest: the idea to&nbsp;talk to strangers&nbsp;online once felt a bit awkward or even risky. But that\u2019s changed\u2014thanks to platforms like&nbsp;TalktoStrangers&nbsp;on Tejcam, connecting with new people is now exciting, safe, and surprisingly meaningful. Whether you want to&nbsp;talk to strangers&nbsp;at 2 AM, explore cultures far away, &#8230; <a title=\"La maison\" class=\"read-more\" href=\"https:\/\/tejcam.com\/fr\/\" aria-label=\"En savoir plus sur Home\">Lire plus<\/a><\/p>","protected":false},"author":1,"featured_media":0,"parent":0,"menu_order":0,"comment_status":"closed","ping_status":"closed","template":"","meta":{"footnotes":""},"class_list":{"0":"post-39740","1":"page","2":"type-page","3":"status-publish","5":"no-featured-image-padding"},"_links":{"self":[{"href":"https:\/\/tejcam.com\/fr\/wp-json\/wp\/v2\/pages\/39740","targetHints":{"allow":["GET"]}}],"collection":[{"href":"https:\/\/tejcam.com\/fr\/wp-json\/wp\/v2\/pages"}],"about":[{"href":"https:\/\/tejcam.com\/fr\/wp-json\/wp\/v2\/types\/page"}],"author":[{"embeddable":true,"href":"https:\/\/tejcam.com\/fr\/wp-json\/wp\/v2\/users\/1"}],"replies":[{"embeddable":true,"href":"https:\/\/tejcam.com\/fr\/wp-json\/wp\/v2\/comments?post=39740"}],"version-history":[{"count":0,"href":"https:\/\/tejcam.com\/fr\/wp-json\/wp\/v2\/pages\/39740\/revisions"}],"wp:attachment":[{"href":"https:\/\/tejcam.com\/fr\/wp-json\/wp\/v2\/media?parent=39740"}],"curies":[{"name":"wp","href":"https:\/\/api.w.org\/{rel}","templated":true}]}}