{"id":43882,"date":"2025-06-28T17:51:01","date_gmt":"2025-06-28T12:51:01","guid":{"rendered":"https:\/\/tejcam.com\/?page_id=43882"},"modified":"2025-06-28T17:51:02","modified_gmt":"2025-06-28T12:51:02","slug":"about-tejcam","status":"publish","type":"page","link":"https:\/\/tejcam.com\/fr\/about-tejcam\/","title":{"rendered":"Sur Tejcam"},"content":{"rendered":"<h2 class=\"wp-block-heading\">Bienvenue \u00e0 Tejcam \u2013 Le Plaisir Commence Ici!<\/h2>\n\n\n\n<p>Au <strong>Tejcam<\/strong>nous ne sommes pas le parti \u2014 nous juste <em>point de vous \u00e0 elle<\/em>. Pensez \u00e0 nous comme le cool ami qui sait toujours o\u00f9 le plaisir est. Nous vous connecter avec les meilleurs <strong>chat vid\u00e9o al\u00e9atoire plates-formes<\/strong> l\u00e0, comme Coomeet et autres inconnu-friendly applications de chat. Si vous vous ennuyez, solitaire, curieux, ou tout simplement entends bien, nous sommes l\u00e0 pour pimenter votre vie num\u00e9rique.<\/p>\n\n\n\n<h3 class=\"wp-block-heading\">Que Faisons-Nous (D&#039;Ailleurs L&#039;Air Cool)?<\/h3>\n\n\n\n<p>Nous allons le d\u00e9composer:<\/p>\n\n\n\n<ul class=\"wp-block-list\">\n<li>\ud83d\udd17 <strong>Nous vous lien<\/strong> \u00e0 des tiers des plateformes de discussion o\u00f9 vous pouvez parler \u00e0 des \u00e9trangers de partout dans le monde.<\/li>\n\n\n\n<li>\ud83d\udd0d <strong>Nous passons en revue et recommander<\/strong> le meilleur Omegle et Chatroulette alternatives de sorte que vous ne perdez pas votre temps sur glitch ou des sites ombrag\u00e9s.<\/li>\n\n\n\n<li>\ud83e\udde0 <strong>Nous vous guider<\/strong> par s\u00e9curit\u00e9, anonyme chat \u2014 de sorte que vous pouvez vous amuser <em>sans<\/em> de se retrouver dans une mauvaise en ligne histoire d&#039;horreur.<\/li>\n<\/ul>\n\n\n\n<p>Pas de t\u00e9l\u00e9chargement. Pas de signe-ups. Juste \u00e0 droite de chat chaos, Tejcam de style.<\/p>\n\n\n\n<h3 class=\"wp-block-heading\">Nous sommes une Plate-forme de Chat Nous-m\u00eames?<\/h3>\n\n\n\n<p>Nope! Nous sommes comme le DJ au club: on laisse tomber les bat (un.k.un. les liens), mais nous n&#039;avons pas de contr\u00f4le sur la piste de danse. Les chats se produire sur <strong>sites de tiers<\/strong> \u2014 Coomeet et autres \u2014 tout ce qui va vers le bas dans les appels vid\u00e9o est entre vous et eux.<\/p>\n\n\n\n<h3 class=\"wp-block-heading\">Pourquoi Tejcam?<\/h3>\n\n\n\n<p>Parce al\u00e9atoires chats doivent \u00eatre:<\/p>\n\n\n\n<ul class=\"wp-block-list\">\n<li><strong>Amusant<\/strong> (s\u00e9rieusement, d&#039;o\u00f9 d&#039;autre pouvez-vous r\u00e9pondre \u00e0 un norv\u00e9gien magicien \u00e0 2 heures du matin?)<\/li>\n\n\n\n<li><strong>Facile<\/strong> (et cliquez sur go!)<\/li>\n\n\n\n<li><strong>Inattendu<\/strong> (danger \u00e9tranger? De plus comme \u00e9tranger rires... la plupart du temps.)<\/li>\n\n\n\n<li><strong>Coffre-fort<\/strong> (nous encourageons toujours intelligent, respectueux de bavarder)<\/li>\n<\/ul>\n\n\n\n<h3 class=\"wp-block-heading\">Qui Tejcam Pour?<\/h3>\n\n\n\n<p>Tout le monde qui veut:<\/p>\n\n\n\n<ul class=\"wp-block-list\">\n<li>Pour <strong>parler \u00e0 des inconnus<\/strong> sans bizarre de signe-ups<\/li>\n\n\n\n<li>Un <strong>pause de m\u00e9dias sociaux de bruit<\/strong><\/li>\n\n\n\n<li>Un rapide de rire, un profond chat, ou juste un peu al\u00e9atoire \u00e9tranget\u00e9<\/li>\n\n\n\n<li>Afin de trouver le chat alternatives qui fonctionnent r\u00e9ellement<\/li>\n<\/ul>\n\n\n\n<h3 class=\"wp-block-heading\">Juridique Talk (Pouah, Mais Important)<\/h3>\n\n\n\n<p>Nous <strong>n&#039;est pas propre ou d&#039;ex\u00e9cuter<\/strong> les plateformes que nous avons un lien. Nous sommes le <strong>le moteur de recommandation<\/strong>, pas la salle des machines. Vous cliquez, vous discutez, vous appr\u00e9ciez (ou caution \u2014 qui est une partie du plaisir). Rappelez-vous: suivez <strong>leur<\/strong> les r\u00e8gles ne sont pas les n\u00f4tres.<\/p>\n\n\n\n<h3 class=\"wp-block-heading\">Nous allons le Garder Al\u00e9atoire<\/h3>\n\n\n\n<p>Tejcam est un peu bizarre coin de l&#039;internet \u2014 et nous l&#039;aimons de cette fa\u00e7on. Nous sommes toujours \u00e0 la d\u00e9couverte de nouveaux endroits pour chat, afin de v\u00e9rifier notre <strong>Chat Alternatives<\/strong> section souvent. Vous ne savez jamais ce qui (ou qui) vous trouverez.<\/p>","protected":false},"excerpt":{"rendered":"<p>Welcome to Tejcam \u2013 The Fun Starts Here! At Tejcam, we&#8217;re not the party \u2014 we just point you to it. Think of us as the cool friend who always knows where the fun is. We connect you with the best random video chat platforms out there, like Coomeet and other stranger-friendly chat apps. Whether &#8230; <a title=\"Sur Tejcam\" class=\"read-more\" href=\"https:\/\/tejcam.com\/fr\/about-tejcam\/\" aria-label=\"En savoir plus sur About Tejcam\">Lire plus<\/a><\/p>","protected":false},"author":1,"featured_media":0,"parent":0,"menu_order":0,"comment_status":"closed","ping_status":"closed","template":"","meta":{"footnotes":""},"class_list":{"0":"post-43882","1":"page","2":"type-page","3":"status-publish","5":"no-featured-image-padding"},"_links":{"self":[{"href":"https:\/\/tejcam.com\/fr\/wp-json\/wp\/v2\/pages\/43882","targetHints":{"allow":["GET"]}}],"collection":[{"href":"https:\/\/tejcam.com\/fr\/wp-json\/wp\/v2\/pages"}],"about":[{"href":"https:\/\/tejcam.com\/fr\/wp-json\/wp\/v2\/types\/page"}],"author":[{"embeddable":true,"href":"https:\/\/tejcam.com\/fr\/wp-json\/wp\/v2\/users\/1"}],"replies":[{"embeddable":true,"href":"https:\/\/tejcam.com\/fr\/wp-json\/wp\/v2\/comments?post=43882"}],"version-history":[{"count":0,"href":"https:\/\/tejcam.com\/fr\/wp-json\/wp\/v2\/pages\/43882\/revisions"}],"wp:attachment":[{"href":"https:\/\/tejcam.com\/fr\/wp-json\/wp\/v2\/media?parent=43882"}],"curies":[{"name":"wp","href":"https:\/\/api.w.org\/{rel}","templated":true}]}}