{"id":43887,"date":"2025-06-28T18:27:08","date_gmt":"2025-06-28T13:27:08","guid":{"rendered":"https:\/\/tejcam.com\/?page_id=43887"},"modified":"2025-06-28T18:27:09","modified_gmt":"2025-06-28T13:27:09","slug":"disclaimer","status":"publish","type":"page","link":"https:\/\/tejcam.com\/fr\/disclaimer\/","title":{"rendered":"Avertissement"},"content":{"rendered":"<h2 class=\"wp-block-heading\">Avertissement<\/h2>\n\n\n\n<p>Au <strong>Tejcam.com<\/strong>notre t\u00e2che est simple: nous connecter curieux des gens (comme vous), avec une partie de l&#039;internet plus populaires <strong>chat vid\u00e9o al\u00e9atoire plates-formes<\/strong> \u2014 comme Coomeet, Omegle, et Chatrandom. Mais soyons clairs: <strong>nous ne poss\u00e9dons pas, courir, ou le contr\u00f4le de ces sites.<\/strong><\/p>\n\n\n\n<p>Cette exclusion de responsabilit\u00e9 nous explique d&#039;o\u00f9 notre responsabilit\u00e9 se termine et le v\u00f4tre commence.<\/p>\n\n\n\n<h3 class=\"wp-block-heading\">1. Nous N&#039;avons pas d&#039;Ex\u00e9cuter le Chat Parti<\/h3>\n\n\n\n<p>Tejcam est juste le guide, pas l&#039;h\u00f4te.<br>Nous n&#039; <strong>pas<\/strong> poss\u00e9der, exploiter ou approuve officiellement l&#039;une quelconque des plateformes que nous avons un lien. Cela signifie que:<\/p>\n\n\n\n<ul class=\"wp-block-list\">\n<li>Nous ne sommes pas derri\u00e8re les salles de chat ou des appels vid\u00e9o.<\/li>\n\n\n\n<li>Nous n&#039;avons pas mod\u00e9rer les conversations ou le stockage de vos donn\u00e9es de conversation.<\/li>\n\n\n\n<li>Nous ne pouvons pas changer la fa\u00e7on dont ces plates-formes de travail (ou de les corriger s&#039;ils se cassent).<\/li>\n<\/ul>\n\n\n\n<p>Chaque plate \u2014 forme comme Coomeet \u2014 se d\u00e9roule sous ses <strong>propres r\u00e8gles et politiques de<\/strong>. Assurez-vous de v\u00e9rifier ces avant de vous plonger dans.<\/p>\n\n\n\n<h3 class=\"wp-block-heading\">2. Utilisez \u00e0 Vos Propres Risques<\/h3>\n\n\n\n<p>Nous allons rester dans la r\u00e9alit\u00e9:<\/p>\n\n\n\n<ul class=\"wp-block-list\">\n<li><strong>Aucune garantie.<\/strong> Nous ne pouvons pas garantir que chaque plate-forme est s\u00fbre \u00e0 100%, stable, ou m\u00eame l\u00e9gal dans votre pays.<\/li>\n\n\n\n<li><strong>Pas de contr\u00f4le du contenu.<\/strong> Nous ne sommes pas responsable de tout ce offensants, inappropri\u00e9s, ou tout simplement bizarre que vous pourriez rencontrer dans un chat.<\/li>\n\n\n\n<li><strong>Aucune responsabilit\u00e9.<\/strong> Si vous \u00eates banni, contr\u00f4l\u00e9e, victime d&#039;une arnaque, ou \u00e9motionnellement marqu\u00e9 \u2014 c&#039;est malheureux, mais c&#039;est entre vous et cette plate-forme.<\/li>\n<\/ul>\n\n\n\n<h3 class=\"wp-block-heading\">3. Ce <em>Vous<\/em> Besoin de Faire<\/h3>\n\n\n\n<p>Avec beaucoup de bavarder pouvoir vient une grande responsabilit\u00e9:<\/p>\n\n\n\n<ul class=\"wp-block-list\">\n<li><strong>Lire les r\u00e8gles.<\/strong> De v\u00e9rifier la plate-forme de modalit\u00e9s de service et la politique de confidentialit\u00e9 avant de l&#039;utiliser.<\/li>\n\n\n\n<li><strong>Prot\u00e9ger vos informations.<\/strong> Ne pas partager des donn\u00e9es personnelles, comme votre adresse, mots de passe, d\u00e9tails de carte de cr\u00e9dit.<\/li>\n\n\n\n<li><strong>Le Respect des limites d&#039;\u00e2ge.<\/strong> La plupart des plates-formes sont de plus de 18 ans, et pour une bonne raison. Si vous \u00eates mineur \u2014 d\u00e9sol\u00e9, revenez plus tard.<\/li>\n<\/ul>\n\n\n\n<h3 class=\"wp-block-heading\">4. Les Liens externes Ne sont pas les N\u00f4tres<\/h3>\n\n\n\n<p>Les liens que nous fournissons sont pour <strong>votre confort<\/strong>mais nous ne pouvons pas contr\u00f4ler ce qui se passe lorsque vous cliquez sur. Les plates-formes peuvent changer leurs r\u00e8gles, de la disposition ou du contenu, et nous ne sommes pas inform\u00e9s. V\u00e9rifiez toujours avant de l&#039;utiliser.<\/p>\n\n\n\n<h3 class=\"wp-block-heading\">5. Trucs l\u00e9gaux (aka Indemnisation)<\/h3>\n\n\n\n<p>En utilisant Tejcam, vous acceptez que si quelque chose va de travers, car de la fa\u00e7on dont vous avez utilis\u00e9 une plate-forme, nous le lien, <strong>vous n&#039;aurez pas nous tenir responsable<\/strong>. Qui comprend:<\/p>\n\n\n\n<ul class=\"wp-block-list\">\n<li>Les revendications juridiques<\/li>\n\n\n\n<li>La perte de donn\u00e9es<\/li>\n\n\n\n<li>Les combats avec les \u00e9trangers dans un chat al\u00e9atoire<\/li>\n<\/ul>\n\n\n\n<p>Vous vous engagez \u00e0 <strong>de d\u00e9fendre, d&#039;indemniser et de d\u00e9gager de toute responsabilit\u00e9<\/strong> Tejcam et de son \u00e9quipe de toute responsabilit\u00e9 ou dommage li\u00e9 \u00e0 des tiers l&#039;utilisation de la plate-forme.<\/p>\n\n\n\n<h3 class=\"wp-block-heading\">6. Mot De La Fin<\/h3>\n\n\n\n<p>Tejcam existe \u00e0 <strong>\u00e9duquer, guider et divertir<\/strong>. Nous ne sommes pas votre plate-forme de service \u00e0 la client\u00e8le de rep. Donc, si vous \u00eates banni, l&#039;exp\u00e9rience des bugs, ou si vous voulez un remboursement \u2014 vous aurez besoin de contacter la plate-forme directement.<\/p>\n\n\n\n<h3 class=\"wp-block-heading\">Rester en s\u00e9curit\u00e9. Intelligente de s\u00e9jour. S\u00e9jour bizarre \u2014 c&#039;est l&#039;internet.<\/h3>","protected":false},"excerpt":{"rendered":"<p>Disclaimer At Tejcam.com, our job is simple: we connect curious people (like you) with some of the internet\u2019s most popular random video chat platforms \u2014 like Coomeet, Omegle, and Chatrandom. But let\u2019s be clear: we don\u2019t own, run, or control any of these sites. This disclaimer explains where our responsibility ends and yours begins. 1. &#8230; <a title=\"Avertissement\" class=\"read-more\" href=\"https:\/\/tejcam.com\/fr\/disclaimer\/\" aria-label=\"En savoir plus sur Disclaimer\">Lire plus<\/a><\/p>","protected":false},"author":1,"featured_media":0,"parent":0,"menu_order":0,"comment_status":"closed","ping_status":"closed","template":"","meta":{"footnotes":""},"class_list":{"0":"post-43887","1":"page","2":"type-page","3":"status-publish","5":"no-featured-image-padding"},"_links":{"self":[{"href":"https:\/\/tejcam.com\/fr\/wp-json\/wp\/v2\/pages\/43887","targetHints":{"allow":["GET"]}}],"collection":[{"href":"https:\/\/tejcam.com\/fr\/wp-json\/wp\/v2\/pages"}],"about":[{"href":"https:\/\/tejcam.com\/fr\/wp-json\/wp\/v2\/types\/page"}],"author":[{"embeddable":true,"href":"https:\/\/tejcam.com\/fr\/wp-json\/wp\/v2\/users\/1"}],"replies":[{"embeddable":true,"href":"https:\/\/tejcam.com\/fr\/wp-json\/wp\/v2\/comments?post=43887"}],"version-history":[{"count":0,"href":"https:\/\/tejcam.com\/fr\/wp-json\/wp\/v2\/pages\/43887\/revisions"}],"wp:attachment":[{"href":"https:\/\/tejcam.com\/fr\/wp-json\/wp\/v2\/media?parent=43887"}],"curies":[{"name":"wp","href":"https:\/\/api.w.org\/{rel}","templated":true}]}}