{"id":39740,"date":"2023-07-24T20:08:03","date_gmt":"2023-07-24T20:08:03","guid":{"rendered":"https:\/\/business-one.local\/?page_id=7"},"modified":"2025-07-01T18:58:07","modified_gmt":"2025-07-01T13:58:07","slug":"home","status":"publish","type":"page","link":"https:\/\/tejcam.com\/it\/","title":{"rendered":"Casa"},"content":{"rendered":"<header class=\"gb-element-84a45700\">\n<div class=\"gbp-section__inner\">\n<div class=\"gb-element-668476e3\">\n<div class=\"gb-element-b37c8662\">\n<h1 class=\"gb-text gb-text-f1f6b810\"><strong>Parlare con gli Sconosciuti \u2013 Gratis Online su<\/strong> <mark style=\"background-color:rgba(0, 0, 0, 0)\" class=\"has-inline-color has-accent-color\">Tejcam<\/mark> Oggi.<\/h1>\n\n\n\n<p class=\"gb-text gb-text-f9584e56\">Cerchiamo di essere onesti: l&#039;idea di&nbsp;<strong>parlare con gli sconosciuti<\/strong>&nbsp;online una volta che sentivo un po &#039; imbarazzato o addirittura rischioso. Ma questo \u00e8 cambiato grazie a piattaforme come&nbsp;<strong>TalktoStrangers<\/strong>&nbsp;su Tejcam, il collegamento con nuove persone \u00e8 ora emozionante, cassetta di sicurezza, e sorprendentemente significativo.<\/p>\n\n\n\n<p>Se si desidera&nbsp;<strong>parlare con gli sconosciuti<\/strong>&nbsp;alle 2 di notte, esplorare culture lontane, o semplicemente spontanea e divertente,&nbsp;<strong>TalktoStrangers<\/strong>&nbsp;su Tejcam \u00e8 il posto perfetto.<\/p>\n<\/div>\n\n\n\n<div class=\"gb-element-0c29e940\">\n<figure class=\"wp-block-image size-full\"><img decoding=\"async\" width=\"579\" height=\"519\" src=\"https:\/\/tejcam.com\/wp-content\/uploads\/2025\/06\/Tejcam.png\" alt=\"Tejcam\" class=\"wp-image-43732\" srcset=\"https:\/\/tejcam.com\/wp-content\/uploads\/2025\/06\/Tejcam.png 579w, https:\/\/tejcam.com\/wp-content\/uploads\/2025\/06\/Tejcam-300x269.png 300w, https:\/\/tejcam.com\/wp-content\/uploads\/2025\/06\/Tejcam-13x12.png 13w\" sizes=\"(max-width: 579px) 100vw, 579px\" \/><\/figure>\n<\/div>\n<\/div>\n<\/div>\n<\/header>\n\n\n\n<div class=\"gbp--border-radius gb-element-79253f80\">\n<div class=\"gbp-section__inner\">\n<div class=\"gb-element-5cb801a0\">\n<div class=\"gb-element-7ee6ee70\">\n<div class=\"gb-element-5726c844\">\n<figure class=\"wp-block-image size-full\"><img decoding=\"async\" width=\"512\" height=\"512\" src=\"https:\/\/tejcam.com\/wp-content\/uploads\/2025\/06\/talk-to-strangers.png\" alt=\"Parlare con gli Sconosciuti\" class=\"wp-image-43733\" srcset=\"https:\/\/tejcam.com\/wp-content\/uploads\/2025\/06\/talk-to-strangers.png 512w, https:\/\/tejcam.com\/wp-content\/uploads\/2025\/06\/talk-to-strangers-300x300.png 300w, https:\/\/tejcam.com\/wp-content\/uploads\/2025\/06\/talk-to-strangers-150x150.png 150w, https:\/\/tejcam.com\/wp-content\/uploads\/2025\/06\/talk-to-strangers-12x12.png 12w\" sizes=\"(max-width: 512px) 100vw, 512px\" \/><\/figure>\n\n\n\n<figure class=\"wp-block-image size-full\"><img decoding=\"async\" width=\"512\" height=\"512\" src=\"https:\/\/tejcam.com\/wp-content\/uploads\/2025\/06\/random-video-chat.png\" alt=\"Video chat casuale\" class=\"wp-image-43735\" srcset=\"https:\/\/tejcam.com\/wp-content\/uploads\/2025\/06\/random-video-chat.png 512w, https:\/\/tejcam.com\/wp-content\/uploads\/2025\/06\/random-video-chat-300x300.png 300w, https:\/\/tejcam.com\/wp-content\/uploads\/2025\/06\/random-video-chat-150x150.png 150w, https:\/\/tejcam.com\/wp-content\/uploads\/2025\/06\/random-video-chat-12x12.png 12w\" sizes=\"(max-width: 512px) 100vw, 512px\" \/><\/figure>\n<\/div>\n\n\n\n<div class=\"gb-element-be9afbda\">\n<figure class=\"wp-block-image size-full\"><img decoding=\"async\" width=\"512\" height=\"512\" src=\"https:\/\/tejcam.com\/wp-content\/uploads\/2025\/06\/Tejcam-chat.png\" alt=\"Tejcam Chat\" class=\"wp-image-43734\" srcset=\"https:\/\/tejcam.com\/wp-content\/uploads\/2025\/06\/Tejcam-chat.png 512w, https:\/\/tejcam.com\/wp-content\/uploads\/2025\/06\/Tejcam-chat-300x300.png 300w, https:\/\/tejcam.com\/wp-content\/uploads\/2025\/06\/Tejcam-chat-150x150.png 150w, https:\/\/tejcam.com\/wp-content\/uploads\/2025\/06\/Tejcam-chat-12x12.png 12w\" sizes=\"(max-width: 512px) 100vw, 512px\" \/><\/figure>\n\n\n\n<figure class=\"wp-block-image size-full\"><img decoding=\"async\" width=\"512\" height=\"512\" src=\"https:\/\/tejcam.com\/wp-content\/uploads\/2025\/06\/chatrandom.png\" alt=\"chatrandom\" class=\"wp-image-43736\" srcset=\"https:\/\/tejcam.com\/wp-content\/uploads\/2025\/06\/chatrandom.png 512w, https:\/\/tejcam.com\/wp-content\/uploads\/2025\/06\/chatrandom-300x300.png 300w, https:\/\/tejcam.com\/wp-content\/uploads\/2025\/06\/chatrandom-150x150.png 150w, https:\/\/tejcam.com\/wp-content\/uploads\/2025\/06\/chatrandom-12x12.png 12w\" sizes=\"(max-width: 512px) 100vw, 512px\" \/><\/figure>\n<\/div>\n<\/div>\n\n\n\n<div>\n<h2 class=\"gb-text\"><strong>Che cosa \u00c8 Esattamente Tejcam\u2014e Perch\u00e9 Dovremmo Cura?<\/strong><\/h2>\n\n\n\n<p>Al suo interno, Tejcam \u00e8 un taglio-bordo, totalmente gratuito video chat casuale sito web progettato per connettersi istantaneamente con sconosciuti in tutto il mondo. Dimenticate noioso sign-up, downloads, o lunghe attese.<\/p>\n\n\n\n<p>Pensate a come se Omegle e OmeTV avuto un elegante restyling, e il loro dispositivo di raffreddamento, pi\u00f9 intelligente di fratelli emerso\u2014Tejcam.&nbsp;<strong>TalktoStrangers<\/strong>&nbsp;\u00e8 un semplice e gratuito che istantaneamente di chat video con sconosciuti in tutto il mondo, nessun segno-up o i download necessari.<\/p>\n\n\n\n<p>Pensare di Tejcam come aggiornato, elegante versione di Omegle e OmeTV\u2014progettato specialmente per coloro che vogliono&nbsp;<strong>parlare con gli sconosciuti<\/strong>&nbsp;facilmente e in modo sicuro.<\/p>\n\n\n\n<p>Fare clic su un pulsante, e si sta faccia a faccia con qualcuno di nuovo, pronti a condividere una chat. Fare clic una volta, e&nbsp;<em>bam<\/em>\u2014sei faccia a faccia con qualcuno di nuovo, pronta a parlare.&nbsp;<\/p>\n<\/div>\n<\/div>\n<\/div>\n<\/div>\n\n\n\n<div class=\"gbp-section\">\n<div class=\"gbp-section__inner\">\n<div class=\"gbp--margin-after gb-element-c9a0dcd4\">\n<h2 class=\"gb-text\"><strong>Perch\u00e9 Tejcam un Taglio Sopra il Resto?<\/strong><\/h2>\n\n\n\n<p class=\"gb-text gb-text-a1c8ae48\">Bella domanda! Tejcam non basta replicare esistenti piattaforme chat\u2014si reinventa il modo in cui si incontrano sconosciuti online.<br>Ecco cosa imposta Tejcam a parte:<\/p>\n<\/div>\n\n\n\n<div class=\"gb-element-2a2826e4\">\n<div class=\"gb-element-c0893001\">\n<div class=\"gb-element-ff677824\">\n<div>\n<h3 class=\"gb-text gb-text-57591bb4\">Nessun Account Necessari<\/h3>\n\n\n\n<p>Dimenticate giocoleria password. Basta premere start e collegare.<\/p>\n<\/div>\n<\/div>\n<\/div>\n\n\n\n<div class=\"gb-element-8adf1e8e\">\n<div class=\"gb-element-4bc0450f\"><div class=\"gb-container gb-container-006115cb\">\n\n<h3 class=\"gb-text gb-text-ddae5adb\">Portata Globale<\/h3>\n\n\n\n<p>Dal Brasile, il Bangladesh, il regno UNITO verso gli stati UNITI\u2014incontrare persone diverse senza lasciare la vostra camera.<br><\/p>\n\n<\/div><\/div>\n<\/div>\n<\/div>\n\n\n\n<div class=\"gb-element-09fe3038\">\n<div class=\"gb-element-ef037f1c\">\n<div class=\"gb-element-7cb068e5\">\n<div>\n<h3 class=\"gb-text gb-text-763ee1f4\">Smart Matching Tecnologia<\/h3>\n\n\n\n<p>Nessun bot. No falsi profili. Solo dialoghi autentici.<br><\/p>\n<\/div>\n<\/div>\n<\/div>\n\n\n\n<div class=\"gb-element-21358b55\">\n<div class=\"gb-element-b0f06bc6\"><div class=\"gb-container gb-container-9ed4dc95\">\n\n<h3 class=\"gb-text gb-text-eb721bd4\">Sicurezza Prima Di Tutto<\/h3>\n\n\n\n<p>Inquietante comportamento? Non \u00e8 qui. Filtri intelligenti e di facile reporting mantenere la vostra chat cassetta di sicurezza.<br><\/p>\n\n<\/div><\/div>\n<\/div>\n<\/div>\n\n\n\n<div class=\"gb-element-d74df224\">\n<div class=\"gb-element-5c5fe217\">\n<div class=\"gb-element-f6d80501\">\n<div>\n<h3 class=\"gb-text gb-text-3401ef7f\">Velocissime Connessioni<\/h3>\n\n\n\n<p>Il buffer? Nah. Instant chat significa che non si \u00e8 mai lasciato in attesa.<br><\/p>\n<\/div>\n<\/div>\n<\/div>\n\n\n\n<div class=\"gb-element-b29cb7fd\">\n<div class=\"gb-element-795b0837\"><div class=\"gb-container gb-container-5462ce48\">\n\n<h3 class=\"gb-text gb-text-378318e8\">Cross-Dispositivo Di Compatibilit\u00e0<\/h3>\n\n\n\n<p>Laptop, tablet, telefono cellulare\u2014Tejcam sembra e si esegue senza problemi ovunque. Sentitevi liberi di chat durante la cottura, il pendolarismo, o di abbattimento.<br><\/p>\n\n<\/div><\/div>\n<\/div>\n<\/div>\n<\/div>\n<\/div>\n\n\n\n<div class=\"gbp--border-radius gb-element-bf282dd1\">\n<div class=\"gbp-section__inner\">\n<div class=\"gb-element-fce96c33\">\n<div>\n<h2 class=\"gb-text gb-text-d05aaa52\"><strong><strong>Perch\u00e9 Preoccuparsi di Parlare con gli Sconosciuti? Non \u00e8 un Po &#039; Strano?<\/strong><\/strong><\/h2>\n\n\n\n<p>Ecco la verit\u00e0: no, non \u00e8 strano. In realt\u00e0, pu\u00f2 essere uno dei pi\u00f9 autentici, occhio-apertura esperienze avrete tutto il giorno.<br>Scopri perch\u00e9:<\/p>\n\n\n\n<ul class=\"wp-block-list\">\n<li><strong>Mentale Detox<\/strong>: A volte, la rottura con il tuo solito cerchio e parlare con un estraneo pu\u00f2 liberare la mente come una brezza fresca.<\/li>\n\n\n\n<li><strong>L&#039;Esplorazione Culturale<\/strong>: Scoprire nuove prospettive e stili di vita, come si parla con gli sconosciuti in tutto il mondo.<\/li>\n\n\n\n<li><strong>Zero A Zona Di Pressione<\/strong>: Aspettative, non ha bisogno di stupire. Solo essere il tuo vero s\u00e9\u2014o provare una nuova persona, se ne hai voglia.<\/li>\n\n\n\n<li><strong>Pura Serendipit\u00e0<\/strong>: Non si sa mai chi si incontra avanti\u2014che l&#039;emozione.<\/li>\n<\/ul>\n\n\n\n<p>Se sei timido, in uscita o in qualsiasi punto nel mezzo, TalktoStrangers su Tejcam offre un parco giochi per vera, senza copione connessione umana.<\/p>\n\n\n\n<h2 class=\"wp-block-heading has-text-align-center\"><strong>Che saltano sul Tejcam?<\/strong><\/h2>\n\n\n\n<p>Fondamentalmente, tutti e nessuno. Ecco una foto:<\/p>\n\n\n\n<ul class=\"wp-block-list\">\n<li>Gli studenti furtivamente nelle pause tra le lezioni<\/li>\n\n\n\n<li>Viaggiatori desiderosi di scambiare storie con gente del posto<\/li>\n\n\n\n<li>I nottambuli in cerca di compagnia nelle ore di ritardo<\/li>\n\n\n\n<li>Gli studenti di lingua pratica conversazioni reali<\/li>\n\n\n\n<li>Le persone che necessitano di un ascolto dopo batoste<\/li>\n\n\n\n<li>Meme appassionati di caccia per le risate<\/li>\n<\/ul>\n\n\n\n<p>Tejcam \u00e8 come il vostro luogo di ritrovo preferito spot\u2014tranne che invece di lattes, si ottiene autentiche relazioni umane. Spontaneo, imprevedibile, a volte strane, ma sempre reale.<\/p>\n\n\n\n<h2 class=\"wp-block-heading has-text-align-center\"><strong>Classico Momenti otterrete Solo su Tejcam<\/strong><\/h2>\n\n\n\n<p>Cerchiamo di essere onesti\u2014random chat video hanno qualche marchio momenti:<\/p>\n\n\n\n<ul class=\"wp-block-list\">\n<li>Che divertente, imbarazzante pausa prima che qualcuno le onde \u201cEhi!\u201d<\/li>\n\n\n\n<li>Trovare qualcuno che sembra inspiegabile come il doppelg\u00e4nger (Cue \u201csiamo legati?\u201d, scherza)<\/li>\n\n\n\n<li>Il dibattito sul grande ananas-su-pizza polemiche<\/li>\n\n\n\n<li>Corrispondenza con uno sconosciuto che si rivela essere dal proprio quartiere<\/li>\n\n\n\n<li>Ridere cos\u00ec difficile dimenticare una chat con uno sconosciuto<\/li>\n<\/ul>\n\n\n\n<p>Questi piccoli gioielli sono ci\u00f2 che rende Tejcam indimenticabile.<\/p>\n\n\n\n<h2 class=\"wp-block-heading\">Non Solo chiacchiere \u2014 Si tratta di un&#039;Avventura in un Click<\/h2>\n\n\n\n<p>Ammettiamolo\u2014parlare agli sconosciuti online usato per essere la versione digitale di \u201cnon parlare a persone in stato di furgoni bianchi.\u201d Ma ora? \u00c8 un&#039;emozionante parte della vita moderna.<br>Su <strong>Tejcam del video chat casuale<\/strong>ogni click \u00e8 un teleport pulsante da qualche parte <em>inaspettatamente impressionante<\/em>.<\/p>\n\n\n\n<ul class=\"wp-block-list\">\n<li>Vuoi un <strong>cam chat<\/strong> con qualcuno di Tokyo, mentre si sta raffreddando nella Toronto? Facile.<\/li>\n\n\n\n<li>Necessario, a tarda notte, compagno di chat che <em>ottiene<\/em> 3 SONO i pensieri? Abbiamo preso.<\/li>\n\n\n\n<li>Curioso di sapere se l&#039;ananas appartiene alla pizza? Dibattito in diretta\u2014con un estraneo.<\/li>\n<\/ul>\n\n\n\n<p>Se sei un overthinker, oversharer, o poco pi\u00f9 lo scorrimento all&#039;infinito<strong>Tejcam<\/strong> porta il <strong>parlare con gli sconosciuti<\/strong> esperienza di vita. Nessuna pressione. Nessun profilo. Solo uno schermo e di un mondo pieno di stranamente meravigliosi esseri umani.<\/p>\n\n\n\n<h2 class=\"wp-block-heading\">Persone Reali. Reale Chat. In Tempo Reale Cam Magic<\/h2>\n\n\n\n<p>Questo non \u00e8 scritto. Questa non \u00e8 una messa in scena. Questo \u00e8 <strong>in tempo reale, chat cam<\/strong> con gente vera, che non ha speso 20 minuti, raccogliendo un filtro.<br><strong>Tejcam del video chat casuale<\/strong> il sistema \u00e8 progettato per chi desidera <strong>autentico connessioni<\/strong>\u2014il tipo che non si pu\u00f2 non passare il dito per.<\/p>\n\n\n\n<p>Ecco perch\u00e9 i professionisti, gli studenti, insonni, e gli esploratori amore:<\/p>\n\n\n\n<ul class=\"wp-block-list\">\n<li><strong>Nessun login. Nessun profilo. Basta premere \u201cstart\u201d e parlare.<\/strong><\/li>\n\n\n\n<li>Filtri integrati (sicurezza in genere, non il cane-ear Snapchat tipo) mantenere chat pulita.<\/li>\n\n\n\n<li><strong>Smart matchmaking<\/strong> coppie con <em>degli estranei<\/em>non spam bot.<\/li>\n\n\n\n<li>Non si sa mai chi \u00e8 il prossimo\u2014e che \u00e8 la parte migliore.<\/li>\n<\/ul>\n\n\n\n<p>Dal casual ride inaspettatamente profondo convos, <strong>Tejcam<\/strong> fa <strong>cam chat con sconosciuti<\/strong> sentire senza sforzo e umana.<\/p>\n<\/div>\n<\/div>\n<\/div>\n<\/div>\n\n\n\n<div class=\"gbp--border-radius gb-element-b2683b59\">\n<div class=\"gbp-section__inner\">\n<div class=\"gb-element-024a9ffb\">\n<div>\n<h2 class=\"gb-text gb-text-36432b33\"><strong><strong><strong>Sicurezza Prima di tutto: Come proteggersi Durante la Chat<\/strong><\/strong><\/strong><\/h2>\n\n\n\n<p>Godetevi il divertimento, ma mantenere il vostro spirito su di voi. Tejcam \u00e8 costruito con la sicurezza in mente, ma qui \u00e8 un ricordo amichevole:<\/p>\n\n\n\n<p>Non condividere informazioni personali sensibili (ovviamente).<\/p>\n\n\n\n<p>Se qualcuno sta agendo fuori, ha colpito saltare senza esitazione.<\/p>\n\n\n\n<p>Gentile c&#039;\u00e8 una persona reale dietro lo schermo.<\/p>\n\n\n\n<p>Fidatevi del vostro istinto. Se ci si sente male, si sposta.<\/p>\n\n\n\n<p>Segnalare comportamenti inappropriati\u2014Tejcam squadra prende sul serio.<\/p>\n\n\n\n<h2 class=\"wp-block-heading has-text-align-center\"><strong><strong>Conclusioni: Il Vostro Prossimo Grande Conversazione Aspetta<\/strong><\/strong><\/h2>\n\n\n\n<p>Nel mondo di oggi infinita di scorrimento, a cura di profili e filtrare i feed, Tejcam \u00e8 una boccata di aria fresca. \u00c8 crudo, reale e spontanea interazione umana al suo meglio.<\/p>\n\n\n\n<p>Se si desidera una risata, un profondo parlare, o semplicemente per ammazzare la noia, Tejcam offre.<\/p>\n\n\n\n<p>Non solo consumare contenuti\u2014connect. La tua prossima memorabile la chat \u00e8 solo un clic di distanza.<\/p>\n<\/div>\n<\/div>\n<\/div>\n<\/div>","protected":false},"excerpt":{"rendered":"<p>Talk to Strangers &#8211; Online Free on Tejcam Today. Let\u2019s be honest: the idea to&nbsp;talk to strangers&nbsp;online once felt a bit awkward or even risky. But that\u2019s changed\u2014thanks to platforms like&nbsp;TalktoStrangers&nbsp;on Tejcam, connecting with new people is now exciting, safe, and surprisingly meaningful. Whether you want to&nbsp;talk to strangers&nbsp;at 2 AM, explore cultures far away, &#8230; <a title=\"Casa\" class=\"read-more\" href=\"https:\/\/tejcam.com\/it\/\" aria-label=\"Per saperne di pi\u00f9 su Home\">Leggi tutto<\/a><\/p>","protected":false},"author":1,"featured_media":0,"parent":0,"menu_order":0,"comment_status":"closed","ping_status":"closed","template":"","meta":{"footnotes":""},"class_list":{"0":"post-39740","1":"page","2":"type-page","3":"status-publish","5":"no-featured-image-padding"},"_links":{"self":[{"href":"https:\/\/tejcam.com\/it\/wp-json\/wp\/v2\/pages\/39740","targetHints":{"allow":["GET"]}}],"collection":[{"href":"https:\/\/tejcam.com\/it\/wp-json\/wp\/v2\/pages"}],"about":[{"href":"https:\/\/tejcam.com\/it\/wp-json\/wp\/v2\/types\/page"}],"author":[{"embeddable":true,"href":"https:\/\/tejcam.com\/it\/wp-json\/wp\/v2\/users\/1"}],"replies":[{"embeddable":true,"href":"https:\/\/tejcam.com\/it\/wp-json\/wp\/v2\/comments?post=39740"}],"version-history":[{"count":0,"href":"https:\/\/tejcam.com\/it\/wp-json\/wp\/v2\/pages\/39740\/revisions"}],"wp:attachment":[{"href":"https:\/\/tejcam.com\/it\/wp-json\/wp\/v2\/media?parent=39740"}],"curies":[{"name":"wp","href":"https:\/\/api.w.org\/{rel}","templated":true}]}}