{"id":43882,"date":"2025-06-28T17:51:01","date_gmt":"2025-06-28T12:51:01","guid":{"rendered":"https:\/\/tejcam.com\/?page_id=43882"},"modified":"2025-06-28T17:51:02","modified_gmt":"2025-06-28T12:51:02","slug":"about-tejcam","status":"publish","type":"page","link":"https:\/\/tejcam.com\/it\/about-tejcam\/","title":{"rendered":"Su Tejcam"},"content":{"rendered":"<h2 class=\"wp-block-heading\">Benvenuti a Tejcam \u2013 Il Divertimento Inizia da Qui!<\/h2>\n\n\n\n<p>A <strong>Tejcam<\/strong>non siamo il partito \u2014 abbiamo appena <em>il punto di esso<\/em>. Pensate a noi come il cool amico che sa sempre dove c&#039;\u00e8 il divertimento. Ci si collega con i migliori <strong>video chat casuale piattaforme<\/strong> l\u00e0 fuori, come Coomeet e altri straniero-friendly applicazioni di chat. Se siete annoiati, soli, curiosi, o semplicemente vibing, siamo qui per rendere la vostra vita digitale.<\/p>\n\n\n\n<h3 class=\"wp-block-heading\">Che Cosa Fare (Oltre A Sembrare Fresco)?<\/h3>\n\n\n\n<p>Scomponiamolo:<\/p>\n\n\n\n<ul class=\"wp-block-list\">\n<li>\ud83d\udd17 <strong>Colleghiamo<\/strong> di terzi, di piattaforme chat dove si pu\u00f2 parlare con gli sconosciuti da tutto il mondo.<\/li>\n\n\n\n<li>\ud83d\udd0d <strong>Noi di rivedere e consigliare<\/strong> i migliori Omegle e Chatroulette alternative, in modo da non sprecare il vostro tempo su glitch o piazzole ombreggiate.<\/li>\n\n\n\n<li>\ud83e\udde0 <strong>Ci guider\u00e0<\/strong> attraverso anonime e sicure in chat cos\u00ec ci si pu\u00f2 divertire <em>senza<\/em> e per finire in un&#039;imbarazzante online horror story.<\/li>\n<\/ul>\n\n\n\n<p>Nessun download. Sign-up. Solo dritto-up chat caos, Tejcam stile.<\/p>\n\n\n\n<h3 class=\"wp-block-heading\">Siamo una Piattaforma di Chat di Noi stessi?<\/h3>\n\n\n\n<p>No! Siamo come il DJ al club: facciamo cadere le battute (un.k.un. link), ma non abbiamo il controllo, la pista da ballo. La chat accadere <strong>siti di terze parti<\/strong> \u2014 Coomeet e gli altri \u2014 cos\u00ec qualunque va gi\u00f9 in quei video chiamate \u00e8 tra voi e loro.<\/p>\n\n\n\n<h3 class=\"wp-block-heading\">Perch\u00e9 Tejcam?<\/h3>\n\n\n\n<p>Perch\u00e9 random chat dovrebbe essere:<\/p>\n\n\n\n<ul class=\"wp-block-list\">\n<li><strong>Divertente<\/strong> (seriamente, dove altro si pu\u00f2 incontrare un norvegese mago alle 2 di notte?)<\/li>\n\n\n\n<li><strong>Facile<\/strong> (clicca e vai!)<\/li>\n\n\n\n<li><strong>Imprevisti<\/strong> (strano pericolo? Pi\u00f9 come straniero risate... la maggior parte del tempo.)<\/li>\n\n\n\n<li><strong>Cassetta di sicurezza<\/strong> (siamo sempre incoraggiare intelligente, rispettoso chat)<\/li>\n<\/ul>\n\n\n\n<h3 class=\"wp-block-heading\">Chi Tejcam Per?<\/h3>\n\n\n\n<p>Tutti coloro che vogliono:<\/p>\n\n\n\n<ul class=\"wp-block-list\">\n<li>Per <strong>parlare con gli sconosciuti<\/strong> senza strani sign-ups<\/li>\n\n\n\n<li>Un <strong>pausa dal social media rumore<\/strong><\/li>\n\n\n\n<li>Una risata, una profonda chat, o anche solo qualche caso la stranezza<\/li>\n\n\n\n<li>Per trovare chat alternative che in realt\u00e0 il lavoro<\/li>\n<\/ul>\n\n\n\n<h3 class=\"wp-block-heading\">Legale Talk (Uffa, Ma Importante)<\/h3>\n\n\n\n<p>Noi <strong>non proprio o di esecuzione<\/strong> le piattaforme link. Siamo l&#039; <strong>motore di raccomandazione<\/strong>non il vano motore. Clic, viene chat, ti piace (o bail \u2014 questo fa parte del divertimento). Basta ricordare: seguire <strong>loro<\/strong> regole, non il nostro.<\/p>\n\n\n\n<h3 class=\"wp-block-heading\">Lasciamo Casuale<\/h3>\n\n\n\n<p>Tejcam \u00e8 un po &#039; strano angolo di internet \u2014 e ci piace cos\u00ec. Siamo sempre alla scoperta di nuovi posti di chat, in modo da controllare il nostro <strong>Chat Alternative<\/strong> sezione spesso. Non si sa mai cosa (o chi) si trova.<\/p>","protected":false},"excerpt":{"rendered":"<p>Welcome to Tejcam \u2013 The Fun Starts Here! At Tejcam, we&#8217;re not the party \u2014 we just point you to it. Think of us as the cool friend who always knows where the fun is. We connect you with the best random video chat platforms out there, like Coomeet and other stranger-friendly chat apps. Whether &#8230; <a title=\"Su Tejcam\" class=\"read-more\" href=\"https:\/\/tejcam.com\/it\/about-tejcam\/\" aria-label=\"Per saperne di pi\u00f9 su About Tejcam\">Leggi tutto<\/a><\/p>","protected":false},"author":1,"featured_media":0,"parent":0,"menu_order":0,"comment_status":"closed","ping_status":"closed","template":"","meta":{"footnotes":""},"class_list":{"0":"post-43882","1":"page","2":"type-page","3":"status-publish","5":"no-featured-image-padding"},"_links":{"self":[{"href":"https:\/\/tejcam.com\/it\/wp-json\/wp\/v2\/pages\/43882","targetHints":{"allow":["GET"]}}],"collection":[{"href":"https:\/\/tejcam.com\/it\/wp-json\/wp\/v2\/pages"}],"about":[{"href":"https:\/\/tejcam.com\/it\/wp-json\/wp\/v2\/types\/page"}],"author":[{"embeddable":true,"href":"https:\/\/tejcam.com\/it\/wp-json\/wp\/v2\/users\/1"}],"replies":[{"embeddable":true,"href":"https:\/\/tejcam.com\/it\/wp-json\/wp\/v2\/comments?post=43882"}],"version-history":[{"count":0,"href":"https:\/\/tejcam.com\/it\/wp-json\/wp\/v2\/pages\/43882\/revisions"}],"wp:attachment":[{"href":"https:\/\/tejcam.com\/it\/wp-json\/wp\/v2\/media?parent=43882"}],"curies":[{"name":"wp","href":"https:\/\/api.w.org\/{rel}","templated":true}]}}