{"id":39740,"date":"2023-07-24T20:08:03","date_gmt":"2023-07-24T20:08:03","guid":{"rendered":"https:\/\/business-one.local\/?page_id=7"},"modified":"2025-07-01T18:58:07","modified_gmt":"2025-07-01T13:58:07","slug":"home","status":"publish","type":"page","link":"https:\/\/tejcam.com\/pl\/","title":{"rendered":"Strona g\u0142\u00f3wna"},"content":{"rendered":"<header class=\"gb-element-84a45700\">\n<div class=\"gbp-section__inner\">\n<div class=\"gb-element-668476e3\">\n<div class=\"gb-element-b37c8662\">\n<h1 class=\"gb-text gb-text-f1f6b810\"><strong>Rozmawiaj z nieznajomymi Online za darmo na<\/strong> <mark style=\"background-color:rgba(0, 0, 0, 0)\" class=\"has-inline-color has-accent-color\">\u0422\u0435\u0439\u043a\u0430\u043c<\/mark> Dzisiaj.<\/h1>\n\n\n\n<p class=\"gb-text gb-text-f9584e56\">B\u0105d\u017amy szczerzy: pomys\u0142 polega na tym, aby&nbsp;<strong>rozmawiaj z nieznajomymi<\/strong>&nbsp;online kiedy\u015b wydawa\u0142 si\u0119 by\u0107 niewygodne lub nawet ryzykowne. Ale to si\u0119 zmieni\u0142o \u2014 dzi\u0119ki takim platformom jak&nbsp;<strong>Gadaj\u0105ce wanderers<\/strong>&nbsp;na Tejcam kontakt z nowymi lud\u017ami, teraz staje si\u0119 ekscytuj\u0105ce, bezpieczne i niezwykle znacz\u0105ce.<\/p>\n\n\n\n<p>Niezale\u017cnie od tego, czy chcesz tego&nbsp;<strong>rozmawiaj z nieznajomymi<\/strong>&nbsp;w 2 godziny NOCY poznaj kultury odleg\u0142ych kraj\u00f3w lub po prostu spontanicznie bawcie si\u0119 dobrze&nbsp;<strong>Gadaj\u0105ce wanderers<\/strong>&nbsp;on Tejcam - idealne miejsce.<\/p>\n<\/div>\n\n\n\n<div class=\"gb-element-0c29e940\">\n<figure class=\"wp-block-image size-full\"><img decoding=\"async\" width=\"579\" height=\"519\" src=\"https:\/\/tejcam.com\/wp-content\/uploads\/2025\/06\/Tejcam.png\" alt=\"\u0422\u0435\u0439\u043a\u0430\u043c\" class=\"wp-image-43732\" srcset=\"https:\/\/tejcam.com\/wp-content\/uploads\/2025\/06\/Tejcam.png 579w, https:\/\/tejcam.com\/wp-content\/uploads\/2025\/06\/Tejcam-300x269.png 300w, https:\/\/tejcam.com\/wp-content\/uploads\/2025\/06\/Tejcam-13x12.png 13w\" sizes=\"(max-width: 579px) 100vw, 579px\" \/><\/figure>\n<\/div>\n<\/div>\n<\/div>\n<\/header>\n\n\n\n<div class=\"gbp--border-radius gb-element-79253f80\">\n<div class=\"gbp-section__inner\">\n<div class=\"gb-element-5cb801a0\">\n<div class=\"gb-element-7ee6ee70\">\n<div class=\"gb-element-5726c844\">\n<figure class=\"wp-block-image size-full\"><img decoding=\"async\" width=\"512\" height=\"512\" src=\"https:\/\/tejcam.com\/wp-content\/uploads\/2025\/06\/talk-to-strangers.png\" alt=\"Rozmawiaj z nieznajomymi\" class=\"wp-image-43733\" srcset=\"https:\/\/tejcam.com\/wp-content\/uploads\/2025\/06\/talk-to-strangers.png 512w, https:\/\/tejcam.com\/wp-content\/uploads\/2025\/06\/talk-to-strangers-300x300.png 300w, https:\/\/tejcam.com\/wp-content\/uploads\/2025\/06\/talk-to-strangers-150x150.png 150w, https:\/\/tejcam.com\/wp-content\/uploads\/2025\/06\/talk-to-strangers-12x12.png 12w\" sizes=\"(max-width: 512px) 100vw, 512px\" \/><\/figure>\n\n\n\n<figure class=\"wp-block-image size-full\"><img decoding=\"async\" width=\"512\" height=\"512\" src=\"https:\/\/tejcam.com\/wp-content\/uploads\/2025\/06\/random-video-chat.png\" alt=\"Losowy czat wideo\" class=\"wp-image-43735\" srcset=\"https:\/\/tejcam.com\/wp-content\/uploads\/2025\/06\/random-video-chat.png 512w, https:\/\/tejcam.com\/wp-content\/uploads\/2025\/06\/random-video-chat-300x300.png 300w, https:\/\/tejcam.com\/wp-content\/uploads\/2025\/06\/random-video-chat-150x150.png 150w, https:\/\/tejcam.com\/wp-content\/uploads\/2025\/06\/random-video-chat-12x12.png 12w\" sizes=\"(max-width: 512px) 100vw, 512px\" \/><\/figure>\n<\/div>\n\n\n\n<div class=\"gb-element-be9afbda\">\n<figure class=\"wp-block-image size-full\"><img decoding=\"async\" width=\"512\" height=\"512\" src=\"https:\/\/tejcam.com\/wp-content\/uploads\/2025\/06\/Tejcam-chat.png\" alt=\"Czat Tejcam\" class=\"wp-image-43734\" srcset=\"https:\/\/tejcam.com\/wp-content\/uploads\/2025\/06\/Tejcam-chat.png 512w, https:\/\/tejcam.com\/wp-content\/uploads\/2025\/06\/Tejcam-chat-300x300.png 300w, https:\/\/tejcam.com\/wp-content\/uploads\/2025\/06\/Tejcam-chat-150x150.png 150w, https:\/\/tejcam.com\/wp-content\/uploads\/2025\/06\/Tejcam-chat-12x12.png 12w\" sizes=\"(max-width: 512px) 100vw, 512px\" \/><\/figure>\n\n\n\n<figure class=\"wp-block-image size-full\"><img decoding=\"async\" width=\"512\" height=\"512\" src=\"https:\/\/tejcam.com\/wp-content\/uploads\/2025\/06\/chatrandom.png\" alt=\"losowy czat\" class=\"wp-image-43736\" srcset=\"https:\/\/tejcam.com\/wp-content\/uploads\/2025\/06\/chatrandom.png 512w, https:\/\/tejcam.com\/wp-content\/uploads\/2025\/06\/chatrandom-300x300.png 300w, https:\/\/tejcam.com\/wp-content\/uploads\/2025\/06\/chatrandom-150x150.png 150w, https:\/\/tejcam.com\/wp-content\/uploads\/2025\/06\/chatrandom-12x12.png 12w\" sizes=\"(max-width: 512px) 100vw, 512px\" \/><\/figure>\n<\/div>\n<\/div>\n\n\n\n<div>\n<h2 class=\"gb-text\"><strong>Co to jest Tejcam \u2014 a dlaczego Ci\u0119 to powinno interesowa\u0107?<\/strong><\/h2>\n\n\n\n<p>W swej istocie Tejcam - to nowoczesny, ca\u0142kowicie darmow\u0105 stron\u0119 losowy czat wideo, przeznaczony do szybkiego komunikowania si\u0119 z obcymi lud\u017ami na ca\u0142ym \u015bwiecie. Zapomnij o \u017cmudnych \u0440\u0435\u0433\u0438\u0441\u0442\u0440\u0430\u0446\u0438\u044f\u0445, pliki do pobrania, lub d\u0142ugim oczekiwaniu.<\/p>\n\n\n\n<p>Wyobra\u017a sobie, \u017ce Omegle i OmeTV stylowo przetransformowane, i pojawi\u0142 si\u0119 ich bardziej strome i m\u0105dry brat \u2014 Tejcam.&nbsp;<strong>Gadaj\u0105ce wanderers<\/strong>&nbsp;jest to prosty i bezp\u0142atny spos\u00f3b natychmiastowy wideo czat z obcymi lud\u017ami na ca\u0142ym \u015bwiecie, nie wymaga rejestracji lub pobrania.<\/p>\n\n\n\n<p>My\u015bl o Tejcam jak o nowoczesnej, eleganckiej wersji Omegle i OmeTV, opracowanej specjalnie dla tych, kt\u00f3rzy chc\u0105&nbsp;<strong>rozmawiaj z nieznajomymi<\/strong>&nbsp;\u0142atwe i bezpieczne.<\/p>\n\n\n\n<p>Nacisn\u0105\u0107 jeden przycisk, a znajdziesz si\u0119 twarz\u0105 w twarz z kim\u015b nowym, gotowym dzieli\u0107 si\u0119 rozmow\u0105. Kliknij jeden raz, i&nbsp;<em>bam<\/em>\u2014stoisz twarz\u0105 w twarz z kim\u015b zupe\u0142nie nowym, przygotowanym porozmawia\u0107.&nbsp;<\/p>\n<\/div>\n<\/div>\n<\/div>\n<\/div>\n\n\n\n<div class=\"gbp-section\">\n<div class=\"gbp-section__inner\">\n<div class=\"gbp--margin-after gb-element-c9a0dcd4\">\n<h2 class=\"gb-text\"><strong>Dlaczego Tejcam g\u00f3rowa\u0107 nad reszt\u0105?<\/strong><\/h2>\n\n\n\n<p class=\"gb-text gb-text-a1c8ae48\">Dobre pytanie! Tejcam nie kopiuje po prostu istniej\u0105ce platformy do komunikacji \u2014 ona wymy\u015bla spos\u00f3b komunikowania si\u0119 z obcymi w trybie online.<br>Oto co wyr\u00f3\u017cnia Tejcam od innych:<\/p>\n<\/div>\n\n\n\n<div class=\"gb-element-2a2826e4\">\n<div class=\"gb-element-c0893001\">\n<div class=\"gb-element-ff677824\">\n<div>\n<h3 class=\"gb-text gb-text-57591bb4\">Konto nie jest wymagane<\/h3>\n\n\n\n<p>Zapomnij o \u017conglerce has\u0142ami. Po prostu kliknij &#034;Start&#034; i po\u0142\u0105cz si\u0119.<\/p>\n<\/div>\n<\/div>\n<\/div>\n\n\n\n<div class=\"gb-element-8adf1e8e\">\n<div class=\"gb-element-4bc0450f\"><div class=\"gb-container gb-container-006115cb\">\n\n<h3 class=\"gb-text gb-text-ddae5adb\">Globalny Zasi\u0119g<\/h3>\n\n\n\n<p>Od Brazylii do Bangladeszu, od wielkiej Brytanii do USA \u2014 spotykamy si\u0119 z r\u00f3\u017cnymi lud\u017ami, nie wychodz\u0105c ze swojego pokoju.<br><\/p>\n\n<\/div><\/div>\n<\/div>\n<\/div>\n\n\n\n<div class=\"gb-element-09fe3038\">\n<div class=\"gb-element-ef037f1c\">\n<div class=\"gb-element-7cb068e5\">\n<div>\n<h3 class=\"gb-text gb-text-763ee1f4\">Technologia inteligentnego doboru<\/h3>\n\n\n\n<p>\u017badnych bot\u00f3w. \u017badnych fa\u0142szywych profili. Tylko autentyczne rozmowy.<br><\/p>\n<\/div>\n<\/div>\n<\/div>\n\n\n\n<div class=\"gb-element-21358b55\">\n<div class=\"gb-element-b0f06bc6\"><div class=\"gb-container gb-container-9ed4dc95\">\n\n<h3 class=\"gb-text gb-text-eb721bd4\">Bezpiecze\u0144stwo przede wszystkim<\/h3>\n\n\n\n<p>Dziwne zachowanie? Tu nie ma. Inteligentne filtry i proste raporty zapewniaj\u0105 bezpiecze\u0144stwo swoich czat\u00f3w.<br><\/p>\n\n<\/div><\/div>\n<\/div>\n<\/div>\n\n\n\n<div class=\"gb-element-d74df224\">\n<div class=\"gb-element-5c5fe217\">\n<div class=\"gb-element-f6d80501\">\n<div>\n<h3 class=\"gb-text gb-text-3401ef7f\">B\u0142yskawiczne po\u0142\u0105czenia<\/h3>\n\n\n\n<p>Buforowanie? Nie-a. Natychmiastowe rozmowy oznaczaj\u0105, \u017ce nigdy nie czeka\u0107.<br><\/p>\n<\/div>\n<\/div>\n<\/div>\n\n\n\n<div class=\"gb-element-b29cb7fd\">\n<div class=\"gb-element-795b0837\"><div class=\"gb-container gb-container-5462ce48\">\n\n<h3 class=\"gb-text gb-text-378318e8\">Zgodno\u015b\u0107 mi\u0119dzy urz\u0105dzeniami<\/h3>\n\n\n\n<p>Laptop, tablet, telefon \u2014Tejcam wygl\u0105da i dzia\u0142a bez zarzutu wsz\u0119dzie. Nie wahaj si\u0119 rozmawia\u0107 podczas gotowania, podr\u00f3\u017cy do pracy lub ch\u0142odzenia.<br><\/p>\n\n<\/div><\/div>\n<\/div>\n<\/div>\n<\/div>\n<\/div>\n\n\n\n<div class=\"gbp--border-radius gb-element-bf282dd1\">\n<div class=\"gbp-section__inner\">\n<div class=\"gb-element-fce96c33\">\n<div>\n<h2 class=\"gb-text gb-text-d05aaa52\"><strong><strong>Po co si\u0119 m\u0119czy\u0107 rozmowami z nieznajomymi? Czy to nie jest troch\u0119 dziwne?<\/strong><\/strong><\/h2>\n\n\n\n<p>To prawda: nie, to nie jest dziwne. W rzeczywisto\u015bci, to mo\u017ce sta\u0107 si\u0119 jednym z najbardziej prawdziwych, otwieraj\u0105cych oczy wra\u017ce\u0144, kt\u00f3re b\u0119d\u0105 przez ca\u0142y dzie\u0144.<br>Sprawd\u017a, dlaczego:<\/p>\n\n\n\n<ul class=\"wp-block-list\">\n<li><strong>Psychiczna Detoksykacja<\/strong>: Czasami, po ucieczce ze swojego zwyk\u0142ego kr\u0119gu i \u043f\u043e\u0431\u043e\u043b\u0442\u0430\u0432 z nieznajomym, mo\u017cna oczy\u015bci\u0107 sw\u00f3j umys\u0142, jak \u015bwie\u017cy powiew.<\/li>\n\n\n\n<li><strong>Dziedzictwo badanie<\/strong>: Otw\u00f3rz si\u0119 na nowe perspektywy i styl \u017cycia, komunikowania si\u0119 z obcymi lud\u017ami na ca\u0142ym \u015bwiecie.<\/li>\n\n\n\n<li><strong>Strefa Zero Ci\u015bnienia<\/strong>: \u017badnych oczekiwa\u0144, nie musi robi\u0107 wra\u017cenie. Po prostu b\u0105d\u017a sob\u0105 \u2014 lub za\u0142\u00f3\u017c nowy obraz, je\u015bli chcesz.<\/li>\n\n\n\n<li><strong>Czysta \u041f\u0440\u043e\u0437\u043e\u0440\u043b\u0438\u0432\u043e\u0441\u0442\u044c<\/strong>Nigdy nie wiesz kogo spotkasz w nast\u0119puj\u0105cy spos\u00f3b \u2014 to jest to.<\/li>\n<\/ul>\n\n\n\n<p>Niezale\u017cnie od tego, czy jeste\u015b nie\u015bmia\u0142y, towarzyski cz\u0142owiek, albo s\u0105 gdzie\u015b po\u015brodku, TalktoStrangers na Tejcam oferuje plac zabaw dla prawdziwego, niezapisanych ludzkiej komunikacji.<\/p>\n\n\n\n<h2 class=\"wp-block-heading has-text-align-center\"><strong>Kto skacze na Tejcam?<\/strong><\/h2>\n\n\n\n<p>W sumie wszystko i nikomu. Oto zdj\u0119cie:<\/p>\n\n\n\n<ul class=\"wp-block-list\">\n<li>Studenci udaj\u0105 si\u0119 w przerwach mi\u0119dzy zaj\u0119ciami<\/li>\n\n\n\n<li>Podr\u00f3\u017cni, kt\u00f3rzy pragn\u0105 wymieni\u0107 si\u0119 historiami z mieszka\u0144cami<\/li>\n\n\n\n<li>\u041f\u043e\u043b\u0443\u043d\u043e\u0447\u043d\u0438\u043a\u0438, kt\u00f3rzy szukaj\u0105 firmy w p\u00f3\u017anych godzinach<\/li>\n\n\n\n<li>Ucz\u0105cy si\u0119 j\u0119zyka praktykowane w prawdziwych rozmowach<\/li>\n\n\n\n<li>Ludzie, kt\u00f3rzy potrzebuj\u0105 tego, aby ich s\u0142uchali po z\u0142amanego serca.<\/li>\n\n\n\n<li>Mi\u0142o\u015bnicy mem\u00f3w \u0142owcy \u015bmiechu<\/li>\n<\/ul>\n\n\n\n<p>Tejcam \u2014 to twoje ulubione miejsce zabaw, za wyj\u0105tkiem tego, \u017ce zamiast latte otrzymujesz prawdziwy kontakt z lud\u017ami. Spontaniczny, nieprzewidywalny, czasami dziwny \u2014 ale zawsze prawdziwy.<\/p>\n\n\n\n<h2 class=\"wp-block-heading has-text-align-center\"><strong>Klasyczne momenty, kt\u00f3re mo\u017cna zobaczy\u0107 tylko na Tejcam<\/strong><\/h2>\n\n\n\n<p>B\u0105d\u017amy szczerzy \u2014 w przypadkowych rozm\u00f3w wideo ma kilka charakterystycznych moment\u00f3w:<\/p>\n\n\n\n<ul class=\"wp-block-list\">\n<li>Ta zabawna, niezr\u0119czna pauza przed tym, jak kto\u015b macha r\u0119k\u0105: &#034;Cze\u015b\u0107!&#034;<\/li>\n\n\n\n<li>Znalezienie kogo\u015b, kto dziwne podobny do twojego sobowt\u00f3ra (Replika &#034;Jeste\u015bmy spokrewnieni?&#034; \u017cart)<\/li>\n\n\n\n<li>Omawiamy wielki sp\u00f3r o \u0430\u043d\u0430\u043d\u0430\u0441\u0430\u0445 na pizz\u0119<\/li>\n\n\n\n<li>Znajomo\u015b\u0107 z nieznajomym, kt\u00f3ry, jak si\u0119 okazuje, mieszka obok z tob\u0105<\/li>\n\n\n\n<li>\u015amiejesz si\u0119 tak mocno, \u017ce zapominasz, \u017ce to rozmowa z nieznajom\u0105.<\/li>\n<\/ul>\n\n\n\n<p>Te ma\u0142e pere\u0142ki - to, co sprawia, \u017ce Tejcam niezapomniany.<\/p>\n\n\n\n<h2 class=\"wp-block-heading\">Nie tylko jest rozmowa \u2014 To przygoda w ka\u017cdym klikni\u0119ciu<\/h2>\n\n\n\n<p>Sp\u00f3jrzmy prawdzie w oczy \u2014 rozmowy z nieznajomymi online, wcze\u015bniej by\u0142o cyfrow\u0105 wersj\u0105 &#034;Nie rozmawiaj z lud\u017ami w bia\u0142ych nich&#034;. Ale teraz? To ekscytuj\u0105ca cz\u0119\u015b\u0107 wsp\u00f3\u0142czesnego \u017cycia.<br>W\u0142 . <strong>Losowy czat wideo Tejcam<\/strong>ka\u017cde klikni\u0119cie to przycisk teleportacji gdziekolwiek. <em>nagle niesamowicie<\/em>.<\/p>\n\n\n\n<ul class=\"wp-block-list\">\n<li>Chcesz <strong>czat<\/strong> z kim\u015b w Tokio, podczas gdy masz niesamowite w Toronto? Jest \u0142atwo.<\/li>\n\n\n\n<li>Potrzebujesz kolego na nocne rozmowy, kt\u00f3ry <em>dostaje<\/em> twoje my\u015bli si\u0119 o 3 w nocy? S\u0142yszeli\u015bmy.<\/li>\n\n\n\n<li>Zastanawiam si\u0119, czy pasuje ananas do pizzy? Om\u00f3w to na \u017cywo \u2014 z nieznajomym.<\/li>\n<\/ul>\n\n\n\n<p>Niezale\u017cnie od tego, czy lubi\u0105 czy nadmiernym my\u015bleniem, \u0440\u0430\u0441\u043f\u0440\u043e\u0441\u0442\u0440\u0430\u043d\u044f\u0435\u0442\u0435\u0441\u044c czy szerzej lub po prostu niesko\u0144czona przewijania strony\u2014<strong>\u0422\u0435\u0439\u043a\u0430\u043c<\/strong> przynosi <strong>rozmawiaj z nieznajomymi<\/strong> wcielenie do\u015bwiadczenia w \u017cycie. Nie ma ci\u015bnienia. \u017badnych profili. Tylko ekran i \u015bwiat, pe\u0142na dziwnego wspania\u0142ych ludzi.<\/p>\n\n\n\n<h2 class=\"wp-block-heading\">Prawdziwi ludzie. Prawdziwe rozmowy. Magia kamery w czasie rzeczywistym<\/h2>\n\n\n\n<p>Tego nie ma w scenariuszu. To nie inscenizacja. To <strong>rozmowy wideo w czasie rzeczywistym<\/strong> z prawdziwymi lud\u017ami, kt\u00f3rzy nie wydawali 20 minut na wyb\u00f3r filtra.<br><strong>Losowy czat wideo Tejcam<\/strong> system przeznaczony jest dla os\u00f3b, kt\u00f3re chc\u0105 <strong>autentyczne zwi\u0105zku<\/strong>\u2014 taki, dla kt\u00f3rego nie mo\u017cna przesun\u0105\u0107 palcem.<\/p>\n\n\n\n<p>Dlatego to podoba profesjonalist\u00f3w, student\u00f3w, cierpi\u0105cych na bezsenno\u015b\u0107 i badacze:<\/p>\n\n\n\n<ul class=\"wp-block-list\">\n<li><strong>Nie ma wej\u015bcia. Nie ma profilu. Po prostu kliknij &#034;Start&#034; i m\u00f3wi.<\/strong><\/li>\n\n\n\n<li>Wbudowane filtry (typ zabezpiecze\u0144, a nie typu Snapchat z psi\u0105 uszy) zapewniaj\u0105 czysto\u015b\u0107 czat\u00f3w.<\/li>\n\n\n\n<li><strong>Rozs\u0105dne randki<\/strong> stawia ci\u0119 w parze z <em>to prawdziwi ludzie<\/em>a nie spam-boty.<\/li>\n\n\n\n<li>Nigdy nie wiesz, kto b\u0119dzie nast\u0119pny - i to jest najlepsze.<\/li>\n<\/ul>\n\n\n\n<p>Od nieskr\u0119powanego \u015bmiechu, a\u017c nagle g\u0142\u0119bokich rozm\u00f3w, <strong>\u0422\u0435\u0439\u043a\u0430\u043c<\/strong> robi <strong>czat z nieznajomymi<\/strong> poczuj si\u0119 jak \u0142atwe i ludzki.<\/p>\n<\/div>\n<\/div>\n<\/div>\n<\/div>\n\n\n\n<div class=\"gbp--border-radius gb-element-b2683b59\">\n<div class=\"gbp-section__inner\">\n<div class=\"gb-element-024a9ffb\">\n<div>\n<h2 class=\"gb-text gb-text-36432b33\"><strong><strong><strong>Bezpiecze\u0144stwo przede wszystkim: Jak chroni\u0107 si\u0119 podczas komunikacji na czacie<\/strong><\/strong><\/strong><\/h2>\n\n\n\n<p>Ciesz si\u0119 zabaw\u0105, ale nie tra\u0107 psychiczne. Tejcam stworzony z uwzgl\u0119dnieniem wzgl\u0119d\u00f3w bezpiecze\u0144stwa, ale oto przypomnienie:<\/p>\n\n\n\n<p>Nigdy nie udost\u0119pnia\u0107 poufnych informacji osobistych (oczywi\u015bcie).<\/p>\n\n\n\n<p>Je\u015bli kto\u015b zachowuje si\u0119 niew\u0142a\u015bciwie, naci\u015bnij &#034;Skip&#034;, bez wahania.<\/p>\n\n\n\n<p>Prosz\u0119 \u2014 za ekranem prawdziwy cz\u0142owiek.<\/p>\n\n\n\n<p>Zaufaj swoim instynktom. Je\u015bli czujesz, \u017ce co\u015b jest nie tak, \u017cyj dalej.<\/p>\n\n\n\n<p>Zg\u0142asza\u0107 nieodpowiednie zachowanie \u2014 zesp\u00f3\u0142 Tejcam powa\u017cnie odnosi si\u0119 do tego.<\/p>\n\n\n\n<h2 class=\"wp-block-heading has-text-align-center\"><strong><strong>Podsumowuj\u0105c: czeka na Was kolejny wspania\u0142y rozmow\u0119<\/strong><\/strong><\/h2>\n\n\n\n<p>W dzisiejszym \u015bwiecie nieko\u0144cz\u0105cej przewijania, starannie dobranych profili i filtrowane kana\u0142\u00f3w Tejcam - to powiew \u015bwie\u017cego powietrza. To pierwotne, prawdziwe i spontaniczne wsp\u00f3\u0142dzia\u0142anie ludzi w najlepszym wydaniu.<\/p>\n\n\n\n<p>Czy chcesz si\u0119 po\u015bmia\u0107, porozmawia\u0107 szczerze lub po prostu rozwia\u0107 nud\u0119, Tejcam sprawi ci przyjemno\u015b\u0107.<\/p>\n\n\n\n<p>Nie tylko korzystaj z tre\u015bci\u0105 \u2014 \u0142\u0105cz. Kolejny niezapomniany czat zaledwie jednym klikni\u0119ciu.<\/p>\n<\/div>\n<\/div>\n<\/div>\n<\/div>","protected":false},"excerpt":{"rendered":"<p>Talk to Strangers &#8211; Online Free on Tejcam Today. Let\u2019s be honest: the idea to&nbsp;talk to strangers&nbsp;online once felt a bit awkward or even risky. But that\u2019s changed\u2014thanks to platforms like&nbsp;TalktoStrangers&nbsp;on Tejcam, connecting with new people is now exciting, safe, and surprisingly meaningful. Whether you want to&nbsp;talk to strangers&nbsp;at 2 AM, explore cultures far away, &#8230; <a title=\"Strona g\u0142\u00f3wna\" class=\"read-more\" href=\"https:\/\/tejcam.com\/pl\/\" aria-label=\"Dowiedz si\u0119 wi\u0119cej o Home\">Czytaj dalej<\/a><\/p>","protected":false},"author":1,"featured_media":0,"parent":0,"menu_order":0,"comment_status":"closed","ping_status":"closed","template":"","meta":{"footnotes":""},"class_list":{"0":"post-39740","1":"page","2":"type-page","3":"status-publish","5":"no-featured-image-padding"},"_links":{"self":[{"href":"https:\/\/tejcam.com\/pl\/wp-json\/wp\/v2\/pages\/39740","targetHints":{"allow":["GET"]}}],"collection":[{"href":"https:\/\/tejcam.com\/pl\/wp-json\/wp\/v2\/pages"}],"about":[{"href":"https:\/\/tejcam.com\/pl\/wp-json\/wp\/v2\/types\/page"}],"author":[{"embeddable":true,"href":"https:\/\/tejcam.com\/pl\/wp-json\/wp\/v2\/users\/1"}],"replies":[{"embeddable":true,"href":"https:\/\/tejcam.com\/pl\/wp-json\/wp\/v2\/comments?post=39740"}],"version-history":[{"count":0,"href":"https:\/\/tejcam.com\/pl\/wp-json\/wp\/v2\/pages\/39740\/revisions"}],"wp:attachment":[{"href":"https:\/\/tejcam.com\/pl\/wp-json\/wp\/v2\/media?parent=39740"}],"curies":[{"name":"wp","href":"https:\/\/api.w.org\/{rel}","templated":true}]}}