{"id":43882,"date":"2025-06-28T17:51:01","date_gmt":"2025-06-28T12:51:01","guid":{"rendered":"https:\/\/tejcam.com\/?page_id=43882"},"modified":"2025-06-28T17:51:02","modified_gmt":"2025-06-28T12:51:02","slug":"about-tejcam","status":"publish","type":"page","link":"https:\/\/tejcam.com\/pl\/about-tejcam\/","title":{"rendered":"O firmie Tejcam"},"content":{"rendered":"<h2 class=\"wp-block-heading\">Witamy na Tejcam \u2013 zabawa zaczyna si\u0119 tutaj!<\/h2>\n\n\n\n<p>W <strong>\u0422\u0435\u0439\u043a\u0430\u043c<\/strong>nie jeste\u015bmy impreza - po prostu <em>uka\u017c\u0119 ci na to<\/em>. Pomy\u015bl o nas, jako o stromych znajomych, kt\u00f3rzy zawsze wiedz\u0105, gdzie jest najbardziej interesuj\u0105ce. \u0141\u0105czymy si\u0119 z najlepszymi <strong>platformy dla przypadkowych rozm\u00f3w wideo<\/strong> na przyk\u0142ad, Coomeet i inne aplikacje do komunikacji z obcymi. Nudne czy ci, samotny, ciekawe lub po prostu komunikowa\u0107 si\u0119, jeste\u015bmy tutaj, aby urozmaici\u0107 swoje cyfrowe \u017cycie.<\/p>\n\n\n\n<h3 class=\"wp-block-heading\">Co robimy (opr\u00f3cz tego, \u017ce fajnie wygl\u0105damy)?<\/h3>\n\n\n\n<p>Sp\u00f3jrzmy na to na p\u00f3\u0142kach:<\/p>\n\n\n\n<ul class=\"wp-block-list\">\n<li>\ud83d\udd17 <strong>\u0141\u0105czymy ci\u0119<\/strong> na innych czat-platforma, gdzie mo\u017cna rozmawia\u0107 z nieznajomymi z ca\u0142ego \u015bwiata.<\/li>\n\n\n\n<li>\ud83d\udd0d <strong>Uwa\u017camy, \u017ce warto<\/strong> najlepsze alternatywy Omegle i Chatroulette, aby nie wydawali sw\u00f3j czas na \u0433\u043b\u044e\u0447\u043d\u044b\u0435 lub w\u0105tpliwych witryn.<\/li>\n\n\n\n<li>\ud83e\udde0 <strong>Kierujemy was<\/strong> poprzez bezpieczny, anonimowy czat - tak mo\u017cna si\u0119 bawi\u0107 <em>bez<\/em> w ko\u0144cu znajdziesz si\u0119 w grotesk\u0119 online-opowie\u015b\u0107 grozy.<\/li>\n<\/ul>\n\n\n\n<p>\u017badnych pobra\u0144. Brak rejestracji. Po prostu zwyk\u0142y chaos na czacie w stylu Tejcam.<\/p>\n\n\n\n<h3 class=\"wp-block-heading\">Czy jeste\u015bmy sami Czat-platforma?<\/h3>\n\n\n\n<p>Nie! My jako dj w klubie: dobieramy bity (znane r\u00f3wnie\u017c jako linki), ale nie kontrolujemy parkiet. Rozmowy odbywaj\u0105 si\u0119 na <strong>witryny innych firm<\/strong> \u2014 \u041a\u0443\u043c\u0438\u0442 i inne \u2014 tak, \u017ce wszystko, co dzieje si\u0119 podczas tych rozm\u00f3w wideo, pozostaje mi\u0119dzy tob\u0105 a nimi.<\/p>\n\n\n\n<h3 class=\"wp-block-heading\">Dlaczego Tejcam?<\/h3>\n\n\n\n<p>Bo przypadkowe rozmowy powinny by\u0107:<\/p>\n\n\n\n<ul class=\"wp-block-list\">\n<li><strong>Zabawa<\/strong> (powa\u017cnie, gdzie jeszcze mo\u017cna spotka\u0107 norweskiego magika w 2 godziny w nocy?)<\/li>\n\n\n\n<li><strong>\u0141atwo<\/strong> (klikaj i do przodu!)<\/li>\n\n\n\n<li><strong>Nieoczekiwany<\/strong> (obca niebezpiecze\u0144stwo? Bardziej wygl\u0105da na obcy \u015bmiech ... wi\u0119kszo\u015b\u0107 czasu.)<\/li>\n\n\n\n<li><strong>Bezpieczny<\/strong> (zawsze zach\u0119camy m\u0105drego, szacunku komunikacji na czacie)<\/li>\n<\/ul>\n\n\n\n<h3 class=\"wp-block-heading\">Dla kogo przeznaczony jest Tejcam?<\/h3>\n\n\n\n<p>Ka\u017cdy, kto chce:<\/p>\n\n\n\n<ul class=\"wp-block-list\">\n<li>Dla <strong>rozmawiaj z nieznajomymi<\/strong> bez dziwnych rejestracje<\/li>\n\n\n\n<li>A <strong>odpocznijcie od zgie\u0142ku medi\u00f3w spo\u0142eczno\u015bciowych<\/strong><\/li>\n\n\n\n<li>Szybkie \u015bmiech, o\u017cywiona rozmowa lub po prostu jakie\u015b przypadkowe tajemniczo\u015bci<\/li>\n\n\n\n<li>Aby znale\u017a\u0107 alternatywy rozmowy, kt\u00f3re naprawd\u0119 dzia\u0142aj\u0105<\/li>\n<\/ul>\n\n\n\n<h3 class=\"wp-block-heading\">Prawny rozmowa (Tfu, ale wa\u017cny)<\/h3>\n\n\n\n<p>Jeste\u015bmy <strong>nie posiada\u0107 i nie kierowa\u0107<\/strong> platformy, do kt\u00f3rych jeste\u015bmy teraz. Jeste\u015bmy <strong>mechanizm rekomendacji<\/strong>, a nie w maszynowni. \u041a\u043b\u0438\u043a\u0430\u0435\u0448\u044c, rozmawia\u0107, cieszy\u0107 si\u0119 (lub nie uciekasz \u2014 to cz\u0119\u015b\u0107 zabawy). Tylko pami\u0119taj: podpisz tutaj <strong>ich<\/strong> zasady, nie nasze.<\/p>\n\n\n\n<h3 class=\"wp-block-heading\">Zostawmy To Losowo<\/h3>\n\n\n\n<p>Tejcam - dziwny ma\u0142y zak\u0105tek internetu, i nam si\u0119 to podoba. Zawsze otwieramy dla siebie nowe miejsca do komunikacji, dlatego nale\u017cy sprawdza\u0107, czy nasz <strong>Opcje komunikacji na czacie<\/strong> oddziel cz\u0119sto. Nigdy nie wiesz, co (lub kogo) znajdziesz.<\/p>","protected":false},"excerpt":{"rendered":"<p>Welcome to Tejcam \u2013 The Fun Starts Here! At Tejcam, we&#8217;re not the party \u2014 we just point you to it. Think of us as the cool friend who always knows where the fun is. We connect you with the best random video chat platforms out there, like Coomeet and other stranger-friendly chat apps. Whether &#8230; <a title=\"O firmie Tejcam\" class=\"read-more\" href=\"https:\/\/tejcam.com\/pl\/about-tejcam\/\" aria-label=\"Dowiedz si\u0119 wi\u0119cej o About Tejcam\">Czytaj dalej<\/a><\/p>","protected":false},"author":1,"featured_media":0,"parent":0,"menu_order":0,"comment_status":"closed","ping_status":"closed","template":"","meta":{"footnotes":""},"class_list":{"0":"post-43882","1":"page","2":"type-page","3":"status-publish","5":"no-featured-image-padding"},"_links":{"self":[{"href":"https:\/\/tejcam.com\/pl\/wp-json\/wp\/v2\/pages\/43882","targetHints":{"allow":["GET"]}}],"collection":[{"href":"https:\/\/tejcam.com\/pl\/wp-json\/wp\/v2\/pages"}],"about":[{"href":"https:\/\/tejcam.com\/pl\/wp-json\/wp\/v2\/types\/page"}],"author":[{"embeddable":true,"href":"https:\/\/tejcam.com\/pl\/wp-json\/wp\/v2\/users\/1"}],"replies":[{"embeddable":true,"href":"https:\/\/tejcam.com\/pl\/wp-json\/wp\/v2\/comments?post=43882"}],"version-history":[{"count":0,"href":"https:\/\/tejcam.com\/pl\/wp-json\/wp\/v2\/pages\/43882\/revisions"}],"wp:attachment":[{"href":"https:\/\/tejcam.com\/pl\/wp-json\/wp\/v2\/media?parent=43882"}],"curies":[{"name":"wp","href":"https:\/\/api.w.org\/{rel}","templated":true}]}}