{"id":43887,"date":"2025-06-28T18:27:08","date_gmt":"2025-06-28T13:27:08","guid":{"rendered":"https:\/\/tejcam.com\/?page_id=43887"},"modified":"2025-06-28T18:27:09","modified_gmt":"2025-06-28T13:27:09","slug":"disclaimer","status":"publish","type":"page","link":"https:\/\/tejcam.com\/pl\/disclaimer\/","title":{"rendered":"Zrzeczenie si\u0119 odpowiedzialno\u015bci"},"content":{"rendered":"<h2 class=\"wp-block-heading\">Zrzeczenie si\u0119 odpowiedzialno\u015bci<\/h2>\n\n\n\n<p>W <strong>Tejcam.com<\/strong>Nasza praca jest prosta: my poznajemy ciekawych ludzi (takich jak ty) z niekt\u00f3rymi z najbardziej popularnych witryn Internetowych. <strong>platformy dla przypadkowych rozm\u00f3w wideo<\/strong> \u2014 jak Coomeet, Omegle i Chatrandom. Ale postawmy spraw\u0119 jasno.: <strong>nie jeste\u015bmy w\u0142a\u015bcicielami, nie kontrolujemy i nie kontrolujemy ani jeden z tych witryn.<\/strong><\/p>\n\n\n\n<p>To zastrze\u017cenie wyja\u015bnia, gdzie ko\u0144czy si\u0119 nasza odpowiedzialno\u015b\u0107 i zaczyna si\u0119 twoja.<\/p>\n\n\n\n<h3 class=\"wp-block-heading\">1. Nie mo\u017cemy uruchomi\u0107 Czat-przyj\u0119cie<\/h3>\n\n\n\n<p>Tejcam - to tylko przewodnikiem, a nie prowadz\u0105cy.<br>Robimy <strong>nie<\/strong> posiada\u0107, zarz\u0105dza\u0107 lub oficjalnie wspiera\u0107 ka\u017cd\u0105 z platform, na kt\u00f3re si\u0119 powo\u0142ujemy. To oznacza:<\/p>\n\n\n\n<ul class=\"wp-block-list\">\n<li>Nie stoimy za rozm\u00f3w lub rozmowami wideo.<\/li>\n\n\n\n<li>Nie \u043c\u043e\u0434\u0435\u0440\u0438\u0440\u0443\u0435\u043c rozmowy i nie przechowujemy dane na czacie.<\/li>\n\n\n\n<li>Nie mo\u017cemy zmieni\u0107 tego, jak dzia\u0142aj\u0105 te platformy (lub je naprawi\u0107, je\u015bli one zawiod\u0105).<\/li>\n<\/ul>\n\n\n\n<p>Ka\u017cda platforma taka jak Coomeet , dzia\u0142a pod swoim <strong>w\u0142asne zasady i polityka<\/strong>Koniecznie sprawd\u017a je przed nurkowaniem.<\/p>\n\n\n\n<h3 class=\"wp-block-heading\">2. U\u017cyj na w\u0142asne ryzyko<\/h3>\n\n\n\n<p>Zachowajmy to w rzeczywisto\u015bci:<\/p>\n\n\n\n<ul class=\"wp-block-list\">\n<li><strong>Nie ma gwarancji.<\/strong> Nie mo\u017cemy obieca\u0107, \u017ce ka\u017cda platforma jest w 100% bezpieczny, stabilny lub nawet legalne w twoim kraju.<\/li>\n\n\n\n<li><strong>\u017badnej kontroli nad tre\u015bci\u0105.<\/strong> Nie ponosimy odpowiedzialno\u015bci za cokolwiek niestosowne, niew\u0142a\u015bciwe, lub po prostu dziwne, z czym mo\u017cna spotka\u0107 si\u0119 na czacie.<\/li>\n\n\n\n<li><strong>\u017badnej odpowiedzialno\u015bci.<\/strong> Je\u015bli wyrzucony z listy, poddany \u0442\u0440\u043e\u043b\u043b\u044e, oszustwa lub spowoduje emocjonalny cios \u2014 to smutne, ale to dotyczy tylko ciebie i tej platformy.<\/li>\n<\/ul>\n\n\n\n<h3 class=\"wp-block-heading\">3. Co <em>Ty<\/em> Trzeba zrobi\u0107<\/h3>\n\n\n\n<p>Z wielk\u0105 zdolno\u015bci\u0105 rozmawia\u0107 przychodzi wielka odpowiedzialno\u015b\u0107:<\/p>\n\n\n\n<ul class=\"wp-block-list\">\n<li><strong>Przeczytaj zasady.<\/strong> Zapoznaj si\u0119 z warunkami korzystania z us\u0142ug platformy i polityk\u0105 prywatno\u015bci przed rozpocz\u0119ciem korzystania z niej.<\/li>\n\n\n\n<li><strong>Chro\u0144 swoje informacje.<\/strong> Nie wolno ujawnia\u0107 dane osobowe, takie jak adres, has\u0142a i dane karty kredytowej.<\/li>\n\n\n\n<li><strong>Przestrzegaj ogranicze\u0144 wiekowych.<\/strong> Wi\u0119kszo\u015b\u0107 platform 18+, i to jest dobry pow\u00f3d. Je\u015bli jeste\u015b niepe\u0142noletni \u2014 przepraszam, wr\u00f3\u0107 p\u00f3\u017aniej.<\/li>\n<\/ul>\n\n\n\n<h3 class=\"wp-block-heading\">4. Linki zewn\u0119trzne nie nale\u017c\u0105 do Nas<\/h3>\n\n\n\n<p>Linki, kt\u00f3re oferujemy, s\u0105 przeznaczone dla <strong>dla twojej wygody<\/strong>ale nie mo\u017cemy kontrolowa\u0107, co dzieje si\u0119 po klikni\u0119ciu. Platformy mog\u0105 zmienia\u0107 swoje zasady, uk\u0142ad lub tre\u015bci, a nie \u0443\u0432\u0435\u0434\u043e\u043c\u043b\u044f\u0435\u043c\u0441\u044f. Zawsze sprawdzaj przed u\u017cyciem.<\/p>\n\n\n\n<h3 class=\"wp-block-heading\">5. Kwestie prawne (s\u0105 Odszkodowania)<\/h3>\n\n\n\n<p>Za pomoc\u0105 Tejcam, zgadzasz si\u0119 z tym, \u017ce je\u015bli co\u015b p\u00f3jdzie nie tak, jak kiedy\u015b platform\u0119, na kt\u00f3r\u0105 si\u0119 powo\u0142ujemy, <strong>nie b\u0119dzie obarcza\u0107 nas odpowiedzialno\u015bci\u0105<\/strong>. To obejmuje:<\/p>\n\n\n\n<ul class=\"wp-block-list\">\n<li>Prawne roszczenia<\/li>\n\n\n\n<li>Utrata danych<\/li>\n\n\n\n<li>Walczy z obcymi w losowej czacie<\/li>\n<\/ul>\n\n\n\n<p>U\u017cytkownik wyra\u017ca zgod\u0119 na <strong>broni\u0107, zabezpiecza\u0107 i chroni\u0107<\/strong> Tejcam i jej zesp\u00f3\u0142 s\u0105 zwolnione z jakiejkolwiek odpowiedzialno\u015bci lub szkody zwi\u0105zane z korzystaniem z platformy innych producent\u00f3w.<\/p>\n\n\n\n<h3 class=\"wp-block-heading\">6. Ostatnie s\u0142owo<\/h3>\n\n\n\n<p>Tejcam istnieje po to, aby <strong>nauczajcie, kierowa\u0107 i rozrywki<\/strong>. Nie jeste\u015bmy przedstawicielem obs\u0142ugi klienta danej platformy. Dlatego, je\u015bli zostaniesz zbanowany, znale\u017a\u0107 b\u0142\u0119dy lub chcesz odzyska\u0107 pieni\u0105dze, trzeba b\u0119dzie skontaktowa\u0107 si\u0119 z platform\u0105 bezpo\u015brednio.<\/p>\n\n\n\n<h3 class=\"wp-block-heading\">B\u0105d\u017a bezpieczny. B\u0105d\u017a m\u0105dry. Zosta\u0144 dziwne jest dost\u0119p do internetu.<\/h3>","protected":false},"excerpt":{"rendered":"<p>Disclaimer At Tejcam.com, our job is simple: we connect curious people (like you) with some of the internet\u2019s most popular random video chat platforms \u2014 like Coomeet, Omegle, and Chatrandom. But let\u2019s be clear: we don\u2019t own, run, or control any of these sites. This disclaimer explains where our responsibility ends and yours begins. 1. &#8230; <a title=\"Zrzeczenie si\u0119 odpowiedzialno\u015bci\" class=\"read-more\" href=\"https:\/\/tejcam.com\/pl\/disclaimer\/\" aria-label=\"Dowiedz si\u0119 wi\u0119cej o Disclaimer\">Czytaj dalej<\/a><\/p>","protected":false},"author":1,"featured_media":0,"parent":0,"menu_order":0,"comment_status":"closed","ping_status":"closed","template":"","meta":{"footnotes":""},"class_list":{"0":"post-43887","1":"page","2":"type-page","3":"status-publish","5":"no-featured-image-padding"},"_links":{"self":[{"href":"https:\/\/tejcam.com\/pl\/wp-json\/wp\/v2\/pages\/43887","targetHints":{"allow":["GET"]}}],"collection":[{"href":"https:\/\/tejcam.com\/pl\/wp-json\/wp\/v2\/pages"}],"about":[{"href":"https:\/\/tejcam.com\/pl\/wp-json\/wp\/v2\/types\/page"}],"author":[{"embeddable":true,"href":"https:\/\/tejcam.com\/pl\/wp-json\/wp\/v2\/users\/1"}],"replies":[{"embeddable":true,"href":"https:\/\/tejcam.com\/pl\/wp-json\/wp\/v2\/comments?post=43887"}],"version-history":[{"count":0,"href":"https:\/\/tejcam.com\/pl\/wp-json\/wp\/v2\/pages\/43887\/revisions"}],"wp:attachment":[{"href":"https:\/\/tejcam.com\/pl\/wp-json\/wp\/v2\/media?parent=43887"}],"curies":[{"name":"wp","href":"https:\/\/api.w.org\/{rel}","templated":true}]}}