{"id":30249,"date":"2023-08-24T20:15:00","date_gmt":"2023-08-24T20:15:00","guid":{"rendered":"https:\/\/sites.generatepress.com\/affinity\/?page_id=30249"},"modified":"2025-06-28T18:20:33","modified_gmt":"2025-06-28T13:20:33","slug":"privacy-policy","status":"publish","type":"page","link":"https:\/\/tejcam.com\/pt\/privacy-policy\/","title":{"rendered":"Pol\u00edtica De Privacidade"},"content":{"rendered":"<div class=\"gb-container gb-container-00dad267 gbp-section\">\n<div class=\"gb-container gb-container-7c095171 gb-container-e12be6ba gbp-section__inner\">\n\n<h2 class=\"gb-headline gb-headline-2005c800 gb-headline-text\">Tejcam Pol\u00edtica De Privacidade<\/h2>\n\n\n\n<p>Em Tejcam, n\u00f3s servir como um informativo intermedi\u00e1rio para conectar usu\u00e1rios a terceiros plataformas, como Coomeet e outros similares para v\u00eddeo aleat\u00f3rio conversar. O que fazemos <strong>n\u00e3o<\/strong> operar, possuir ou controlar a funcionalidade de bate-papo ou pr\u00e1ticas destas plataformas. Esta pol\u00edtica explica o nosso papel limitado e como sua privacidade \u00e9 tratada:<\/p>\n\n\n\n<h3 class=\"wp-block-heading\">1. Nosso Papel<\/h3>\n\n\n\n<p>Tejcam principal objetivo \u00e9 fornecer um conte\u00fado educacional, dicas \u00fateis e orienta\u00e7\u00f5es sobre aleat\u00f3ria de chat de v\u00eddeo, plataformas. O que fazemos <strong>n\u00e3o<\/strong> coletar, armazenar ou processar quaisquer dados pessoais de seus bate-papos ou as intera\u00e7\u00f5es de terceiros plataformas.<\/p>\n\n\n\n<h3 class=\"wp-block-heading\">2. De terceiros Plataformas (por exemplo, Coomeet E Outros Similares)<\/h3>\n\n\n\n<p>O bate-papo, plataformas de link para n\u00f3s, como Coomeet, \u00e9 respons\u00e1vel por todas as opera\u00e7\u00f5es de bate-papo, incluindo as intera\u00e7\u00f5es do usu\u00e1rio, coleta de dados, de modera\u00e7\u00e3o e de seguran\u00e7a. Qualquer informa\u00e7\u00e3o que voc\u00ea compartilha durante as suas conversas\u2014se de v\u00eddeo, \u00e1udio ou texto\u2014\u00e9 regido apenas por suas pol\u00edticas de privacidade. N\u00f3s encorajamos voc\u00ea a rever suas pol\u00edticas atentamente antes de utilizar.<\/p>\n\n\n\n<p>N\u00f3s assumem qualquer responsabilidade em rela\u00e7\u00e3o a terceiros, pr\u00e1ticas de dados, o comportamento do usu\u00e1rio, ou problemas t\u00e9cnicos.<\/p>\n\n\n\n<h3 class=\"wp-block-heading\">3. Informa\u00e7\u00f5es Que Coletamos<\/h3>\n\n\n\n<ul class=\"wp-block-list\">\n<li><strong>An\u00f4nimo dados de navega\u00e7\u00e3o:<\/strong> N\u00f3s coletamos limitada, informa\u00e7\u00f5es n\u00e3o pessoais, tais como endere\u00e7o IP, tipo de dispositivo, e sess\u00e3o de atividade para ajudar a melhorar o nosso site de usabilidade e desempenho.<\/li>\n\n\n\n<li><strong>Dados pessoais:<\/strong> N\u00f3s n\u00e3o recolher nomes de usu\u00e1rio, endere\u00e7os de e-mail, bate-papo conte\u00fado, ou quaisquer identificadores pessoais.<\/li>\n<\/ul>\n\n\n\n<h3 class=\"wp-block-heading\">4. Sua Responsabilidade<\/h3>\n\n\n\n<ul class=\"wp-block-list\">\n<li>Sempre ler e entender as pol\u00edticas de privacidade de plataformas que voc\u00ea usar (como o Coomeet e outros similares).<\/li>\n\n\n\n<li>Evitar o compartilhamento de informa\u00e7\u00f5es confidenciais ou pessoais durante as conversas (por exemplo, endere\u00e7o, palavras-passe).<\/li>\n\n\n\n<li>Relat\u00f3rio de qualquer mau uso ou atividade suspeita diretamente para a plataforma de terceiros equipe de apoio.<\/li>\n<\/ul>\n\n\n\n<h3 class=\"wp-block-heading\">5. Cookies<\/h3>\n\n\n\n<p>Tejcam usa o m\u00ednimo de cookies estritamente para manter a funcionalidade do site, tais como a preserva\u00e7\u00e3o da sua sess\u00e3o de prefer\u00eancias. Esses cookies fazer <strong>n\u00e3o<\/strong> acompanhe o seu bate-papo atividades de terceiros plataformas.<\/p>\n\n\n\n<h3 class=\"wp-block-heading\">6. Seguran\u00e7a Avisos De Isen\u00e7\u00e3o De Responsabilidade<\/h3>\n\n\n\n<p>Enquanto n\u00f3s tomamos medidas para garantir o nosso site, n\u00f3s n\u00e3o podemos garantir a seguran\u00e7a ou a seguran\u00e7a de terceiros plataformas ou as intera\u00e7\u00f5es do usu\u00e1rio l\u00e1. Por favor, tenha cuidado e a pr\u00e1tica segura conversando h\u00e1bitos ao se conectar com estranhos.<\/p>\n\n\n\n<h3 class=\"wp-block-heading\">7. Privacidade de crian\u00e7as<\/h3>\n\n\n\n<p>Tejcam e as plataformas link para n\u00f3s s\u00e3o destinados a usu\u00e1rios <strong>18 anos e mais velhos<\/strong>. N\u00e3o coletamos conscientemente informa\u00e7\u00f5es pessoais de crian\u00e7as menores de 18 anos. Se voc\u00ea \u00e9 um pai ou tutor e acredita que seu filho tem usado o nosso site ou ligados plataformas, por favor contacte-nos imediatamente.<\/p>\n\n\n\n<h3 class=\"wp-block-heading\">8. Reten\u00e7\u00e3o De Dados<\/h3>\n\n\n\n<p>Desde que n\u00f3s n\u00e3o coletamos dados pessoais ou conte\u00fado de bate-papo, vamos manter o m\u00ednimo de navega\u00e7\u00e3o an\u00f4nima dados temporariamente para melhorar nossos servi\u00e7os. N\u00f3s n\u00e3o armazenar ou compartilhar as informa\u00e7\u00f5es pessoais espec\u00edficas.<\/p>\n\n\n\n<h3 class=\"wp-block-heading\">9. Atualiza\u00e7\u00f5es Da Pol\u00edtica<\/h3>\n\n\n\n<p>N\u00f3s podemos atualizar esta Pol\u00edtica de Privacidade para refletir as altera\u00e7\u00f5es nos requisitos legais ou plataforma de terceiros pr\u00e1ticas. Seu uso continuado do Tejcam ap\u00f3s atualiza\u00e7\u00f5es implica a aceita\u00e7\u00e3o da pol\u00edtica de revista.<\/p>\n\n\n\n<h3 class=\"wp-block-heading\">10. Contacte-Nos<\/h3>\n\n\n\n<p>Se voc\u00ea tiver d\u00favidas sobre Tejcam pr\u00e1ticas de privacidade ou o conte\u00fado de um website, por favor, chegar em tejcamdotcom@gmail.com Para quest\u00f5es de privacidade relacionadas com bate-papo plataformas, como Coomeet, por favor, entrar em contato com esses plataformas diretamente.<\/p>\n\n<\/div>\n<\/div>","protected":false},"excerpt":{"rendered":"<p>Tejcam Privacy Policy At Tejcam, we serve as an informational intermediary connecting users to third-party platforms like Coomeet and other similar for random video chatting. We do not operate, own, or control the chat functionality or data practices of these platforms. This policy explains our limited role and how your privacy is handled: 1. Our &#8230; <a title=\"Pol\u00edtica De Privacidade\" class=\"read-more\" href=\"https:\/\/tejcam.com\/pt\/privacy-policy\/\" aria-label=\"Read more about Privacy Policy\">Leia mais<\/a><\/p>","protected":false},"author":1,"featured_media":0,"parent":0,"menu_order":0,"comment_status":"closed","ping_status":"closed","template":"","meta":{"footnotes":""},"class_list":{"0":"post-30249","1":"page","2":"type-page","3":"status-publish","5":"no-featured-image-padding"},"_links":{"self":[{"href":"https:\/\/tejcam.com\/pt\/wp-json\/wp\/v2\/pages\/30249","targetHints":{"allow":["GET"]}}],"collection":[{"href":"https:\/\/tejcam.com\/pt\/wp-json\/wp\/v2\/pages"}],"about":[{"href":"https:\/\/tejcam.com\/pt\/wp-json\/wp\/v2\/types\/page"}],"author":[{"embeddable":true,"href":"https:\/\/tejcam.com\/pt\/wp-json\/wp\/v2\/users\/1"}],"replies":[{"embeddable":true,"href":"https:\/\/tejcam.com\/pt\/wp-json\/wp\/v2\/comments?post=30249"}],"version-history":[{"count":0,"href":"https:\/\/tejcam.com\/pt\/wp-json\/wp\/v2\/pages\/30249\/revisions"}],"wp:attachment":[{"href":"https:\/\/tejcam.com\/pt\/wp-json\/wp\/v2\/media?parent=30249"}],"curies":[{"name":"wp","href":"https:\/\/api.w.org\/{rel}","templated":true}]}}