{"id":39740,"date":"2023-07-24T20:08:03","date_gmt":"2023-07-24T20:08:03","guid":{"rendered":"https:\/\/business-one.local\/?page_id=7"},"modified":"2025-07-01T18:58:07","modified_gmt":"2025-07-01T13:58:07","slug":"home","status":"publish","type":"page","link":"https:\/\/tejcam.com\/pt\/","title":{"rendered":"Casa"},"content":{"rendered":"<header class=\"gb-element-84a45700\">\n<div class=\"gbp-section__inner\">\n<div class=\"gb-element-668476e3\">\n<div class=\"gb-element-b37c8662\">\n<h1 class=\"gb-text gb-text-f1f6b810\"><strong>Falar com Estranhos \u2013 On-line Gratuito no<\/strong> <mark style=\"background-color:rgba(0, 0, 0, 0)\" class=\"has-inline-color has-accent-color\">Tejcam<\/mark> Hoje.<\/h1>\n\n\n\n<p class=\"gb-text gb-text-f9584e56\">Vamos ser honestos: a ideia de&nbsp;<strong>fale com estranhos<\/strong>&nbsp;on-line uma vez me senti um pouco estranho ou at\u00e9 mesmo arriscada. Mas isso mudou, gra\u00e7as a plataformas como&nbsp;<strong>TalktoStrangers<\/strong>&nbsp;no Tejcam, conectando-se com novas pessoas agora \u00e9 emocionante, seguro, e surpreendentemente significativa.<\/p>\n\n\n\n<p>Se voc\u00ea deseja&nbsp;<strong>fale com estranhos<\/strong>&nbsp;\u00e0s 2 da manh\u00e3, explorar culturas longe, ou apenas ter alguns espont\u00e2neo, divertido,&nbsp;<strong>TalktoStrangers<\/strong>&nbsp;no Tejcam \u00e9 o lugar perfeito.<\/p>\n<\/div>\n\n\n\n<div class=\"gb-element-0c29e940\">\n<figure class=\"wp-block-image size-full\"><img decoding=\"async\" width=\"579\" height=\"519\" src=\"https:\/\/tejcam.com\/wp-content\/uploads\/2025\/06\/Tejcam.png\" alt=\"Tejcam\" class=\"wp-image-43732\" srcset=\"https:\/\/tejcam.com\/wp-content\/uploads\/2025\/06\/Tejcam.png 579w, https:\/\/tejcam.com\/wp-content\/uploads\/2025\/06\/Tejcam-300x269.png 300w, https:\/\/tejcam.com\/wp-content\/uploads\/2025\/06\/Tejcam-13x12.png 13w\" sizes=\"(max-width: 579px) 100vw, 579px\" \/><\/figure>\n<\/div>\n<\/div>\n<\/div>\n<\/header>\n\n\n\n<div class=\"gbp--border-radius gb-element-79253f80\">\n<div class=\"gbp-section__inner\">\n<div class=\"gb-element-5cb801a0\">\n<div class=\"gb-element-7ee6ee70\">\n<div class=\"gb-element-5726c844\">\n<figure class=\"wp-block-image size-full\"><img decoding=\"async\" width=\"512\" height=\"512\" src=\"https:\/\/tejcam.com\/wp-content\/uploads\/2025\/06\/talk-to-strangers.png\" alt=\"Fale com Estranhos\" class=\"wp-image-43733\" srcset=\"https:\/\/tejcam.com\/wp-content\/uploads\/2025\/06\/talk-to-strangers.png 512w, https:\/\/tejcam.com\/wp-content\/uploads\/2025\/06\/talk-to-strangers-300x300.png 300w, https:\/\/tejcam.com\/wp-content\/uploads\/2025\/06\/talk-to-strangers-150x150.png 150w, https:\/\/tejcam.com\/wp-content\/uploads\/2025\/06\/talk-to-strangers-12x12.png 12w\" sizes=\"(max-width: 512px) 100vw, 512px\" \/><\/figure>\n\n\n\n<figure class=\"wp-block-image size-full\"><img decoding=\"async\" width=\"512\" height=\"512\" src=\"https:\/\/tejcam.com\/wp-content\/uploads\/2025\/06\/random-video-chat.png\" alt=\"V\u00eddeo aleat\u00f3rio de bate-papo\" class=\"wp-image-43735\" srcset=\"https:\/\/tejcam.com\/wp-content\/uploads\/2025\/06\/random-video-chat.png 512w, https:\/\/tejcam.com\/wp-content\/uploads\/2025\/06\/random-video-chat-300x300.png 300w, https:\/\/tejcam.com\/wp-content\/uploads\/2025\/06\/random-video-chat-150x150.png 150w, https:\/\/tejcam.com\/wp-content\/uploads\/2025\/06\/random-video-chat-12x12.png 12w\" sizes=\"(max-width: 512px) 100vw, 512px\" \/><\/figure>\n<\/div>\n\n\n\n<div class=\"gb-element-be9afbda\">\n<figure class=\"wp-block-image size-full\"><img decoding=\"async\" width=\"512\" height=\"512\" src=\"https:\/\/tejcam.com\/wp-content\/uploads\/2025\/06\/Tejcam-chat.png\" alt=\"Tejcam De Bate-Papo\" class=\"wp-image-43734\" srcset=\"https:\/\/tejcam.com\/wp-content\/uploads\/2025\/06\/Tejcam-chat.png 512w, https:\/\/tejcam.com\/wp-content\/uploads\/2025\/06\/Tejcam-chat-300x300.png 300w, https:\/\/tejcam.com\/wp-content\/uploads\/2025\/06\/Tejcam-chat-150x150.png 150w, https:\/\/tejcam.com\/wp-content\/uploads\/2025\/06\/Tejcam-chat-12x12.png 12w\" sizes=\"(max-width: 512px) 100vw, 512px\" \/><\/figure>\n\n\n\n<figure class=\"wp-block-image size-full\"><img decoding=\"async\" width=\"512\" height=\"512\" src=\"https:\/\/tejcam.com\/wp-content\/uploads\/2025\/06\/chatrandom.png\" alt=\"chatrandom\" class=\"wp-image-43736\" srcset=\"https:\/\/tejcam.com\/wp-content\/uploads\/2025\/06\/chatrandom.png 512w, https:\/\/tejcam.com\/wp-content\/uploads\/2025\/06\/chatrandom-300x300.png 300w, https:\/\/tejcam.com\/wp-content\/uploads\/2025\/06\/chatrandom-150x150.png 150w, https:\/\/tejcam.com\/wp-content\/uploads\/2025\/06\/chatrandom-12x12.png 12w\" sizes=\"(max-width: 512px) 100vw, 512px\" \/><\/figure>\n<\/div>\n<\/div>\n\n\n\n<div>\n<h2 class=\"gb-text\"><strong>O que Exatamente \u00c9 Tejcam\u2014e Por que Voc\u00ea Deveria se preocupar?<\/strong><\/h2>\n\n\n\n<p>Em seu n\u00facleo, Tejcam \u00e9 uma tecnologia de ponta, totalmente gratuito aleat\u00f3rio v\u00eddeo chat website desenhado para voc\u00ea se conectar instantaneamente com estranhos em todo o mundo. Esque\u00e7a tedioso sign-ups, downloads, ou em longas esperas.<\/p>\n\n\n\n<p>Pense nisso como se Omegle e OmeTV tinha um makeover elegante, e o seu refrigerador, mais inteligente irm\u00e3o surgiu\u2014Tejcam.&nbsp;<strong>TalktoStrangers<\/strong>&nbsp;\u00e9 uma forma simples e gratuita instantaneamente v\u00eddeo chat com estranhos em todo o mundo, sem ter que se inscrever ou downloads necess\u00e1rios.<\/p>\n\n\n\n<p>Pense Tejcam como o atualizado, elegante vers\u00e3o do Omegle e OmeTV\u2014concebido especialmente para aqueles que querem&nbsp;<strong>fale com estranhos<\/strong>&nbsp;facilmente e com seguran\u00e7a.<\/p>\n\n\n\n<p>Clique em um bot\u00e3o, e voc\u00ea est\u00e1 cara-a-cara com algu\u00e9m novo, pronto para compartilhar um bate-papo. Clique em uma vez, e&nbsp;<em>bam<\/em>\u2014voc\u00ea est\u00e1 cara-a-cara com algu\u00e9m novo, pronto para falar.&nbsp;<\/p>\n<\/div>\n<\/div>\n<\/div>\n<\/div>\n\n\n\n<div class=\"gbp-section\">\n<div class=\"gbp-section__inner\">\n<div class=\"gbp--margin-after gb-element-c9a0dcd4\">\n<h2 class=\"gb-text\"><strong>Por que \u00c9 Tejcam um Corte Acima do Resto?<\/strong><\/h2>\n\n\n\n<p class=\"gb-text gb-text-a1c8ae48\">Boa pergunta! Tejcam n\u00e3o apenas replicar bate-papo existente plataformas\u2014ele reinventa a maneira de atender estranhos on-line.<br>Aqui est\u00e1 o que define Tejcam al\u00e9m:<\/p>\n<\/div>\n\n\n\n<div class=\"gb-element-2a2826e4\">\n<div class=\"gb-element-c0893001\">\n<div class=\"gb-element-ff677824\">\n<div>\n<h3 class=\"gb-text gb-text-57591bb4\">Sem Conta A Necess\u00e1ria<\/h3>\n\n\n\n<p>Se esque\u00e7a de malabarismo de palavras-passe. Basta clicar em start e se conectar.<\/p>\n<\/div>\n<\/div>\n<\/div>\n\n\n\n<div class=\"gb-element-8adf1e8e\">\n<div class=\"gb-element-4bc0450f\"><div class=\"gb-container gb-container-006115cb\">\n\n<h3 class=\"gb-text gb-text-ddae5adb\">Alcance Global<\/h3>\n\n\n\n<p>Do Brasil para Bangladesh, o reino UNIDO para os EUA\u2014atender a diversas pessoas, sem sair do seu quarto.<br><\/p>\n\n<\/div><\/div>\n<\/div>\n<\/div>\n\n\n\n<div class=\"gb-element-09fe3038\">\n<div class=\"gb-element-ef037f1c\">\n<div class=\"gb-element-7cb068e5\">\n<div>\n<h3 class=\"gb-text gb-text-763ee1f4\">Correspond\u00eancia Inteligente De Tecnologia<\/h3>\n\n\n\n<p>N\u00e3o h\u00e1 bots. Nenhum de perfis falsos. Apenas aut\u00eantica conversas.<br><\/p>\n<\/div>\n<\/div>\n<\/div>\n\n\n\n<div class=\"gb-element-21358b55\">\n<div class=\"gb-element-b0f06bc6\"><div class=\"gb-container gb-container-9ed4dc95\">\n\n<h3 class=\"gb-text gb-text-eb721bd4\">Seguran\u00e7a Em Primeiro Lugar<\/h3>\n\n\n\n<p>Assustador comportamento? N\u00e3o aqui. Inteligente de filtros e f\u00e1cil de relat\u00f3rios de manter suas conversas em seguran\u00e7a.<br><\/p>\n\n<\/div><\/div>\n<\/div>\n<\/div>\n\n\n\n<div class=\"gb-element-d74df224\">\n<div class=\"gb-element-5c5fe217\">\n<div class=\"gb-element-f6d80501\">\n<div>\n<h3 class=\"gb-text gb-text-3401ef7f\">Ultra-R\u00e1pidas Liga\u00e7\u00f5es<\/h3>\n\n\n\n<p>Armazenamento em buffer? Nah. Instant\u00e2neas, chats significa que voc\u00ea nunca deixou de espera.<br><\/p>\n<\/div>\n<\/div>\n<\/div>\n\n\n\n<div class=\"gb-element-b29cb7fd\">\n<div class=\"gb-element-795b0837\"><div class=\"gb-container gb-container-5462ce48\">\n\n<h3 class=\"gb-text gb-text-378318e8\">Cruz-Compatibilidade Do Dispositivo<\/h3>\n\n\n\n<p>Laptop, tablet, celular\u2014Tejcam se parece e funciona perfeitamente em todos os lugares. Sinta-se livre para bate-papo durante o cozimento, a viagem, ou de refrigera\u00e7\u00e3o.<br><\/p>\n\n<\/div><\/div>\n<\/div>\n<\/div>\n<\/div>\n<\/div>\n\n\n\n<div class=\"gbp--border-radius gb-element-bf282dd1\">\n<div class=\"gbp-section__inner\">\n<div class=\"gb-element-fce96c33\">\n<div>\n<h2 class=\"gb-text gb-text-d05aaa52\"><strong><strong>Por que se Preocupar em Falar com Estranhos? Isso n\u00e3o \u00e9 um Pouco Estranho?<\/strong><\/strong><\/h2>\n\n\n\n<p>Eis a verdade: n\u00e3o, n\u00e3o \u00e9 estranho. Na verdade, ele pode ser um dos mais aut\u00eanticos, de abrir os olhos experi\u00eancias que voc\u00ea vai ter o dia todo.<br>Confira o porqu\u00ea:<\/p>\n\n\n\n<ul class=\"wp-block-list\">\n<li><strong>Mental De Desintoxica\u00e7\u00e3o<\/strong>: \u00c0s vezes, sair de seu habitual c\u00edrculo e conversar com um estranho pode limpar a sua mente como uma brisa fresca.<\/li>\n\n\n\n<li><strong>A Explora\u00e7\u00e3o Cultural<\/strong>: Descobrir novas perspectivas e estilos de vida como voc\u00ea falar com estranhos em todo o mundo.<\/li>\n\n\n\n<li><strong>Zero Zona De Press\u00e3o<\/strong>: Sem expectativas, sem a necessidade de impressionar. Apenas o seu eu verdadeiro\u2014ou tente um novo persona, se voc\u00ea sentir como ele.<\/li>\n\n\n\n<li><strong>Puro Acaso<\/strong>: Voc\u00ea nunca sabe quem voc\u00ea vai encontrar pr\u00f3ximo\u2014que \u00e9 a emo\u00e7\u00e3o.<\/li>\n<\/ul>\n\n\n\n<p>Se voc\u00ea \u00e9 t\u00edmido, de sa\u00edda, ou em qualquer lugar no meio, TalktoStrangers no Tejcam oferece um parque infantil para os genu\u00edno, de improviso conex\u00e3o humana.<\/p>\n\n\n\n<h2 class=\"wp-block-heading has-text-align-center\"><strong>Quem est\u00e1 Pulando em Tejcam?<\/strong><\/h2>\n\n\n\n<p>Basicamente, todos e qualquer um. Aqui est\u00e1 uma foto:<\/p>\n\n\n\n<ul class=\"wp-block-list\">\n<li>Os alunos esgueirando-se em pausas entre as aulas<\/li>\n\n\n\n<li>Os viajantes ansiosos para trocar hist\u00f3rias com moradores<\/li>\n\n\n\n<li>A vida noturna em busca de companhia durante a madrugada<\/li>\n\n\n\n<li>Os aprendizes da l\u00edngua praticar conversas reais<\/li>\n\n\n\n<li>Pessoas que precisam de um ouvido amigo, depois de m\u00e1goas<\/li>\n\n\n\n<li>Meme entusiastas da ca\u00e7a para risos<\/li>\n<\/ul>\n\n\n\n<p>Tejcam \u00e9 como seu lugar favorito lugar\u2014exceto em vez de lattes, voc\u00ea come\u00e7a humano aut\u00eantico conex\u00f5es. Espont\u00e2nea, imprevis\u00edvel, \u00e0s vezes estranho, mas sempre real.<\/p>\n\n\n\n<h2 class=\"wp-block-heading has-text-align-center\"><strong>Momentos cl\u00e1ssicos Voc\u00ea S\u00f3 vai Ficar no Tejcam<\/strong><\/h2>\n\n\n\n<p>Vamos ser honestos\u2014aleat\u00f3rio chats de v\u00eddeo tem algumas marcas momentos:<\/p>\n\n\n\n<ul class=\"wp-block-list\">\n<li>Que hil\u00e1rio, estranho pausa antes que algu\u00e9m ondas &#034;Hey!&#034;<\/li>\n\n\n\n<li>Encontrar algu\u00e9m que parece estranho \u00e9 como o seu doppelg\u00e4nger (Cue &#034;Somos relacionados?&#034;, brinca)<\/li>\n\n\n\n<li>Debatendo o grande abacaxi-no-pizza controv\u00e9rsia<\/li>\n\n\n\n<li>Correspond\u00eancia com um estranho que passa a ser a partir de sua pr\u00f3pria vizinhan\u00e7a<\/li>\n\n\n\n<li>Rir t\u00e3o dif\u00edcil que voc\u00ea se esque\u00e7a de que \u00e9 um bate-papo com um estranho<\/li>\n<\/ul>\n\n\n\n<p>Estas pequenas j\u00f3ias s\u00e3o o que fazem Tejcam inesquec\u00edvel.<\/p>\n\n\n\n<h2 class=\"wp-block-heading\">N\u00e3o Apenas uma Pequena Conversa \u2014 \u00c9 uma Aventura em Cada Clique<\/h2>\n\n\n\n<p>Vamos enfrent\u00e1-lo\u2014de falar com estranhos usado para ser a vers\u00e3o digital de &#034;n\u00e3o falar para as pessoas em vans branco.&#034; Mas agora? \u00c9 uma emocionante parte da vida moderna.<br>No <strong>Tejcam aleat\u00f3rio bate-papo de v\u00eddeo<\/strong>, cada clique \u00e9 um teleport bot\u00e3o para algum lugar <em>inesperadamente incr\u00edvel<\/em>.<\/p>\n\n\n\n<ul class=\"wp-block-list\">\n<li>Quer um <strong>cam chat<\/strong> com algu\u00e9m em T\u00f3quio, enquanto voc\u00ea est\u00e1 de refrigera\u00e7\u00e3o, em Toronto? \u00c9 f\u00e1cil.<\/li>\n\n\n\n<li>Precisa de uma noite de bate-papo amigo que <em>fica<\/em> 3 ESTOU pensamentos? N\u00f3s temos voc\u00ea.<\/li>\n\n\n\n<li>Curioso para saber se o abacaxi pertence em pizza? Debate ao vivo\u2014com um estranho.<\/li>\n<\/ul>\n\n\n\n<p>Se voc\u00ea \u00e9 um overthinker, oversharer, ou pouco mais de rolagem sem parar\u2014<strong>Tejcam<\/strong> traz a <strong>fale com estranhos<\/strong> experi\u00eancia para a vida. Sem press\u00e3o. N\u00e3o perfis. Apenas uma tela e um mundo cheio de estranhamente humanos maravilhosos.<\/p>\n\n\n\n<h2 class=\"wp-block-heading\">Pessoas Reais. Real Bate-Papos. Em Tempo Real Cam Magia<\/h2>\n\n\n\n<p>Este n\u00e3o \u00e9 o script. Isso n\u00e3o \u00e9 encenado. Este \u00e9 <strong>em tempo real cam chat<\/strong> com pessoas reais que n\u00e3o passam de 20 minutos, a escolha de um filtro.<br><strong>Tejcam aleat\u00f3rio bate-papo de v\u00eddeo<\/strong> o sistema \u00e9 projetado para pessoas que querem <strong>aut\u00eantica conex\u00f5es<\/strong>\u2014o tipo que voc\u00ea n\u00e3o pode deslizar para.<\/p>\n\n\n\n<p>Aqui est\u00e1 o porqu\u00ea de profissionais, estudantes, insones, e exploradores amor ele:<\/p>\n\n\n\n<ul class=\"wp-block-list\">\n<li><strong>Nenhum login. Nenhum perfil. Basta clicar em &#034;iniciar&#034; e falar.<\/strong><\/li>\n\n\n\n<li>Built-in filtros de seguran\u00e7a, tipo, n\u00e3o o c\u00e3o-orelha Snapchat tipo) manter conversas limpo.<\/li>\n\n\n\n<li><strong>Smart matchmaking<\/strong> pares com voc\u00ea <em>real estranhos<\/em>, n\u00e3o com spam bots.<\/li>\n\n\n\n<li>Voc\u00ea nunca sabe quem \u00e9 o pr\u00f3ximo\u2014e essa \u00e9 a melhor parte.<\/li>\n<\/ul>\n\n\n\n<p>Do casual risos inesperadamente profunda convos, <strong>Tejcam<\/strong> faz <strong>cam chat com estranhos<\/strong> sentir e sem esfor\u00e7o humano.<\/p>\n<\/div>\n<\/div>\n<\/div>\n<\/div>\n\n\n\n<div class=\"gbp--border-radius gb-element-b2683b59\">\n<div class=\"gbp-section__inner\">\n<div class=\"gb-element-024a9ffb\">\n<div>\n<h2 class=\"gb-text gb-text-36432b33\"><strong><strong><strong>Seguran\u00e7a em Primeiro lugar: de Como se Proteger Durante o bate-Papo<\/strong><\/strong><\/strong><\/h2>\n\n\n\n<p>Aproveite a divers\u00e3o, mas manter o seu ju\u00edzo sobre voc\u00ea. Tejcam \u00e9 constru\u00eddo com a seguran\u00e7a em mente, mas aqui vai um lembrete amig\u00e1vel:<\/p>\n\n\n\n<p>Nunca compartilhe informa\u00e7\u00f5es pessoais sens\u00edveis (obviamente).<\/p>\n\n\n\n<p>Se algu\u00e9m est\u00e1 agindo fora, bateu a saltar sem hesitar.<\/p>\n\n\n\n<p>Ser gentil, n\u00e3o h\u00e1 uma pessoa real por tr\u00e1s da tela.<\/p>\n\n\n\n<p>Confie em seus instintos. Se ele se sente mal, seguir em frente.<\/p>\n\n\n\n<p>Relat\u00f3rio de comportamento inadequado\u2014Tejcam equipe leva isso a s\u00e9rio.<\/p>\n\n\n\n<h2 class=\"wp-block-heading has-text-align-center\"><strong><strong>Resumindo: A Sua Pr\u00f3xima Grande Conversa De Espera<\/strong><\/strong><\/h2>\n\n\n\n<p>No mundo de hoje de infinito deslocamento, com curadoria de perfis, e filtrada feeds, Tejcam \u00e9 uma lufada de ar fresco. \u00c9 cru, verdadeira, espont\u00e2nea e a intera\u00e7\u00e3o humana no seu melhor.<\/p>\n\n\n\n<p>Se voc\u00ea quer dar uma risada, uma profunda falar, ou apenas para matar o t\u00e9dio, Tejcam entrega.<\/p>\n\n\n\n<p>N\u00e3o apenas consumir conte\u00fado se ligar. Seu pr\u00f3ximo memor\u00e1vel chat \u00e9 apenas um clique de dist\u00e2ncia.<\/p>\n<\/div>\n<\/div>\n<\/div>\n<\/div>","protected":false},"excerpt":{"rendered":"<p>Talk to Strangers &#8211; Online Free on Tejcam Today. Let\u2019s be honest: the idea to&nbsp;talk to strangers&nbsp;online once felt a bit awkward or even risky. But that\u2019s changed\u2014thanks to platforms like&nbsp;TalktoStrangers&nbsp;on Tejcam, connecting with new people is now exciting, safe, and surprisingly meaningful. Whether you want to&nbsp;talk to strangers&nbsp;at 2 AM, explore cultures far away, &#8230; <a title=\"Casa\" class=\"read-more\" href=\"https:\/\/tejcam.com\/pt\/\" aria-label=\"Read more about Home\">Leia mais<\/a><\/p>","protected":false},"author":1,"featured_media":0,"parent":0,"menu_order":0,"comment_status":"closed","ping_status":"closed","template":"","meta":{"footnotes":""},"class_list":{"0":"post-39740","1":"page","2":"type-page","3":"status-publish","5":"no-featured-image-padding"},"_links":{"self":[{"href":"https:\/\/tejcam.com\/pt\/wp-json\/wp\/v2\/pages\/39740","targetHints":{"allow":["GET"]}}],"collection":[{"href":"https:\/\/tejcam.com\/pt\/wp-json\/wp\/v2\/pages"}],"about":[{"href":"https:\/\/tejcam.com\/pt\/wp-json\/wp\/v2\/types\/page"}],"author":[{"embeddable":true,"href":"https:\/\/tejcam.com\/pt\/wp-json\/wp\/v2\/users\/1"}],"replies":[{"embeddable":true,"href":"https:\/\/tejcam.com\/pt\/wp-json\/wp\/v2\/comments?post=39740"}],"version-history":[{"count":0,"href":"https:\/\/tejcam.com\/pt\/wp-json\/wp\/v2\/pages\/39740\/revisions"}],"wp:attachment":[{"href":"https:\/\/tejcam.com\/pt\/wp-json\/wp\/v2\/media?parent=39740"}],"curies":[{"name":"wp","href":"https:\/\/api.w.org\/{rel}","templated":true}]}}