{"id":43882,"date":"2025-06-28T17:51:01","date_gmt":"2025-06-28T12:51:01","guid":{"rendered":"https:\/\/tejcam.com\/?page_id=43882"},"modified":"2025-06-28T17:51:02","modified_gmt":"2025-06-28T12:51:02","slug":"about-tejcam","status":"publish","type":"page","link":"https:\/\/tejcam.com\/pt\/about-tejcam\/","title":{"rendered":"Sobre Tejcam"},"content":{"rendered":"<h2 class=\"wp-block-heading\">Bem-vindo ao Tejcam \u2013 A Divers\u00e3o Come\u00e7a Aqui!<\/h2>\n\n\n\n<p>No <strong>Tejcam<\/strong>n\u00e3o somos a festa, n\u00f3s apenas <em>ponto de voc\u00ea para ele<\/em>. Pense em n\u00f3s como o cool amigo que sempre sabe onde a divers\u00e3o. N\u00f3s conect\u00e1-lo com o melhor <strong>v\u00eddeo aleat\u00f3rio de bate-papo, plataformas de<\/strong> l\u00e1 fora, como Coomeet e outras estranho-friendly aplicativos de bate-papo. Se voc\u00ea est\u00e1 entediado, solit\u00e1rio, curioso, ou apenas vibing, estamos aqui para apimentar a sua vida digital.<\/p>\n\n\n\n<h3 class=\"wp-block-heading\">O Que Fazer (Al\u00e9m De Olhar Fresco)?<\/h3>\n\n\n\n<p>Vamos acabar com isso:<\/p>\n\n\n\n<ul class=\"wp-block-list\">\n<li>\ud83d\udd17 <strong>N\u00f3s link<\/strong> para bate-papo de terceiros plataformas, onde voc\u00ea pode conversar com estranhos de todo o mundo.<\/li>\n\n\n\n<li>\ud83d\udd0d <strong>Revisar e recomendar<\/strong> o melhor Omegle e Chatroulette alternativas para que voc\u00ea n\u00e3o desperdice o seu tempo em bugadas ou sombrio sites.<\/li>\n\n\n\n<li>\ud83e\udde0 <strong>N\u00f3s guia de voc\u00ea<\/strong> atrav\u00e9s de seguro, an\u00f4nimo conversando \u2014 para voc\u00ea se divertir <em>sem<\/em> terminando em um estranho on-line hist\u00f3ria de horror.<\/li>\n<\/ul>\n\n\n\n<p>N\u00e3o h\u00e1 downloads. Nenhum sinal-ups. Apenas straight-up de bate-papo caos, Tejcam de estilo.<\/p>\n\n\n\n<h3 class=\"wp-block-heading\">Somos uma Plataforma de Chat de n\u00f3s Mesmos?<\/h3>\n\n\n\n<p>N\u00e3o! N\u00f3s somos como DJ no clube: n\u00f3s largar as batidas (uma.k.um. links), mas n\u00e3o temos o controle de dan\u00e7a. Os chats acontecem no <strong>sites de terceiros<\/strong> \u2014 Coomeet e outros \u2014 ent\u00e3o o que vai para baixo nesses chamadas de v\u00eddeo \u00e9 entre voc\u00ea e eles.<\/p>\n\n\n\n<h3 class=\"wp-block-heading\">Por Tejcam?<\/h3>\n\n\n\n<p>Porque aleat\u00f3rio chats deve ser:<\/p>\n\n\n\n<ul class=\"wp-block-list\">\n<li><strong>Divers\u00e3o<\/strong> (s\u00e9rio, onde mais voc\u00ea pode encontrar um noruegu\u00eas mago \u00e0s 2 da manh\u00e3?)<\/li>\n\n\n\n<li><strong>F\u00e1cil<\/strong> (clique e v\u00e1!)<\/li>\n\n\n\n<li><strong>Inesperado<\/strong> (estranho perigo? Mais como estranho risos... a maior parte do tempo.)<\/li>\n\n\n\n<li><strong>Seguran\u00e7a<\/strong> (n\u00f3s sempre encorajamos inteligente, respeitoso conversando)<\/li>\n<\/ul>\n\n\n\n<h3 class=\"wp-block-heading\">Quem Tejcam Para?<\/h3>\n\n\n\n<p>Todo aquele que deseja:<\/p>\n\n\n\n<ul class=\"wp-block-list\">\n<li>Para <strong>fale com estranhos<\/strong> sem estranhas inscri\u00e7\u00f5es<\/li>\n\n\n\n<li>Um <strong>quebra de m\u00eddia social ru\u00eddo<\/strong><\/li>\n\n\n\n<li>Um r\u00e1pido sorriso, uma profunda bate-papo, ou apenas alguns aleat\u00f3ria estranheza<\/li>\n\n\n\n<li>Para encontrar alternativas de bate-papo que realmente funcionam<\/li>\n<\/ul>\n\n\n\n<h3 class=\"wp-block-heading\">Legal Falar (Ugh, Mas Importante)<\/h3>\n\n\n\n<p>N\u00f3s <strong>n\u00e3o, pr\u00f3prio ou de execu\u00e7\u00e3o<\/strong> as plataformas link para n\u00f3s. Estamos a <strong>mecanismo de recomenda\u00e7\u00e3o<\/strong>, n\u00e3o a sala de m\u00e1quinas. Voc\u00ea clica, voc\u00ea bate-papo, voc\u00ea gosta (ou fian\u00e7a \u2014 que \u00e9 parte da divers\u00e3o). Apenas lembre-se: siga <strong>seus<\/strong> as regras, n\u00e3o a nossa.<\/p>\n\n\n\n<h3 class=\"wp-block-heading\">Vamos Mant\u00ea-Lo Aleat\u00f3ria<\/h3>\n\n\n\n<p>Tejcam \u00e9 um pouco estranho canto da internet, e n\u00f3s amamo-lo dessa forma. Estamos sempre descobrindo novos lugares para conversar, de modo a verificar a nossa <strong>Bate-Papo Alternativas<\/strong> sec\u00e7\u00e3o muitas vezes. Voc\u00ea nunca sabe o que (ou quem) voc\u00ea vai encontrar.<\/p>","protected":false},"excerpt":{"rendered":"<p>Welcome to Tejcam \u2013 The Fun Starts Here! At Tejcam, we&#8217;re not the party \u2014 we just point you to it. Think of us as the cool friend who always knows where the fun is. We connect you with the best random video chat platforms out there, like Coomeet and other stranger-friendly chat apps. Whether &#8230; <a title=\"Sobre Tejcam\" class=\"read-more\" href=\"https:\/\/tejcam.com\/pt\/about-tejcam\/\" aria-label=\"Read more about About Tejcam\">Leia mais<\/a><\/p>","protected":false},"author":1,"featured_media":0,"parent":0,"menu_order":0,"comment_status":"closed","ping_status":"closed","template":"","meta":{"footnotes":""},"class_list":{"0":"post-43882","1":"page","2":"type-page","3":"status-publish","5":"no-featured-image-padding"},"_links":{"self":[{"href":"https:\/\/tejcam.com\/pt\/wp-json\/wp\/v2\/pages\/43882","targetHints":{"allow":["GET"]}}],"collection":[{"href":"https:\/\/tejcam.com\/pt\/wp-json\/wp\/v2\/pages"}],"about":[{"href":"https:\/\/tejcam.com\/pt\/wp-json\/wp\/v2\/types\/page"}],"author":[{"embeddable":true,"href":"https:\/\/tejcam.com\/pt\/wp-json\/wp\/v2\/users\/1"}],"replies":[{"embeddable":true,"href":"https:\/\/tejcam.com\/pt\/wp-json\/wp\/v2\/comments?post=43882"}],"version-history":[{"count":0,"href":"https:\/\/tejcam.com\/pt\/wp-json\/wp\/v2\/pages\/43882\/revisions"}],"wp:attachment":[{"href":"https:\/\/tejcam.com\/pt\/wp-json\/wp\/v2\/media?parent=43882"}],"curies":[{"name":"wp","href":"https:\/\/api.w.org\/{rel}","templated":true}]}}