{"id":43887,"date":"2025-06-28T18:27:08","date_gmt":"2025-06-28T13:27:08","guid":{"rendered":"https:\/\/tejcam.com\/?page_id=43887"},"modified":"2025-06-28T18:27:09","modified_gmt":"2025-06-28T13:27:09","slug":"disclaimer","status":"publish","type":"page","link":"https:\/\/tejcam.com\/pt\/disclaimer\/","title":{"rendered":"Isen\u00e7\u00e3o de responsabilidade"},"content":{"rendered":"<h2 class=\"wp-block-heading\">Isen\u00e7\u00e3o de responsabilidade<\/h2>\n\n\n\n<p>No <strong>Tejcam.com<\/strong>nosso trabalho \u00e9 simples: conectar pessoas curiosas (como voc\u00ea) com alguns dos mais populares da internet <strong>v\u00eddeo aleat\u00f3rio de bate-papo, plataformas de<\/strong> \u2014 como Coomeet, Omegle, e Chatrandom. Mas vamos ser claros: <strong>n\u00f3s n\u00e3o possu\u00edmos, de execu\u00e7\u00e3o, ou controle de qualquer um desses sites.<\/strong><\/p>\n\n\n\n<p>Esta declara\u00e7\u00e3o explica onde nossa responsabilidade termina e o seu come\u00e7a.<\/p>\n\n\n\n<h3 class=\"wp-block-heading\">1. N\u00f3s n\u00e3o Executar o bate-Papo Festa<\/h3>\n\n\n\n<p>Tejcam \u00e9 apenas o guia, n\u00e3o o host.<br>O que fazemos <strong>n\u00e3o<\/strong> pr\u00f3pria, operar, ou oficialmente endossa nenhuma das plataformas link para n\u00f3s. Que significa:<\/p>\n\n\n\n<ul class=\"wp-block-list\">\n<li>N\u00e3o estamos atr\u00e1s de salas de bate-papo ou chamadas de v\u00eddeo.<\/li>\n\n\n\n<li>N\u00f3s n\u00e3o moderado conversas ou armazenar seus dados do chat.<\/li>\n\n\n\n<li>N\u00e3o podemos mudar a forma como essas plataformas de trabalho (ou corrigi-los, se eles quebram).<\/li>\n<\/ul>\n\n\n\n<p>Cada plataforma \u2014 como Coomeet \u2014 \u00e9 executado sob o seu <strong>pr\u00f3prias regras e pol\u00edticas<\/strong>. Verifique-os antes de mergulhar.<\/p>\n\n\n\n<h3 class=\"wp-block-heading\">2. Use a Seu Pr\u00f3prio Risco<\/h3>\n\n\n\n<p>Vamos mant\u00ea-lo real:<\/p>\n\n\n\n<ul class=\"wp-block-list\">\n<li><strong>N\u00e3o h\u00e1 garantias.<\/strong> N\u00e3o podemos prometer que cada plataforma \u00e9 100% seguro, est\u00e1vel, ou mesmo legal em seu pa\u00eds.<\/li>\n\n\n\n<li><strong>Sem controle de conte\u00fado.<\/strong> N\u00e3o somos respons\u00e1veis por nada ofensivo, inadequado, ou apenas estranhas que voc\u00ea pode encontrar em um bate-papo.<\/li>\n\n\n\n<li><strong>Nenhuma responsabilidade.<\/strong> Se voc\u00ea for banido, controlada, enganado, ou emocionalmente marcado \u2014 \u00e9 lament\u00e1vel, mas \u00e9 entre voc\u00ea e a plataforma.<\/li>\n<\/ul>\n\n\n\n<h3 class=\"wp-block-heading\">3. O que <em>Voc\u00ea<\/em> Precisa Fazer<\/h3>\n\n\n\n<p>Com \u00f3timo conversar poder vem grande responsabilidade:<\/p>\n\n\n\n<ul class=\"wp-block-list\">\n<li><strong>Leia as regras.<\/strong> Verifique a plataforma termos de servi\u00e7o e pol\u00edtica de privacidade antes de o utilizar.<\/li>\n\n\n\n<li><strong>Proteger a sua informa\u00e7\u00e3o.<\/strong> N\u00e3o compartilhe dados pessoais, como seu endere\u00e7o, palavras-passe ou detalhes de cart\u00e3o de cr\u00e9dito.<\/li>\n\n\n\n<li><strong>Respeitar os limites de idade.<\/strong> A maioria das plataformas s\u00e3o 18+, e por uma boa raz\u00e3o. Se voc\u00ea for menor de idade \u2014 desculpe, volte mais tarde.<\/li>\n<\/ul>\n\n\n\n<h3 class=\"wp-block-heading\">4. Links externos n\u00e3o S\u00e3o a Nossa<\/h3>\n\n\n\n<p>Os links que fornecemos s\u00e3o para <strong>a sua conveni\u00eancia<\/strong>mas n\u00e3o podemos controlar o que acontece ap\u00f3s voc\u00ea clicar em. Plataformas podem alterar suas regras, layout ou conte\u00fado \u2014 e n\u00e3o estamos notificado. Sempre verifique duas vezes antes de usar.<\/p>\n\n\n\n<h3 class=\"wp-block-heading\">5. Coisas legais (uma.k.um. Indeniza\u00e7\u00e3o)<\/h3>\n\n\n\n<p>Usando Tejcam, voc\u00ea concorda que, se algo correr de lado por causa de como voc\u00ea usou uma plataforma link para n\u00f3s, <strong>voc\u00ea n\u00e3o nos responsabilizaria<\/strong>. Que inclui:<\/p>\n\n\n\n<ul class=\"wp-block-list\">\n<li>Reivindica\u00e7\u00f5es legais<\/li>\n\n\n\n<li>Perda de dados<\/li>\n\n\n\n<li>Lutas com estrangeiros em um bate-papo aleat\u00f3rio<\/li>\n<\/ul>\n\n\n\n<p>Voc\u00ea concorda em <strong>defender, indenizar e isentar de responsabilidade<\/strong> Tejcam e sua equipe de quaisquer responsabilidades ou danos relacionados com a plataforma de terceiros de uso.<\/p>\n\n\n\n<h3 class=\"wp-block-heading\">6. Palavra Final<\/h3>\n\n\n\n<p>Tejcam existe para <strong>educar, orientar e entreter<\/strong>. N\u00e3o estamos a plataforma do representante do servi\u00e7o ao cliente. Ent\u00e3o, se voc\u00ea for banido, experi\u00eancia de bugs, ou deseja um reembolso \u2014 voc\u00ea precisar\u00e1 entrar em contato com a plataforma diretamente.<\/p>\n\n\n\n<h3 class=\"wp-block-heading\">Fique seguro. Fique esperto. Ficar estranho \u2014 \u00e9 a internet.<\/h3>","protected":false},"excerpt":{"rendered":"<p>Disclaimer At Tejcam.com, our job is simple: we connect curious people (like you) with some of the internet\u2019s most popular random video chat platforms \u2014 like Coomeet, Omegle, and Chatrandom. But let\u2019s be clear: we don\u2019t own, run, or control any of these sites. This disclaimer explains where our responsibility ends and yours begins. 1. &#8230; <a title=\"Isen\u00e7\u00e3o de responsabilidade\" class=\"read-more\" href=\"https:\/\/tejcam.com\/pt\/disclaimer\/\" aria-label=\"Read more about Disclaimer\">Leia mais<\/a><\/p>","protected":false},"author":1,"featured_media":0,"parent":0,"menu_order":0,"comment_status":"closed","ping_status":"closed","template":"","meta":{"footnotes":""},"class_list":{"0":"post-43887","1":"page","2":"type-page","3":"status-publish","5":"no-featured-image-padding"},"_links":{"self":[{"href":"https:\/\/tejcam.com\/pt\/wp-json\/wp\/v2\/pages\/43887","targetHints":{"allow":["GET"]}}],"collection":[{"href":"https:\/\/tejcam.com\/pt\/wp-json\/wp\/v2\/pages"}],"about":[{"href":"https:\/\/tejcam.com\/pt\/wp-json\/wp\/v2\/types\/page"}],"author":[{"embeddable":true,"href":"https:\/\/tejcam.com\/pt\/wp-json\/wp\/v2\/users\/1"}],"replies":[{"embeddable":true,"href":"https:\/\/tejcam.com\/pt\/wp-json\/wp\/v2\/comments?post=43887"}],"version-history":[{"count":0,"href":"https:\/\/tejcam.com\/pt\/wp-json\/wp\/v2\/pages\/43887\/revisions"}],"wp:attachment":[{"href":"https:\/\/tejcam.com\/pt\/wp-json\/wp\/v2\/media?parent=43887"}],"curies":[{"name":"wp","href":"https:\/\/api.w.org\/{rel}","templated":true}]}}