{"id":486,"date":"2023-08-07T14:08:32","date_gmt":"2023-08-07T14:08:32","guid":{"rendered":"https:\/\/business-one.local\/?page_id=486"},"modified":"2025-06-28T17:03:04","modified_gmt":"2025-06-28T12:03:04","slug":"contact-us","status":"publish","type":"page","link":"https:\/\/tejcam.com\/pt\/contact-us\/","title":{"rendered":"Contacto"},"content":{"rendered":"<header class=\"gbp--border-radius gb-element-1390cb94\">\n<div class=\"gbp-section__inner\">\n<div class=\"gb-element-cd32391a\">\n<div>\n<h1 class=\"gb-text\">Contacte-Nos<\/h1>\n\n\n\n<p class=\"gb-text gb-text-bb3ef19a\">Tenho uma pergunta, sugest\u00e3o ou apenas algo em sua mente? Somos todos ouvidos. Em Tejcam, estamos comprometidos a fazer seu v\u00eddeo aleat\u00f3rio de bate-papo e cam chat experi\u00eancia divertida, segura e perfeita. Se voc\u00ea est\u00e1 aqui para falar com estranhos ou precisa de um pouco de ajuda para come\u00e7ar a jogar, nossa equipe est\u00e1 pronta para ouvir de voc\u00ea, apenas deixe uma mensagem a qualquer momento.<\/p>\n<\/div>\n\n\n\n<div>\n<div class=\"wpcf7 no-js\" id=\"wpcf7-f9-o1\" lang=\"en-US\" dir=\"ltr\" data-wpcf7-id=\"9\">\n<div class=\"screen-reader-response\"><p role=\"status\" aria-live=\"polite\" aria-atomic=\"true\"><\/p> <ul><\/ul><\/div>\n<form action=\"\/pt\/wp-json\/wp\/v2\/pages\/486#wpcf7-f9-o1\" method=\"post\" class=\"wpcf7-form init\" aria-label=\"Contact form\" novalidate=\"novalidate\" data-status=\"init\" data-trp-original-action=\"\/pt\/wp-json\/wp\/v2\/pages\/486#wpcf7-f9-o1\">\n<fieldset class=\"hidden-fields-container\"><input type=\"hidden\" name=\"_wpcf7\" value=\"9\" \/><input type=\"hidden\" name=\"_wpcf7_version\" value=\"6.1.5\" \/><input type=\"hidden\" name=\"_wpcf7_locale\" value=\"en_US\" \/><input type=\"hidden\" name=\"_wpcf7_unit_tag\" value=\"wpcf7-f9-o1\" \/><input type=\"hidden\" name=\"_wpcf7_container_post\" value=\"0\" \/><input type=\"hidden\" name=\"_wpcf7_posted_data_hash\" value=\"\" \/>\n<\/fieldset>\n<p><label> Seu nome<br \/>\n<span class=\"wpcf7-form-control-wrap\" data-name=\"your-name\"><input size=\"40\" maxlength=\"400\" class=\"wpcf7-form-control wpcf7-text wpcf7-validates-as-required\" autocomplete=\"name\" aria-required=\"true\" aria-invalid=\"false\" value=\"\" type=\"text\" name=\"your-name\" \/><\/span> <\/label>\n<\/p>\n<p><label> Seu e-mail<br \/>\n<span class=\"wpcf7-form-control-wrap\" data-name=\"your-email\"><input size=\"40\" maxlength=\"400\" class=\"wpcf7-form-control wpcf7-email wpcf7-validates-as-required wpcf7-text wpcf7-validates-as-email\" autocomplete=\"email\" aria-required=\"true\" aria-invalid=\"false\" value=\"\" type=\"email\" name=\"your-email\" \/><\/span> <\/label>\n<\/p>\n<p><label> Assunto<br \/>\n<span class=\"wpcf7-form-control-wrap\" data-name=\"your-subject\"><input size=\"40\" maxlength=\"400\" class=\"wpcf7-form-control wpcf7-text wpcf7-validates-as-required\" aria-required=\"true\" aria-invalid=\"false\" value=\"\" type=\"text\" name=\"your-subject\" \/><\/span> <\/label>\n<\/p>\n<p><label> Sua mensagem (opcional)<br \/>\n<span class=\"wpcf7-form-control-wrap\" data-name=\"your-message\"><textarea cols=\"40\" rows=\"10\" maxlength=\"2000\" class=\"wpcf7-form-control wpcf7-textarea\" aria-invalid=\"false\" name=\"your-message\"><\/textarea><\/span> <\/label>\n<\/p>\n<p><input class=\"wpcf7-form-control wpcf7-submit has-spinner\" type=\"submit\" value=\"Enviar\" \/>\n<\/p><div class=\"wpcf7-response-output\" aria-hidden=\"true\"><\/div>\n<input type=\"hidden\" name=\"trp-form-language\" value=\"pt\"\/><\/form>\n<\/div>\n\n<\/div>\n<\/div>\n<\/div>\n<\/header>","protected":false},"excerpt":{"rendered":"<p>Contact Us Got a question, suggestion, or just something on your mind? We\u2019re all ears. At Tejcam, we\u2019re committed to making your random video chat and cam chat experience fun, safe, and seamless. Whether you&#8217;re here to talk to strangers or need a little help getting started, our team is ready to hear from you\u2014just &#8230; <a title=\"Contacto\" class=\"read-more\" href=\"https:\/\/tejcam.com\/pt\/contact-us\/\" aria-label=\"Read more about Contact\">Leia mais<\/a><\/p>","protected":false},"author":1,"featured_media":0,"parent":0,"menu_order":0,"comment_status":"closed","ping_status":"closed","template":"","meta":{"footnotes":""},"class_list":{"0":"post-486","1":"page","2":"type-page","3":"status-publish","5":"no-featured-image-padding"},"_links":{"self":[{"href":"https:\/\/tejcam.com\/pt\/wp-json\/wp\/v2\/pages\/486","targetHints":{"allow":["GET"]}}],"collection":[{"href":"https:\/\/tejcam.com\/pt\/wp-json\/wp\/v2\/pages"}],"about":[{"href":"https:\/\/tejcam.com\/pt\/wp-json\/wp\/v2\/types\/page"}],"author":[{"embeddable":true,"href":"https:\/\/tejcam.com\/pt\/wp-json\/wp\/v2\/users\/1"}],"replies":[{"embeddable":true,"href":"https:\/\/tejcam.com\/pt\/wp-json\/wp\/v2\/comments?post=486"}],"version-history":[{"count":0,"href":"https:\/\/tejcam.com\/pt\/wp-json\/wp\/v2\/pages\/486\/revisions"}],"wp:attachment":[{"href":"https:\/\/tejcam.com\/pt\/wp-json\/wp\/v2\/media?parent=486"}],"curies":[{"name":"wp","href":"https:\/\/api.w.org\/{rel}","templated":true}]}}