{"id":39740,"date":"2023-07-24T20:08:03","date_gmt":"2023-07-24T20:08:03","guid":{"rendered":"https:\/\/business-one.local\/?page_id=7"},"modified":"2025-07-01T18:58:07","modified_gmt":"2025-07-01T13:58:07","slug":"home","status":"publish","type":"page","link":"https:\/\/tejcam.com\/tr\/","title":{"rendered":"Ev"},"content":{"rendered":"<header class=\"gb-element-84a45700\">\n<div class=\"gbp-section__inner\">\n<div class=\"gb-element-668476e3\">\n<div class=\"gb-element-b37c8662\">\n<h1 class=\"gb-text gb-text-f1f6b810\"><strong>Yabanc\u0131larla Konu\u015fun-\u00c7evrimi\u00e7i \u00dccretsiz<\/strong> <mark style=\"background-color:rgba(0, 0, 0, 0)\" class=\"has-inline-color has-accent-color\">Tejcam&#039;in<\/mark> Bug\u00fcn.<\/h1>\n\n\n\n<p class=\"gb-text gb-text-f9584e56\">D\u00fcr\u00fcst olal\u0131m: fikir&nbsp;<strong>yabanc\u0131larla konu\u015f<\/strong>&nbsp;\u00e7evrimi\u00e7i bir zamanlar biraz garip ve hatta riskli hissediyordu. Ama bu de\u011fi\u015fti\u2014a\u015fa\u011f\u0131daki gibi platformlar sayesinde&nbsp;<strong>Konu\u015fmac\u0131lar<\/strong>&nbsp;Tejcam&#039;de yeni insanlarla ba\u011flant\u0131 kurmak art\u0131k heyecan verici, g\u00fcvenli ve \u015fa\u015f\u0131rt\u0131c\u0131 derecede anlaml\u0131.<\/p>\n\n\n\n<p>\u0130ster istemez&nbsp;<strong>yabanc\u0131larla konu\u015f<\/strong>&nbsp;sabah saat 2&#039;de, uzaktaki k\u00fclt\u00fcrleri ke\u015ffedin ya da sadece kendili\u011finden e\u011flenin,&nbsp;<strong>Konu\u015fmac\u0131lar<\/strong>&nbsp;tejcam \u00fczerinde m\u00fckemmel bir yer.<\/p>\n<\/div>\n\n\n\n<div class=\"gb-element-0c29e940\">\n<figure class=\"wp-block-image size-full\"><img decoding=\"async\" width=\"579\" height=\"519\" src=\"https:\/\/tejcam.com\/wp-content\/uploads\/2025\/06\/Tejcam.png\" alt=\"Tejcam&#039;in\" class=\"wp-image-43732\" srcset=\"https:\/\/tejcam.com\/wp-content\/uploads\/2025\/06\/Tejcam.png 579w, https:\/\/tejcam.com\/wp-content\/uploads\/2025\/06\/Tejcam-300x269.png 300w, https:\/\/tejcam.com\/wp-content\/uploads\/2025\/06\/Tejcam-13x12.png 13w\" sizes=\"(max-width: 579px) 100vw, 579px\" \/><\/figure>\n<\/div>\n<\/div>\n<\/div>\n<\/header>\n\n\n\n<div class=\"gbp--border-radius gb-element-79253f80\">\n<div class=\"gbp-section__inner\">\n<div class=\"gb-element-5cb801a0\">\n<div class=\"gb-element-7ee6ee70\">\n<div class=\"gb-element-5726c844\">\n<figure class=\"wp-block-image size-full\"><img decoding=\"async\" width=\"512\" height=\"512\" src=\"https:\/\/tejcam.com\/wp-content\/uploads\/2025\/06\/talk-to-strangers.png\" alt=\"Yabanc\u0131larla konu\u015f\" class=\"wp-image-43733\" srcset=\"https:\/\/tejcam.com\/wp-content\/uploads\/2025\/06\/talk-to-strangers.png 512w, https:\/\/tejcam.com\/wp-content\/uploads\/2025\/06\/talk-to-strangers-300x300.png 300w, https:\/\/tejcam.com\/wp-content\/uploads\/2025\/06\/talk-to-strangers-150x150.png 150w, https:\/\/tejcam.com\/wp-content\/uploads\/2025\/06\/talk-to-strangers-12x12.png 12w\" sizes=\"(max-width: 512px) 100vw, 512px\" \/><\/figure>\n\n\n\n<figure class=\"wp-block-image size-full\"><img decoding=\"async\" width=\"512\" height=\"512\" src=\"https:\/\/tejcam.com\/wp-content\/uploads\/2025\/06\/random-video-chat.png\" alt=\"Rastgele g\u00f6r\u00fcnt\u00fcl\u00fc sohbet\" class=\"wp-image-43735\" srcset=\"https:\/\/tejcam.com\/wp-content\/uploads\/2025\/06\/random-video-chat.png 512w, https:\/\/tejcam.com\/wp-content\/uploads\/2025\/06\/random-video-chat-300x300.png 300w, https:\/\/tejcam.com\/wp-content\/uploads\/2025\/06\/random-video-chat-150x150.png 150w, https:\/\/tejcam.com\/wp-content\/uploads\/2025\/06\/random-video-chat-12x12.png 12w\" sizes=\"(max-width: 512px) 100vw, 512px\" \/><\/figure>\n<\/div>\n\n\n\n<div class=\"gb-element-be9afbda\">\n<figure class=\"wp-block-image size-full\"><img decoding=\"async\" width=\"512\" height=\"512\" src=\"https:\/\/tejcam.com\/wp-content\/uploads\/2025\/06\/Tejcam-chat.png\" alt=\"Tejcam Sohbet\" class=\"wp-image-43734\" srcset=\"https:\/\/tejcam.com\/wp-content\/uploads\/2025\/06\/Tejcam-chat.png 512w, https:\/\/tejcam.com\/wp-content\/uploads\/2025\/06\/Tejcam-chat-300x300.png 300w, https:\/\/tejcam.com\/wp-content\/uploads\/2025\/06\/Tejcam-chat-150x150.png 150w, https:\/\/tejcam.com\/wp-content\/uploads\/2025\/06\/Tejcam-chat-12x12.png 12w\" sizes=\"(max-width: 512px) 100vw, 512px\" \/><\/figure>\n\n\n\n<figure class=\"wp-block-image size-full\"><img decoding=\"async\" width=\"512\" height=\"512\" src=\"https:\/\/tejcam.com\/wp-content\/uploads\/2025\/06\/chatrandom.png\" alt=\"chatrandom&#039;un\" class=\"wp-image-43736\" srcset=\"https:\/\/tejcam.com\/wp-content\/uploads\/2025\/06\/chatrandom.png 512w, https:\/\/tejcam.com\/wp-content\/uploads\/2025\/06\/chatrandom-300x300.png 300w, https:\/\/tejcam.com\/wp-content\/uploads\/2025\/06\/chatrandom-150x150.png 150w, https:\/\/tejcam.com\/wp-content\/uploads\/2025\/06\/chatrandom-12x12.png 12w\" sizes=\"(max-width: 512px) 100vw, 512px\" \/><\/figure>\n<\/div>\n<\/div>\n\n\n\n<div>\n<h2 class=\"gb-text\"><strong>Tejcam Tam Olarak Nedir\u2014ve Neden Umursamal\u0131s\u0131n\u0131z?<\/strong><\/h2>\n\n\n\n<p>\u00d6z\u00fcnde, Tejcam sizi d\u00fcnyan\u0131n d\u00f6rt bir yan\u0131ndaki yabanc\u0131larla an\u0131nda ba\u011flant\u0131 kurmak i\u00e7in tasarlanm\u0131\u015f son teknoloji \u00fcr\u00fcn\u00fc, tamamen \u00fccretsiz bir rastgele g\u00f6r\u00fcnt\u00fcl\u00fc sohbet sitesidir. S\u0131k\u0131c\u0131 kay\u0131tlar\u0131, indirmeleri veya uzun beklemeleri unutun.<\/p>\n\n\n\n<p>Omegle ve Ometv&#039;nin \u015f\u0131k bir makyaj\u0131 varm\u0131\u015f gibi d\u00fc\u015f\u00fcn\u00fcn ve daha haval\u0131, daha ak\u0131ll\u0131 karde\u015fleri ortaya \u00e7\u0131kt\u0131\u2014Tejcam.&nbsp;<strong>Konu\u015fmac\u0131lar<\/strong>&nbsp;d\u00fcnya \u00e7ap\u0131ndaki yabanc\u0131larla an\u0131nda g\u00f6r\u00fcnt\u00fcl\u00fc sohbet etmenin basit ve \u00fccretsiz bir yoludur, kay\u0131t veya indirme gerekmez.<\/p>\n\n\n\n<p>Tejcam&#039;i Omegle ve ometv&#039;nin y\u00fckseltilmi\u015f, \u015f\u0131k versiyonu olarak d\u00fc\u015f\u00fcn\u00fcn-\u00f6zellikle isteyenler i\u00e7in tasarland\u0131&nbsp;<strong>yabanc\u0131larla konu\u015f<\/strong>&nbsp;kolay ve g\u00fcvenli bir \u015fekilde.<\/p>\n\n\n\n<p>Bir d\u00fc\u011fmeyi t\u0131klad\u0131\u011f\u0131n\u0131zda, yeni biriyle y\u00fcz y\u00fcze, sohbet payla\u015fmaya haz\u0131rs\u0131n\u0131z demektir. Bir kez t\u0131klay\u0131n ve&nbsp;<em>bam<\/em>- yepyeni, konu\u015fmaya haz\u0131r biriyle y\u00fcz y\u00fcze geliyorsun.&nbsp;<\/p>\n<\/div>\n<\/div>\n<\/div>\n<\/div>\n\n\n\n<div class=\"gbp-section\">\n<div class=\"gbp-section__inner\">\n<div class=\"gbp--margin-after gb-element-c9a0dcd4\">\n<h2 class=\"gb-text\"><strong>Tejcam neden Di\u011ferlerinin \u00dcst\u00fcnde bir Kesik?<\/strong><\/h2>\n\n\n\n<p class=\"gb-text gb-text-a1c8ae48\">G\u00fczel soru! Tejcam sadece mevcut sohbet platformlar\u0131n\u0131 \u00e7o\u011faltmakla kalmaz, \u00e7evrimi\u00e7i yabanc\u0131larla tan\u0131\u015fma \u015feklinizi yeniden icat eder.<br>\u0130\u015fte Tejcam&#039;\u0131 ay\u0131ran \u015fey:<\/p>\n<\/div>\n\n\n\n<div class=\"gb-element-2a2826e4\">\n<div class=\"gb-element-c0893001\">\n<div class=\"gb-element-ff677824\">\n<div>\n<h3 class=\"gb-text gb-text-57591bb4\">Hesaba Gerek Yok<\/h3>\n\n\n\n<p>Hokkabazl\u0131k \u015fifrelerini unutun. Sadece ba\u015flat&#039;a bas\u0131n ve ba\u011flan\u0131n.<\/p>\n<\/div>\n<\/div>\n<\/div>\n\n\n\n<div class=\"gb-element-8adf1e8e\">\n<div class=\"gb-element-4bc0450f\"><div class=\"gb-container gb-container-006115cb\">\n\n<h3 class=\"gb-text gb-text-ddae5adb\">K\u00fcresel Eri\u015fim<\/h3>\n\n\n\n<p>Brezilya&#039;dan Banglade\u015f&#039;e, ingiltere&#039;den ABD&#039;ye-odan\u0131zdan \u00e7\u0131kmadan farkl\u0131 insanlarla tan\u0131\u015f\u0131n.<br><\/p>\n\n<\/div><\/div>\n<\/div>\n<\/div>\n\n\n\n<div class=\"gb-element-09fe3038\">\n<div class=\"gb-element-ef037f1c\">\n<div class=\"gb-element-7cb068e5\">\n<div>\n<h3 class=\"gb-text gb-text-763ee1f4\">Ak\u0131ll\u0131 E\u015fle\u015ftirme Teknolojisi<\/h3>\n\n\n\n<p>Bot yok. Sahte profil yok. Sadece ger\u00e7ek konu\u015fmalar.<br><\/p>\n<\/div>\n<\/div>\n<\/div>\n\n\n\n<div class=\"gb-element-21358b55\">\n<div class=\"gb-element-b0f06bc6\"><div class=\"gb-container gb-container-9ed4dc95\">\n\n<h3 class=\"gb-text gb-text-eb721bd4\">\u00d6nce G\u00fcvenlik<\/h3>\n\n\n\n<p>\u00dcrk\u00fct\u00fcc\u00fc davran\u0131\u015f m\u0131? Burada olmaz. Ak\u0131ll\u0131 filtreler ve kolay raporlama sohbetlerinizi g\u00fcvende tutar.<br><\/p>\n\n<\/div><\/div>\n<\/div>\n<\/div>\n\n\n\n<div class=\"gb-element-d74df224\">\n<div class=\"gb-element-5c5fe217\">\n<div class=\"gb-element-f6d80501\">\n<div>\n<h3 class=\"gb-text gb-text-3401ef7f\">Y\u0131ld\u0131r\u0131m H\u0131z\u0131nda Ba\u011flant\u0131lar<\/h3>\n\n\n\n<p>Tamponlama m\u0131? Nah. Anl\u0131k sohbetler, asla bekletilmedi\u011finiz anlam\u0131na gelir.<br><\/p>\n<\/div>\n<\/div>\n<\/div>\n\n\n\n<div class=\"gb-element-b29cb7fd\">\n<div class=\"gb-element-795b0837\"><div class=\"gb-container gb-container-5462ce48\">\n\n<h3 class=\"gb-text gb-text-378318e8\">Cihazlar Aras\u0131 Uyumluluk<\/h3>\n\n\n\n<p>Diz\u00fcst\u00fc bilgisayar, tablet, telefon-Tejcam her yerde sorunsuz g\u00f6r\u00fcn\u00fcyor ve performans g\u00f6steriyor. Yemek pi\u015firirken, i\u015fe giderken veya \u00fc\u015f\u00fcrken sohbet etmekten \u00e7ekinmeyin.<br><\/p>\n\n<\/div><\/div>\n<\/div>\n<\/div>\n<\/div>\n<\/div>\n\n\n\n<div class=\"gbp--border-radius gb-element-bf282dd1\">\n<div class=\"gbp-section__inner\">\n<div class=\"gb-element-fce96c33\">\n<div>\n<h2 class=\"gb-text gb-text-d05aaa52\"><strong><strong>Neden Yabanc\u0131larla Konu\u015fmaya Zahmet Ediyorsun? Bu biraz tuhaf de\u011fil mi?<\/strong><\/strong><\/h2>\n\n\n\n<p>Ger\u00e7ek \u015fu ki: hay\u0131r, garip de\u011fil. Asl\u0131nda, t\u00fcm g\u00fcn ya\u015fayaca\u011f\u0131n\u0131z en otantik, g\u00f6z a\u00e7\u0131c\u0131 deneyimlerden biri olabilir.<br>Nedenini kontrol et:<\/p>\n\n\n\n<ul class=\"wp-block-list\">\n<li><strong>Zihinsel Detoks<\/strong>: Bazen her zamanki \u00e7evrenizden kopup bir yabanc\u0131yla sohbet etmek zihninizi taze bir esinti gibi temizleyebilir.<\/li>\n\n\n\n<li><strong>K\u00fclt\u00fcrel Ke\u015fif<\/strong>: D\u00fcnya \u00e7ap\u0131ndaki yabanc\u0131larla konu\u015furken yeni bak\u0131\u015f a\u00e7\u0131lar\u0131 ve ya\u015fam tarzlar\u0131 ke\u015ffedin.<\/li>\n\n\n\n<li><strong>S\u0131f\u0131r Bas\u0131n\u00e7 B\u00f6lgesi<\/strong>: Beklenti yok, etkilemeye gerek yok. Sadece ger\u00e7ek benli\u011finiz olun ya da can\u0131n isterse yeni bir ki\u015filik deneyin.<\/li>\n\n\n\n<li><strong>Saf Tesad\u00fcf<\/strong>: Bir dahaki sefere kiminle bulu\u015faca\u011f\u0131n\u0131 asla bilemezsin-heyecan bu.<\/li>\n<\/ul>\n\n\n\n<p>Utanga\u00e7, d\u0131\u015fa d\u00f6n\u00fck veya ortada herhangi bir yerde olsan\u0131z da, Tejcam&#039;daki TalktoStrangers, ger\u00e7ek, yaz\u0131lmam\u0131\u015f insan ba\u011flant\u0131s\u0131 i\u00e7in bir oyun alan\u0131 sunar.<\/p>\n\n\n\n<h2 class=\"wp-block-heading has-text-align-center\"><strong>Tejcam&#039;e kim Atl\u0131yor?<\/strong><\/h2>\n\n\n\n<p>Temel olarak, herkes ve herkes. \u0130\u015fte bir anl\u0131k g\u00f6r\u00fcnt\u00fc:<\/p>\n\n\n\n<ul class=\"wp-block-list\">\n<li>S\u0131n\u0131flar aras\u0131nda gizlice giren \u00f6\u011frenciler<\/li>\n\n\n\n<li>Yerlilerle hikaye al\u0131\u015fveri\u015finde bulunmak isteyen gezginler<\/li>\n\n\n\n<li>Ge\u00e7 saatlerde e\u015flik arayan gece bayku\u015flar\u0131<\/li>\n\n\n\n<li>Ger\u00e7ek konu\u015fmalar\u0131 uygulayan dil \u00f6\u011frenenler<\/li>\n\n\n\n<li>Kalp k\u0131r\u0131klar\u0131ndan sonra dinleme kula\u011f\u0131na ihtiya\u00e7 duyan insanlar<\/li>\n\n\n\n<li>G\u00fclmek i\u00e7in avlanan meme merakl\u0131lar\u0131<\/li>\n<\/ul>\n\n\n\n<p>Tejcam en sevdi\u011finiz bulu\u015fma noktas\u0131 gibidir-latte yerine otantik insan ba\u011flant\u0131lar\u0131 elde edersiniz. Kendili\u011finden, tahmin edilemez, bazen garip-ama her zaman ger\u00e7ek.<\/p>\n\n\n\n<h2 class=\"wp-block-heading has-text-align-center\"><strong>Sadece Tejcam&#039;de Alaca\u011f\u0131n\u0131z Klasik Anlar<\/strong><\/h2>\n\n\n\n<p>D\u00fcr\u00fcst olal\u0131m-rastgele g\u00f6r\u00fcnt\u00fcl\u00fc sohbetlerin baz\u0131 ticari marka anlar\u0131 var:<\/p>\n\n\n\n<ul class=\"wp-block-list\">\n<li>Birisi el sallamadan \u00f6nceki o komik, garip duraklama &#034; Hey!\u201d<\/li>\n\n\n\n<li>\u0130kizinize tuhaf bir \u015fekilde benzeyen birini bulmak (i\u015faret &#034; Akraba m\u0131y\u0131z?&#034;\u015fakalar)<\/li>\n\n\n\n<li>Pizzada ananasla ilgili b\u00fcy\u00fck tart\u0131\u015fmay\u0131 tart\u0131\u015fmak<\/li>\n\n\n\n<li>Kendi mahallenizden oldu\u011fu ortaya \u00e7\u0131kan bir yabanc\u0131yla e\u015fle\u015fmek<\/li>\n\n\n\n<li>O kadar \u00e7ok g\u00fcl\u00fcyorsun ki, bunun tamamen yabanc\u0131yla bir sohbet oldu\u011funu unutuyorsun<\/li>\n<\/ul>\n\n\n\n<p>Bu k\u00fc\u00e7\u00fck ta\u015flar Tejcam&#039;\u0131 unutulmaz k\u0131lan \u015feydir.<\/p>\n\n\n\n<h2 class=\"wp-block-heading\">Sadece K\u00fc\u00e7\u00fck Bir Konu\u015fma De\u011fil - her T\u0131klamada bir Macera<\/h2>\n\n\n\n<p>Kabul edelim\u2014yabanc\u0131larla \u00e7evrimi\u00e7i konu\u015fmak, \u201cBeyaz minib\u00fcslerdeki insanlarla konu\u015fma &#034; n\u0131n dijital versiyonuydu.&#034;Ama \u015fimdi? Modern ya\u015fam\u0131n heyecan verici bir par\u00e7as\u0131.<br>\u00dczerinde <strong>Tejcam&#039;in rastgele g\u00f6r\u00fcnt\u00fcl\u00fc sohbeti<\/strong>, her t\u0131klama bir yere \u0131\u015f\u0131nlanma d\u00fc\u011fmesidir <em>beklenmedik bir \u015fekilde harika<\/em>.<\/p>\n\n\n\n<ul class=\"wp-block-list\">\n<li>Bir istiyorum <strong>kameral\u0131 sohbet<\/strong> sen Toronto&#039;da dinlenirken Tokyo&#039;da biriyle mi? Kolay.<\/li>\n\n\n\n<li>Gece ge\u00e7 saatlerde sohbet eden bir arkada\u015fa ihtiyac\u0131m var <em>al\u0131r<\/em> sabah 3 d\u00fc\u015f\u00fcnceleriniz? Yakalad\u0131k seni.<\/li>\n\n\n\n<li>Ananas\u0131n pizzaya ait olup olmad\u0131\u011f\u0131n\u0131 merak ediyor musunuz? Canl\u0131 olarak tart\u0131\u015f\u0131n\u2014bir yabanc\u0131yla.<\/li>\n<\/ul>\n\n\n\n<p>\u0130ster a\u015f\u0131r\u0131 d\u00fc\u015f\u00fcnen, ister fazla payla\u015fan, ister sonsuz kayd\u0131rman\u0131n biraz \u00fczerinde olun\u2014<strong>Tejcam&#039;in<\/strong> getiriyor <strong>yabanc\u0131larla konu\u015f<\/strong> ya\u015fama deneyimi. Bask\u0131 yok. Profil yok. Sadece bir perde ve tuhaf harika insanlarla dolu bir d\u00fcnya.<\/p>\n\n\n\n<h2 class=\"wp-block-heading\">Ger\u00e7ek insanlar. Ger\u00e7ek Sohbetler. Ger\u00e7ek Zamanl\u0131 Kamera B\u00fcy\u00fcs\u00fc<\/h2>\n\n\n\n<p>Bu yaz\u0131l\u0131 de\u011fil. Bu sahnelenmemi\u015f. Bu <strong>ger\u00e7ek zamanl\u0131 kameral\u0131 sohbet<\/strong> bir filtre se\u00e7mek i\u00e7in 20 dakikas\u0131n\u0131 harcamayan ger\u00e7ek insanlarla.<br><strong>Tejcam&#039;in rastgele g\u00f6r\u00fcnt\u00fcl\u00fc sohbeti<\/strong> sistem isteyenler i\u00e7in tasarlanm\u0131\u015ft\u0131r <strong>otantik ba\u011flant\u0131lar<\/strong>- isteyemeyece\u011fin t\u00fcrden.<\/p>\n\n\n\n<p>\u0130\u015fte profesyoneller, \u00f6\u011frenciler, uykusuzluklar ve ka\u015fifler bu y\u00fczden onu seviyor:<\/p>\n\n\n\n<ul class=\"wp-block-list\">\n<li><strong>Giri\u015f yok. Profil yok. Sadece \u201cba\u015flat &#034; a bas ve konu\u015f.<\/strong><\/li>\n\n\n\n<li>Yerle\u015fik filtreler (k\u00f6pek kula\u011f\u0131 Snapchat t\u00fcr\u00fc de\u011fil, g\u00fcvenlik t\u00fcr\u00fc) sohbetleri temiz tutar.<\/li>\n\n\n\n<li><strong>Ak\u0131ll\u0131 e\u015fle\u015ftirme<\/strong> sizi e\u015fle\u015ftirir <em>ger\u00e7ek yabanc\u0131lar<\/em>, spam botlar de\u011fil.<\/li>\n\n\n\n<li>S\u0131rada kimin oldu\u011funu asla bilemezsiniz\u2014ve bu en iyi b\u00f6l\u00fcm.<\/li>\n<\/ul>\n\n\n\n<p>S\u0131radan kahkahalardan beklenmedik \u015fekilde derin toplant\u0131lara, <strong>Tejcam&#039;in<\/strong> yapar <strong>yabanc\u0131larla kameral\u0131 sohbet<\/strong> zahmetsiz ve insani hissedin.<\/p>\n<\/div>\n<\/div>\n<\/div>\n<\/div>\n\n\n\n<div class=\"gbp--border-radius gb-element-b2683b59\">\n<div class=\"gbp-section__inner\">\n<div class=\"gb-element-024a9ffb\">\n<div>\n<h2 class=\"gb-text gb-text-36432b33\"><strong><strong><strong>\u00d6nce G\u00fcvenlik: Sohbet Ederken Kendinizi Nas\u0131l Korursunuz<\/strong><\/strong><\/strong><\/h2>\n\n\n\n<p>E\u011flencenin tad\u0131n\u0131 \u00e7\u0131kar, ama akl\u0131n\u0131 ba\u015f\u0131na topla. Tejcam g\u00fcvenlik g\u00f6z \u00f6n\u00fcnde bulundurularak olu\u015fturulmu\u015ftur, ancak i\u015fte size dost\u00e7a bir hat\u0131rlatma:<\/p>\n\n\n\n<p>Hassas ki\u015fisel bilgileri asla payla\u015fmay\u0131n (a\u00e7\u0131k\u00e7as\u0131).<\/p>\n\n\n\n<p>Biri ters davran\u0131yorsa teredd\u00fct etmeden skip&#039;e bas.<\/p>\n\n\n\n<p>Nazik olun-ekran\u0131n arkas\u0131nda ger\u00e7ek bir ki\u015fi var.<\/p>\n\n\n\n<p>\u0130\u00e7g\u00fcd\u00fclerine g\u00fcven. E\u011fer yanl\u0131\u015f hissediyorsa, devam edin.<\/p>\n\n\n\n<p>Uygunsuz davran\u0131\u015flar\u0131 bildir-Tejcam&#039;\u0131n ekibi bunu ciddiye al\u0131yor.<\/p>\n\n\n\n<h2 class=\"wp-block-heading has-text-align-center\"><strong><strong>Sonu\u00e7: Bir Sonraki Harika Sohbetiniz Sizi Bekliyor<\/strong><\/strong><\/h2>\n\n\n\n<p>G\u00fcn\u00fcm\u00fcz\u00fcn sonsuz kayd\u0131rma, k\u00fcrat\u00f6rl\u00fc\u011f\u00fcnde profiller ve filtrelenmi\u015f yay\u0131nlar d\u00fcnyas\u0131nda, Tejcam temiz bir soluktur. En iyi ihtimalle ham, ger\u00e7ek ve kendili\u011finden insan etkile\u015fimi.<\/p>\n\n\n\n<p>\u0130ster g\u00fclmek, ister derin konu\u015fmak, ister sadece can s\u0131k\u0131nt\u0131s\u0131n\u0131 \u00f6ld\u00fcrmek isteyin, Tejcam sunar.<\/p>\n\n\n\n<p>Sadece i\u00e7erik t\u00fcketmeyin-ba\u011flan\u0131n. Bir sonraki unutulmaz sohbetiniz sadece bir t\u0131k uzakta.<\/p>\n<\/div>\n<\/div>\n<\/div>\n<\/div>","protected":false},"excerpt":{"rendered":"<p>Talk to Strangers &#8211; Online Free on Tejcam Today. Let\u2019s be honest: the idea to&nbsp;talk to strangers&nbsp;online once felt a bit awkward or even risky. But that\u2019s changed\u2014thanks to platforms like&nbsp;TalktoStrangers&nbsp;on Tejcam, connecting with new people is now exciting, safe, and surprisingly meaningful. Whether you want to&nbsp;talk to strangers&nbsp;at 2 AM, explore cultures far away, &#8230; <a title=\"Ev\" class=\"read-more\" href=\"https:\/\/tejcam.com\/tr\/\" aria-label=\"Read more about Home\">Read more<\/a><\/p>","protected":false},"author":1,"featured_media":0,"parent":0,"menu_order":0,"comment_status":"closed","ping_status":"closed","template":"","meta":{"footnotes":""},"class_list":{"0":"post-39740","1":"page","2":"type-page","3":"status-publish","5":"no-featured-image-padding"},"_links":{"self":[{"href":"https:\/\/tejcam.com\/tr\/wp-json\/wp\/v2\/pages\/39740","targetHints":{"allow":["GET"]}}],"collection":[{"href":"https:\/\/tejcam.com\/tr\/wp-json\/wp\/v2\/pages"}],"about":[{"href":"https:\/\/tejcam.com\/tr\/wp-json\/wp\/v2\/types\/page"}],"author":[{"embeddable":true,"href":"https:\/\/tejcam.com\/tr\/wp-json\/wp\/v2\/users\/1"}],"replies":[{"embeddable":true,"href":"https:\/\/tejcam.com\/tr\/wp-json\/wp\/v2\/comments?post=39740"}],"version-history":[{"count":0,"href":"https:\/\/tejcam.com\/tr\/wp-json\/wp\/v2\/pages\/39740\/revisions"}],"wp:attachment":[{"href":"https:\/\/tejcam.com\/tr\/wp-json\/wp\/v2\/media?parent=39740"}],"curies":[{"name":"wp","href":"https:\/\/api.w.org\/{rel}","templated":true}]}}