{"id":43882,"date":"2025-06-28T17:51:01","date_gmt":"2025-06-28T12:51:01","guid":{"rendered":"https:\/\/tejcam.com\/?page_id=43882"},"modified":"2025-06-28T17:51:02","modified_gmt":"2025-06-28T12:51:02","slug":"about-tejcam","status":"publish","type":"page","link":"https:\/\/tejcam.com\/tr\/about-tejcam\/","title":{"rendered":"Tejcam Hakk\u0131nda"},"content":{"rendered":"<h2 class=\"wp-block-heading\">Tejcam&#039;a Ho\u015f Geldiniz-E\u011flence Burada Ba\u015fl\u0131yor!<\/h2>\n\n\n\n<p>Yan\u0131nda <strong>Tejcam&#039;in<\/strong>, biz parti de\u011filiz-biz sadece <em>sana g\u00f6sterece\u011fim.<\/em>. Bizi e\u011flencenin nerede oldu\u011funu her zaman bilen haval\u0131 arkada\u015f olarak d\u00fc\u015f\u00fcn\u00fcn. Sizi en iyilerle bulu\u015fturuyoruz <strong>rastgele g\u00f6r\u00fcnt\u00fcl\u00fc sohbet platformlar\u0131<\/strong> d\u0131\u015far\u0131da, Coomeet ve di\u011fer yabanc\u0131 dostu sohbet uygulamalar\u0131 gibi. \u0130ster s\u0131k\u0131ld\u0131n\u0131z, ister yaln\u0131z, ister merakl\u0131 olun, ister sadece titre\u015fiyor olun, dijital hayat\u0131n\u0131z\u0131 renklendirmek i\u00e7in buraday\u0131z.<\/p>\n\n\n\n<h3 class=\"wp-block-heading\">Ne Yap\u0131yoruz (Haval\u0131 G\u00f6r\u00fcnmekten Ba\u015fka)?<\/h3>\n\n\n\n<p>Hadi onu par\u00e7alayal\u0131m:<\/p>\n\n\n\n<ul class=\"wp-block-list\">\n<li>\ud83d\udd17 <strong>Sizi ba\u011flar\u0131z<\/strong> d\u00fcnyan\u0131n d\u00f6rt bir yan\u0131ndan yabanc\u0131larla konu\u015fabilece\u011finiz \u00fc\u00e7\u00fcnc\u00fc taraf sohbet platformlar\u0131na.<\/li>\n\n\n\n<li>\ud83d\udd0d <strong>G\u00f6zden ge\u00e7irir ve tavsiye ederiz<\/strong> en iyi Omegle ve Chatroulette alternatifleri, b\u00f6ylece zaman\u0131n\u0131z\u0131 aksak veya g\u00f6lgeli sitelerde bo\u015fa harcamazs\u0131n\u0131z.<\/li>\n\n\n\n<li>\ud83e\udde0 <strong>Size rehberlik ediyoruz<\/strong> g\u00fcvenli, anonim sohbet yoluyla-b\u00f6ylece e\u011flenebilirsiniz <em>olmadan<\/em> garip bir \u00e7evrimi\u00e7i korku hikayesine son vermek.<\/li>\n<\/ul>\n\n\n\n<p>\u0130ndirme yok. Kay\u0131t yok. Sadece d\u00fcz sohbet kaosu, Tejcam tarz\u0131.<\/p>\n\n\n\n<h3 class=\"wp-block-heading\">Kendimiz bir Sohbet Platformu muyuz?<\/h3>\n\n\n\n<p>Hay\u0131r! Kul\u00fcpteki DJ gibiyiz: ritimleri d\u00fc\u015f\u00fcr\u00fcyoruz (aka ba\u011flant\u0131lar), ancak dans pistini kontrol etmiyoruz. Sohbetler devam ediyor <strong>\u00fc\u00e7\u00fcnc\u00fc taraf siteleri<\/strong> - Coomeet ve di\u011ferleri-yani o g\u00f6r\u00fcnt\u00fcl\u00fc g\u00f6r\u00fc\u015fmelerde ne olursa olsun seninle onlar aras\u0131nda.<\/p>\n\n\n\n<h3 class=\"wp-block-heading\">Neden Tejcam?<\/h3>\n\n\n\n<p>\u00c7\u00fcnk\u00fc rastgele sohbetler olmal\u0131:<\/p>\n\n\n\n<ul class=\"wp-block-list\">\n<li><strong>E\u011flence<\/strong> (cidden, saat 2&#039;de Norve\u00e7li bir sihirbazla ba\u015fka nerede tan\u0131\u015fabilirsiniz?)<\/li>\n\n\n\n<li><strong>Kolay<\/strong> (t\u0131kla ve git!)<\/li>\n\n\n\n<li><strong>Beklenmedik<\/strong> (yabanc\u0131 tehlike? Daha \u00e7ok yabanc\u0131 kahkahalar gibi... \u00e7o\u011fu zaman.)<\/li>\n\n\n\n<li><strong>G\u00fcvenli<\/strong> (her zaman ak\u0131ll\u0131, sayg\u0131l\u0131 sohbeti te\u015fvik ederiz)<\/li>\n<\/ul>\n\n\n\n<h3 class=\"wp-block-heading\">Tejcam kimin i\u00e7in?<\/h3>\n\n\n\n<p>\u0130steyen herkes:<\/p>\n\n\n\n<ul class=\"wp-block-list\">\n<li>-e do\u011fru <strong>yabanc\u0131larla konu\u015f<\/strong> garip kay\u0131tlar olmadan<\/li>\n\n\n\n<li>A <strong>sosyal medya g\u00fcr\u00fclt\u00fcs\u00fcnden kopma<\/strong><\/li>\n\n\n\n<li>H\u0131zl\u0131 bir kahkaha, derin bir sohbet veya sadece rastgele bir tuhafl\u0131k<\/li>\n\n\n\n<li>Ger\u00e7ekten i\u015fe yarayan sohbet alternatifleri bulmak i\u00e7in<\/li>\n<\/ul>\n\n\n\n<h3 class=\"wp-block-heading\">Yasal Konu\u015fma (Ugh, Ama \u00d6nemli)<\/h3>\n\n\n\n<p>Biz <strong>sahip olma veya ko\u015fma<\/strong> ba\u011flant\u0131 kurdu\u011fumuz platformlar. Biz en iyisiyiz. <strong>\u00f6neri motoru<\/strong>, makine dairesi de\u011fil. T\u0131klars\u0131n, sohbet edersin, e\u011flenirsin (ya da kefalet \u2014 bu e\u011flencenin bir par\u00e7as\u0131). Sadece hat\u0131rla: takip et <strong>onlar\u0131n<\/strong> kurallar, bizim de\u011fil.<\/p>\n\n\n\n<h3 class=\"wp-block-heading\">Rastgele Tutal\u0131m<\/h3>\n\n\n\n<p>Tejcam internetin tuhaf k\u00fc\u00e7\u00fck bir k\u00f6\u015fesi \u2014 ve biz onu bu \u015fekilde seviyoruz. Sohbet etmek i\u00e7in her zaman yeni yerler ke\u015ffediyoruz, bu y\u00fczden kontrol edin <strong>Sohbet Alternatifleri<\/strong> s\u0131k s\u0131k b\u00f6l\u00fcm. Neyi (veya kimi) bulaca\u011f\u0131n\u0131z\u0131 asla bilemezsiniz.<\/p>","protected":false},"excerpt":{"rendered":"<p>Welcome to Tejcam \u2013 The Fun Starts Here! At Tejcam, we&#8217;re not the party \u2014 we just point you to it. Think of us as the cool friend who always knows where the fun is. We connect you with the best random video chat platforms out there, like Coomeet and other stranger-friendly chat apps. Whether &#8230; <a title=\"Tejcam Hakk\u0131nda\" class=\"read-more\" href=\"https:\/\/tejcam.com\/tr\/about-tejcam\/\" aria-label=\"Read more about About Tejcam\">Read more<\/a><\/p>","protected":false},"author":1,"featured_media":0,"parent":0,"menu_order":0,"comment_status":"closed","ping_status":"closed","template":"","meta":{"footnotes":""},"class_list":{"0":"post-43882","1":"page","2":"type-page","3":"status-publish","5":"no-featured-image-padding"},"_links":{"self":[{"href":"https:\/\/tejcam.com\/tr\/wp-json\/wp\/v2\/pages\/43882","targetHints":{"allow":["GET"]}}],"collection":[{"href":"https:\/\/tejcam.com\/tr\/wp-json\/wp\/v2\/pages"}],"about":[{"href":"https:\/\/tejcam.com\/tr\/wp-json\/wp\/v2\/types\/page"}],"author":[{"embeddable":true,"href":"https:\/\/tejcam.com\/tr\/wp-json\/wp\/v2\/users\/1"}],"replies":[{"embeddable":true,"href":"https:\/\/tejcam.com\/tr\/wp-json\/wp\/v2\/comments?post=43882"}],"version-history":[{"count":0,"href":"https:\/\/tejcam.com\/tr\/wp-json\/wp\/v2\/pages\/43882\/revisions"}],"wp:attachment":[{"href":"https:\/\/tejcam.com\/tr\/wp-json\/wp\/v2\/media?parent=43882"}],"curies":[{"name":"wp","href":"https:\/\/api.w.org\/{rel}","templated":true}]}}