{"id":43887,"date":"2025-06-28T18:27:08","date_gmt":"2025-06-28T13:27:08","guid":{"rendered":"https:\/\/tejcam.com\/?page_id=43887"},"modified":"2025-06-28T18:27:09","modified_gmt":"2025-06-28T13:27:09","slug":"disclaimer","status":"publish","type":"page","link":"https:\/\/tejcam.com\/tr\/disclaimer\/","title":{"rendered":"Feragatname"},"content":{"rendered":"<h2 class=\"wp-block-heading\">Feragatname<\/h2>\n\n\n\n<p>Yan\u0131nda <strong>Tejcam.com<\/strong>, i\u015fimiz basit: merakl\u0131 insanlar\u0131 (sizin gibi) internetin en pop\u00fclerlerinden baz\u0131lar\u0131yla birle\u015ftiriyoruz <strong>rastgele g\u00f6r\u00fcnt\u00fcl\u00fc sohbet platformlar\u0131<\/strong> - Coomeet, Omegle ve Chatrandom gibi. Ama a\u00e7\u0131k olal\u0131m: <strong>bu sitelerin hi\u00e7birine sahip de\u011filiz, i\u015fletmiyoruz veya kontrol etmiyoruz.<\/strong><\/p>\n\n\n\n<p>Bu feragatname, sorumlulu\u011fumuzun nerede bitti\u011fini ve sizinkinin nerede ba\u015flad\u0131\u011f\u0131n\u0131 a\u00e7\u0131klar.<\/p>\n\n\n\n<h3 class=\"wp-block-heading\">1. Sohbet Partisini biz Y\u00f6netmiyoruz.<\/h3>\n\n\n\n<p>Tejcam sadece rehberdir, ev sahibi de\u011fil.<br>Yapar\u0131z <strong>de\u011fil<\/strong> ba\u011flant\u0131 kurdu\u011fumuz platformlardan herhangi birine sahip olmak, i\u015fletmek veya resmi olarak onaylamak. Bunun anlam\u0131:<\/p>\n\n\n\n<ul class=\"wp-block-list\">\n<li>Sohbet odalar\u0131n\u0131n veya g\u00f6r\u00fcnt\u00fcl\u00fc g\u00f6r\u00fc\u015fmelerin arkas\u0131nda de\u011filiz.<\/li>\n\n\n\n<li>Konu\u015fmalar\u0131 y\u00f6netmiyoruz veya sohbet verilerinizi saklam\u0131yoruz.<\/li>\n\n\n\n<li>Bu platformlar\u0131n \u00e7al\u0131\u015fma \u015feklini de\u011fi\u015ftiremeyiz (veya k\u0131r\u0131l\u0131rlarsa d\u00fczeltemeyiz).<\/li>\n<\/ul>\n\n\n\n<p>Her platform \u2014 Coomeet gibi \u2014 kendi alt\u0131nda \u00e7al\u0131\u015f\u0131r <strong>kendi kurallar\u0131 ve politikalar\u0131<\/strong>. Dalmadan \u00f6nce bunlar\u0131 kontrol etti\u011finizden emin olun.<\/p>\n\n\n\n<h3 class=\"wp-block-heading\">2. Kendi Sorumlulu\u011funuzda Kullan\u0131n<\/h3>\n\n\n\n<p>Bunu ger\u00e7ek tutal\u0131m:<\/p>\n\n\n\n<ul class=\"wp-block-list\">\n<li><strong>Garantisi yok.<\/strong> \u00dclkenizdeki her platformun 0 g\u00fcvenli, istikrarl\u0131 ve hatta yasal oldu\u011funa s\u00f6z veremeyiz.<\/li>\n\n\n\n<li><strong>\u0130\u00e7erik kontrol\u00fc yok.<\/strong> Sohbette kar\u015f\u0131la\u015fabilece\u011finiz rahats\u0131z edici, uygunsuz veya sadece tuhaf herhangi bir \u015feyden sorumlu de\u011filiz.<\/li>\n\n\n\n<li><strong>Sorumluluk yok.<\/strong> Yasaklan\u0131rsan\u0131z, trollenirseniz, doland\u0131r\u0131l\u0131rsan\u0131z veya duygusal olarak yaralan\u0131rsan\u0131z-bu talihsiz bir durumdur, ancak sizinle o platform aras\u0131ndad\u0131r.<\/li>\n<\/ul>\n\n\n\n<h3 class=\"wp-block-heading\">3. Ne <em>Sen<\/em> Yapman\u0131z gerekenler<\/h3>\n\n\n\n<p>B\u00fcy\u00fck sohbet g\u00fcc\u00fc ile b\u00fcy\u00fck sorumluluk gelir:<\/p>\n\n\n\n<ul class=\"wp-block-list\">\n<li><strong>Kurallar\u0131 okuyun.<\/strong> Kullanmadan \u00f6nce platformun hizmet \u015fartlar\u0131n\u0131 ve gizlilik politikas\u0131n\u0131 kontrol edin.<\/li>\n\n\n\n<li><strong>Bilgilerinizi koruyun.<\/strong> Adresiniz, \u015fifreleriniz veya kredi kart\u0131 bilgileriniz gibi ki\u015fisel verileri payla\u015fmay\u0131n.<\/li>\n\n\n\n<li><strong>Ya\u015f s\u0131n\u0131rlar\u0131na sayg\u0131 g\u00f6sterin.<\/strong> \u00c7o\u011fu platform 18+ &#039; d\u0131r ve bunun iyi bir nedeni vard\u0131r. Re\u015fit de\u011filseniz-\u00fczg\u00fcn\u00fcm, sonra gelin.<\/li>\n<\/ul>\n\n\n\n<h3 class=\"wp-block-heading\">4. D\u0131\u015f Ba\u011flant\u0131lar Bizim De\u011fil<\/h3>\n\n\n\n<p>Sa\u011flad\u0131\u011f\u0131m\u0131z ba\u011flant\u0131lar a\u015fa\u011f\u0131dakiler i\u00e7indir <strong>size kolayl\u0131k<\/strong>, ancak siz t\u0131klad\u0131ktan sonra ne olaca\u011f\u0131n\u0131 kontrol edemeyiz. Platformlar kurallar\u0131n\u0131, d\u00fczenini veya i\u00e7eri\u011fini de\u011fi\u015ftirebilir ve bize bildirilmez. Kullanmadan \u00f6nce daima iki kez kontrol edin.<\/p>\n\n\n\n<h3 class=\"wp-block-heading\">5. Yasal \u015eeyler (aka Tazminat)<\/h3>\n\n\n\n<p>Tejcam&#039;i kullanarak, ba\u011flant\u0131 kurdu\u011fumuz bir platformu nas\u0131l kulland\u0131\u011f\u0131n\u0131zdan dolay\u0131 bir \u015feyler ters giderse bunu kabul edersiniz, <strong>bizi sorumlu tutmayacaks\u0131n.<\/strong>. Buna \u015funlar dahildir:<\/p>\n\n\n\n<ul class=\"wp-block-list\">\n<li>Yasal talepler<\/li>\n\n\n\n<li>Veri kayb\u0131<\/li>\n\n\n\n<li>Rastgele bir sohbette yabanc\u0131larla sava\u015f\u0131r<\/li>\n<\/ul>\n\n\n\n<p>Kabul ediyorsunuz <strong>savunmak, tazmin etmek ve zarars\u0131z tutmak<\/strong> Tejcam ve ekibi, \u00fc\u00e7\u00fcnc\u00fc taraf platform kullan\u0131m\u0131yla ilgili herhangi bir y\u00fck\u00fcml\u00fcl\u00fck veya zarardan.<\/p>\n\n\n\n<h3 class=\"wp-block-heading\">6. Son S\u00f6z<\/h3>\n\n\n\n<p>Tejcam i\u00e7in var <strong>e\u011fitin, y\u00f6nlendirin ve e\u011flendirin<\/strong>. Platformunuzun m\u00fc\u015fteri hizmetleri temsilcisi de\u011filiz. bu nedenle, yasaklan\u0131rsan\u0131z, hatalarla kar\u015f\u0131la\u015f\u0131rsan\u0131z veya geri \u00f6deme almak istiyorsan\u0131z, do\u011frudan platformla ileti\u015fime ge\u00e7meniz gerekir.<\/p>\n\n\n\n<h3 class=\"wp-block-heading\">G\u00fcvende kal. Ak\u0131ll\u0131 kal. Garip kal-bu internet.<\/h3>","protected":false},"excerpt":{"rendered":"<p>Disclaimer At Tejcam.com, our job is simple: we connect curious people (like you) with some of the internet\u2019s most popular random video chat platforms \u2014 like Coomeet, Omegle, and Chatrandom. But let\u2019s be clear: we don\u2019t own, run, or control any of these sites. This disclaimer explains where our responsibility ends and yours begins. 1. &#8230; <a title=\"Feragatname\" class=\"read-more\" href=\"https:\/\/tejcam.com\/tr\/disclaimer\/\" aria-label=\"Read more about Disclaimer\">Read more<\/a><\/p>","protected":false},"author":1,"featured_media":0,"parent":0,"menu_order":0,"comment_status":"closed","ping_status":"closed","template":"","meta":{"footnotes":""},"class_list":{"0":"post-43887","1":"page","2":"type-page","3":"status-publish","5":"no-featured-image-padding"},"_links":{"self":[{"href":"https:\/\/tejcam.com\/tr\/wp-json\/wp\/v2\/pages\/43887","targetHints":{"allow":["GET"]}}],"collection":[{"href":"https:\/\/tejcam.com\/tr\/wp-json\/wp\/v2\/pages"}],"about":[{"href":"https:\/\/tejcam.com\/tr\/wp-json\/wp\/v2\/types\/page"}],"author":[{"embeddable":true,"href":"https:\/\/tejcam.com\/tr\/wp-json\/wp\/v2\/users\/1"}],"replies":[{"embeddable":true,"href":"https:\/\/tejcam.com\/tr\/wp-json\/wp\/v2\/comments?post=43887"}],"version-history":[{"count":0,"href":"https:\/\/tejcam.com\/tr\/wp-json\/wp\/v2\/pages\/43887\/revisions"}],"wp:attachment":[{"href":"https:\/\/tejcam.com\/tr\/wp-json\/wp\/v2\/media?parent=43887"}],"curies":[{"name":"wp","href":"https:\/\/api.w.org\/{rel}","templated":true}]}}