{"id":30249,"date":"2023-08-24T20:15:00","date_gmt":"2023-08-24T20:15:00","guid":{"rendered":"https:\/\/sites.generatepress.com\/affinity\/?page_id=30249"},"modified":"2025-06-28T18:20:33","modified_gmt":"2025-06-28T13:20:33","slug":"privacy-policy","status":"publish","type":"page","link":"https:\/\/tejcam.com\/vi\/privacy-policy\/","title":{"rendered":"Ch\u00ednh S\u00e1ch B\u1ea3o M\u1eadt"},"content":{"rendered":"<div class=\"gb-container gb-container-00dad267 gbp-section\">\n<div class=\"gb-container gb-container-7c095171 gb-container-e12be6ba gbp-section__inner\">\n\n<h2 class=\"gb-headline gb-headline-2005c800 gb-headline-text\">Tejcam Ch\u00ednh S\u00e1ch B\u1ea3o M\u1eadt<\/h2>\n\n\n\n<p>T\u1ea1i Tejcam, ch\u00fang ta ph\u1ee5c v\u1ee5 nh\u01b0 l\u00e0 m\u1ed9t th\u00f4ng tin trung gian k\u1ebft n\u1ed1i ng\u01b0\u1eddi th\u1ee9 ba b\u00ean n\u1ec1n t\u1ea3ng nh\u01b0 Coomeet v\u00e0 kh\u00e1c t\u01b0\u01a1ng t\u1ef1 cho ng\u1eabu nhi\u00ean video tr\u00f2 chuy\u1ec7n. Ch\u00fang t\u00f4i l\u00e0m <strong>kh\u00f4ng<\/strong> ho\u1ea1t \u0111\u1ed9ng ri\u00eang c\u1ee7a m\u00ecnh, ho\u1eb7c ki\u1ec3m so\u00e1t n\u00f3i chuy\u1ec7n ch\u1ee9c n\u0103ng hay th\u1ef1c ti\u1ec5n d\u1eef li\u1ec7u c\u1ee7a nh\u1eefng n\u1ec1n t\u1ea3ng. Ch\u00ednh s\u00e1ch n\u00e0y gi\u1ea3i th\u00edch gi\u1edbi h\u1ea1n c\u1ee7a ch\u00fang t\u00f4i \u0111\u00f3ng vai tr\u00f2 nh\u01b0 th\u1ebf n\u00e0o v\u00e0 c\u1ee7a ch\u00ednh l\u00e0 x\u1eed l\u00fd:<\/p>\n\n\n\n<h3 class=\"wp-block-heading\">1. Vai Tr\u00f2 C\u1ee7a Ch\u00fang Ta<\/h3>\n\n\n\n<p>Tejcam c\u1ee7a ch\u00ednh l\u00e0 m\u1ee5c \u0111\u00edch \u0111\u1ec3 cung c\u1ea5p n\u1ed9i dung gi\u00e1o d\u1ee5c l\u1eddi khuy\u00ean h\u1eefu \u00edch, v\u00e0 h\u01b0\u1edbng d\u1eabn v\u1ec1 ng\u1eabu nhi\u00ean chat video n\u1ec1n t\u1ea3ng. Ch\u00fang t\u00f4i l\u00e0m <strong>kh\u00f4ng<\/strong> thu th\u1eadp, c\u1eeda h\u00e0ng, ho\u1eb7c qu\u00e1 tr\u00ecnh s\u1edf d\u1eef li\u1ec7u c\u00e1 nh\u00e2n t\u1eeb c\u1ee7a cu\u1ed9c tr\u00f2 chuy\u1ec7n ho\u1eb7c t\u01b0\u01a1ng t\u00e1c tr\u00ean n\u1ec1n t\u1ea3ng.<\/p>\n\n\n\n<h3 class=\"wp-block-heading\">2. Th\u1ee9 ba, n\u1ec1n T\u1ea3ng B\u00ean (v\u00ed d\u1ee5, Coomeet V\u00e0 T\u01b0\u01a1ng t\u1ef1 Kh\u00e1c)<\/h3>\n\n\n\n<p>C\u00e1c n\u00f3i chuy\u1ec7n n\u1ec1n t\u1ea3ng ch\u00fang ta li\u00ean k\u1ebft \u0111\u1ebfn, ch\u1eb3ng h\u1ea1n nh\u01b0 Coomeet, ch\u1ecbu tr\u00e1ch nhi\u1ec7m cho t\u1ea5t c\u1ea3 chuy\u1ec7n ho\u1ea1t \u0111\u1ed9ng, bao g\u1ed3m d\u00f9ng t\u01b0\u01a1ng t\u00e1c, d\u1eef li\u1ec7u b\u1ed9 s\u01b0u t\u1eadp, ch\u1eebng m\u1ef1c v\u00e0 an ninh. B\u1ea5t k\u1ef3 th\u00f4ng tin anh chia s\u1ebb su\u1ed1t cu\u1ed9c tr\u00f2 chuy\u1ec7n c\u1ee7a b\u1ea1n\u2014xem phim, v\u0103n b\u1ea3n \u0111\u01b0\u1ee3c \u0111i\u1ec1u ch\u1ec9nh ch\u1ec9 b\u1edfi c\u1ee7a ch\u00ednh s\u00e1ch. Ch\u00fang t\u00f4i khuy\u1ebfn kh\u00edch b\u1ea1n x\u00e9t ch\u00ednh s\u00e1ch c\u1ee7a h\u1ecd c\u1ea9n th\u1eadn tr\u01b0\u1edbc khi s\u1eed d\u1ee5ng.<\/p>\n\n\n\n<p>Ch\u00fang t\u00f4i t\u1eeb ch\u1ed1i b\u1ea5t k\u1ef3 tr\u00e1ch nhi\u1ec7m v\u1ec1 th\u1ee9 ba b\u1eefa ti\u1ec7c d\u1eef li\u1ec7u th\u1ef1c h\u00e0nh d\u00f9ng h\u00e0nh vi, ho\u1eb7c v\u1ea5n \u0111\u1ec1 k\u1ef9 thu\u1eadt.<\/p>\n\n\n\n<h3 class=\"wp-block-heading\">3. Ch\u00fang T\u00f4i Thu Th\u1eadp Th\u00f4ng Tin<\/h3>\n\n\n\n<ul class=\"wp-block-list\">\n<li><strong>V\u00f4 danh d\u1eef li\u1ec7u duy\u1ec7t:<\/strong> Ch\u00fang t\u00f4i thu th\u1eadp h\u1ea1n, kh\u00f4ng th\u00f4ng tin c\u00e1 nh\u00e2n nh\u01b0 \u0111\u1ecba ch\u1ec9 IP lo\u1ea1i thi\u1ebft b\u1ecb, v\u00e0 phi\u00ean ho\u1ea1t \u0111\u1ed9ng \u0111\u1ec3 gi\u00fap c\u1ea3i thi\u1ec7n c\u1ee7a ch\u00fang t\u00f4i trang web c\u1ee7a kh\u1ea3 n\u0103ng s\u1eed d\u1ee5ng v\u00e0 hi\u1ec7u qu\u1ea3.<\/li>\n\n\n\n<li><strong>Kh\u00f4ng c\u00f3 d\u1eef li\u1ec7u c\u00e1 nh\u00e2n:<\/strong> Ch\u00fang ta kh\u00f4ng thu th\u1eadp t\u00ean, \u0111\u1ecba ch\u1ec9 email n\u00f3i chuy\u1ec7n n\u1ed9i dung, ho\u1eb7c b\u1ea5t k\u1ef3 nh\u1eadn d\u1ea1ng c\u00e1 nh\u00e2n.<\/li>\n<\/ul>\n\n\n\n<h3 class=\"wp-block-heading\">4. Tr\u00e1ch Nhi\u1ec7m C\u1ee7a B\u1ea1n<\/h3>\n\n\n\n<ul class=\"wp-block-list\">\n<li>Lu\u00f4n lu\u00f4n \u0111\u1ecdc v\u00e0 hi\u1ec3u \u0111\u01b0\u1ee3c ch\u00ednh s\u00e1ch c\u1ee7a n\u1ec1n t\u1ea3ng b\u1ea1n s\u1eed d\u1ee5ng (nh\u01b0 Coomeet v\u00e0 t\u01b0\u01a1ng t\u1ef1 kh\u00e1c).<\/li>\n\n\n\n<li>Tr\u00e1nh chia s\u1ebb nh\u1ea1y c\u1ea3m hay th\u00f4ng tin c\u00e1 nh\u00e2n trong cu\u1ed9c tr\u00f2 chuy\u1ec7n (v\u00ed d\u1ee5, \u0111\u1ecba ch\u1ec9 nh\u00e0, m\u1eadt kh\u1ea9u).<\/li>\n\n\n\n<li>B\u00e1o c\u00e1o l\u1ea1m d\u1ee5ng hay ho\u1ea1t \u0111\u1ed9ng \u0111\u00e1ng ng\u1edd tr\u1ef1c ti\u1ebfp v\u00e0o th\u1ee9 ba b\u00ean n\u1ec1n t\u1ea3ng c\u1ee7a nh\u00f3m h\u1ed7 tr\u1ee3.<\/li>\n<\/ul>\n\n\n\n<h3 class=\"wp-block-heading\">5. Cookie<\/h3>\n\n\n\n<p>Tejcam s\u1eed d\u1ee5ng t\u1ed1i thi\u1ec3u cookie nghi\u00eam \u0111\u1ec3 duy tr\u00ec trang web ch\u1ee9c n\u0103ng ch\u1eb3ng h\u1ea1n nh\u01b0 vi\u1ec7c gi\u1eef g\u00ecn phi\u00ean s\u1edf th\u00edch. B\u00e1nh n\u00e0y do <strong>kh\u00f4ng<\/strong> theo d\u00f5i b\u1ea1n chat ho\u1ea1t \u0111\u1ed9ng tr\u00ean n\u1ec1n t\u1ea3ng.<\/p>\n\n\n\n<h3 class=\"wp-block-heading\">6. An Ninh T\u1eeb Ch\u1ed1i<\/h3>\n\n\n\n<p>Trong khi ch\u00fang ta b\u01b0\u1edbc \u0111\u1ec3 b\u1ea3o v\u1ec7 trang web c\u1ee7a ch\u00fang t\u00f4i, ch\u00fang t\u00f4i kh\u00f4ng th\u1ec3 \u0111\u1ea3m b\u1ea3o an to\u00e0n, an ninh c\u1ee7a n\u1ec1n t\u1ea3ng b\u00ean th\u1ee9 ba hay d\u00f9ng t\u01b0\u01a1ng t\u00e1c \u0111\u00f3. Xin h\u00e3y th\u1eadn tr\u1ecdng v\u00e0 h\u00e0nh an to\u00e0n th\u00f3i quen tr\u00f2 chuy\u1ec7n khi k\u1ebft n\u1ed1i v\u1edbi ng\u01b0\u1eddi l\u1ea1 tr\u1ef1c tuy\u1ebfn.<\/p>\n\n\n\n<h3 class=\"wp-block-heading\">7. Tr\u1ebb em c\u1ee7a Ch\u00ednh<\/h3>\n\n\n\n<p>Tejcam v\u00e0 nh\u1eefng n\u1ec1n t\u1ea3ng ch\u00fang ta li\u00ean k\u1ebft \u0111\u1ebfn \u0111\u01b0\u1ee3c d\u00e0nh cho ng\u01b0\u1eddi s\u1eed d\u1ee5ng <strong>18 tu\u1ed5i<\/strong>. Ch\u00fang t\u00f4i kh\u00f4ng c\u1ed1 \u00fd thu th\u1eadp th\u00f4ng tin c\u00e1 nh\u00e2n t\u1eeb con d\u01b0\u1edbi 18 tu\u1ed5i. N\u1ebfu b\u1ea1n l\u00e0 m\u1ed9t ng\u01b0\u1eddi b\u1ea3o h\u1ed9 v\u00e0 tin r\u1eb1ng con c\u1ee7a b\u1ea1n \u0111\u00e3 s\u1eed d\u1ee5ng trang web c\u1ee7a ch\u00fang t\u00f4i, hay li\u00ean k\u1ebft v\u1edbi n\u1ec1n t\u1ea3ng, xin li\u00ean h\u1ec7 v\u1edbi ch\u00fang t\u00f4i ngay l\u1eadp t\u1ee9c.<\/p>\n\n\n\n<h3 class=\"wp-block-heading\">8. D\u1eef Li\u1ec7u L\u01b0u Tr\u1eef<\/h3>\n\n\n\n<p>V\u00ec ch\u00fang ta kh\u00f4ng thu d\u1eef li\u1ec7u c\u00e1 nh\u00e2n ho\u1eb7c n\u00f3i chuy\u1ec7n n\u1ed9i dung, ch\u00fang t\u00f4i ch\u1ec9 gi\u1eef l\u1ea1i t\u1ed1i thi\u1ec3u v\u00f4 danh d\u1eef li\u1ec7u duy\u1ec7t t\u1ea1m th\u1eddi \u0111\u1ec3 c\u1ea3i thi\u1ec7n d\u1ecbch v\u1ee5 c\u1ee7a ch\u00fang t\u00f4i. Ch\u00fang t\u00f4i kh\u00f4ng c\u1eeda h\u00e0ng ho\u1eb7c chia s\u1ebb m\u1ecdi ng\u01b0\u1eddi s\u1eed d\u1ee5ng c\u1ee5 th\u1ec3 th\u00f4ng tin c\u00e1 nh\u00e2n.<\/p>\n\n\n\n<h3 class=\"wp-block-heading\">9. M\u1eadt Th\u00f4ng Tin C\u1eadp Nh\u1eadt<\/h3>\n\n\n\n<p>Ch\u00fang ta c\u00f3 th\u1ec3 c\u1eadp nh\u1eadt n\u00e0y Ch\u00ednh S\u00e1ch ph\u1ea3n \u00e1nh s\u1ef1 thay \u0111\u1ed5i ph\u00e1p lu\u1eadt y\u00eau c\u1ea7u ho\u1eb7c b\u00ean t\u1ea3ng th\u1ef1c ti\u1ec5n. B\u1ea1n ti\u1ebfp t\u1ee5c s\u1eed d\u1ee5ng Tejcam sau khi c\u1eadp nh\u1eadt ng\u1ee5 \u00fd ch\u1ea5p nh\u1eadn c\u1ee7a c\u00e1c s\u1eeda \u0111\u1ed5i ch\u00ednh s\u00e1ch.<\/p>\n\n\n\n<h3 class=\"wp-block-heading\">10.Li\u00ean L\u1ea1c V\u1edbi Ch\u00fang T\u00f4i<\/h3>\n\n\n\n<p>N\u1ebfu b\u1ea1n c\u00f3 c\u00e2u h\u1ecfi v\u1ec1 Tejcam c\u1ee7a ri\u00eang n\u1ed9i dung trang web, xin vui l\u00f2ng v\u1edbi hi\u1ec7n t\u1ea1i Tejcamdotcom@gmail.com Cho ch\u00ednh quan t\u00e2m li\u00ean quan \u0111\u1ebfn n\u00f3i chuy\u1ec7n n\u1ec1n t\u1ea3ng nh\u01b0 Coomeet, xin li\u00ean h\u1ec7 v\u1edbi nh\u1eefng n\u1ec1n t\u1ea3ng tr\u1ef1c ti\u1ebfp.<\/p>\n\n<\/div>\n<\/div>","protected":false},"excerpt":{"rendered":"<p>Tejcam Privacy Policy At Tejcam, we serve as an informational intermediary connecting users to third-party platforms like Coomeet and other similar for random video chatting. We do not operate, own, or control the chat functionality or data practices of these platforms. This policy explains our limited role and how your privacy is handled: 1. Our &#8230; <a title=\"Ch\u00ednh S\u00e1ch B\u1ea3o M\u1eadt\" class=\"read-more\" href=\"https:\/\/tejcam.com\/vi\/privacy-policy\/\" aria-label=\"\u0110\u1ecdc th\u00eam v\u1ec1 Privacy Policy\">\u0110\u1ecdc ti\u1ebfp<\/a><\/p>","protected":false},"author":1,"featured_media":0,"parent":0,"menu_order":0,"comment_status":"closed","ping_status":"closed","template":"","meta":{"footnotes":""},"class_list":{"0":"post-30249","1":"page","2":"type-page","3":"status-publish","5":"no-featured-image-padding"},"_links":{"self":[{"href":"https:\/\/tejcam.com\/vi\/wp-json\/wp\/v2\/pages\/30249","targetHints":{"allow":["GET"]}}],"collection":[{"href":"https:\/\/tejcam.com\/vi\/wp-json\/wp\/v2\/pages"}],"about":[{"href":"https:\/\/tejcam.com\/vi\/wp-json\/wp\/v2\/types\/page"}],"author":[{"embeddable":true,"href":"https:\/\/tejcam.com\/vi\/wp-json\/wp\/v2\/users\/1"}],"replies":[{"embeddable":true,"href":"https:\/\/tejcam.com\/vi\/wp-json\/wp\/v2\/comments?post=30249"}],"version-history":[{"count":0,"href":"https:\/\/tejcam.com\/vi\/wp-json\/wp\/v2\/pages\/30249\/revisions"}],"wp:attachment":[{"href":"https:\/\/tejcam.com\/vi\/wp-json\/wp\/v2\/media?parent=30249"}],"curies":[{"name":"wp","href":"https:\/\/api.w.org\/{rel}","templated":true}]}}