{"id":39740,"date":"2023-07-24T20:08:03","date_gmt":"2023-07-24T20:08:03","guid":{"rendered":"https:\/\/business-one.local\/?page_id=7"},"modified":"2025-07-01T18:58:07","modified_gmt":"2025-07-01T13:58:07","slug":"home","status":"publish","type":"page","link":"https:\/\/tejcam.com\/vi\/","title":{"rendered":"Nh\u00e0"},"content":{"rendered":"<header class=\"gb-element-84a45700\">\n<div class=\"gbp-section__inner\">\n<div class=\"gb-element-668476e3\">\n<div class=\"gb-element-b37c8662\">\n<h1 class=\"gb-text gb-text-f1f6b810\"><strong>N\u00f3i chuy\u1ec7n v\u1edbi ng\u01b0\u1eddi L\u1ea1 \u2013 mi\u1ec5n Ph\u00ed<\/strong> <mark style=\"background-color:rgba(0, 0, 0, 0)\" class=\"has-inline-color has-accent-color\">Tejcam<\/mark> Ng\u00e0y h\u00f4m nay.<\/h1>\n\n\n\n<p class=\"gb-text gb-text-f9584e56\">H\u00e3y trung th\u1ef1c: \u00fd t\u01b0\u1edfng&nbsp;<strong>n\u00f3i chuy\u1ec7n v\u1edbi ng\u01b0\u1eddi l\u1ea1<\/strong>&nbsp;tr\u1ef1c tuy\u1ebfn m\u1ed9t khi c\u1ea3m th\u1ea5y m\u1ed9t ch\u00fat kh\u00f3 kh\u0103n ho\u1eb7c th\u1eadm ch\u00ed c\u00f2n nguy hi\u1ec3m. Nh\u01b0ng \u0111\u00f3 l\u00e0 thay \u0111\u1ed5i\u2014nh\u1edd n\u1ec1n t\u1ea3ng nh\u01b0 th\u1ebf&nbsp;<strong>TalktoStrangers<\/strong>&nbsp;tr\u00ean Tejcam, k\u1ebft n\u1ed1i v\u1edbi ng\u01b0\u1eddi m\u1edbi b\u00e2y gi\u1edd l\u00e0 an to\u00e0n th\u00fa v\u1ecb v\u00e0 \u0111\u00e1ng ng\u1ea1c nhi\u00ean c\u00f3 \u00fd ngh\u0129a.<\/p>\n\n\n\n<p>Cho d\u00f9 b\u1ea1n mu\u1ed1n&nbsp;<strong>n\u00f3i chuy\u1ec7n v\u1edbi ng\u01b0\u1eddi l\u1ea1<\/strong>&nbsp;v\u00e0o l\u00fac 2 gi\u1edd S\u00c1NG, kh\u00e1m ph\u00e1, c\u00e1c n\u1ec1n v\u0103n h\u00f3a xa, ho\u1eb7c ch\u1ec9 c\u00f3 m\u1ed9t s\u1ed1 vui v\u1ebb t\u1ef1 nhi\u00ean,&nbsp;<strong>TalktoStrangers<\/strong>&nbsp;tr\u00ean Tejcam l\u00e0 n\u01a1i ho\u00e0n h\u1ea3o.<\/p>\n<\/div>\n\n\n\n<div class=\"gb-element-0c29e940\">\n<figure class=\"wp-block-image size-full\"><img decoding=\"async\" width=\"579\" height=\"519\" src=\"https:\/\/tejcam.com\/wp-content\/uploads\/2025\/06\/Tejcam.png\" alt=\"Tejcam\" class=\"wp-image-43732\" srcset=\"https:\/\/tejcam.com\/wp-content\/uploads\/2025\/06\/Tejcam.png 579w, https:\/\/tejcam.com\/wp-content\/uploads\/2025\/06\/Tejcam-300x269.png 300w, https:\/\/tejcam.com\/wp-content\/uploads\/2025\/06\/Tejcam-13x12.png 13w\" sizes=\"(max-width: 579px) 100vw, 579px\" \/><\/figure>\n<\/div>\n<\/div>\n<\/div>\n<\/header>\n\n\n\n<div class=\"gbp--border-radius gb-element-79253f80\">\n<div class=\"gbp-section__inner\">\n<div class=\"gb-element-5cb801a0\">\n<div class=\"gb-element-7ee6ee70\">\n<div class=\"gb-element-5726c844\">\n<figure class=\"wp-block-image size-full\"><img decoding=\"async\" width=\"512\" height=\"512\" src=\"https:\/\/tejcam.com\/wp-content\/uploads\/2025\/06\/talk-to-strangers.png\" alt=\"N\u00f3i chuy\u1ec7n v\u1edbi ng\u01b0\u1eddi L\u1ea1\" class=\"wp-image-43733\" srcset=\"https:\/\/tejcam.com\/wp-content\/uploads\/2025\/06\/talk-to-strangers.png 512w, https:\/\/tejcam.com\/wp-content\/uploads\/2025\/06\/talk-to-strangers-300x300.png 300w, https:\/\/tejcam.com\/wp-content\/uploads\/2025\/06\/talk-to-strangers-150x150.png 150w, https:\/\/tejcam.com\/wp-content\/uploads\/2025\/06\/talk-to-strangers-12x12.png 12w\" sizes=\"(max-width: 512px) 100vw, 512px\" \/><\/figure>\n\n\n\n<figure class=\"wp-block-image size-full\"><img decoding=\"async\" width=\"512\" height=\"512\" src=\"https:\/\/tejcam.com\/wp-content\/uploads\/2025\/06\/random-video-chat.png\" alt=\"Ng\u1eabu nhi\u00ean chat video\" class=\"wp-image-43735\" srcset=\"https:\/\/tejcam.com\/wp-content\/uploads\/2025\/06\/random-video-chat.png 512w, https:\/\/tejcam.com\/wp-content\/uploads\/2025\/06\/random-video-chat-300x300.png 300w, https:\/\/tejcam.com\/wp-content\/uploads\/2025\/06\/random-video-chat-150x150.png 150w, https:\/\/tejcam.com\/wp-content\/uploads\/2025\/06\/random-video-chat-12x12.png 12w\" sizes=\"(max-width: 512px) 100vw, 512px\" \/><\/figure>\n<\/div>\n\n\n\n<div class=\"gb-element-be9afbda\">\n<figure class=\"wp-block-image size-full\"><img decoding=\"async\" width=\"512\" height=\"512\" src=\"https:\/\/tejcam.com\/wp-content\/uploads\/2025\/06\/Tejcam-chat.png\" alt=\"Tejcam N\u00f3i Chuy\u1ec7n\" class=\"wp-image-43734\" srcset=\"https:\/\/tejcam.com\/wp-content\/uploads\/2025\/06\/Tejcam-chat.png 512w, https:\/\/tejcam.com\/wp-content\/uploads\/2025\/06\/Tejcam-chat-300x300.png 300w, https:\/\/tejcam.com\/wp-content\/uploads\/2025\/06\/Tejcam-chat-150x150.png 150w, https:\/\/tejcam.com\/wp-content\/uploads\/2025\/06\/Tejcam-chat-12x12.png 12w\" sizes=\"(max-width: 512px) 100vw, 512px\" \/><\/figure>\n\n\n\n<figure class=\"wp-block-image size-full\"><img decoding=\"async\" width=\"512\" height=\"512\" src=\"https:\/\/tejcam.com\/wp-content\/uploads\/2025\/06\/chatrandom.png\" alt=\"m\u1ecdi\" class=\"wp-image-43736\" srcset=\"https:\/\/tejcam.com\/wp-content\/uploads\/2025\/06\/chatrandom.png 512w, https:\/\/tejcam.com\/wp-content\/uploads\/2025\/06\/chatrandom-300x300.png 300w, https:\/\/tejcam.com\/wp-content\/uploads\/2025\/06\/chatrandom-150x150.png 150w, https:\/\/tejcam.com\/wp-content\/uploads\/2025\/06\/chatrandom-12x12.png 12w\" sizes=\"(max-width: 512px) 100vw, 512px\" \/><\/figure>\n<\/div>\n<\/div>\n\n\n\n<div>\n<h2 class=\"gb-text\"><strong>Ch\u00ednh X\u00e1c L\u00e0 g\u00ec Tejcam\u2014v\u00e0 t\u1ea1i Sao Em Ph\u1ea3i quan t\u00e2m ch\u1ee9?<\/strong><\/h2>\n\n\n\n<p>T\u1ea1i l\u00f5i c\u1ee7a n\u00f3, Tejcam l\u00e0 m\u1ed9t c\u1ea1nh c\u1eaft ho\u00e0n to\u00e0n mi\u1ec5n ph\u00ed ng\u1eabu nhi\u00ean chat video trang web thi\u1ebft k\u1ebf \u0111\u1ec3 k\u1ebft n\u1ed1i b\u1ea1n ngay l\u1eadp t\u1ee9c v\u1edbi nh\u1eefng ng\u01b0\u1eddi l\u1ea1 tr\u00ean to\u00e0n th\u1ebf gi\u1edbi. Qu\u00ean t\u1ebb nh\u1ea1t \u0111\u0103ng k\u00fd, t\u1ea3i xu\u1ed1ng, ho\u1eb7c ch\u1edd l\u00e2u.<\/p>\n\n\n\n<p>H\u00e3y ngh\u0129 v\u1ec1 n\u00f3 nh\u01b0 n\u1ebfu Th\u1ee7 v\u00e0 OmeTV \u0111\u00e3 c\u00f3 m\u1ed9t phong c\u00e1ch trang \u0111i\u1ec3m, v\u00e0 m\u00e1t c\u1ee7a h\u1ecd th\u00f4ng minh h\u01a1n anh ch\u1ecb em n\u1ed5i l\u00ean\u2014Tejcam.&nbsp;<strong>TalktoStrangers<\/strong>&nbsp;\u0111\u01a1n gi\u1ea3n l\u00e0 m\u1ed9t c\u00e1ch mi\u1ec5n ph\u00ed, \u0111\u1ec3 ngay l\u1eadp t\u1ee9c video n\u00f3i chuy\u1ec7n v\u1edbi ng\u01b0\u1eddi l\u1ea1 tr\u00ean to\u00e0n th\u1ebf gi\u1edbi, kh\u00f4ng c\u00f3 \u0111\u0103ng k\u00fd ho\u1eb7c t\u1ea3i c\u1ea7n thi\u1ebft.<\/p>\n\n\n\n<p>Suy ngh\u0129 c\u1ee7a Tejcam nh\u01b0 s\u1ef1 n\u00e2ng c\u1ea5p, tr\u01a1n, phi\u00ean b\u1ea3n c\u1ee7a Th\u1ee7 v\u00e0 OmeTV\u2014\u0111\u01b0\u1ee3c thi\u1ebft k\u1ebf \u0111\u1eb7c bi\u1ec7t cho nh\u1eefng ng\u01b0\u1eddi mu\u1ed1n&nbsp;<strong>n\u00f3i chuy\u1ec7n v\u1edbi ng\u01b0\u1eddi l\u1ea1<\/strong>&nbsp;d\u1ec5 d\u00e0ng v\u00e0 an to\u00e0n.<\/p>\n\n\n\n<p>Nh\u1ea5n n\u00fat, v\u00e0 b\u1ea1n \u0111ang \u0111\u1ed1i m\u1eb7t v\u1edbi m\u1ed9t ng\u01b0\u1eddi m\u1edbi, s\u1eb5n s\u00e0ng \u0111\u1ec3 chia s\u1ebb m\u1ed9t chuy\u1ec7n. Nh\u1ea5p m\u1ed9t l\u1ea7n, v\u00e0&nbsp;<em>bam<\/em>\u2014anh \u0111ang \u0111\u1ed1i m\u1eb7t v\u1edbi ai \u0111\u00f3 th\u01b0\u01a1ng hi\u1ec7u m\u1edbi \u0111\u00e3 s\u1eb5n s\u00e0ng \u0111\u1ec3 n\u00f3i chuy\u1ec7n.&nbsp;<\/p>\n<\/div>\n<\/div>\n<\/div>\n<\/div>\n\n\n\n<div class=\"gbp-section\">\n<div class=\"gbp-section__inner\">\n<div class=\"gbp--margin-after gb-element-c9a0dcd4\">\n<h2 class=\"gb-text\"><strong>T\u1ea1i sao L\u00e0 Tejcam m\u1ed9t v\u1ebft C\u1eaft Tr\u00ean ph\u1ea7n C\u00f2n l\u1ea1i?<\/strong><\/h2>\n\n\n\n<p class=\"gb-text gb-text-a1c8ae48\">C\u00e2u h\u1ecfi r\u1ea5t hay! Tejcam \u0111\u00f3 kh\u00f4ng ch\u1ec9 l\u00e0 sao ch\u00e9p cu\u1ed9c tr\u00f2 chuy\u1ec7n hi\u1ec7n t\u1ea1i n\u1ec1n t\u1ea3ng\u2014n\u00f3 ph\u00e1t minh c\u00e1ch b\u1ea1n g\u1eb7p ng\u01b0\u1eddi l\u1ea1 tr\u1ef1c tuy\u1ebfn.<br>\u0110\u00e2y l\u00e0 nh\u1eefng g\u00ec b\u1ed9 Tejcam ngo\u00e0i:<\/p>\n<\/div>\n\n\n\n<div class=\"gb-element-2a2826e4\">\n<div class=\"gb-element-c0893001\">\n<div class=\"gb-element-ff677824\">\n<div>\n<h3 class=\"gb-text gb-text-57591bb4\">Kh\u00f4ng C\u1ea7n T\u00e0i Kho\u1ea3n<\/h3>\n\n\n\n<p>Qu\u00ean tung h\u1ee9ng m\u1eadt kh\u1ea9u. Ch\u1ec9 c\u1ea7n nh\u1ea5n b\u1eaft \u0111\u1ea7u v\u00e0 k\u1ebft n\u1ed1i.<\/p>\n<\/div>\n<\/div>\n<\/div>\n\n\n\n<div class=\"gb-element-8adf1e8e\">\n<div class=\"gb-element-4bc0450f\"><div class=\"gb-container gb-container-006115cb\">\n\n<h3 class=\"gb-text gb-text-ddae5adb\">Ti\u1ebfp C\u1eadn To\u00e0n C\u1ea7u<\/h3>\n\n\n\n<p>T\u1eeb Brazil \u0111\u1ec3 Bangladesh, ANH \u0111\u1ec3 M\u1ef8\u2014g\u1eb7p \u0111a d\u1ea1ng ng\u01b0\u1eddi m\u00e0 kh\u00f4ng r\u1eddi kh\u1ecfi ph\u00f2ng c\u1ee7a b\u1ea1n.<br><\/p>\n\n<\/div><\/div>\n<\/div>\n<\/div>\n\n\n\n<div class=\"gb-element-09fe3038\">\n<div class=\"gb-element-ef037f1c\">\n<div class=\"gb-element-7cb068e5\">\n<div>\n<h3 class=\"gb-text gb-text-763ee1f4\">Th\u00f4ng Minh Ph\u00f9 H\u1ee3p V\u1edbi C\u00f4ng Ngh\u1ec7<\/h3>\n\n\n\n<p>Kh\u00f4ng c\u00f3 ch\u01b0\u01a1ng tr\u00ecnh. Kh\u00f4ng c\u00f3 h\u1ed3 s\u01a1 gi\u1ea3. Ch\u1ec9 \u0111\u00edch th\u1ef1c cu\u1ed9c tr\u00f2 chuy\u1ec7n.<br><\/p>\n<\/div>\n<\/div>\n<\/div>\n\n\n\n<div class=\"gb-element-21358b55\">\n<div class=\"gb-element-b0f06bc6\"><div class=\"gb-container gb-container-9ed4dc95\">\n\n<h3 class=\"gb-text gb-text-eb721bd4\">An To\u00e0n \u0110\u1ea7u Ti\u00ean<\/h3>\n\n\n\n<p>\u0110\u00e1ng s\u1ee3 h\u00e0nh vi? Kh\u00f4ng ph\u1ea3i \u1edf \u0111\u00e2y. C\u00e1c b\u1ed9 l\u1ecdc th\u00f4ng minh v\u00e0 d\u1ec5 d\u00e0ng b\u00e1o c\u00e1o gi\u1eef cu\u1ed9c tr\u00f2 chuy\u1ec7n an to\u00e0n.<br><\/p>\n\n<\/div><\/div>\n<\/div>\n<\/div>\n\n\n\n<div class=\"gb-element-d74df224\">\n<div class=\"gb-element-5c5fe217\">\n<div class=\"gb-element-f6d80501\">\n<div>\n<h3 class=\"gb-text gb-text-3401ef7f\">Nhanh Nh\u01b0 Ch\u1edbp K\u1ebft N\u1ed1i<\/h3>\n\n\n\n<p>\u0110\u1ec7m? Nah. Cu\u1ed9c tr\u00f2 chuy\u1ec7n t\u1ee9c th\u00ec c\u00f3 ngh\u0129a l\u00e0 b\u1ea1n s\u1ebd kh\u00f4ng bao gi\u1edd c\u00f2n l\u1ea1i ph\u1ea3i ch\u1edd \u0111\u1ee3i.<br><\/p>\n<\/div>\n<\/div>\n<\/div>\n\n\n\n<div class=\"gb-element-b29cb7fd\">\n<div class=\"gb-element-795b0837\"><div class=\"gb-container gb-container-5462ce48\">\n\n<h3 class=\"gb-text gb-text-378318e8\">Qua Thi\u1ebft B\u1ecb T\u01b0\u01a1ng Th\u00edch<\/h3>\n\n\n\n<p>M\u00e1y t\u00ednh x\u00e1ch tay, m\u00e1y t\u00ednh b\u1ea3ng \u0111i\u1ec7n tho\u1ea1i\u2014Tejcam tr\u00f4ng v\u00e0 th\u1ef1c hi\u1ec7n li\u00ean t\u1ee5c \u1edf kh\u1eafp m\u1ecdi n\u01a1i. H\u00e3y n\u00f3i chuy\u1ec7n trong khi \u0103n, \u0111i l\u1ea1i, ho\u1eb7c l\u1ea1nh.<br><\/p>\n\n<\/div><\/div>\n<\/div>\n<\/div>\n<\/div>\n<\/div>\n\n\n\n<div class=\"gbp--border-radius gb-element-bf282dd1\">\n<div class=\"gbp-section__inner\">\n<div class=\"gb-element-fce96c33\">\n<div>\n<h2 class=\"gb-text gb-text-d05aaa52\"><strong><strong>T\u1ea1i sao B\u1eadn t\u00e2m N\u00f3i chuy\u1ec7n v\u1edbi ng\u01b0\u1eddi L\u1ea1? \u0110\u00f3 kh\u00f4ng ph\u1ea3i l\u00e0 H\u01a1i k\u1ef3 L\u1ea1?<\/strong><\/strong><\/h2>\n\n\n\n<p>\u0110\u00e2y l\u00e0 s\u1ef1 th\u1eadt: kh\u00f4ng, n\u00f3 kh\u00f4ng ph\u1ea3i l\u00e0 l\u1ea1. Trong th\u1ef1c t\u1ebf, n\u00f3 c\u00f3 th\u1ec3 l\u00e0 m\u1ed9t trong nh\u1eefng x\u00e1c th\u1ef1c nh\u1ea5t, m\u1edf m\u1eaft kinh nghi\u1ec7m, b\u1ea1n s\u1ebd c\u00f3 t\u1ea5t c\u1ea3 ng\u00e0y.<br>Ki\u1ec3m tra t\u1ea1i sao:<\/p>\n\n\n\n<ul class=\"wp-block-list\">\n<li><strong>Tinh Th\u1ea7n Cai Nghi\u1ec7n<\/strong>\u0110\u00f4i khi, ph\u00e1 v\u1ee1 ra th\u00f4ng th\u01b0\u1eddng c\u1ee7a b\u1ea1n v\u00f2ng tr\u00f2n v\u00e0 tr\u00f2 chuy\u1ec7n v\u1edbi m\u1ed9t ng\u01b0\u1eddi l\u1ea1 c\u00f3 th\u1ec3 \u00f3c c\u1ee7a b\u1ea1n nh\u01b0 m\u1ed9t l\u00e0n gi\u00f3 t\u01b0\u01a1i.<\/li>\n\n\n\n<li><strong>Kh\u00e1m Ph\u00e1 V\u0103n H\u00f3a<\/strong>: Kh\u00e1m ph\u00e1 m\u1edbi quan \u0111i\u1ec3m v\u00e0 l\u1ed1i s\u1ed1ng nh\u01b0 b\u1ea1n n\u00f3i chuy\u1ec7n v\u1edbi ng\u01b0\u1eddi l\u1ea1 tr\u00ean to\u00e0n th\u1ebf gi\u1edbi.<\/li>\n\n\n\n<li><strong>Kh\u00f4ng V\u00f9ng \u00c1p Su\u1ea5t<\/strong>: Kh\u00f4ng mong \u0111\u1ee3i, kh\u00f4ng c\u1ea7n \u0111\u1ec3 g\u00e2y \u1ea5n t\u01b0\u1ee3ng. Ch\u1ec9 l\u00e0 con ng\u01b0\u1eddi th\u1eadt c\u1ee7a b\u1ea1n\u2014hay c\u1ed1 g\u1eafng v\u00e0o m\u1ed9t t\u00ednh c\u00e1ch m\u1edbi n\u1ebfu b\u1ea1n c\u1ea3m th\u1ea5y th\u00edch n\u00f3.<\/li>\n\n\n\n<li><strong>Tinh Khi\u1ebft S\u1ef1 May M\u1eafn<\/strong>B\u1ea1n kh\u00f4ng bao gi\u1edd bi\u1ebft nh\u1eefng ng\u01b0\u1eddi b\u1ea1n s\u1ebd g\u1eb7p ti\u1ebfp theo\u2014\u0111\u00f3 l\u00e0 s\u1ef1 h\u1ed3i h\u1ed9p.<\/li>\n<\/ul>\n\n\n\n<p>Cho d\u00f9 b\u1ea1n \u0111ang nh\u00e1t, \u0111i, ho\u1eb7c b\u1ea5t c\u1ee9 n\u01a1i n\u00e0o gi\u1eefa, TalktoStrangers tr\u00ean Tejcam cung c\u1ea5p m\u1ed9t s\u00e2n ch\u01a1i cho ch\u00ednh, ch\u01b0\u01a1ng tr\u00ecnh t\u1ea5u k\u1ebft n\u1ed1i c\u1ee7a con ng\u01b0\u1eddi.<\/p>\n\n\n\n<h2 class=\"wp-block-heading has-text-align-center\"><strong>Ai Nh\u1ea3y tr\u00ean Tejcam?<\/strong><\/h2>\n\n\n\n<p>V\u1ec1 c\u01a1 b\u1ea3n l\u00e0, t\u1ea5t c\u1ea3 m\u1ecdi ng\u01b0\u1eddi v\u00e0 b\u1ea5t c\u1ee9 ai. \u0110\u00e2y l\u00e0 \u1ea3nh ch\u1ee5p:<\/p>\n\n\n\n<ul class=\"wp-block-list\">\n<li>H\u1ecdc sinh l\u00e9n trong gi\u1edd ngh\u1ec9 gi\u1eefa c\u00e1c l\u1edbp h\u1ecdc<\/li>\n\n\n\n<li>Du kh\u00e1ch mong mu\u1ed1n trao \u0111\u1ed5i chuy\u1ec7n v\u1edbi d\u00e2n \u0111\u1ecba ph\u01b0\u01a1ng<\/li>\n\n\n\n<li>C\u00fa \u0111\u00eam t\u00ecm ki\u1ebfm c\u00f4ng ty trong tr\u1ec5 gi\u1edd<\/li>\n\n\n\n<li>Nh\u1eefng ng\u01b0\u1eddi h\u1ecdc h\u00e0nh th\u1eadt cu\u1ed9c tr\u00f2 chuy\u1ec7n<\/li>\n\n\n\n<li>M\u1ecdi ng\u01b0\u1eddi c\u1ea7n m\u1ed9t tai nghe sau khi heartbreaks<\/li>\n\n\n\n<li>Brecht nh\u1eefng ng\u01b0\u1eddi \u0111am m\u00ea s\u0103n b\u1eafn cho c\u01b0\u1eddi<\/li>\n<\/ul>\n\n\n\n<p>Tejcam l\u00e0 nh\u01b0 b\u1ea1n \u0111i\u1ec3m lui t\u1edbi th\u01b0\u1eddng xuy\u00ean\u2014ngo\u1ea1i tr\u1eeb thay v\u00ec c\u1ed1c c\u00e0 ph\u00ea v\u1edbi s\u1eefa, b\u1ea1n c\u00f3 th\u1ef1c k\u1ebft n\u1ed1i c\u1ee7a con ng\u01b0\u1eddi. T\u1ef1 nhi\u00ean, kh\u00f4ng th\u1ec3 \u0111o\u00e1n tr\u01b0\u1edbc, \u0111\u00f4i khi l\u1ea1\u2014nh\u01b0ng lu\u00f4n lu\u00f4n c\u00f3 th\u1eadt.<\/p>\n\n\n\n<h2 class=\"wp-block-heading has-text-align-center\"><strong>C\u1ed5 kho\u1ea3nh Kh\u1eafc, B\u1ea1n s\u1ebd Ch\u1ec9 Nh\u1eadn \u0111\u01b0\u1ee3c tr\u00ean Tejcam<\/strong><\/h2>\n\n\n\n<p>H\u00e3y trung th\u1ef1c\u2014ng\u1eabu nhi\u00ean chat video c\u00f3 m\u1ed9t s\u1ed1 hi\u1ec7u v\u00e0o b\u1ea5t k\u1ef3 l\u00fac n\u00e0o:<\/p>\n\n\n\n<ul class=\"wp-block-list\">\n<li>\u0110\u00f3 vui nh\u1ed9n, kh\u00f3 kh\u0103n t\u1ea1m d\u1eebng tr\u01b0\u1edbc khi m\u1ed9t ng\u01b0\u1eddi n\u00e0o \u0111\u00f3 con s\u00f3ng &#034;Hey!&#034;<\/li>\n\n\n\n<li>T\u00ecm ki\u1ebfm nh\u1eefng ai c\u00f3 v\u1ebb k\u1ef3 l\u1ea1 nh\u01b0 c\u1ee7a b\u1ea1n mu\u1ed1n l\u1ea5y l\u1ea1i (G\u1ee3i \u00fd &#034;L\u00e0 ch\u00fang ta c\u00f3 li\u00ean quan?&#034; c\u01b0\u1eddi)<\/li>\n\n\n\n<li>Tranh lu\u1eadn v\u1ec1 s\u1ef1 tuy\u1ec7t v\u1eddi d\u1ee9a-on-b\u00e1nh pizza tranh c\u00e3i<\/li>\n\n\n\n<li>Ph\u00f9 h\u1ee3p v\u1edbi m\u1ed9t ng\u01b0\u1eddi l\u1ea1 h\u00f3a ra l\u00e0 t\u1eeb ch\u00ednh khu c\u1ee7a m\u00ecnh<\/li>\n\n\n\n<li>C\u01b0\u1eddi r\u1ea5t kh\u00f3 b\u1ea1n qu\u00ean n\u00f3 l\u00e0 m\u1ed9t tr\u00f2 chuy\u1ec7n v\u1edbi m\u1ed9t ng\u01b0\u1eddi xa l\u1ea1<\/li>\n<\/ul>\n\n\n\n<p>Nh\u1eefng vi\u00ean \u0111\u00e1 qu\u00fd nh\u1ecf l\u00e0 nh\u1eefng g\u00ec l\u00e0m cho Tejcam kh\u00f4ng th\u1ec3 n\u00e0o qu\u00ean.<\/p>\n\n\n\n<h2 class=\"wp-block-heading\">Kh\u00f4ng ph\u1ea3i Ch\u1ec9 l\u00e0 cu\u1ed9c N\u00f3i chuy\u1ec7n Nh\u1ecf \u2014 \u0110\u00f3 l\u00e0 m\u1ed9t cu\u1ed9c Phi\u00eau l\u01b0u trong M\u1ed7i Nh\u1ea5n<\/h2>\n\n\n\n<p>H\u00e3y \u0111\u1ed1i m\u1eb7t v\u1edbi n\u00f3\u2014n\u00f3i chuy\u1ec7n v\u1edbi ng\u01b0\u1eddi l\u1ea1 tr\u1ef1c tuy\u1ebfn t\u1eebng l\u00e0 phi\u00ean b\u1ea3n \u0111i\u1ec7n t\u1eed c\u1ee7a &#034;\u0110\u1eebng n\u00f3i chuy\u1ec7n v\u1edbi m\u1ecdi ng\u01b0\u1eddi trong xe t\u1ea3i m\u00e0u tr\u1eafng.&#034; Nh\u01b0ng b\u00e2y gi\u1edd? N\u00f3 l\u00e0 m\u1ed9t ph\u1ea7n c\u1ee7a cu\u1ed9c s\u1ed1ng hi\u1ec7n \u0111\u1ea1i.<br>Tr\u00ean <strong>Tejcam l\u00e0 ng\u1eabu nhi\u00ean chat video<\/strong>m\u1ed7i click l\u00e0 m\u1ed9t d\u1ecbch chuy\u1ec3n n\u00fat \u0111\u1ebfn m\u1ed9t n\u01a1i n\u00e0o \u0111\u00f3 <em>b\u1ea5t ng\u1edd tuy\u1ec7t v\u1eddi<\/em>.<\/p>\n\n\n\n<ul class=\"wp-block-list\">\n<li>Mu\u1ed1n m\u1ed9t <strong>cam n\u00f3i chuy\u1ec7n<\/strong> v\u1edbi ai \u0111\u00f3 \u1edf Tokyo trong khi b\u1ea1n \u0111ang l\u1ea1nh \u1edf Toronto? D\u1ec5 d\u00e0ng.<\/li>\n\n\n\n<li>C\u1ea7n m\u1ed9t \u0111\u00eam, buddy ng\u01b0\u1eddi \u0111\u00e3 n\u00f3i chuy\u1ec7n <em>\u0111\u01b0\u1ee3c<\/em> 3 c\u1ee7a b\u1ea1n \u0110ANG ngh\u0129 g\u00ec? Ch\u00fang ta c\u00f3 b\u1ea1n.<\/li>\n\n\n\n<li>T\u00f2 m\u00f2 n\u1ebfu d\u1ee9a thu\u1ed9c v\u1ec1 pizza? Cu\u1ed9c tranh lu\u1eadn, n\u00f3 s\u1ed1ng v\u1edbi m\u1ed9t ng\u01b0\u1eddi l\u1ea1.<\/li>\n<\/ul>\n\n\n\n<p>Cho d\u00f9 b\u1ea1n l\u00e0 m\u1ed9t overthinker, oversharer, ho\u1eb7c ch\u1ec9 c\u1ea7n trong cu\u1ed9n v\u00f4 t\u1eadn<strong>Tejcam<\/strong> mang \u0111\u1ebfn nh\u1eefng <strong>n\u00f3i chuy\u1ec7n v\u1edbi ng\u01b0\u1eddi l\u1ea1<\/strong> kinh nghi\u1ec7m cu\u1ed9c s\u1ed1ng. Kh\u00f4ng \u00e1p l\u1ef1c. Kh\u00f4ng c\u00f3 h\u1ed3 s\u01a1. Ch\u1ec9 l\u00e0 m\u1ed9t m\u00e0n h\u00ecnh v\u00e0 m\u1ed9t th\u1ebf gi\u1edbi \u0111\u1ea7y th\u1eadt tuy\u1ec7t v\u1eddi con ng\u01b0\u1eddi.<\/p>\n\n\n\n<h2 class=\"wp-block-heading\">Nh\u1eefng Con Ng\u01b0\u1eddi Th\u1eadt. Th\u1eadt Cu\u1ed9c Tr\u00f2 Chuy\u1ec7n. Th\u1eddi Gian Th\u1ef1c Cam Ma Thu\u1eadt<\/h2>\n\n\n\n<p>\u0110\u00e2y kh\u00f4ng ph\u1ea3i l\u00e0 k\u1ecbch b\u1ea3n. \u0110\u00e2y kh\u00f4ng ph\u1ea3i l\u00e0 d\u00e0n d\u1ef1ng. \u0110\u00e2y l\u00e0 <strong>th\u1eddi gian th\u1ef1c cam n\u00f3i chuy\u1ec7n<\/strong> v\u1edbi nh\u1eefng ng\u01b0\u1eddi kh\u00f4ng d\u00e0nh 20 ph\u00fat ch\u1ecdn m\u1ed9t b\u1ed9 l\u1ecdc.<br><strong>Tejcam l\u00e0 ng\u1eabu nhi\u00ean chat video<\/strong> h\u1ec7 th\u1ed1ng \u0111\u01b0\u1ee3c thi\u1ebft k\u1ebf cho nh\u1eefng ng\u01b0\u1eddi mu\u1ed1n <strong>th\u1ef1c k\u1ebft n\u1ed1i<\/strong>\u2014c\u00e1c lo\u1ea1i b\u1ea1n kh\u00f4ng th\u1ec3 vu\u1ed1t cho.<\/p>\n\n\n\n<p>\u0110\u00e2y l\u00e0 l\u00fd do t\u1ea1i sao thu\u1eadn, sinh vi\u00ean m\u1ea5t ng\u1ee7, v\u00e0 c\u00e1c nh\u00e0 th\u00e1m hi\u1ec3m th\u00edch n\u00f3:<\/p>\n\n\n\n<ul class=\"wp-block-list\">\n<li><strong>Kh\u00f4ng \u0111\u0103ng nh\u1eadp. Kh\u00f4ng c\u00f3 h\u1ed3 s\u01a1. Ch\u1ec9 c\u1ea7n nh\u1ea5n &#034;b\u1eaft \u0111\u1ea7u&#034; v\u00e0 n\u00f3i chuy\u1ec7n.<\/strong><\/li>\n\n\n\n<li>\u0110\u01b0\u1ee3c x\u00e2y d\u1ef1ng trong b\u1ed9 l\u1ecdc (lo\u1ea1i an to\u00e0n, kh\u00f4ng ph\u1ea3i l\u00e0 con ch\u00f3-tai H\u1ea1nh lo\u1ea1i) gi\u1eef cho cu\u1ed9c tr\u00f2 chuy\u1ec7n trong s\u1ea1ch.<\/li>\n\n\n\n<li><strong>Th\u00f4ng minh mai m\u1ed1i<\/strong> c\u1eb7p b\u1ea1n v\u1edbi <em>th\u1eadt l\u1ea1<\/em>kh\u00f4ng spam ch\u01b0\u01a1ng tr\u00ecnh.<\/li>\n\n\n\n<li>B\u1ea1n kh\u00f4ng bao gi\u1edd bi\u1ebft ti\u1ebfp theo l\u00e0 ai\u2014v\u00e0 \u0111\u00f3 l\u00e0 nh\u1eefng ph\u1ea7n t\u1ed1t nh\u1ea5t.<\/li>\n<\/ul>\n\n\n\n<p>T\u1eeb th\u01b0\u1eddng c\u01b0\u1eddi \u0111\u1ebfn b\u1ea5t ng\u1edd s\u00e2u convos, <strong>Tejcam<\/strong> l\u00e0m cho <strong>cam n\u00f3i chuy\u1ec7n v\u1edbi ng\u01b0\u1eddi l\u1ea1<\/strong> c\u1ea3m th\u1ea5y n\u1ed7 l\u1ef1c v\u00e0 con ng\u01b0\u1eddi.<\/p>\n<\/div>\n<\/div>\n<\/div>\n<\/div>\n\n\n\n<div class=\"gbp--border-radius gb-element-b2683b59\">\n<div class=\"gbp-section__inner\">\n<div class=\"gb-element-024a9ffb\">\n<div>\n<h2 class=\"gb-text gb-text-36432b33\"><strong><strong><strong>An to\u00e0n \u0111\u1ea7u Ti\u00ean: l\u00e0m th\u1ebf N\u00e0o \u0111\u1ec3 b\u1ea3o V\u1ec7 ch\u00ednh M\u00ecnh Khi n\u00f3i Chuy\u1ec7n<\/strong><\/strong><\/strong><\/h2>\n\n\n\n<p>T\u1eadn h\u01b0\u1edfng nh\u1eefng ni\u1ec1m vui, nh\u01b0ng gi\u1eef tr\u00ed th\u00f4ng minh c\u1ee7a m\u00ecnh. Tejcam \u0111\u01b0\u1ee3c x\u00e2y d\u1ef1ng b\u1eb1ng an trong t\u00e2m tr\u00ed, nh\u01b0ng \u0111\u00e2y l\u00e0 m\u1ed9t ng\u01b0\u1eddi nh\u1eafc nh\u1edf:<\/p>\n\n\n\n<p>Kh\u00f4ng bao gi\u1edd chia s\u1ebb nh\u1ea1y c\u1ea3m th\u00f4ng tin c\u00e1 nh\u00e2n (r\u00f5 r\u00e0ng).<\/p>\n\n\n\n<p>N\u1ebfu ai \u0111\u00f3 di\u1ec5n ra, nh\u1ea5n b\u1ecf qua m\u00e0 kh\u00f4ng do d\u1ef1.<\/p>\n\n\n\n<p>\u0110\u01b0\u1ee3c lo\u1ea1i\u2014c\u00f3 m\u1ed9t ng\u01b0\u1eddi ph\u00eda sau m\u00e0n h\u00ecnh.<\/p>\n\n\n\n<p>Tin v\u00e0o b\u1ea3n n\u0103ng. N\u1ebfu n\u00f3 c\u1ea3m th\u1ea5y sai, di chuy\u1ec3n v\u00e0o.<\/p>\n\n\n\n<p>B\u00e1o c\u00e1o h\u00e0nh vi kh\u00f4ng ph\u00f9 h\u1ee3p\u2014Tejcam \u0111\u1ed9i tung n\u00e0y nghi\u00eam t\u00fac.<\/p>\n\n\n\n<h2 class=\"wp-block-heading has-text-align-center\"><strong><strong>G\u00f3i L\u00ean: Ti\u1ebfp Theo C\u1ee7a Cu\u1ed9c Tr\u00f2 Chuy\u1ec7n Tuy\u1ec7t V\u1eddi \u0110ang Ch\u1edd \u0110\u1ee3i<\/strong><\/strong><\/h2>\n\n\n\n<p>Trong th\u1ebf gi\u1edbi ng\u00e0y nay c\u1ee7a di chuy\u1ec3n v\u00f4 t\u1eadn, tuy\u1ec3n ch\u1ecdn h\u1ed3 s\u01a1, v\u00e0 l\u1ecdc th\u1ee9c \u0103n, Tejcam l\u00e0 m\u1ed9t h\u01a1i th\u1edf kh\u00f4ng kh\u00ed trong l\u00e0nh. \u0110\u00f3 l\u00e0 nguy\u00ean, th\u1ef1c s\u1ef1, v\u00e0 t\u1ef1 ph\u00e1t t\u01b0\u01a1ng t\u00e1c c\u1ee7a con ng\u01b0\u1eddi t\u1ed1t nh\u1ea5t c\u1ee7a n\u00f3.<\/p>\n\n\n\n<p>Cho d\u00f9 b\u1ea1n mu\u1ed1n m\u1ed9t n\u1ee5 c\u01b0\u1eddi, m\u1ed9t s\u00e2u n\u00f3i chuy\u1ec7n, hay ch\u1ec9 \u0111\u1ec3 gi\u1ebft ch\u00e1n n\u1ea3n, Tejcam cung c\u1ea5p.<\/p>\n\n\n\n<p>Kh\u00f4ng ch\u1ec9 ti\u00eau th\u1ee5 n\u1ed9i dung\u2014k\u1ebft n\u1ed1i. Ti\u1ebfp theo c\u1ee7a b\u1ea1n \u0111\u00e1ng nh\u1edb tr\u00f2 chuy\u1ec7n ch\u1ec9 l\u00e0 m\u1ed9t c\u00fa click chu\u1ed9t.<\/p>\n<\/div>\n<\/div>\n<\/div>\n<\/div>","protected":false},"excerpt":{"rendered":"<p>Talk to Strangers &#8211; Online Free on Tejcam Today. Let\u2019s be honest: the idea to&nbsp;talk to strangers&nbsp;online once felt a bit awkward or even risky. But that\u2019s changed\u2014thanks to platforms like&nbsp;TalktoStrangers&nbsp;on Tejcam, connecting with new people is now exciting, safe, and surprisingly meaningful. Whether you want to&nbsp;talk to strangers&nbsp;at 2 AM, explore cultures far away, &#8230; <a title=\"Nh\u00e0\" class=\"read-more\" href=\"https:\/\/tejcam.com\/vi\/\" aria-label=\"\u0110\u1ecdc th\u00eam v\u1ec1 Home\">\u0110\u1ecdc ti\u1ebfp<\/a><\/p>","protected":false},"author":1,"featured_media":0,"parent":0,"menu_order":0,"comment_status":"closed","ping_status":"closed","template":"","meta":{"footnotes":""},"class_list":{"0":"post-39740","1":"page","2":"type-page","3":"status-publish","5":"no-featured-image-padding"},"_links":{"self":[{"href":"https:\/\/tejcam.com\/vi\/wp-json\/wp\/v2\/pages\/39740","targetHints":{"allow":["GET"]}}],"collection":[{"href":"https:\/\/tejcam.com\/vi\/wp-json\/wp\/v2\/pages"}],"about":[{"href":"https:\/\/tejcam.com\/vi\/wp-json\/wp\/v2\/types\/page"}],"author":[{"embeddable":true,"href":"https:\/\/tejcam.com\/vi\/wp-json\/wp\/v2\/users\/1"}],"replies":[{"embeddable":true,"href":"https:\/\/tejcam.com\/vi\/wp-json\/wp\/v2\/comments?post=39740"}],"version-history":[{"count":0,"href":"https:\/\/tejcam.com\/vi\/wp-json\/wp\/v2\/pages\/39740\/revisions"}],"wp:attachment":[{"href":"https:\/\/tejcam.com\/vi\/wp-json\/wp\/v2\/media?parent=39740"}],"curies":[{"name":"wp","href":"https:\/\/api.w.org\/{rel}","templated":true}]}}