{"id":43882,"date":"2025-06-28T17:51:01","date_gmt":"2025-06-28T12:51:01","guid":{"rendered":"https:\/\/tejcam.com\/?page_id=43882"},"modified":"2025-06-28T17:51:02","modified_gmt":"2025-06-28T12:51:02","slug":"about-tejcam","status":"publish","type":"page","link":"https:\/\/tejcam.com\/vi\/about-tejcam\/","title":{"rendered":"V\u1ec1 Tejcam"},"content":{"rendered":"<h2 class=\"wp-block-heading\">Ch\u00e0o m\u1eebng b\u1ea1n \u0111\u1ebfn Tejcam \u2013 Vui v\u1ebb B\u1eaft \u0111\u1ea7u \u1edf \u0110\u00e2y!<\/h2>\n\n\n\n<p>T\u1ea1i <strong>Tejcam<\/strong>ch\u00fang ta kh\u00f4ng ph\u1ea3i l\u00e0 b\u1eefa ti\u1ec7c \u2014 ch\u00fang ta v\u1eeba <em>\u0111i\u1ec3m b\u1ea1n \u0111\u1ec3 n\u00f3<\/em>. Suy ngh\u0129 c\u1ee7a ch\u00fang ta nh\u01b0 nh\u1eefng m\u00e1t ng\u01b0\u1eddi lu\u00f4n lu\u00f4n bi\u1ebft \u0111\u00e2u l\u00e0 vui v\u1ebb. Ch\u00fang t\u00f4i k\u1ebft n\u1ed1i b\u1ea1n t\u1ed1t nh\u1ea5t <strong>ng\u1eabu nhi\u00ean chat video n\u1ec1n t\u1ea3ng<\/strong> ra kh\u1ecfi \u0111\u00f3, gi\u1ed1ng nh\u01b0 Coomeet v\u00e0 c\u00e1c ng\u01b0\u1eddi l\u1ea1-chuy\u1ec7n th\u00e2n thi\u1ec7n d\u1ee5ng. Cho d\u00f9 b\u1ea1n \u0111ang bu\u1ed3n ch\u00e1n, c\u00f4 \u0111\u01a1n, t\u00f2 m\u00f2, ho\u1eb7c ch\u1ec9 v\u00e0ng, ch\u00fang ta \u1edf \u0111\u00e2y \u0111\u1ec3 t\u0103ng c\u01b0\u1eddng cho cu\u1ed9c s\u1ed1ng s\u1ed1 c\u1ee7a b\u1ea1n.<\/p>\n\n\n\n<h3 class=\"wp-block-heading\">Ch\u00fang Ta L\u00e0m G\u00ec (B\u00ean C\u1ea1nh Nh\u00ecn M\u00e1t)?<\/h3>\n\n\n\n<p>Ch\u00fang ta h\u00e3y ph\u00e1 v\u1ee1 n\u00f3:<\/p>\n\n\n\n<ul class=\"wp-block-list\">\n<li>\ud83d\udd17 <strong>Ch\u00fang ta li\u00ean k\u1ebft b\u1ea1n<\/strong> \u0111\u1ec3 ba n\u00f3i chuy\u1ec7n v\u1edbi n\u1ec1n t\u1ea3ng m\u00e0 b\u1ea1n c\u00f3 th\u1ec3 n\u00f3i chuy\u1ec7n v\u1edbi ng\u01b0\u1eddi l\u1ea1 t\u1eeb kh\u1eafp n\u01a1i tr\u00ean th\u1ebf gi\u1edbi.<\/li>\n\n\n\n<li>\ud83d\udd0d <strong>Ch\u00fang t\u00f4i xem x\u00e9t v\u00e0 \u0111\u1ec1 ngh\u1ecb<\/strong> c\u00e1c Th\u1ee7 t\u1ed1t nh\u1ea5t v\u00e0 Chat thay th\u1ebf v\u00ec v\u1eady b\u1ea1n kh\u00f4ng l\u00e3ng ph\u00ed th\u1eddi gian c\u1ee7a b\u1ea1n tr\u00ean tr\u1ee5c tr\u1eb7c ho\u1eb7c r\u00e2m trang web.<\/li>\n\n\n\n<li>\ud83e\udde0 <strong>Ch\u00fang t\u00f4i h\u01b0\u1edbng d\u1eabn b\u1ea1n<\/strong> qua an to\u00e0n, tr\u00f2 chuy\u1ec7n v\u00f4 danh \u2014 v\u1eady b\u1ea1n c\u00f3 th\u1ec3 vui ch\u01a1i <em>m\u00e0<\/em> k\u1ebft th\u00fac trong m\u1ed9t l\u00fang t\u00fang tr\u1ef1c tuy\u1ebfn c\u00e2u chuy\u1ec7n kinh d\u1ecb.<\/li>\n<\/ul>\n\n\n\n<p>Kh\u00f4ng ph\u1ed5 bi\u1ebfn. Kh\u00f4ng \u0111\u0103ng k\u00fd. Ch\u1ec9 th\u1eb3ng l\u00ean tr\u00f2 chuy\u1ec7n h\u1ed7n lo\u1ea1n, Tejcam-phong c\u00e1ch.<\/p>\n\n\n\n<h3 class=\"wp-block-heading\">Ch\u00fang ta l\u00e0 m\u1ed9t tr\u00f2 Chuy\u1ec7n n\u1ec1n T\u1ea3ng M\u00ecnh?<\/h3>\n\n\n\n<p>Nope! Ch\u00fang ta gi\u1ed1ng nh\u01b0 nh\u1eefng DJ \u1edf c\u00e2u l\u1ea1c b\u1ed9: ch\u00fang ta th\u1ea3 c\u00e1c nh\u1ecbp \u0111\u1eadp (m\u1ed9t.k.m\u1ed9t. \u0111\u01b0\u1eddng d\u1eabn) nh\u01b0ng ch\u00fang ta kh\u00f4ng ki\u1ec3m so\u00e1t s\u00e0n nh\u1ea3y. Nh\u1eefng cu\u1ed9c tr\u00f2 chuy\u1ec7n x\u1ea3y ra tr\u00ean <strong>trang<\/strong> \u2014 Coomeet v\u00e0 nh\u1eefng ng\u01b0\u1eddi kh\u00e1c \u2014 v\u00ec v\u1eady, b\u1ea5t c\u1ee9 \u0111i\u1ec1u g\u00ec di\u1ec5n ra trong nh\u1eefng cu\u1ed9c g\u1ecdi video l\u00e0 gi\u1eefa b\u1ea1n v\u00e0 ch\u00fang.<\/p>\n\n\n\n<h3 class=\"wp-block-heading\">T\u1ea1i Sao Tejcam?<\/h3>\n\n\n\n<p>B\u1edfi v\u00ec ng\u1eabu nhi\u00ean cu\u1ed9c tr\u00f2 chuy\u1ec7n n\u00ean:<\/p>\n\n\n\n<ul class=\"wp-block-list\">\n<li><strong>Vui v\u1ebb<\/strong> (nghi\u00eam t\u00fac, n\u01a1i kh\u00e1c, b\u1ea1n c\u00f3 th\u1ec3 g\u1eb7p m\u1ed9t ng\u01b0\u1eddi na uy \u1ea3o thu\u1eadt gia v\u00e0o l\u00fac 2 gi\u1edd S\u00c1NG?)<\/li>\n\n\n\n<li><strong>D\u1ec5 d\u00e0ng<\/strong> (click v\u00e0 \u0111i!)<\/li>\n\n\n\n<li><strong>B\u1ea5t ng\u1edd<\/strong> (ng\u01b0\u1eddi l\u1ea1 g\u1eb7p nguy hi\u1ec3m? C\u00e0ng gi\u1ed1ng ng\u01b0\u1eddi l\u1ea1 c\u01b0\u1eddi... h\u1ea7u h\u1ebft th\u1eddi gian.)<\/li>\n\n\n\n<li><strong>An to\u00e0n<\/strong> (ch\u00fang t\u00f4i lu\u00f4n khuy\u1ebfn kh\u00edch th\u00f4ng minh, t\u00f4n tr\u1ecdng tr\u00f2 chuy\u1ec7n)<\/li>\n<\/ul>\n\n\n\n<h3 class=\"wp-block-heading\">Ai l\u00e0 Tejcam Cho?<\/h3>\n\n\n\n<p>T\u1ea5t c\u1ea3 m\u1ecdi ng\u01b0\u1eddi ai mu\u1ed1n:<\/p>\n\n\n\n<ul class=\"wp-block-list\">\n<li>\u0110\u1ebfn <strong>n\u00f3i chuy\u1ec7n v\u1edbi ng\u01b0\u1eddi l\u1ea1<\/strong> kh\u00f4ng l\u1ea1 \u0111\u0103ng k\u00fd<\/li>\n\n\n\n<li>M\u1ed9t <strong>ph\u00e1 v\u1ee1 t\u1eeb x\u00e3 h\u1ed9i ti\u1ebfng \u1ed3n<\/strong><\/li>\n\n\n\n<li>M\u1ed9t n\u1ee5 c\u01b0\u1eddi, m\u1ed9t chuy\u1ec7n, ho\u1eb7c ch\u1ec9 l\u00e0 m\u1ed9t s\u1ed1 ng\u1eabu nhi\u00ean, s\u1ef1 k\u00ec qu\u00e1i<\/li>\n\n\n\n<li>\u0110\u1ec3 t\u00ecm n\u00f3i chuy\u1ec7n thay th\u1ebf m\u00e0 th\u1ef1c s\u1ef1 l\u00e0m vi\u1ec7c<\/li>\n<\/ul>\n\n\n\n<h3 class=\"wp-block-heading\">N\u00f3i Chuy\u1ec7n Ph\u00e1p L\u00fd (Ugh, Nh\u01b0ng Quan Tr\u1ecdng)<\/h3>\n\n\n\n<p>Ch\u00fang t\u00f4i <strong>kh\u00f4ng s\u1edf h\u1eefu ho\u1eb7c ch\u1ea1y<\/strong> nh\u1eefng n\u1ec1n t\u1ea3ng ch\u00fang ta li\u00ean k\u1ebft \u0111\u1ebfn. Ch\u00fang ta l\u00e0 nh\u1eefng <strong>\u0111\u1ec1 ngh\u1ecb c\u01a1<\/strong>kh\u00f4ng ph\u1ea3i ph\u00f2ng m\u00e1y. B\u1ea1n nh\u1ea5n v\u00e0o, b\u1ea1n chat, b\u1ea1n th\u01b0\u1edfng th\u1ee9c (ho\u1eb7c c\u1ee9u \u2014 \u0111\u00f3 l\u00e0 m\u1ed9t ph\u1ea7n c\u1ee7a s\u1ef1 vui v\u1ebb). Ch\u1ec9 c\u1ea7n nh\u1edb: theo <strong>h\u1ecd<\/strong> quy t\u1eafc, kh\u00f4ng ph\u1ea3i ch\u00fang ta.<\/p>\n\n\n\n<h3 class=\"wp-block-heading\">H\u00e3y Gi\u1eef N\u00f3 Ng\u1eabu nhi\u00ean<\/h3>\n\n\n\n<p>Tejcam l\u00e0 l\u1ea1 m\u1ed9t ch\u00fat g\u00f3c c\u1ee7a internet \u2014 v\u00e0 ch\u00fang t\u00f4i th\u00edch n\u00f3 theo c\u00e1ch \u0111\u00f3. Ch\u00fang ta lu\u00f4n kh\u00e1m ph\u00e1 ra \u0111\u1ecba \u0111i\u1ec3m m\u1edbi \u0111\u1ec3 n\u00f3i chuy\u1ec7n, n\u00ean ki\u1ec3m tra c\u1ee7a ch\u00fang t\u00f4i <strong>N\u00f3i Chuy\u1ec7n Thay Th\u1ebf<\/strong> ph\u1ea7n th\u01b0\u1eddng. B\u1ea1n kh\u00f4ng bao gi\u1edd bi\u1ebft nh\u1eefng g\u00ec (ho\u1eb7c ai) b\u1ea1n s\u1ebd t\u00ecm th\u1ea5y.<\/p>","protected":false},"excerpt":{"rendered":"<p>Welcome to Tejcam \u2013 The Fun Starts Here! At Tejcam, we&#8217;re not the party \u2014 we just point you to it. Think of us as the cool friend who always knows where the fun is. We connect you with the best random video chat platforms out there, like Coomeet and other stranger-friendly chat apps. Whether &#8230; <a title=\"V\u1ec1 Tejcam\" class=\"read-more\" href=\"https:\/\/tejcam.com\/vi\/about-tejcam\/\" aria-label=\"\u0110\u1ecdc th\u00eam v\u1ec1 About Tejcam\">\u0110\u1ecdc ti\u1ebfp<\/a><\/p>","protected":false},"author":1,"featured_media":0,"parent":0,"menu_order":0,"comment_status":"closed","ping_status":"closed","template":"","meta":{"footnotes":""},"class_list":{"0":"post-43882","1":"page","2":"type-page","3":"status-publish","5":"no-featured-image-padding"},"_links":{"self":[{"href":"https:\/\/tejcam.com\/vi\/wp-json\/wp\/v2\/pages\/43882","targetHints":{"allow":["GET"]}}],"collection":[{"href":"https:\/\/tejcam.com\/vi\/wp-json\/wp\/v2\/pages"}],"about":[{"href":"https:\/\/tejcam.com\/vi\/wp-json\/wp\/v2\/types\/page"}],"author":[{"embeddable":true,"href":"https:\/\/tejcam.com\/vi\/wp-json\/wp\/v2\/users\/1"}],"replies":[{"embeddable":true,"href":"https:\/\/tejcam.com\/vi\/wp-json\/wp\/v2\/comments?post=43882"}],"version-history":[{"count":0,"href":"https:\/\/tejcam.com\/vi\/wp-json\/wp\/v2\/pages\/43882\/revisions"}],"wp:attachment":[{"href":"https:\/\/tejcam.com\/vi\/wp-json\/wp\/v2\/media?parent=43882"}],"curies":[{"name":"wp","href":"https:\/\/api.w.org\/{rel}","templated":true}]}}