{"id":43887,"date":"2025-06-28T18:27:08","date_gmt":"2025-06-28T13:27:08","guid":{"rendered":"https:\/\/tejcam.com\/?page_id=43887"},"modified":"2025-06-28T18:27:09","modified_gmt":"2025-06-28T13:27:09","slug":"disclaimer","status":"publish","type":"page","link":"https:\/\/tejcam.com\/vi\/disclaimer\/","title":{"rendered":"T\u1eeb ch\u1ed1i"},"content":{"rendered":"<h2 class=\"wp-block-heading\">T\u1eeb ch\u1ed1i<\/h2>\n\n\n\n<p>T\u1ea1i <strong>Tejcam.com<\/strong>c\u00f4ng vi\u1ec7c c\u1ee7a ch\u00fang ta r\u1ea5t \u0111\u01a1n gi\u1ea3n: ch\u00fang t\u00f4i k\u1ebft n\u1ed1i m\u1ecdi ng\u01b0\u1eddi t\u00f2 m\u00f2 (gi\u1ed1ng nh\u01b0 b\u1ea1n) v\u1edbi m\u1ed9t s\u1ed1 ph\u1ed5 bi\u1ebfn nh\u1ea5t c\u1ee7a internet <strong>ng\u1eabu nhi\u00ean chat video n\u1ec1n t\u1ea3ng<\/strong> \u2014 nh\u01b0 Coomeet \u0110\u00f3ng, v\u00e0 N\u00f3ng. Nh\u01b0ng ch\u00fang ta h\u00e3y r\u00f5 r\u00e0ng: <strong>ch\u00fang ta kh\u00f4ng s\u1edf h\u1eefu, ch\u1ea1y, ho\u1eb7c b\u1ea5t k\u1ef3 ki\u1ec3m so\u00e1t c\u1ee7a c\u00e1c trang web n\u00e0y.<\/strong><\/p>\n\n\n\n<p>N\u00e0y gi\u1ea3i th\u00edch n\u01a1i tr\u00e1ch nhi\u1ec7m c\u1ee7a ch\u00fang ta k\u1ebft th\u00fac v\u00e0 anh b\u1eaft \u0111\u1ea7u.<\/p>\n\n\n\n<h3 class=\"wp-block-heading\">1. Ch\u00fang t\u00f4i kh\u00f4ng Ch\u1ea1y n\u00f3i Chuy\u1ec7n Ti\u1ec7c t\u00f9ng<\/h3>\n\n\n\n<p>Tejcam ch\u1ec9 l\u00e0 nh\u1eefng ch\u1ec9 d\u1eabn, kh\u00f4ng ph\u1ea3i l\u00e0 ch\u1ee7.<br>Ch\u00fang t\u00f4i l\u00e0m <strong>kh\u00f4ng<\/strong> ri\u00eang ho\u1ea1t \u0111\u1ed9ng, ho\u1eb7c ch\u00ednh x\u00e1c nh\u1eadn b\u1ea5t k\u1ef3 n\u1ec1n t\u1ea3ng ch\u00fang ta li\u00ean k\u1ebft \u0111\u1ebfn. \u0110i\u1ec1u \u0111\u00f3 c\u00f3 ngh\u0129a l\u00e0:<\/p>\n\n\n\n<ul class=\"wp-block-list\">\n<li>T\u00f4i kh\u00f4ng \u0111\u1ee9ng \u0111\u1eb1ng sau chuy\u1ec7n ph\u00f2ng ho\u1eb7c cu\u1ed9c g\u1ecdi video.<\/li>\n\n\n\n<li>Ch\u00fang t\u00f4i kh\u00f4ng v\u1eeba tr\u00f2 chuy\u1ec7n ho\u1eb7c c\u1eeda h\u00e0ng c\u1ee7a b\u1ea1n chat d\u1eef li\u1ec7u.<\/li>\n\n\n\n<li>Ch\u00fang ta kh\u00f4ng th\u1ec3 thay \u0111\u1ed5i nh\u01b0 th\u1ebf n\u00e0o nh\u1eefng n\u1ec1n t\u1ea3ng l\u00e0m vi\u1ec7c (ho\u1eb7c s\u1eeda ch\u1eefa cho h\u1ecd n\u1ebfu h\u1ecd ph\u00e1 v\u1ee1).<\/li>\n<\/ul>\n\n\n\n<p>M\u1ed7i t\u1ea3ng \u2014 nh\u01b0 Coomeet \u2014 ch\u1ea1y theo n\u00f3 <strong>quy t\u1eafc c\u1ee7a ri\u00eang m\u00ecnh v\u00e0 c\u00e1c ch\u00ednh s\u00e1ch<\/strong>. Ch\u1eafc ch\u1eafn \u0111\u1ec3 ki\u1ec3m tra nh\u1eefng ng\u01b0\u1eddi tr\u01b0\u1edbc khi l\u1eb7n.<\/p>\n\n\n\n<h3 class=\"wp-block-heading\">2. S\u1eed d\u1ee5ng Ri\u00eang c\u1ee7a B\u1ea1n Nguy c\u01a1<\/h3>\n\n\n\n<p>H\u00e3y gi\u1eef cho n\u00f3 th\u1eadt:<\/p>\n\n\n\n<ul class=\"wp-block-list\">\n<li><strong>Kh\u00f4ng \u0111\u1ea3m b\u1ea3o.<\/strong> Ch\u00fang t\u00f4i kh\u00f4ng th\u1ec3 h\u1ee9a r\u1eb1ng m\u1ecdi n\u1ec1n t\u1ea3ng l\u00e0 100% an to\u00e0n \u1ed5n \u0111\u1ecbnh, ho\u1eb7c th\u1eadm ch\u00ed h\u1ee3p ph\u00e1p \u1edf \u0111\u1ea5t n\u01b0\u1edbc c\u1ee7a b\u1ea1n.<\/li>\n\n\n\n<li><strong>Kh\u00f4ng c\u00f3 n\u1ed9i dung ki\u1ec3m so\u00e1t.<\/strong> Ch\u00fang t\u00f4i kh\u00f4ng ch\u1ecbu tr\u00e1ch nhi\u1ec7m v\u1ec1 b\u1ea5t c\u1ee9 \u0111i\u1ec1u g\u00ec x\u00fac ph\u1ea1m, kh\u00f4ng ph\u00f9 h\u1ee3p, ho\u1eb7c ch\u1ec9 \u0111\u01a1n gi\u1ea3n l\u1ea1 \u0111\u00f3, b\u1ea1n c\u00f3 th\u1ec3 g\u1eb7p ph\u1ea3i trong m\u1ed9t cu\u1ed9c tr\u00f2 chuy\u1ec7n.<\/li>\n\n\n\n<li><strong>Kh\u00f4ng c\u00f3 tr\u00e1ch nhi\u1ec7m.<\/strong> N\u1ebfu b\u1ea1n b\u1ecb c\u1ea5m, so\u00e1t, l\u1eeba, ho\u1eb7c c\u1ea3m x\u00fac v\u1ebft \u2014 th\u1eadt \u0111\u00e1ng ti\u1ebfc, nh\u01b0ng \u0111\u00f3 l\u00e0 gi\u1eefa b\u1ea1n v\u00e0 l\u00e0 n\u1ec1n t\u1ea3ng.<\/li>\n<\/ul>\n\n\n\n<h3 class=\"wp-block-heading\">3. Nh\u1eefng g\u00ec <em>B\u1ea1n<\/em> C\u1ea7n ph\u1ea3i L\u00e0m<\/h3>\n\n\n\n<p>V\u1edbi tr\u00f2 chuy\u1ec7n \u0111i\u1ec7n \u0111\u1ebfn tr\u00e1ch nhi\u1ec7m r\u1ea5t l\u1edbn:<\/p>\n\n\n\n<ul class=\"wp-block-list\">\n<li><strong>\u0110\u1ecdc c\u00e1c quy t\u1eafc.<\/strong> Ki\u1ec3m tra c\u00e1c n\u1ec1n t\u1ea3ng c\u1ee7a v\u1ec1 d\u1ecbch v\u1ee5 v\u00e0 b\u1ea3o m\u1eadt tr\u01b0\u1edbc khi s\u1eed d\u1ee5ng n\u00f3.<\/li>\n\n\n\n<li><strong>B\u1ea3o v\u1ec7 th\u00f4ng tin.<\/strong> \u0110\u1eebng chia s\u1ebb c\u00e1 nh\u00e2n d\u1eef li\u1ec7u c\u1ee7a \u0111\u1ecba ch\u1ec9, m\u1eadt kh\u1ea9u ho\u1eb7c th\u00f4ng tin th\u1ebb t\u00edn d\u1ee5ng.<\/li>\n\n\n\n<li><strong>T\u00f4n tr\u1ecdng gi\u1edbi h\u1ea1n tu\u1ed5i t\u00e1c.<\/strong> H\u1ea7u h\u1ebft n\u1ec1n t\u1ea3ng l\u00e0 18 tu\u1ed5i, v\u00e0 v\u00ec l\u00fd do t\u1ed1t. N\u1ebfu m\u00e0y ch\u01b0a \u0111\u1ee7 tu\u1ed5i \u2014 xin l\u1ed7i, t\u00f4i s\u1ebd quay l\u1ea1i sau.<\/li>\n<\/ul>\n\n\n\n<h3 class=\"wp-block-heading\">4. B\u00ean ngo\u00e0i, kh\u00f4ng Ph\u1ea3i l\u00e0 ch\u00fang Ta li\u00ean K\u1ebft<\/h3>\n\n\n\n<p>C\u00e1c \u0111\u01b0\u1eddng d\u1eabn ch\u00fang t\u00f4i \u0111ang cung c\u1ea5p cho <strong>thu\u1eadn ti\u1ec7n c\u1ee7a b\u1ea1n<\/strong>nh\u01b0ng ch\u00fang ta kh\u00f4ng th\u1ec3 ki\u1ec3m so\u00e1t nh\u1eefng g\u00ec x\u1ea3y ra sau khi b\u1ea1n nh\u1ea5n v\u00e0o. N\u1ec1n t\u1ea3ng c\u00f3 th\u1ec3 thay \u0111\u1ed5i quy t\u1eafc c\u1ee7a h\u1ecd, b\u1ed1 c\u1ee5c, ho\u1eb7c n\u1ed9i dung \u2014 v\u00e0 ch\u00fang t\u00f4i \u0111ang kh\u00f4ng \u0111\u01b0\u1ee3c th\u00f4ng b\u00e1o. Lu\u00f4n lu\u00f4n ki\u1ec3m tra tr\u01b0\u1edbc khi s\u1eed d\u1ee5ng.<\/p>\n\n\n\n<h3 class=\"wp-block-heading\">5. Lu\u1eadt Th\u1ee9 (aka b\u1ed3i th\u01b0\u1eddng)<\/h3>\n\n\n\n<p>B\u1eb1ng c\u00e1ch s\u1eed d\u1ee5ng Tejcam, b\u1ea1n \u0111\u1ed3ng \u00fd r\u1eb1ng n\u1ebfu m\u1ed9t c\u00e1i g\u00ec \u0111\u00f3 \u0111i ngang v\u00ec th\u1ebf, b\u1ea1n s\u1eed d\u1ee5ng m\u1ed9t n\u1ec1n t\u1ea3ng ch\u00fang ta li\u00ean k\u1ebft \u0111\u1ebfn, <strong>b\u1ea1n s\u1ebd kh\u00f4ng gi\u1eef ch\u00fang t\u00f4i ch\u1ecbu tr\u00e1ch nhi\u1ec7m<\/strong>. Trong \u0111\u00f3 bao g\u1ed3m:<\/p>\n\n\n\n<ul class=\"wp-block-list\">\n<li>Ph\u00e1p lu\u1eadt y\u00eau c\u1ea7u<\/li>\n\n\n\n<li>D\u1eef li\u1ec7u b\u1ecb m\u1ea5t<\/li>\n\n\n\n<li>Chi\u1ebfn \u0111\u1ea5u v\u1edbi ng\u01b0\u1eddi l\u1ea1 trong m\u1ed9t cu\u1ed9c tr\u00f2 chuy\u1ec7n ng\u1eabu nhi\u00ean<\/li>\n<\/ul>\n\n\n\n<p>B\u1ea1n \u0111\u1ed3ng \u00fd <strong>b\u1ea3o v\u1ec7, b\u1ed3i th\u01b0\u1eddng, v\u00e0 gi\u1eef v\u00f4 h\u1ea1i<\/strong> Tejcam v\u00e0 \u0111\u1ed9i c\u1ee7a m\u00ecnh, t\u1eeb b\u1ea5t k\u1ef3 tr\u00e1ch nhi\u1ec7m hay thi\u1ec7t h\u1ea1i li\u00ean quan \u0111\u1ebfn th\u1ee9 ba b\u00ean t\u1ea3ng s\u1eed d\u1ee5ng.<\/p>\n\n\n\n<h3 class=\"wp-block-heading\">6. L\u1eddi Cu\u1ed1i C\u00f9ng<\/h3>\n\n\n\n<p>Tejcam \u0111\u1ec3 t\u1ed3n t\u1ea1i <strong>gi\u00e1o d\u1ee5c, v\u00e0 gi\u1ea3i tr\u00ed<\/strong>. Ch\u00fang ta kh\u00f4ng ph\u1ea3i l\u00e0 b\u1ea1n c\u1ee7a n\u1ec1n t\u1ea3ng l\u00e0 d\u1ecbch v\u1ee5 kh\u00e1ch h\u00e0ng rep. V\u00ec v\u1eady, n\u1ebfu b\u1ea1n b\u1ecb c\u1ea5m, kinh nghi\u1ec7m l\u1ed7i, ho\u1eb7c mu\u1ed1n \u0111\u01b0\u1ee3c ho\u00e0n l\u1ea1i \u2014 c\u00e1c b\u1ea1n s\u1ebd c\u1ea7n \u0111\u1ec3 li\u00ean h\u1ec7 v\u1edbi nh\u1eefng n\u1ec1n t\u1ea3ng tr\u1ef1c ti\u1ebfp.<\/p>\n\n\n\n<h3 class=\"wp-block-heading\">Gi\u1eef an to\u00e0n. \u1ede th\u00f4ng minh. Ngh\u1ec9 l\u1ea1 \u2014 n\u00f3 l\u00e0 internet.<\/h3>","protected":false},"excerpt":{"rendered":"<p>Disclaimer At Tejcam.com, our job is simple: we connect curious people (like you) with some of the internet\u2019s most popular random video chat platforms \u2014 like Coomeet, Omegle, and Chatrandom. But let\u2019s be clear: we don\u2019t own, run, or control any of these sites. This disclaimer explains where our responsibility ends and yours begins. 1. &#8230; <a title=\"T\u1eeb ch\u1ed1i\" class=\"read-more\" href=\"https:\/\/tejcam.com\/vi\/disclaimer\/\" aria-label=\"\u0110\u1ecdc th\u00eam v\u1ec1 Disclaimer\">\u0110\u1ecdc ti\u1ebfp<\/a><\/p>","protected":false},"author":1,"featured_media":0,"parent":0,"menu_order":0,"comment_status":"closed","ping_status":"closed","template":"","meta":{"footnotes":""},"class_list":{"0":"post-43887","1":"page","2":"type-page","3":"status-publish","5":"no-featured-image-padding"},"_links":{"self":[{"href":"https:\/\/tejcam.com\/vi\/wp-json\/wp\/v2\/pages\/43887","targetHints":{"allow":["GET"]}}],"collection":[{"href":"https:\/\/tejcam.com\/vi\/wp-json\/wp\/v2\/pages"}],"about":[{"href":"https:\/\/tejcam.com\/vi\/wp-json\/wp\/v2\/types\/page"}],"author":[{"embeddable":true,"href":"https:\/\/tejcam.com\/vi\/wp-json\/wp\/v2\/users\/1"}],"replies":[{"embeddable":true,"href":"https:\/\/tejcam.com\/vi\/wp-json\/wp\/v2\/comments?post=43887"}],"version-history":[{"count":0,"href":"https:\/\/tejcam.com\/vi\/wp-json\/wp\/v2\/pages\/43887\/revisions"}],"wp:attachment":[{"href":"https:\/\/tejcam.com\/vi\/wp-json\/wp\/v2\/media?parent=43887"}],"curies":[{"name":"wp","href":"https:\/\/api.w.org\/{rel}","templated":true}]}}