{"id":486,"date":"2023-08-07T14:08:32","date_gmt":"2023-08-07T14:08:32","guid":{"rendered":"https:\/\/business-one.local\/?page_id=486"},"modified":"2025-06-28T17:03:04","modified_gmt":"2025-06-28T12:03:04","slug":"contact-us","status":"publish","type":"page","link":"https:\/\/tejcam.com\/vi\/contact-us\/","title":{"rendered":"Li\u00ean h\u1ec7"},"content":{"rendered":"<header class=\"gbp--border-radius gb-element-1390cb94\">\n<div class=\"gbp-section__inner\">\n<div class=\"gb-element-cd32391a\">\n<div>\n<h1 class=\"gb-text\">Li\u00ean L\u1ea1c V\u1edbi Ch\u00fang T\u00f4i<\/h1>\n\n\n\n<p class=\"gb-text gb-text-bb3ef19a\">C\u00f3 m\u1ed9t c\u00e2u h\u1ecfi, \u0111\u1ec1 ngh\u1ecb, ho\u1eb7c ch\u1ec9 b\u1eadn t\u00e2m \u0111i\u1ec1u g\u00ec? Ch\u00fang ta t\u1ea5t c\u1ea3 tai. T\u1ea1i Tejcam, ch\u00fang t\u00f4i \u0111ang cam k\u1ebft \u0111\u1ec3 l\u00e0m ng\u1eabu nhi\u00ean c\u1ee7a b\u1ea1n chat video v\u00e0 cam kinh nghi\u1ec7m tr\u00f2 chuy\u1ec7n vui v\u1ebb, an to\u00e0n, v\u00e0 li\u1ec1n m\u1ea1ch. Cho d\u00f9 b\u1ea1n \u0111ang \u1edf \u0111\u00e2y \u0111\u1ec3 n\u00f3i chuy\u1ec7n v\u1edbi ng\u01b0\u1eddi l\u1ea1 hay c\u1ea7n m\u1ed9t ch\u00fat gi\u00fap \u0111\u1ee1 b\u1eaft \u0111\u1ea7u c\u1ee7a ch\u00fang ta, \u0111\u1ed9i ng\u0169 \u0111\u00e3 s\u1eb5n s\u00e0ng \u0111\u1ec3 nghe t\u1eeb anh\u2014ch\u1ec9 c\u1ea7n th\u1ea3 ch\u00fang t\u00f4i m\u1ed9t tin nh\u1eafn b\u1ea5t c\u1ee9 l\u00fac n\u00e0o.<\/p>\n<\/div>\n\n\n\n<div>\n<div class=\"wpcf7 no-js\" id=\"wpcf7-f9-o1\" lang=\"en-US\" dir=\"ltr\" data-wpcf7-id=\"9\">\n<div class=\"screen-reader-response\"><p role=\"status\" aria-live=\"polite\" aria-atomic=\"true\"><\/p> <ul><\/ul><\/div>\n<form action=\"\/vi\/wp-json\/wp\/v2\/pages\/486#wpcf7-f9-o1\" method=\"post\" class=\"wpcf7-form init\" aria-label=\"Contact form\" novalidate=\"novalidate\" data-status=\"init\" data-trp-original-action=\"\/vi\/wp-json\/wp\/v2\/pages\/486#wpcf7-f9-o1\">\n<fieldset class=\"hidden-fields-container\"><input type=\"hidden\" name=\"_wpcf7\" value=\"9\" \/><input type=\"hidden\" name=\"_wpcf7_version\" value=\"6.1.5\" \/><input type=\"hidden\" name=\"_wpcf7_locale\" value=\"en_US\" \/><input type=\"hidden\" name=\"_wpcf7_unit_tag\" value=\"wpcf7-f9-o1\" \/><input type=\"hidden\" name=\"_wpcf7_container_post\" value=\"0\" \/><input type=\"hidden\" name=\"_wpcf7_posted_data_hash\" value=\"\" \/>\n<\/fieldset>\n<p><label> T\u00ean c\u1ee7a b\u1ea1n<br \/>\n<span class=\"wpcf7-form-control-wrap\" data-name=\"your-name\"><input size=\"40\" maxlength=\"400\" class=\"wpcf7-form-control wpcf7-text wpcf7-validates-as-required\" autocomplete=\"name\" aria-required=\"true\" aria-invalid=\"false\" value=\"\" type=\"text\" name=\"your-name\" \/><\/span> <\/label>\n<\/p>\n<p><label> Email c\u1ee7a b\u1ea1n<br \/>\n<span class=\"wpcf7-form-control-wrap\" data-name=\"your-email\"><input size=\"40\" maxlength=\"400\" class=\"wpcf7-form-control wpcf7-email wpcf7-validates-as-required wpcf7-text wpcf7-validates-as-email\" autocomplete=\"email\" aria-required=\"true\" aria-invalid=\"false\" value=\"\" type=\"email\" name=\"your-email\" \/><\/span> <\/label>\n<\/p>\n<p><label> Ch\u1ee7 \u0111\u1ec1<br \/>\n<span class=\"wpcf7-form-control-wrap\" data-name=\"your-subject\"><input size=\"40\" maxlength=\"400\" class=\"wpcf7-form-control wpcf7-text wpcf7-validates-as-required\" aria-required=\"true\" aria-invalid=\"false\" value=\"\" type=\"text\" name=\"your-subject\" \/><\/span> <\/label>\n<\/p>\n<p><label> Tin nh\u1eafn c\u1ee7a b\u1ea1n (t\u00f9y ch\u1ecdn)<br \/>\n<span class=\"wpcf7-form-control-wrap\" data-name=\"your-message\"><textarea cols=\"40\" rows=\"10\" maxlength=\"2000\" class=\"wpcf7-form-control wpcf7-textarea\" aria-invalid=\"false\" name=\"your-message\"><\/textarea><\/span> <\/label>\n<\/p>\n<p><input class=\"wpcf7-form-control wpcf7-submit has-spinner\" type=\"submit\" value=\"G\u1eedi\" \/>\n<\/p><div class=\"wpcf7-response-output\" aria-hidden=\"true\"><\/div>\n<input type=\"hidden\" name=\"trp-form-language\" value=\"vi\"\/><\/form>\n<\/div>\n\n<\/div>\n<\/div>\n<\/div>\n<\/header>","protected":false},"excerpt":{"rendered":"<p>Contact Us Got a question, suggestion, or just something on your mind? We\u2019re all ears. At Tejcam, we\u2019re committed to making your random video chat and cam chat experience fun, safe, and seamless. Whether you&#8217;re here to talk to strangers or need a little help getting started, our team is ready to hear from you\u2014just &#8230; <a title=\"Li\u00ean h\u1ec7\" class=\"read-more\" href=\"https:\/\/tejcam.com\/vi\/contact-us\/\" aria-label=\"\u0110\u1ecdc th\u00eam v\u1ec1 Contact\">\u0110\u1ecdc ti\u1ebfp<\/a><\/p>","protected":false},"author":1,"featured_media":0,"parent":0,"menu_order":0,"comment_status":"closed","ping_status":"closed","template":"","meta":{"footnotes":""},"class_list":{"0":"post-486","1":"page","2":"type-page","3":"status-publish","5":"no-featured-image-padding"},"_links":{"self":[{"href":"https:\/\/tejcam.com\/vi\/wp-json\/wp\/v2\/pages\/486","targetHints":{"allow":["GET"]}}],"collection":[{"href":"https:\/\/tejcam.com\/vi\/wp-json\/wp\/v2\/pages"}],"about":[{"href":"https:\/\/tejcam.com\/vi\/wp-json\/wp\/v2\/types\/page"}],"author":[{"embeddable":true,"href":"https:\/\/tejcam.com\/vi\/wp-json\/wp\/v2\/users\/1"}],"replies":[{"embeddable":true,"href":"https:\/\/tejcam.com\/vi\/wp-json\/wp\/v2\/comments?post=486"}],"version-history":[{"count":0,"href":"https:\/\/tejcam.com\/vi\/wp-json\/wp\/v2\/pages\/486\/revisions"}],"wp:attachment":[{"href":"https:\/\/tejcam.com\/vi\/wp-json\/wp\/v2\/media?parent=486"}],"curies":[{"name":"wp","href":"https:\/\/api.w.org\/{rel}","templated":true}]}}